{"id":5398,"date":"2020-11-30T10:52:42","date_gmt":"2020-11-30T10:52:42","guid":{"rendered":"https:\/\/japamalaandfriends.com\/cistella"},"modified":"2025-10-20T13:31:29","modified_gmt":"2025-10-20T13:31:29","slug":"cistella","status":"publish","type":"page","link":"https:\/\/japamalaandfriends.com\/ca\/cistella","title":{"rendered":"Cart"},"content":{"rendered":"<p>[et_pb_section fb_built=\"1&#8243; _builder_version=\"4.27.4&#8243; global_colors_info=\"{}\"][et_pb_row custom_padding_last_edited=\"on|tablet\" _builder_version=\"4.27.4&#8243; background_size=\"initial\" background_position=\"top_left\" background_repeat=\"repeat\" width=\"100%\" max_width=\"100%\" custom_padding=\"|10%||10%|false|true\" custom_padding_tablet=\"|10%||10%|false|true\" custom_padding_phone=\"|10%||10%|false|true\" border_color_bottom=\"RGBA(255,255,255,0)\" global_colors_info=\"{}\"][et_pb_column type=\"4_4&#8243; _builder_version=\"4.16&#8243; custom_padding=\"|||\" global_colors_info=\"{}\" custom_padding__hover=\"|||\"][et_pb_post_title meta=\"off\" featured_image=\"off\" _builder_version=\"4.27.4&#8243; title_font=\"\u2013et_global_heading_font||||||||\" title_font_size=\"2.8rem\" text_orientation=\"center\" title_font_size_tablet=\"2rem\" title_font_size_phone=\"2rem\" title_font_size_last_edited=\"on|phone\" global_colors_info=\"{}\"][\/et_pb_post_title][et_pb_wc_cart_notice _builder_version=\"4.27.4&#8243; title_text_color=\"#3A3A3A\" title_font_size=\"1rem\" title_line_height=\"1.5em\" error_font=\"\u2013et_global_body_font|700|||||||\" error_text_color=\"#F44858&#8243; error_font_size=\"1rem\" error_line_height=\"1.5em\" background_color=\"#f2f2f2&#8243; custom_button=\"on\" button_text_size=\"1rem\" button_text_color=\"#FFFFFF\" button_bg_color=\"#6B7C69&#8243; button_border_color=\"RGBA(255,255,255,0)\" button_border_radius=\"10px\" button_use_icon=\"off\" border_width_top=\"2px\" border_color_top=\"#6B7C69&#8243; global_colors_info=\"{}\" button_bg_color__hover=\"#B09886&#8243; button_bg_color__hover_enabled=\"on|hover\"][\/et_pb_wc_cart_notice][et_pb_wc_cart_products image_max_width=\"50%\" image_max_width_tablet=\"70%\" image_max_width_phone=\"70%\" image_max_width_last_edited=\"on|desktop\" _builder_version=\"4.27.4&#8243; table_background_color=\"RGBA(255,255,255,0)\" table_row_background_color=\"RGBA(255,255,255,0)\" icon_text_color=\"#F44858&#8243; form_field_text_color=\"#3A3A3A\" body_text_color=\"#3A3A3A\" link_font=\"||||on|||#6B7C69|solid\" link_text_color=\"#3A3A3A\" link_font_size=\"1rem\" icon_font_size=\"1.3rem\" disabled_button_text_size=\"1rem\" disabled_button_text_color=\"#FFFFFF\" disabled_button_bg_color=\"#0A0908&#8243; disabled_button_border_color=\"RGBA(255,255,255,0)\" disabled_button_border_radius=\"10px\" disabled_button_use_icon=\"off\" hover_enabled=\"0&#8243; body_font_size_last_edited=\"off|phone\" link_font_tablet=\"||||on|||#6B7C69|\" link_font_phone=\"||||on|||#6B7C69|\" link_font_last_edited=\"on|phone\" link_font_size_last_edited=\"off|phone\" border_color_all_table=\"RGBA(255,255,255,0)\" border_width_all_table_cell=\"0px\" border_color_all_table_cell=\"RGBA(255,255,255,0)\" global_colors_info=\"{}\" button_bg_color__hover=\"#B09886&#8243; button_bg_color__hover_enabled=\"on|hover\" disabled_button_bg_color__hover=\"#B09886&#8243; disabled_button_bg_color__hover_enabled=\"on|hover\" custom_disabled_button=\"on\" sticky_enabled=\"0&#8243;][\/et_pb_wc_cart_products][\/et_pb_column][\/et_pb_row][et_pb_row column_structure=\"1_2,1_2&#8243; custom_padding_last_edited=\"on|tablet\" _builder_version=\"4.27.4&#8243; background_size=\"initial\" background_position=\"top_left\" background_repeat=\"repeat\" width=\"100%\" max_width=\"100%\" custom_padding=\"|10%||10%|false|true\" custom_padding_tablet=\"|10%||10%|false|true\" custom_padding_phone=\"|10%||10%|false|true\" global_colors_info=\"{}\" custom_css_main_element_last_edited=\"on|phone\" custom_css_main_element_phone=\"display:flex;||flex-direction: column;\"][et_pb_column type=\"1_2&#8243; _builder_version=\"4.27.4&#8243; custom_padding=\"|||\" global_colors_info=\"{}\" custom_padding__hover=\"|||\" custom_css_main_element_last_edited=\"on|tablet\" custom_css_main_element_phone=\"order:2;\" custom_css_main_element_tablet=\"order:2;\"][et_pb_wc_related_products columns_number=\"2&#8243; sale_badge_color=\"#6B7C69&#8243; icon_hover_color=\"#FFFFFF\" hover_overlay_color=\"rgba(107,124,105,0.6)\" hover_icon=\"\uf06e||fa||400&#8243; show_rating=\"off\" _builder_version=\"4.27.4&#8243; _module_preset=\"default\" title_font_size=\"2rem\" title_line_height=\"1.2em\" product_title_font=\"Poppins||||||||\" product_title_text_align=\"center\" product_title_text_color=\"#0A0908&#8243; product_title_font_size=\"1rem\" price_font=\"\u2013et_global_body_font||||||||\" price_text_align=\"center\" price_text_color=\"#3A3A3A\" sale_badge_text_color=\"#FFFFFF\" sale_badge_font_size=\"0.7em\" sale_badge_line_height=\"1em\" hover_enabled=\"0&#8243; product_title_text_align_tablet=\"center\" product_title_text_align_phone=\"left\" product_title_text_align_last_edited=\"on|phone\" price_text_align_tablet=\"center\" price_text_align_phone=\"left\" price_text_align_last_edited=\"on|tablet\" global_colors_info=\"{}\" sticky_enabled=\"0&#8243; sale_price_font=\"||||||||\"][\/et_pb_wc_related_products][\/et_pb_column][et_pb_column type=\"1_2&#8243; _builder_version=\"4.27.4&#8243; custom_padding=\"|||\" custom_padding_tablet=\"|||\" custom_padding_phone=\"||10%||false|false\" custom_padding_last_edited=\"on|phone\" global_colors_info=\"{}\" custom_padding__hover=\"|||\" custom_css_main_element_last_edited=\"on|tablet\" custom_css_main_element_phone=\"order:1;\" custom_css_main_element_tablet=\"order:1;\"][et_pb_wc_cart_totals _builder_version=\"4.27.4&#8243; title_font=\"\u2013et_global_heading_font||||||||\" title_text_color=\"#0A0908&#8243; title_font_size=\"2rem\" body_font=\"\u2013et_global_body_font||||||||\" link_font=\"||||on|||#6B7C69|\" link_text_color=\"#6B7C69&#8243; custom_margin=\"||||false|false\" custom_margin_tablet=\"||||false|false\" custom_margin_phone=\"||||false|false\" custom_margin_last_edited=\"on|desktop\" custom_padding=\"0px||0px||true|false\" custom_padding_tablet=\"0px||0px||true|false\" custom_padding_phone=\"0px||0px||true|false\" custom_padding_last_edited=\"on|desktop\" hover_enabled=\"0&#8243; global_colors_info=\"{}\" button_bg_color__hover=\"#B09886&#8243; button_bg_color__hover_enabled=\"on|hover\" column_label_font=\"||||||||\" sticky_enabled=\"0&#8243;][\/et_pb_wc_cart_totals][et_pb_text _builder_version=\"4.27.4&#8243; _module_preset=\"default\" link_font=\"||||on|||#6B7C69|solid\" link_text_color=\"#3A3A3A\" module_alignment=\"right\" hover_enabled=\"0&#8243; text_font_size_last_edited=\"off|desktop\" global_colors_info=\"{}\" sticky_enabled=\"0&#8243;]<\/p>\n<p style=\"text-align: right;\">  Encara no acabes?<a href=\"https:\/\/japamalaandfriends.com\/ca\/botiga\">  Fes clic aqu\u00ed per seguir comprant<\/a><\/p>\n<p>[\/et_pb_text][\/et_pb_column][\/et_pb_row][\/et_pb_section]<\/p>\n","protected":false},"excerpt":{"rendered":"<p>Encara no acabes? Fes clic aqu\u00ed per seguir comprant<\/p>\n","protected":false},"author":1,"featured_media":0,"parent":0,"menu_order":0,"comment_status":"closed","ping_status":"closed","template":"","meta":{"_et_pb_use_builder":"on","_et_pb_old_content":"","_et_gb_content_width":"","footnotes":""},"class_list":["post-5398","page","type-page","status-publish","hentry"],"yoast_head":"<!-- This site is optimized with the Yoast SEO plugin v26.2 - https:\/\/yoast.com\/wordpress\/plugins\/seo\/ -->\n<title>Cart - japamala and friends<\/title>\n<meta name=\"robots\" content=\"index, follow, max-snippet:-1, max-image-preview:large, max-video-preview:-1\" \/>\n<link rel=\"canonical\" href=\"https:\/\/japamalaandfriends.com\/ca\/cistella\" \/>\n<meta property=\"og:locale\" content=\"ca_ES\" \/>\n<meta property=\"og:type\" content=\"article\" \/>\n<meta property=\"og:title\" content=\"Cart - japamala and friends\" \/>\n<meta property=\"og:description\" content=\"Encara no acabes? Fes clic aqu\u00ed per seguir comprant\" \/>\n<meta property=\"og:url\" content=\"https:\/\/japamalaandfriends.com\/ca\/cistella\" \/>\n<meta property=\"og:site_name\" content=\"japamala and friends\" \/>\n<meta property=\"article:publisher\" content=\"https:\/\/www.facebook.com\/Japamalaandfriends\" \/>\n<meta property=\"article:modified_time\" content=\"2025-10-20T13:31:29+00:00\" \/>\n<meta name=\"twitter:card\" content=\"summary_large_image\" \/>\n<meta name=\"twitter:label1\" content=\"Temps estimat de lectura\" \/>\n\t<meta name=\"twitter:data1\" content=\"4 minuts\" \/>\n<script type=\"application\/ld+json\" class=\"yoast-schema-graph\">{\"@context\":\"https:\/\/schema.org\",\"@graph\":[{\"@type\":\"WebPage\",\"@id\":\"https:\/\/japamalaandfriends.com\/ca\/cistella\",\"url\":\"https:\/\/japamalaandfriends.com\/ca\/cistella\",\"name\":\"Cart - japamala and friends\",\"isPartOf\":{\"@id\":\"https:\/\/japamalaandfriends.com\/ca#website\"},\"datePublished\":\"2020-11-30T10:52:42+00:00\",\"dateModified\":\"2025-10-20T13:31:29+00:00\",\"breadcrumb\":{\"@id\":\"https:\/\/japamalaandfriends.com\/ca\/cistella#breadcrumb\"},\"inLanguage\":\"ca\",\"potentialAction\":[{\"@type\":\"ReadAction\",\"target\":[\"https:\/\/japamalaandfriends.com\/ca\/cistella\"]}]},{\"@type\":\"BreadcrumbList\",\"@id\":\"https:\/\/japamalaandfriends.com\/ca\/cistella#breadcrumb\",\"itemListElement\":[{\"@type\":\"ListItem\",\"position\":1,\"name\":\"Inicio\",\"item\":\"https:\/\/japamalaandfriends.com\/ca\/welcome\"},{\"@type\":\"ListItem\",\"position\":2,\"name\":\"Cart\"}]},{\"@type\":\"WebSite\",\"@id\":\"https:\/\/japamalaandfriends.com\/ca#website\",\"url\":\"https:\/\/japamalaandfriends.com\/ca\",\"name\":\"japamala and friends\",\"description\":\"Aqu\u00ed subimos tu autoestima con ropa que te hace sentir bien. Descubre kimonos, vestidos, tallas reales y moda en nuestra tienda en Barcelona y online.\",\"publisher\":{\"@id\":\"https:\/\/japamalaandfriends.com\/ca#organization\"},\"potentialAction\":[{\"@type\":\"SearchAction\",\"target\":{\"@type\":\"EntryPoint\",\"urlTemplate\":\"https:\/\/japamalaandfriends.com\/ca?s={search_term_string}\"},\"query-input\":{\"@type\":\"PropertyValueSpecification\",\"valueRequired\":true,\"valueName\":\"search_term_string\"}}],\"inLanguage\":\"ca\"},{\"@type\":\"Organization\",\"@id\":\"https:\/\/japamalaandfriends.com\/ca#organization\",\"name\":\"japamala and friends barcelona\",\"url\":\"https:\/\/japamalaandfriends.com\/ca\",\"logo\":{\"@type\":\"ImageObject\",\"inLanguage\":\"ca\",\"@id\":\"https:\/\/japamalaandfriends.com\/ca#\/schema\/logo\/image\/\",\"url\":\"https:\/\/i0.wp.com\/japamalaandfriends.com\/wp-content\/uploads\/2025\/05\/cropped-Japamala-2023-logo-black.jpg?fit=512%2C512&ssl=1\",\"contentUrl\":\"https:\/\/i0.wp.com\/japamalaandfriends.com\/wp-content\/uploads\/2025\/05\/cropped-Japamala-2023-logo-black.jpg?fit=512%2C512&ssl=1\",\"width\":512,\"height\":512,\"caption\":\"japamala and friends barcelona\"},\"image\":{\"@id\":\"https:\/\/japamalaandfriends.com\/ca#\/schema\/logo\/image\/\"},\"sameAs\":[\"https:\/\/www.facebook.com\/Japamalaandfriends\",\"https:\/\/www.instagram.com\/japamala.and.friends\"]}]}<\/script>\n<!-- \/ Yoast SEO plugin. -->","yoast_head_json":{"title":"Cart - japamala and friends","robots":{"index":"index","follow":"follow","max-snippet":"max-snippet:-1","max-image-preview":"max-image-preview:large","max-video-preview":"max-video-preview:-1"},"canonical":"https:\/\/japamalaandfriends.com\/ca\/cistella","og_locale":"ca_ES","og_type":"article","og_title":"Cart - japamala and friends","og_description":"Encara no acabes? Fes clic aqu\u00ed per seguir comprant","og_url":"https:\/\/japamalaandfriends.com\/ca\/cistella","og_site_name":"japamala and friends","article_publisher":"https:\/\/www.facebook.com\/Japamalaandfriends","article_modified_time":"2025-10-20T13:31:29+00:00","twitter_card":"summary_large_image","twitter_misc":{"Temps estimat de lectura":"4 minuts"},"schema":{"@context":"https:\/\/schema.org","@graph":[{"@type":"WebPage","@id":"https:\/\/japamalaandfriends.com\/ca\/cistella","url":"https:\/\/japamalaandfriends.com\/ca\/cistella","name":"Cart - japamala and friends","isPartOf":{"@id":"https:\/\/japamalaandfriends.com\/ca#website"},"datePublished":"2020-11-30T10:52:42+00:00","dateModified":"2025-10-20T13:31:29+00:00","breadcrumb":{"@id":"https:\/\/japamalaandfriends.com\/ca\/cistella#breadcrumb"},"inLanguage":"ca","potentialAction":[{"@type":"ReadAction","target":["https:\/\/japamalaandfriends.com\/ca\/cistella"]}]},{"@type":"BreadcrumbList","@id":"https:\/\/japamalaandfriends.com\/ca\/cistella#breadcrumb","itemListElement":[{"@type":"ListItem","position":1,"name":"Inicio","item":"https:\/\/japamalaandfriends.com\/ca\/welcome"},{"@type":"ListItem","position":2,"name":"Cart"}]},{"@type":"WebSite","@id":"https:\/\/japamalaandfriends.com\/ca#website","url":"https:\/\/japamalaandfriends.com\/ca","name":"japamala and friends","description":"Aqu\u00ed subimos tu autoestima con ropa que te hace sentir bien. Descubre kimonos, vestidos, tallas reales y moda en nuestra tienda en Barcelona y online.","publisher":{"@id":"https:\/\/japamalaandfriends.com\/ca#organization"},"potentialAction":[{"@type":"SearchAction","target":{"@type":"EntryPoint","urlTemplate":"https:\/\/japamalaandfriends.com\/ca?s={search_term_string}"},"query-input":{"@type":"PropertyValueSpecification","valueRequired":true,"valueName":"search_term_string"}}],"inLanguage":"ca"},{"@type":"Organization","@id":"https:\/\/japamalaandfriends.com\/ca#organization","name":"japamala and friends barcelona","url":"https:\/\/japamalaandfriends.com\/ca","logo":{"@type":"ImageObject","inLanguage":"ca","@id":"https:\/\/japamalaandfriends.com\/ca#\/schema\/logo\/image\/","url":"https:\/\/i0.wp.com\/japamalaandfriends.com\/wp-content\/uploads\/2025\/05\/cropped-Japamala-2023-logo-black.jpg?fit=512%2C512&ssl=1","contentUrl":"https:\/\/i0.wp.com\/japamalaandfriends.com\/wp-content\/uploads\/2025\/05\/cropped-Japamala-2023-logo-black.jpg?fit=512%2C512&ssl=1","width":512,"height":512,"caption":"japamala and friends barcelona"},"image":{"@id":"https:\/\/japamalaandfriends.com\/ca#\/schema\/logo\/image\/"},"sameAs":["https:\/\/www.facebook.com\/Japamalaandfriends","https:\/\/www.instagram.com\/japamala.and.friends"]}]}},"jetpack-related-posts":[{"id":9,"url":"https:\/\/japamalaandfriends.com\/checkout","url_meta":{"origin":5398,"position":0},"title":"Checkout","author":"SandroK","date":"30 de novembre de 2020","format":false,"excerpt":"","rel":"","context":"Entrada similar","block_context":{"text":"Entrada similar","link":""},"img":{"alt_text":"","src":"","width":0,"height":0},"classes":[]},{"id":5401,"url":"https:\/\/japamalaandfriends.com\/ca\/finalitza-la-compra","url_meta":{"origin":5398,"position":1},"title":"Finalitza la compra","author":"SandroK","date":"30 de novembre de 2020","format":false,"excerpt":"","rel":"","context":"Entrada similar","block_context":{"text":"Entrada similar","link":""},"img":{"alt_text":"","src":"","width":0,"height":0},"classes":[]},{"id":5411,"url":"https:\/\/japamalaandfriends.com\/en\/checkout","url_meta":{"origin":5398,"position":2},"title":"Checkout","author":"SandroK","date":"30 de novembre de 2020","format":false,"excerpt":"","rel":"","context":"Entrada similar","block_context":{"text":"Entrada similar","link":""},"img":{"alt_text":"","src":"","width":0,"height":0},"classes":[]},{"id":8,"url":"https:\/\/japamalaandfriends.com\/cart","url_meta":{"origin":5398,"position":3},"title":"Cart","author":"SandroK","date":"30 de novembre de 2020","format":false,"excerpt":"","rel":"","context":"Entrada similar","block_context":{"text":"Entrada similar","link":""},"img":{"alt_text":"","src":"","width":0,"height":0},"classes":[]},{"id":5408,"url":"https:\/\/japamalaandfriends.com\/en\/cart","url_meta":{"origin":5398,"position":4},"title":"Cart","author":"SandroK","date":"30 de novembre de 2020","format":false,"excerpt":"","rel":"","context":"Entrada similar","block_context":{"text":"Entrada similar","link":""},"img":{"alt_text":"","src":"","width":0,"height":0},"classes":[]},{"id":7,"url":"https:\/\/japamalaandfriends.com\/ropa-comoda-para-ti","url_meta":{"origin":5398,"position":5},"title":"ONLINE shop","author":"SandroK","date":"30 de novembre de 2020","format":false,"excerpt":"Bienvenida a nuestra tienda online. Aqu\u00ed encontrar\u00e1s ropa con alma: kimonos, vestidos, pantalones y m\u00e1s, pensados para todos los cuerpos y estilos de vida. Dise\u00f1os c\u00f3modos, con personalidad, creados en Barcelona con mucho amor y sin prisas.","rel":"","context":"Entrada similar","block_context":{"text":"Entrada similar","link":""},"img":{"alt_text":"","src":"","width":0,"height":0},"classes":[]}],"jetpack_sharing_enabled":true,"_links":{"self":[{"href":"https:\/\/japamalaandfriends.com\/ca\/wp-json\/wp\/v2\/pages\/5398","targetHints":{"allow":["GET"]}}],"collection":[{"href":"https:\/\/japamalaandfriends.com\/ca\/wp-json\/wp\/v2\/pages"}],"about":[{"href":"https:\/\/japamalaandfriends.com\/ca\/wp-json\/wp\/v2\/types\/page"}],"author":[{"embeddable":true,"href":"https:\/\/japamalaandfriends.com\/ca\/wp-json\/wp\/v2\/users\/1"}],"replies":[{"embeddable":true,"href":"https:\/\/japamalaandfriends.com\/ca\/wp-json\/wp\/v2\/comments?post=5398"}],"version-history":[{"count":3,"href":"https:\/\/japamalaandfriends.com\/ca\/wp-json\/wp\/v2\/pages\/5398\/revisions"}],"predecessor-version":[{"id":9365,"href":"https:\/\/japamalaandfriends.com\/ca\/wp-json\/wp\/v2\/pages\/5398\/revisions\/9365"}],"wp:attachment":[{"href":"https:\/\/japamalaandfriends.com\/ca\/wp-json\/wp\/v2\/media?parent=5398"}],"curies":[{"name":"wp","href":"https:\/\/api.w.org\/{rel}","templated":true}]}}