{"id":5404,"date":"2020-11-30T10:52:42","date_gmt":"2020-11-30T10:52:42","guid":{"rendered":"https:\/\/japamalaandfriends.com\/el-meu-compte"},"modified":"2025-07-01T18:29:51","modified_gmt":"2025-07-01T18:29:51","slug":"el-meu-compte","status":"publish","type":"page","link":"https:\/\/japamalaandfriends.com\/ca\/el-meu-compte","title":{"rendered":"El meu compte"},"content":{"rendered":"<div class=\"woocommerce\"><\/div>\n","protected":false},"excerpt":{"rendered":"","protected":false},"author":27,"featured_media":0,"parent":0,"menu_order":0,"comment_status":"closed","ping_status":"closed","template":"","meta":{"_et_pb_use_builder":"","_et_pb_old_content":"","_et_gb_content_width":"","footnotes":""},"class_list":["post-5404","page","type-page","status-publish","hentry"],"yoast_head":"<!-- This site is optimized with the Yoast SEO plugin v26.2 - https:\/\/yoast.com\/wordpress\/plugins\/seo\/ -->\n<title>El meu compte - japamala and friends<\/title>\n<meta name=\"robots\" content=\"index, follow, max-snippet:-1, max-image-preview:large, max-video-preview:-1\" \/>\n<link rel=\"canonical\" href=\"https:\/\/japamalaandfriends.com\/ca\/el-meu-compte\" \/>\n<meta property=\"og:locale\" content=\"ca_ES\" \/>\n<meta property=\"og:type\" content=\"article\" \/>\n<meta property=\"og:title\" content=\"El meu compte - japamala and friends\" \/>\n<meta property=\"og:url\" content=\"https:\/\/japamalaandfriends.com\/ca\/el-meu-compte\" \/>\n<meta property=\"og:site_name\" content=\"japamala and friends\" \/>\n<meta property=\"article:publisher\" content=\"https:\/\/www.facebook.com\/Japamalaandfriends\" \/>\n<meta property=\"article:modified_time\" content=\"2025-07-01T18:29:51+00:00\" \/>\n<meta name=\"twitter:card\" content=\"summary_large_image\" \/>\n<script type=\"application\/ld+json\" class=\"yoast-schema-graph\">{\"@context\":\"https:\/\/schema.org\",\"@graph\":[{\"@type\":\"WebPage\",\"@id\":\"https:\/\/japamalaandfriends.com\/ca\/el-meu-compte\",\"url\":\"https:\/\/japamalaandfriends.com\/ca\/el-meu-compte\",\"name\":\"El meu compte - japamala and friends\",\"isPartOf\":{\"@id\":\"https:\/\/japamalaandfriends.com\/ca#website\"},\"datePublished\":\"2020-11-30T10:52:42+00:00\",\"dateModified\":\"2025-07-01T18:29:51+00:00\",\"breadcrumb\":{\"@id\":\"https:\/\/japamalaandfriends.com\/ca\/el-meu-compte#breadcrumb\"},\"inLanguage\":\"ca\",\"potentialAction\":[{\"@type\":\"ReadAction\",\"target\":[\"https:\/\/japamalaandfriends.com\/ca\/el-meu-compte\"]}]},{\"@type\":\"BreadcrumbList\",\"@id\":\"https:\/\/japamalaandfriends.com\/ca\/el-meu-compte#breadcrumb\",\"itemListElement\":[{\"@type\":\"ListItem\",\"position\":1,\"name\":\"Inicio\",\"item\":\"https:\/\/japamalaandfriends.com\/ca\/welcome\"},{\"@type\":\"ListItem\",\"position\":2,\"name\":\"El meu compte\"}]},{\"@type\":\"WebSite\",\"@id\":\"https:\/\/japamalaandfriends.com\/ca#website\",\"url\":\"https:\/\/japamalaandfriends.com\/ca\",\"name\":\"japamala and friends\",\"description\":\"Aqu\u00ed subimos tu autoestima con ropa que te hace sentir bien. Descubre kimonos, vestidos, tallas reales y moda en nuestra tienda en Barcelona y online.\",\"publisher\":{\"@id\":\"https:\/\/japamalaandfriends.com\/ca#organization\"},\"potentialAction\":[{\"@type\":\"SearchAction\",\"target\":{\"@type\":\"EntryPoint\",\"urlTemplate\":\"https:\/\/japamalaandfriends.com\/ca?s={search_term_string}\"},\"query-input\":{\"@type\":\"PropertyValueSpecification\",\"valueRequired\":true,\"valueName\":\"search_term_string\"}}],\"inLanguage\":\"ca\"},{\"@type\":\"Organization\",\"@id\":\"https:\/\/japamalaandfriends.com\/ca#organization\",\"name\":\"japamala and friends barcelona\",\"url\":\"https:\/\/japamalaandfriends.com\/ca\",\"logo\":{\"@type\":\"ImageObject\",\"inLanguage\":\"ca\",\"@id\":\"https:\/\/japamalaandfriends.com\/ca#\/schema\/logo\/image\/\",\"url\":\"https:\/\/i0.wp.com\/japamalaandfriends.com\/wp-content\/uploads\/2025\/05\/cropped-Japamala-2023-logo-black.jpg?fit=512%2C512&ssl=1\",\"contentUrl\":\"https:\/\/i0.wp.com\/japamalaandfriends.com\/wp-content\/uploads\/2025\/05\/cropped-Japamala-2023-logo-black.jpg?fit=512%2C512&ssl=1\",\"width\":512,\"height\":512,\"caption\":\"japamala and friends barcelona\"},\"image\":{\"@id\":\"https:\/\/japamalaandfriends.com\/ca#\/schema\/logo\/image\/\"},\"sameAs\":[\"https:\/\/www.facebook.com\/Japamalaandfriends\",\"https:\/\/www.instagram.com\/japamala.and.friends\"]}]}<\/script>\n<!-- \/ Yoast SEO plugin. -->","yoast_head_json":{"title":"El meu compte - japamala and friends","robots":{"index":"index","follow":"follow","max-snippet":"max-snippet:-1","max-image-preview":"max-image-preview:large","max-video-preview":"max-video-preview:-1"},"canonical":"https:\/\/japamalaandfriends.com\/ca\/el-meu-compte","og_locale":"ca_ES","og_type":"article","og_title":"El meu compte - japamala and friends","og_url":"https:\/\/japamalaandfriends.com\/ca\/el-meu-compte","og_site_name":"japamala and friends","article_publisher":"https:\/\/www.facebook.com\/Japamalaandfriends","article_modified_time":"2025-07-01T18:29:51+00:00","twitter_card":"summary_large_image","schema":{"@context":"https:\/\/schema.org","@graph":[{"@type":"WebPage","@id":"https:\/\/japamalaandfriends.com\/ca\/el-meu-compte","url":"https:\/\/japamalaandfriends.com\/ca\/el-meu-compte","name":"El meu compte - japamala and friends","isPartOf":{"@id":"https:\/\/japamalaandfriends.com\/ca#website"},"datePublished":"2020-11-30T10:52:42+00:00","dateModified":"2025-07-01T18:29:51+00:00","breadcrumb":{"@id":"https:\/\/japamalaandfriends.com\/ca\/el-meu-compte#breadcrumb"},"inLanguage":"ca","potentialAction":[{"@type":"ReadAction","target":["https:\/\/japamalaandfriends.com\/ca\/el-meu-compte"]}]},{"@type":"BreadcrumbList","@id":"https:\/\/japamalaandfriends.com\/ca\/el-meu-compte#breadcrumb","itemListElement":[{"@type":"ListItem","position":1,"name":"Inicio","item":"https:\/\/japamalaandfriends.com\/ca\/welcome"},{"@type":"ListItem","position":2,"name":"El meu compte"}]},{"@type":"WebSite","@id":"https:\/\/japamalaandfriends.com\/ca#website","url":"https:\/\/japamalaandfriends.com\/ca","name":"japamala and friends","description":"Aqu\u00ed subimos tu autoestima con ropa que te hace sentir bien. Descubre kimonos, vestidos, tallas reales y moda en nuestra tienda en Barcelona y online.","publisher":{"@id":"https:\/\/japamalaandfriends.com\/ca#organization"},"potentialAction":[{"@type":"SearchAction","target":{"@type":"EntryPoint","urlTemplate":"https:\/\/japamalaandfriends.com\/ca?s={search_term_string}"},"query-input":{"@type":"PropertyValueSpecification","valueRequired":true,"valueName":"search_term_string"}}],"inLanguage":"ca"},{"@type":"Organization","@id":"https:\/\/japamalaandfriends.com\/ca#organization","name":"japamala and friends barcelona","url":"https:\/\/japamalaandfriends.com\/ca","logo":{"@type":"ImageObject","inLanguage":"ca","@id":"https:\/\/japamalaandfriends.com\/ca#\/schema\/logo\/image\/","url":"https:\/\/i0.wp.com\/japamalaandfriends.com\/wp-content\/uploads\/2025\/05\/cropped-Japamala-2023-logo-black.jpg?fit=512%2C512&ssl=1","contentUrl":"https:\/\/i0.wp.com\/japamalaandfriends.com\/wp-content\/uploads\/2025\/05\/cropped-Japamala-2023-logo-black.jpg?fit=512%2C512&ssl=1","width":512,"height":512,"caption":"japamala and friends barcelona"},"image":{"@id":"https:\/\/japamalaandfriends.com\/ca#\/schema\/logo\/image\/"},"sameAs":["https:\/\/www.facebook.com\/Japamalaandfriends","https:\/\/www.instagram.com\/japamala.and.friends"]}]}},"jetpack-related-posts":[{"id":7825,"url":"https:\/\/japamalaandfriends.com\/ca\/enviaments-i-devolucions","url_meta":{"origin":5404,"position":0},"title":"Enviaments i devolucions","author":"SandroK","date":"30 de novembre de 2020","format":false,"excerpt":"[et_pb_text admin_label=\"H1\" _builder_version=\"4.27.4\" _module_preset=\"default\" header_text_color=\"#FFFFFF\" header_font_size=\"4rem\" header_line_height=\"1.2em\" custom_padding_tablet=\"\"\u2026","rel":"","context":"Entrada similar","block_context":{"text":"Entrada similar","link":""},"img":{"alt_text":"","src":"","width":0,"height":0},"classes":[]},{"id":7860,"url":"https:\/\/japamalaandfriends.com\/ca\/que-diuen","url_meta":{"origin":5404,"position":1},"title":"Qu\u00e8 diuen?","author":"SandroK","date":"30 de novembre de 2020","format":false,"excerpt":"\u00bf Vols saber com es viu l'experi\u00e8ncia Japamala? Aqu\u00ed et deixem algunes opinions reals de les nostres clientes: parlen sobre les nostres peces artesanals, la varietat de talles reals, l'atenci\u00f3 personalitzada i com se senten de vestir roba amb \u00e0nima, dissenyada a Barcelona.","rel":"","context":"Entrada similar","block_context":{"text":"Entrada similar","link":""},"img":{"alt_text":"","src":"","width":0,"height":0},"classes":[]},{"id":7828,"url":"https:\/\/japamalaandfriends.com\/ca\/qui-som","url_meta":{"origin":5404,"position":2},"title":"Qui som?","author":"SandroK","date":"30 de novembre de 2020","format":false,"excerpt":"Japamala & Friends \u00e9s una botiga amb \u00e0nima, nascuda del desig de compartir moda honesta, feta a m\u00e0 i amb hist\u00f2ries reals al darrere. Una comunitat on dissenyadors, clientes i amigues es troben per crear alguna cosa bonica juntes.","rel":"","context":"Entrada similar","block_context":{"text":"Entrada similar","link":""},"img":{"alt_text":"","src":"","width":0,"height":0},"classes":[]},{"id":7824,"url":"https:\/\/japamalaandfriends.com\/ca\/avis-legal","url_meta":{"origin":5404,"position":3},"title":"Av\u00eds legal","author":"SandroK","date":"30 de novembre de 2020","format":false,"excerpt":"","rel":"","context":"Entrada similar","block_context":{"text":"Entrada similar","link":""},"img":{"alt_text":"","src":"","width":0,"height":0},"classes":[]},{"id":8087,"url":"https:\/\/japamalaandfriends.com\/ca","url_meta":{"origin":5404,"position":4},"title":"Welcome","author":"SandroK","date":"30 de novembre de 2020","format":false,"excerpt":"Benvinguda a Japamala & Friends. Aqu\u00ed la roba no nom\u00e9s es prova, es viu. Dissenyem peces que abracen el teu cos, eleven l\u2019\u00e0nim i t\u2019acompanyen a cada moment amb estil, \u00e0nima i emoci\u00f3.","rel":"","context":"Entrada similar","block_context":{"text":"Entrada similar","link":""},"img":{"alt_text":"","src":"","width":0,"height":0},"classes":[]},{"id":7822,"url":"https:\/\/japamalaandfriends.com\/ca\/politica-de-privadesa-i-cookies","url_meta":{"origin":5404,"position":5},"title":"Pol\u00edtica de Privacitat i Galetes","author":"SandroK","date":"30 de novembre de 2020","format":false,"excerpt":"","rel":"","context":"Entrada similar","block_context":{"text":"Entrada similar","link":""},"img":{"alt_text":"","src":"","width":0,"height":0},"classes":[]}],"jetpack_sharing_enabled":true,"_links":{"self":[{"href":"https:\/\/japamalaandfriends.com\/ca\/wp-json\/wp\/v2\/pages\/5404","targetHints":{"allow":["GET"]}}],"collection":[{"href":"https:\/\/japamalaandfriends.com\/ca\/wp-json\/wp\/v2\/pages"}],"about":[{"href":"https:\/\/japamalaandfriends.com\/ca\/wp-json\/wp\/v2\/types\/page"}],"author":[{"embeddable":true,"href":"https:\/\/japamalaandfriends.com\/ca\/wp-json\/wp\/v2\/users\/27"}],"replies":[{"embeddable":true,"href":"https:\/\/japamalaandfriends.com\/ca\/wp-json\/wp\/v2\/comments?post=5404"}],"version-history":[{"count":0,"href":"https:\/\/japamalaandfriends.com\/ca\/wp-json\/wp\/v2\/pages\/5404\/revisions"}],"wp:attachment":[{"href":"https:\/\/japamalaandfriends.com\/ca\/wp-json\/wp\/v2\/media?parent=5404"}],"curies":[{"name":"wp","href":"https:\/\/api.w.org\/{rel}","templated":true}]}}