{"id":7824,"date":"2020-11-30T11:26:58","date_gmt":"2020-11-30T11:26:58","guid":{"rendered":"https:\/\/japamalaandfriends.com\/avis-legal"},"modified":"2025-10-21T14:06:33","modified_gmt":"2025-10-21T14:06:33","slug":"avis-legal","status":"publish","type":"page","link":"https:\/\/japamalaandfriends.com\/ca\/avis-legal","title":{"rendered":"Av\u00eds legal"},"content":{"rendered":"<p>[et_pb_section fb_built=\"1&#8243; custom_padding_last_edited=\"on|phone\" next_background_color=\"#FFFFFF\" admin_label=\"section\" _builder_version=\"4.27.4&#8243; background_color=\"#6B7C69&#8243; background_enable_image=\"off\" background_size=\"initial\" background_repeat=\"repeat\" custom_padding=\"0%||10%||false|false\" custom_padding_tablet=\"5%||15%||false|false\" custom_padding_phone=\"15%|5%|15%|5%|false|true\" top_divider_style=\"none\" top_divider_color=\"#6B7C69&#8243; bottom_divider_style=\"asymmetric\" bottom_divider_height=\"130px\" bottom_divider_height_tablet=\"100px\" bottom_divider_height_phone=\"80px\" bottom_divider_height_last_edited=\"on|phone\" global_colors_info=\"{}\"][et_pb_row use_custom_gutter=\"on\" make_equal=\"on\" custom_padding_last_edited=\"on|phone\" admin_label=\"row\" _builder_version=\"4.27.4&#8243; background_size=\"initial\" background_position=\"top_left\" background_repeat=\"repeat\" width=\"90%\" max_width_tablet=\"\" max_width_phone=\"90%\" max_width_last_edited=\"on|phone\" custom_padding=\"5%||0px||false|false\" custom_padding_tablet=\"5%||0px||false|false\" custom_padding_phone=\"5%||5%||true|false\" global_colors_info=\"{}\"][et_pb_column type=\"4_4&#8243; _builder_version=\"4.16&#8243; custom_padding=\"|||\" global_colors_info=\"{}\" custom_padding__hover=\"|||\"][et_pb_text admin_label=\"H1&#8243; _builder_version=\"4.27.4&#8243; _module_preset=\"default\" header_text_color=\"#FFFFFF\" header_font_size=\"4rem\" header_line_height=\"1.2em\" header_font_size_tablet=\"2.8rem\" header_font_size_phone=\"2rem\" header_font_size_last_edited=\"on|phone\" global_colors_info=\"{}\"]<\/p>\n<h1 style=\"text-align: center;\">Av\u00eds Legal<\/h1>\n<p>[\/et_pb_text][\/et_pb_column][\/et_pb_row][\/et_pb_section][et_pb_section fb_built=\"1&#8243; custom_padding_last_edited=\"on|phone\" admin_label=\"section\" _builder_version=\"4.27.4&#8243; background_color=\"#FFFFFF\" background_enable_image=\"off\" background_size=\"initial\" background_repeat=\"repeat\" custom_padding=\"0px||5%||false|false\" custom_padding_tablet=\"0px||5%||false|false\" custom_padding_phone=\"10%||15%||false|false\" top_divider_style=\"none\" top_divider_color=\"#6B7C69&#8243; global_colors_info=\"{}\"][et_pb_row use_custom_gutter=\"on\" make_equal=\"on\" custom_padding_last_edited=\"on|phone\" admin_label=\"row\" _builder_version=\"4.27.4&#8243; background_size=\"initial\" background_position=\"top_left\" background_repeat=\"repeat\" width=\"90%\" max_width_tablet=\"\" max_width_phone=\"90%\" max_width_last_edited=\"on|phone\" custom_padding=\"2%|5%|0px|5%|false|true\" custom_padding_tablet=\"5%||0px||false|false\" custom_padding_phone=\"0%||0%||false|false\" global_colors_info=\"{}\"][et_pb_column type=\"4_4&#8243; _builder_version=\"4.16&#8243; custom_padding=\"|||\" global_colors_info=\"{}\" custom_padding__hover=\"|||\"][et_pb_text admin_label=\"Text\" _builder_version=\"4.27.4&#8243; link_font=\"||||on|||#6B7C69|solid\" link_text_color=\"#3A3A3A\" header_2_font_size=\"2rem\" header_2_line_height=\"1.2em\" background_size=\"initial\" background_position=\"top_left\" background_repeat=\"repeat\" hover_enabled=\"0&#8243; header_2_font_size_tablet=\"2rem\" header_2_font_size_phone=\"1.4rem\" header_2_font_size_last_edited=\"on|desktop\" global_colors_info=\"{}\" link_text_color__hover_enabled=\"on|hover\" link_text_color__hover=\"#6B7C69&#8243; sticky_enabled=\"0&#8243;]<\/p>\n<p>A l&#8217;efecte del que preveu la Llei 34\/2002 de l&#8217;11 de juliol de Serveis de la Societat de la Informaci\u00f3 i del Comer\u00e7 Electr\u00f2nic (LSSICE), es posa en coneixement de l&#8217;usuari que accedeix a aquesta p\u00e0gina web amb el domini www.japamalaandfriends.com i www.japamala.org, la informaci\u00f3 general seg\u00fcent sobre el prestador del servei:<\/p>\n<p>Denominaci\u00f3 social: Mirta Kisak Koch<br \/> NIF: Y5560964S<br \/> Adre\u00e7a: C\/ Ast\u00faries 7, 08012 Barcelona<br \/> Tel\u00e8fon: 654 10 81 52<br \/> E-mail: <a href=\"mailto:shop@japamalaandfriends.com\" target=\"_blank\" rel=\"noopener\">shop@japamalaandfriends.com<\/a><\/p>\n<p>Els continguts, activitats comercials i serveis, en general, prestats a trav\u00e9s del web estan sotmesos als termes i condicions previstos en aquest Av\u00eds Legal, i compleixen amb la legislaci\u00f3 espanyola vigent, especialment, amb l&#8217;esmentada LSSICE i la Llei Org\u00e0nica 15\/1999, de 13 de desembre, de protecci\u00f3 de dades de car\u00e0cter personal (LOPD).<\/p>\n<p>En conseq\u00fc\u00e8ncia, el simple acc\u00e9s i la utilitzaci\u00f3 del web per qualsevol persona implica l&#8217;atribuci\u00f3 de la condici\u00f3 d&#8217;usuari i l&#8217;acceptaci\u00f3 plena de tots els termes i condicions recollits en aquest av\u00eds legal des del mateix moment que s&#8217;accedeix a la web.<br \/> L&#8217;acc\u00e9s a la web, aix\u00ed com la sol\u00b7licitud de tota mena d&#8217;informaci\u00f3 s\u00f3n totalment gratu\u00efts.<\/p>\n<h2>Com comprar online<\/h2>\n<p>Comprar a Japamala and friends \u00e9s s\u00faper senzill nom\u00e9s has de seleccionar els articles que vulguis, les unitats que vulguis, color o talla (si hi hagu\u00e9s opci\u00f3) i afegir a la cistella de la compra. Un cop finalitzat el pagament, el sistema t&#8217;enviar\u00e0 un correu electr\u00f2nic confirmant que la teva compra ha estat realitzada amb \u00e8xit. <\/p>\n<h2>Els nostres preus<\/h2>\n<p>Tots els nostres productes tenen aplicats el 21% d&#8217;IVA INCL\u00d2S, vigent a Espanya. Ens reservem el dret de revisar i modificar els preus si les circumst\u00e0ncies ho requereixen en qualsevol moment. Les despeses d&#8217;enviament es cobraran a part, consultar preus a \u201c <a href=\"https:\/\/japamalaandfriends.com\/envios-devoluciones\">Enviaments i Devolucions<\/a> \u201d.  <\/p>\n<p><strong>Si est\u00e0s fora de la Uni\u00f3 Europea<\/strong> , tingues en compte que els serveis de duana del teu pa\u00eds et podran cobrar taxes de duana addicionals. Aquestes taxes no s\u00f3n de la nostra responsabilitat i varien d&#8217;acord amb el pa\u00eds.  <\/p>\n<h2>Promocions i ofertes<\/h2>\n<p>A Japamala and friends realitzem ofertes i promocions constantment, aix\u00ed mateix, aquestes tindran validesa mentre es trobin publicades a la web, facebook, instagram o fins que s&#8217;esgotin exist\u00e8ncies.<\/p>\n<p>[\/et_pb_text][\/et_pb_column][\/et_pb_row][\/et_pb_section][et_pb_section fb_built=\"1&#8243; _builder_version=\"4.27.4&#8243; _module_preset=\"default\" background_color=\"#6B7C69&#8243; min_height=\"40vh\" min_height_tablet=\"40vh\" min_height_phone=\"40vh\" min_height_last_edited=\"on|desktop\" custom_css_main_element=\"align-content:center;\" locked=\"off\" global_colors_info=\"{}\"][et_pb_row use_custom_gutter=\"on\" gutter_width=\"1&#8243; make_equal=\"on\" custom_padding_last_edited=\"on|desktop\" _builder_version=\"4.27.4&#8243; _module_preset=\"default\" background_color=\"RGBA(255,255,255,0)\" width=\"90%\" max_width=\"90%\" custom_padding=\"0px||0px||false|false\" custom_padding_tablet=\"0px||0px||false|false\" custom_padding_phone=\"5%|0px|0px|0px|false|false\" locked=\"off\" global_colors_info=\"{}\"][et_pb_column type=\"4_4&#8243; _builder_version=\"4.27.4&#8243; _module_preset=\"default\" global_colors_info=\"{}\"][et_pb_text admin_label=\"tienes preguntas\" _builder_version=\"4.27.4&#8243; _module_preset=\"default\" text_font=\"\u2013et_global_heading_font||||||||\" text_text_color=\"#FFFFFF\" text_font_size=\"2.8rem\" text_line_height=\"1.2em\" custom_padding=\"||2%||false|false\" custom_padding_tablet=\"||6%||false|false\" custom_padding_phone=\"||10%||false|false\" custom_padding_last_edited=\"on|phone\" hover_enabled=\"0&#8243; text_font_size_tablet=\"2.8rem\" text_font_size_phone=\"2rem\" text_font_size_last_edited=\"on|desktop\" text_line_height_phone=\"1.2em\" text_line_height_last_edited=\"off|desktop\" global_colors_info=\"{}\" sticky_enabled=\"0&#8243;]<\/p>\n<p style=\"text-align: center;\">Tens alguna pregunta<br \/> o vols saludar-nos?<\/p>\n<p>[\/et_pb_text][et_pb_button button_url=\"https:\/\/japamalaandfriends.com\/ca\/contacte\" button_text=\"Contacta&apos;ns\" button_alignment=\"center\" _builder_version=\"4.27.4&#8243; _module_preset=\"default\" hover_enabled=\"0&#8243; box_shadow_style=\"preset3&#8243; locked=\"off\" global_colors_info=\"{}\" button_bg_color__hover_enabled=\"on|hover\" button_bg_color__hover=\"#B09886&#8243; button_bg_enable_color__hover=\"on\" sticky_enabled=\"0&#8243;][\/et_pb_button][\/et_pb_column][\/et_pb_row][\/et_pb_section][et_pb_section fb_built=\"1&#8243; disabled_on=\"off|off|on\" admin_label=\"imagen movil y tablet\" _builder_version=\"4.27.4&#8243; _module_preset=\"default\" background_color=\"RGBA(255,255,255,0)\" background_image=\"https:\/\/japamalaandfriends.com\/wp-content\/uploads\/2023\/06\/img_1930.jpeg\" parallax=\"on\" parallax_method=\"off\" height_tablet=\"70vh\" height_phone=\"75vh\" height_last_edited=\"on|desktop\" max_height_tablet=\"\" max_height_phone=\"75vh\" max_height_last_edited=\"on|phone\" background_last_edited=\"on|desktop\" parallax_phone=\"off\" box_shadow_style=\"preset3&#8243; locked=\"off\" global_colors_info=\"{}\"][\/et_pb_section][et_pb_section fb_built=\"1&#8243; custom_padding_last_edited=\"on|tablet\" admin_label=\"friends\" _builder_version=\"4.27.4&#8243; _module_preset=\"default\" background_color=\"#6B7C69&#8243; custom_padding=\"||0px||false|false\" custom_padding_tablet=\"12%||||false|false\" custom_padding_phone=\"15%||||false|false\" box_shadow_style=\"preset3&#8243; locked=\"off\" global_colors_info=\"{}\"][et_pb_row column_structure=\"1_2,1_2&#8243; use_custom_gutter=\"on\" gutter_width=\"1&#8243; make_equal=\"on\" custom_padding_last_edited=\"on|desktop\" admin_label=\"fila CTA filosofia\" _builder_version=\"4.27.4&#8243; width=\"100%\" width_last_edited=\"off|desktop\" max_width=\"none\" height_tablet=\"\" height_phone=\"\" height_last_edited=\"on|desktop\" max_height_tablet=\"\" max_height_phone=\"\" max_height_last_edited=\"on|desktop\" custom_padding=\"0px||0px||false|false\" custom_padding_tablet=\"0px||0px||false|false\" custom_padding_phone=\"0px||0px||false|false\" background_color_phone=\"RGBA(255,255,255,0)\" background_last_edited=\"on|phone\" background_enable_color_phone=\"on\" use_background_color_gradient_phone=\"off\" locked=\"off\" global_colors_info=\"{}\"][et_pb_column type=\"1_2&#8243; admin_label=\"Imatge ordinador\" disabled_on=\"on|on|off\" _builder_version=\"4.27.4&#8243; background_color=\"RGBA(255,255,255,0)\" background_image=\"https:\/\/japamalaandfriends.com\/wp-content\/uploads\/2023\/06\/img_1930.jpeg\" background_position=\"top_center\" custom_padding_tablet=\"\" custom_padding_phone=\"0px||0px||false|false\" custom_padding_last_edited=\"on|phone\" global_colors_info=\"{}\"][\/et_pb_column][et_pb_column type=\"1_2&#8243; admin_label=\"columna la nostra filosofia\" _builder_version=\"4.27.4&#8243; background_color=\"#FFFFFF\" custom_padding=\"5%||5%||false|false\" custom_padding_tablet=\"10%||10%||true|false\" custom_padding_phone=\"10%||10%||true|false\" custom_padding_last_edited=\"on|desktop\" custom_css_main_element=\"align-content:center;\" global_colors_info=\"{}\" custom_css_main_element_last_edited=\"on|desktop\" custom_css_main_element_tablet=\"align-content:center;\" custom_css_main_element_phone=\"align-content:center;\"][et_pb_text ul_position=\"inside\" _builder_version=\"4.27.4&#8243; text_text_color=\"#3A3A3A\" ul_text_align=\"left\" header_text_color=\"#0A0908&#8243; header_2_font=\"\u2013et_global_heading_font||||||||\" header_2_text_color=\"#0A0908&#8243; header_2_font_size=\"2.8rem\" background_color=\"RGBA(255,255,255,0)\" custom_margin=\"||||false|false\" custom_margin_tablet=\"0px||0px||false|false\" custom_margin_phone=\"||0px||false|false\" custom_margin_last_edited=\"off|desktop\" custom_padding=\"0px|10%|7%|10%|false|true\" custom_padding_tablet=\"|10%||10%|true|true\" custom_padding_phone=\"5%||15%||false|true\" custom_padding_last_edited=\"on|phone\" hover_enabled=\"0&#8243; text_font_size_tablet=\"1rem\" text_font_size_phone=\"1rem\" text_font_size_last_edited=\"off|desktop\" header_2_font_size_tablet=\"2rem\" header_2_font_size_phone=\"2rem\" header_2_font_size_last_edited=\"on|phone\" header_2_line_height_tablet=\"\" header_2_line_height_phone=\"1.2em\" header_2_line_height_last_edited=\"on|phone\" locked=\"off\" global_colors_info=\"{}\" sticky_enabled=\"0&#8243;]<\/p>\n<h2 style=\"text-align: left;\">La nostra Filosofia<\/h2>\n<p>&nbsp;<\/p>\n<ul>\n<li><strong>Bona vibra<\/strong> (si no la portes, te la donem nosaltres)<\/li>\n<li><strong>Roba c\u00f2moda i vers\u00e0til<\/strong> (no et farem patir)<\/li>\n<li><strong>Cossos reals<\/strong> (perqu\u00e8 la perfecci\u00f3 \u00e9s avorrida)<\/li>\n<li><strong>Rialles i bon rotllo<\/strong> (la nostra especialitat)<\/li>\n<\/ul>\n<p>\u00a1\u00a1 Estem emocionades de con\u00e8ixer-te i crear alguna cosa incre\u00efble juntes!<\/p>\n<p>[\/et_pb_text][et_pb_button button_url=\"https:\/\/japamalaandfriends.com\/ca\/qui-som\" button_text=\"Coneix qui som\" button_alignment=\"center\" _builder_version=\"4.27.4&#8243; _module_preset=\"default\" hover_enabled=\"0&#8243; box_shadow_style=\"preset3&#8243; locked=\"off\" global_colors_info=\"{}\" button_bg_color__hover_enabled=\"on|hover\" button_bg_color__hover=\"#B09886&#8243; button_bg_enable_color__hover=\"on\" sticky_enabled=\"0&#8243;][\/et_pb_button][et_pb_button button_url=\"https:\/\/japamalaandfriends.com\/ca\/que-diuen\" button_text=\"Qu\u00e8 diuen les nostres clientes\" button_alignment=\"center\" _builder_version=\"4.27.4&#8243; _module_preset=\"default\" custom_margin=\"3%||||false|false\" custom_margin_tablet=\"4%||||false|false\" custom_margin_phone=\"7%||||false|false\" custom_margin_last_edited=\"on|phone\" hover_enabled=\"0&#8243; box_shadow_style=\"preset3&#8243; locked=\"off\" global_colors_info=\"{}\" button_bg_color__hover_enabled=\"on|hover\" button_bg_color__hover=\"#B09886&#8243; button_bg_enable_color__hover=\"on\" sticky_enabled=\"0&#8243;][\/et_pb_button][\/et_pb_column][\/et_pb_row][\/et_pb_section]<\/p>\n","protected":false},"excerpt":{"rendered":"<p>Av\u00eds LegalA l&#8217;efecte del que preveu la Llei 34\/2002 de l&#8217;11 de juliol de Serveis de la Societat de la Informaci\u00f3 i del Comer\u00e7 Electr\u00f2nic (LSSICE), es posa en coneixement de l&#8217;usuari que accedeix a aquesta p\u00e0gina web amb el domini www.japamalaandfriends.com i www.japamala.org, la informaci\u00f3 general seg\u00fcent sobre el prestador del servei: Denominaci\u00f3 social: [&hellip;]<\/p>\n","protected":false},"author":1,"featured_media":0,"parent":0,"menu_order":0,"comment_status":"closed","ping_status":"closed","template":"","meta":{"_et_pb_use_builder":"on","_et_pb_old_content":"","_et_gb_content_width":"","footnotes":""},"class_list":["post-7824","page","type-page","status-publish","hentry"],"yoast_head":"<!-- This site is optimized with the Yoast SEO plugin v26.2 - https:\/\/yoast.com\/wordpress\/plugins\/seo\/ -->\n<title>Av\u00eds legal - japamala and friends<\/title>\n<meta name=\"robots\" content=\"index, follow, max-snippet:-1, max-image-preview:large, max-video-preview:-1\" \/>\n<link rel=\"canonical\" href=\"https:\/\/japamalaandfriends.com\/ca\/avis-legal\" \/>\n<meta property=\"og:locale\" content=\"ca_ES\" \/>\n<meta property=\"og:type\" content=\"article\" \/>\n<meta property=\"og:title\" content=\"Av\u00eds legal - japamala and friends\" \/>\n<meta property=\"og:description\" content=\"Av\u00eds LegalA l&#039;efecte del que preveu la Llei 34\/2002 de l&#039;11 de juliol de Serveis de la Societat de la Informaci\u00f3 i del Comer\u00e7 Electr\u00f2nic (LSSICE), es posa en coneixement de l&#039;usuari que accedeix a aquesta p\u00e0gina web amb el domini www.japamalaandfriends.com i www.japamala.org, la informaci\u00f3 general seg\u00fcent sobre el prestador del servei: Denominaci\u00f3 social: [&hellip;]\" \/>\n<meta property=\"og:url\" content=\"https:\/\/japamalaandfriends.com\/ca\/avis-legal\" \/>\n<meta property=\"og:site_name\" content=\"japamala and friends\" \/>\n<meta property=\"article:publisher\" content=\"https:\/\/www.facebook.com\/Japamalaandfriends\" \/>\n<meta property=\"article:modified_time\" content=\"2025-10-21T14:06:33+00:00\" \/>\n<meta name=\"twitter:card\" content=\"summary_large_image\" \/>\n<meta name=\"twitter:label1\" content=\"Temps estimat de lectura\" \/>\n\t<meta name=\"twitter:data1\" content=\"9 minuts\" \/>\n<script type=\"application\/ld+json\" class=\"yoast-schema-graph\">{\"@context\":\"https:\/\/schema.org\",\"@graph\":[{\"@type\":\"WebPage\",\"@id\":\"https:\/\/japamalaandfriends.com\/ca\/avis-legal\",\"url\":\"https:\/\/japamalaandfriends.com\/ca\/avis-legal\",\"name\":\"Av\u00eds legal - japamala and friends\",\"isPartOf\":{\"@id\":\"https:\/\/japamalaandfriends.com\/ca#website\"},\"datePublished\":\"2020-11-30T11:26:58+00:00\",\"dateModified\":\"2025-10-21T14:06:33+00:00\",\"breadcrumb\":{\"@id\":\"https:\/\/japamalaandfriends.com\/ca\/avis-legal#breadcrumb\"},\"inLanguage\":\"ca\",\"potentialAction\":[{\"@type\":\"ReadAction\",\"target\":[\"https:\/\/japamalaandfriends.com\/ca\/avis-legal\"]}]},{\"@type\":\"BreadcrumbList\",\"@id\":\"https:\/\/japamalaandfriends.com\/ca\/avis-legal#breadcrumb\",\"itemListElement\":[{\"@type\":\"ListItem\",\"position\":1,\"name\":\"Inicio\",\"item\":\"https:\/\/japamalaandfriends.com\/ca\/welcome\"},{\"@type\":\"ListItem\",\"position\":2,\"name\":\"Av\u00eds legal\"}]},{\"@type\":\"WebSite\",\"@id\":\"https:\/\/japamalaandfriends.com\/ca#website\",\"url\":\"https:\/\/japamalaandfriends.com\/ca\",\"name\":\"japamala and friends\",\"description\":\"Aqu\u00ed subimos tu autoestima con ropa que te hace sentir bien. Descubre kimonos, vestidos, tallas reales y moda en nuestra tienda en Barcelona y online.\",\"publisher\":{\"@id\":\"https:\/\/japamalaandfriends.com\/ca#organization\"},\"potentialAction\":[{\"@type\":\"SearchAction\",\"target\":{\"@type\":\"EntryPoint\",\"urlTemplate\":\"https:\/\/japamalaandfriends.com\/ca?s={search_term_string}\"},\"query-input\":{\"@type\":\"PropertyValueSpecification\",\"valueRequired\":true,\"valueName\":\"search_term_string\"}}],\"inLanguage\":\"ca\"},{\"@type\":\"Organization\",\"@id\":\"https:\/\/japamalaandfriends.com\/ca#organization\",\"name\":\"japamala and friends barcelona\",\"url\":\"https:\/\/japamalaandfriends.com\/ca\",\"logo\":{\"@type\":\"ImageObject\",\"inLanguage\":\"ca\",\"@id\":\"https:\/\/japamalaandfriends.com\/ca#\/schema\/logo\/image\/\",\"url\":\"https:\/\/i0.wp.com\/japamalaandfriends.com\/wp-content\/uploads\/2025\/05\/cropped-Japamala-2023-logo-black.jpg?fit=512%2C512&ssl=1\",\"contentUrl\":\"https:\/\/i0.wp.com\/japamalaandfriends.com\/wp-content\/uploads\/2025\/05\/cropped-Japamala-2023-logo-black.jpg?fit=512%2C512&ssl=1\",\"width\":512,\"height\":512,\"caption\":\"japamala and friends barcelona\"},\"image\":{\"@id\":\"https:\/\/japamalaandfriends.com\/ca#\/schema\/logo\/image\/\"},\"sameAs\":[\"https:\/\/www.facebook.com\/Japamalaandfriends\",\"https:\/\/www.instagram.com\/japamala.and.friends\"]}]}<\/script>\n<!-- \/ Yoast SEO plugin. -->","yoast_head_json":{"title":"Av\u00eds legal - japamala and friends","robots":{"index":"index","follow":"follow","max-snippet":"max-snippet:-1","max-image-preview":"max-image-preview:large","max-video-preview":"max-video-preview:-1"},"canonical":"https:\/\/japamalaandfriends.com\/ca\/avis-legal","og_locale":"ca_ES","og_type":"article","og_title":"Av\u00eds legal - japamala and friends","og_description":"Av\u00eds LegalA l'efecte del que preveu la Llei 34\/2002 de l'11 de juliol de Serveis de la Societat de la Informaci\u00f3 i del Comer\u00e7 Electr\u00f2nic (LSSICE), es posa en coneixement de l'usuari que accedeix a aquesta p\u00e0gina web amb el domini www.japamalaandfriends.com i www.japamala.org, la informaci\u00f3 general seg\u00fcent sobre el prestador del servei: Denominaci\u00f3 social: [&hellip;]","og_url":"https:\/\/japamalaandfriends.com\/ca\/avis-legal","og_site_name":"japamala and friends","article_publisher":"https:\/\/www.facebook.com\/Japamalaandfriends","article_modified_time":"2025-10-21T14:06:33+00:00","twitter_card":"summary_large_image","twitter_misc":{"Temps estimat de lectura":"9 minuts"},"schema":{"@context":"https:\/\/schema.org","@graph":[{"@type":"WebPage","@id":"https:\/\/japamalaandfriends.com\/ca\/avis-legal","url":"https:\/\/japamalaandfriends.com\/ca\/avis-legal","name":"Av\u00eds legal - japamala and friends","isPartOf":{"@id":"https:\/\/japamalaandfriends.com\/ca#website"},"datePublished":"2020-11-30T11:26:58+00:00","dateModified":"2025-10-21T14:06:33+00:00","breadcrumb":{"@id":"https:\/\/japamalaandfriends.com\/ca\/avis-legal#breadcrumb"},"inLanguage":"ca","potentialAction":[{"@type":"ReadAction","target":["https:\/\/japamalaandfriends.com\/ca\/avis-legal"]}]},{"@type":"BreadcrumbList","@id":"https:\/\/japamalaandfriends.com\/ca\/avis-legal#breadcrumb","itemListElement":[{"@type":"ListItem","position":1,"name":"Inicio","item":"https:\/\/japamalaandfriends.com\/ca\/welcome"},{"@type":"ListItem","position":2,"name":"Av\u00eds legal"}]},{"@type":"WebSite","@id":"https:\/\/japamalaandfriends.com\/ca#website","url":"https:\/\/japamalaandfriends.com\/ca","name":"japamala and friends","description":"Aqu\u00ed subimos tu autoestima con ropa que te hace sentir bien. Descubre kimonos, vestidos, tallas reales y moda en nuestra tienda en Barcelona y online.","publisher":{"@id":"https:\/\/japamalaandfriends.com\/ca#organization"},"potentialAction":[{"@type":"SearchAction","target":{"@type":"EntryPoint","urlTemplate":"https:\/\/japamalaandfriends.com\/ca?s={search_term_string}"},"query-input":{"@type":"PropertyValueSpecification","valueRequired":true,"valueName":"search_term_string"}}],"inLanguage":"ca"},{"@type":"Organization","@id":"https:\/\/japamalaandfriends.com\/ca#organization","name":"japamala and friends barcelona","url":"https:\/\/japamalaandfriends.com\/ca","logo":{"@type":"ImageObject","inLanguage":"ca","@id":"https:\/\/japamalaandfriends.com\/ca#\/schema\/logo\/image\/","url":"https:\/\/i0.wp.com\/japamalaandfriends.com\/wp-content\/uploads\/2025\/05\/cropped-Japamala-2023-logo-black.jpg?fit=512%2C512&ssl=1","contentUrl":"https:\/\/i0.wp.com\/japamalaandfriends.com\/wp-content\/uploads\/2025\/05\/cropped-Japamala-2023-logo-black.jpg?fit=512%2C512&ssl=1","width":512,"height":512,"caption":"japamala and friends barcelona"},"image":{"@id":"https:\/\/japamalaandfriends.com\/ca#\/schema\/logo\/image\/"},"sameAs":["https:\/\/www.facebook.com\/Japamalaandfriends","https:\/\/www.instagram.com\/japamala.and.friends"]}]}},"jetpack-related-posts":[{"id":8,"url":"https:\/\/japamalaandfriends.com\/cart","url_meta":{"origin":7824,"position":0},"title":"Cart","author":"SandroK","date":"30 de novembre de 2020","format":false,"excerpt":"","rel":"","context":"Entrada similar","block_context":{"text":"Entrada similar","link":""},"img":{"alt_text":"","src":"","width":0,"height":0},"classes":[]},{"id":5398,"url":"https:\/\/japamalaandfriends.com\/ca\/cistella","url_meta":{"origin":7824,"position":1},"title":"Cart","author":"SandroK","date":"30 de novembre de 2020","format":false,"excerpt":"","rel":"","context":"Entrada similar","block_context":{"text":"Entrada similar","link":""},"img":{"alt_text":"","src":"","width":0,"height":0},"classes":[]},{"id":5408,"url":"https:\/\/japamalaandfriends.com\/en\/cart","url_meta":{"origin":7824,"position":2},"title":"Cart","author":"SandroK","date":"30 de novembre de 2020","format":false,"excerpt":"","rel":"","context":"Entrada similar","block_context":{"text":"Entrada similar","link":""},"img":{"alt_text":"","src":"","width":0,"height":0},"classes":[]},{"id":9,"url":"https:\/\/japamalaandfriends.com\/checkout","url_meta":{"origin":7824,"position":3},"title":"Checkout","author":"SandroK","date":"30 de novembre de 2020","format":false,"excerpt":"","rel":"","context":"Entrada similar","block_context":{"text":"Entrada similar","link":""},"img":{"alt_text":"","src":"","width":0,"height":0},"classes":[]},{"id":5401,"url":"https:\/\/japamalaandfriends.com\/ca\/finalitza-la-compra","url_meta":{"origin":7824,"position":4},"title":"Finalitza la compra","author":"SandroK","date":"30 de novembre de 2020","format":false,"excerpt":"","rel":"","context":"Entrada similar","block_context":{"text":"Entrada similar","link":""},"img":{"alt_text":"","src":"","width":0,"height":0},"classes":[]},{"id":5411,"url":"https:\/\/japamalaandfriends.com\/en\/checkout","url_meta":{"origin":7824,"position":5},"title":"Checkout","author":"SandroK","date":"30 de novembre de 2020","format":false,"excerpt":"","rel":"","context":"Entrada similar","block_context":{"text":"Entrada similar","link":""},"img":{"alt_text":"","src":"","width":0,"height":0},"classes":[]}],"jetpack_sharing_enabled":true,"_links":{"self":[{"href":"https:\/\/japamalaandfriends.com\/ca\/wp-json\/wp\/v2\/pages\/7824","targetHints":{"allow":["GET"]}}],"collection":[{"href":"https:\/\/japamalaandfriends.com\/ca\/wp-json\/wp\/v2\/pages"}],"about":[{"href":"https:\/\/japamalaandfriends.com\/ca\/wp-json\/wp\/v2\/types\/page"}],"author":[{"embeddable":true,"href":"https:\/\/japamalaandfriends.com\/ca\/wp-json\/wp\/v2\/users\/1"}],"replies":[{"embeddable":true,"href":"https:\/\/japamalaandfriends.com\/ca\/wp-json\/wp\/v2\/comments?post=7824"}],"version-history":[{"count":3,"href":"https:\/\/japamalaandfriends.com\/ca\/wp-json\/wp\/v2\/pages\/7824\/revisions"}],"predecessor-version":[{"id":9486,"href":"https:\/\/japamalaandfriends.com\/ca\/wp-json\/wp\/v2\/pages\/7824\/revisions\/9486"}],"wp:attachment":[{"href":"https:\/\/japamalaandfriends.com\/ca\/wp-json\/wp\/v2\/media?parent=7824"}],"curies":[{"name":"wp","href":"https:\/\/api.w.org\/{rel}","templated":true}]}}