{"id":7825,"date":"2020-11-30T11:25:26","date_gmt":"2020-11-30T11:25:26","guid":{"rendered":"https:\/\/japamalaandfriends.com\/enviaments-i-devolucions"},"modified":"2025-10-21T17:47:28","modified_gmt":"2025-10-21T17:47:28","slug":"enviaments-i-devolucions","status":"publish","type":"page","link":"https:\/\/japamalaandfriends.com\/ca\/enviaments-i-devolucions","title":{"rendered":"Enviaments i devolucions"},"content":{"rendered":"<p>[et_pb_section fb_built=\"1&#8243; custom_padding_last_edited=\"on|phone\" admin_label=\"section\" _builder_version=\"4.27.4&#8243; background_color=\"#6B7C69&#8243; background_enable_image=\"off\" background_size=\"initial\" background_repeat=\"repeat\" custom_padding=\"0%||10%||false|false\" custom_padding_tablet=\"5%||15%||false|false\" custom_padding_phone=\"15%|5%|15%|5%|false|true\" top_divider_style=\"none\" top_divider_color=\"#6B7C69&#8243; bottom_divider_style=\"asymmetric\" bottom_divider_color=\"#FFFFFF\" bottom_divider_height=\"130px\" bottom_divider_height_tablet=\"100px\" bottom_divider_height_phone=\"80px\" bottom_divider_height_last_edited=\"on|phone\" locked=\"off\" global_colors_info=\"{}\"][et_pb_row use_custom_gutter=\"on\" make_equal=\"on\" custom_padding_last_edited=\"on|phone\" admin_label=\"row\" _builder_version=\"4.27.4&#8243; background_size=\"initial\" background_position=\"top_left\" background_repeat=\"repeat\" width=\"90%\" max_width_tablet=\"\" max_width_phone=\"90%\" max_width_last_edited=\"on|phone\" custom_padding=\"5%||0px||false|false\" custom_padding_tablet=\"5%||0px||false|false\" custom_padding_phone=\"5%||5%||true|false\" global_colors_info=\"{}\"][et_pb_column type=\"4_4&#8243; _builder_version=\"4.16&#8243; custom_padding=\"|||\" global_colors_info=\"{}\" custom_padding__hover=\"|||\"][et_pb_text admin_label=\"H1&#8243; _builder_version=\"4.27.4&#8243; _module_preset=\"default\" header_text_color=\"#FFFFFF\" header_font_size=\"4rem\" header_line_height=\"1.2em\" custom_padding_tablet=\"\" custom_padding_phone=\"||||false|false\" custom_padding_last_edited=\"on|phone\" hover_enabled=\"0&#8243; header_font_size_tablet=\"2.8rem\" header_font_size_phone=\"2rem\" header_font_size_last_edited=\"on|phone\" global_colors_info=\"{}\" sticky_enabled=\"0&#8243;]<\/p>\n<h1 style=\"text-align: center;\">Enviaments i Devolucions<\/h1>\n<p>[\/et_pb_text][\/et_pb_column][\/et_pb_row][\/et_pb_section][et_pb_section fb_built=\"1&#8243; custom_padding_last_edited=\"on|phone\" prev_background_color=\"#6B7C69&#8243; admin_label=\"section\" _builder_version=\"4.27.4&#8243; background_color=\"#FFFFFF\" background_enable_image=\"off\" background_size=\"initial\" background_repeat=\"repeat\" custom_padding=\"0px||5%||false|false\" custom_padding_tablet=\"0px||5%||false|false\" custom_padding_phone=\"10%||15%||false|false\" top_divider_style=\"none\" locked=\"off\" global_colors_info=\"{}\"][et_pb_row use_custom_gutter=\"on\" make_equal=\"on\" custom_padding_last_edited=\"on|phone\" admin_label=\"row\" _builder_version=\"4.27.4&#8243; background_size=\"initial\" background_position=\"top_left\" background_repeat=\"repeat\" width=\"90%\" max_width_tablet=\"\" max_width_phone=\"90%\" max_width_last_edited=\"on|phone\" custom_padding=\"2%|5%|0px|5%|false|true\" custom_padding_tablet=\"5%||0px||false|false\" custom_padding_phone=\"0%||0%||false|false\" global_colors_info=\"{}\"][et_pb_column type=\"4_4&#8243; _builder_version=\"4.16&#8243; custom_padding=\"|||\" global_colors_info=\"{}\" custom_padding__hover=\"|||\"][et_pb_text admin_label=\"Text\" _builder_version=\"4.27.4&#8243; link_font=\"||||on|||#6B7C69|solid\" link_text_color=\"#3A3A3A\" header_2_font_size=\"2rem\" header_2_line_height=\"1.2em\" background_size=\"initial\" background_position=\"top_left\" background_repeat=\"repeat\" hover_enabled=\"0&#8243; text_font_size_last_edited=\"off|desktop\" header_2_font_size_tablet=\"2rem\" header_2_font_size_phone=\"1.4rem\" header_2_font_size_last_edited=\"on|phone\" global_colors_info=\"{}\" sticky_enabled=\"0&#8243;]<\/p>\n<h2>Enviament al teu domicili<\/h2>\n<p>Utilitzem el servei de Correus amb n\u00famero de seguiment que tu mateixa podr\u00e0s seguir a trav\u00e9s de la p\u00e0gina de <a href=\"https:\/\/www.correos.es\/es\/es\/herramientas\/localizador\/envios\" target=\"_blank\" rel=\"noopener\">CORREOS<\/a>. El cost de l\u2019enviament dep\u00e8n d\u2019on siguis:<\/p>\n<ul data-start=\"303\" data-end=\"536\">\n<li data-start=\"303\" data-end=\"366\" class=\"\">\n<p data-start=\"305\" data-end=\"366\" class=\"\"><strong data-start=\"305\" data-end=\"318\">Pen\u00ednsula<\/strong> : 6,99 \u20ac o <span style=\"text-decoration: underline;\">Gratis en comandes superiors a 100 \u20ac!<\/span><\/p>\n<\/li>\n<li data-start=\"367\" data-end=\"451\" class=\"\">\n<p data-start=\"369\" data-end=\"451\" class=\"\"><strong data-start=\"369\" data-end=\"387\">Illes Balears<\/strong> : 10 \u20ac. Temps estimat de lliurament: entre 4 i 5 dies feiners. <\/p>\n<\/li>\n<li data-start=\"452\" data-end=\"536\" class=\"\">\n<p data-start=\"454\" data-end=\"536\" class=\"\"><strong data-start=\"454\" data-end=\"472\">Illes Can\u00e0ries<\/strong> : 15 \u20ac. Temps estimat de lliurament: entre 4 i 5 dies feiners. <\/p>\n<\/li>\n<\/ul>\n<p data-start=\"538\" data-end=\"635\" class=\"\">Tingues en compte que els enviaments poden trigar una mica m\u00e9s del que \u00e9s habitual en \u00e8poques especials (com Nadal).<\/p>\n<h2><\/h2>\n<h2><\/h2>\n<h2><\/h2>\n<h2>Recollida a la botiga \u2013 sense despeses d&#8217;enviament<\/h2>\n<p>Si preferiu evitar les despeses d&#8217;enviament, podeu recollir la vostra comanda a la nostra botiga del barri de Gr\u00e0cia (Barcelona), en horari comercial:<br \/> Dilluns a dissabte, de 10.30 a 20.30 al Carrer Ast\u00faries 7, 08012 Barcelona.<\/p>\n<p>Fes la teva comanda online i nosaltres la preparem amb cura. Quan rebis l&#8217;email de comanda llest per recollir, pots passar-t&#8217;hi. Aix\u00ed de f\u00e0cil!  <\/p>\n<p>&nbsp;<\/p>\n<h2>Devolucions<\/h2>\n<p>Estem segurs que estar\u00e0s encantada amb la teva compra per\u00f2 si per algun motiu no en quedes satisfeta, et donem un termini de 15 dies h\u00e0bils des de la recepci\u00f3 de la comanda per notificar-ne la devoluci\u00f3, d&#8217;acord amb les disposicions de la Llei de Comer\u00e7 Minorista espanyola.<\/p>\n<ul>\n<li><strong>Pe\u00e7a defectuosa<\/strong> : en aquest cas es torna el preu exacte que la persona pagament. El procediment a seguir \u00e9s el seg\u00fcent: ens envies un email a shop@japamalaandfriends.com, posant a l&#8217;assumpte CANVI \u2013 PENYA DEFECTUOSA, i et contestarem amb la informaci\u00f3 que necessita per fer la devoluci\u00f3 correctament. <\/li>\n<li><strong>Canvi de talla, article o devoluci\u00f3:<\/strong> Si vols canviar la teva comanda per una altra talla o article, escriu-nos a posant CANVI \u2013 TALLA\/ATRICULO\/DEVOLUCION a l&#8217;assumpte i t&#8217;enviarem per mail un codi descompte per valor del producte a tornar perqu\u00e8 l&#8217;utilitzis a la nova compra. El client es far\u00e0 c\u00e0rrec de pagar la despesa d&#8217;enviament, tant de la devoluci\u00f3 com del nou enviament de la pe\u00e7a, en cas de voler canviar-lo per una altra talla. <\/li>\n<\/ul>\n<p>Ens reservem el dret a denegar la devoluci\u00f3 si el producte tornat est\u00e0 fet malb\u00e9 o usat.<\/p>\n<p>Per tornar-te els diners, primer hem de rebre el paquet de tornada i un cop comprovat que tot est\u00e0 al seu embalatge original, degudament etiquetat i en perfecte estat.<br \/> Per aix\u00f2 \u00e9s important que estiguis segur de la teva elecci\u00f3 a l&#8217;hora de comprar en l\u00ednia.<\/p>\n<p>Ens fem responsables del pagament de l&#8217;enviament de tornada en el cas que nosaltres mateixos ens haguem equivocat al producte o que tingui un defecte que haguem passat per alt.<\/p>\n<p><strong>Tingueu en compte que no s&#8217;acceptaran devolucions de productes de la secci\u00f3 Outlet. Gr\u00e0cies! <\/strong><\/p>\n<p>[\/et_pb_text][\/et_pb_column][\/et_pb_row][\/et_pb_section][et_pb_section fb_built=\"1&#8243; _builder_version=\"4.27.4&#8243; _module_preset=\"default\" background_color=\"#6B7C69&#8243; min_height=\"40vh\" min_height_tablet=\"40vh\" min_height_phone=\"40vh\" min_height_last_edited=\"on|desktop\" custom_css_main_element=\"align-content:center;\" locked=\"off\" global_colors_info=\"{}\"][et_pb_row use_custom_gutter=\"on\" gutter_width=\"1&#8243; make_equal=\"on\" custom_padding_last_edited=\"on|desktop\" _builder_version=\"4.27.4&#8243; _module_preset=\"default\" background_color=\"RGBA(255,255,255,0)\" width=\"90%\" max_width=\"90%\" custom_padding=\"0px||0px||false|false\" custom_padding_tablet=\"0px||0px||false|false\" custom_padding_phone=\"5%|0px|0px|0px|false|false\" locked=\"off\" global_colors_info=\"{}\"][et_pb_column type=\"4_4&#8243; _builder_version=\"4.27.4&#8243; _module_preset=\"default\" global_colors_info=\"{}\"][et_pb_text admin_label=\"tienes preguntas\" _builder_version=\"4.27.4&#8243; _module_preset=\"default\" text_font=\"\u2013et_global_heading_font||||||||\" text_text_color=\"#FFFFFF\" text_font_size=\"2.8rem\" text_line_height=\"1.2em\" custom_padding=\"||2%||false|false\" custom_padding_tablet=\"||6%||false|false\" custom_padding_phone=\"||10%||false|false\" custom_padding_last_edited=\"on|phone\" text_font_size_tablet=\"2.8rem\" text_font_size_phone=\"2rem\" text_font_size_last_edited=\"on|desktop\" text_line_height_phone=\"1.2em\" text_line_height_last_edited=\"off|desktop\" global_colors_info=\"{}\"]<\/p>\n<p style=\"text-align: center;\">Tens alguna pregunta<br \/> o vols saludar-nos?<\/p>\n<p>[\/et_pb_text][et_pb_button button_url=\"https:\/\/japamalaandfriends.com\/ca\/contacte\" button_text=\"Contacta&apos;ns\" button_alignment=\"center\" _builder_version=\"4.27.4&#8243; _module_preset=\"default\" hover_enabled=\"0&#8243; box_shadow_style=\"preset3&#8243; locked=\"off\" global_colors_info=\"{}\" button_bg_color__hover_enabled=\"on|hover\" button_bg_color__hover=\"#B09886&#8243; button_bg_enable_color__hover=\"on\" sticky_enabled=\"0&#8243;][\/et_pb_button][\/et_pb_column][\/et_pb_row][\/et_pb_section][et_pb_section fb_built=\"1&#8243; disabled_on=\"off|off|on\" admin_label=\"imagen movil y tablet\" _builder_version=\"4.27.4&#8243; _module_preset=\"default\" background_color=\"RGBA(255,255,255,0)\" background_image=\"https:\/\/japamalaandfriends.com\/wp-content\/uploads\/2023\/06\/img_1930.jpeg\" parallax=\"on\" parallax_method=\"off\" height_tablet=\"70vh\" height_phone=\"75vh\" height_last_edited=\"on|desktop\" max_height_tablet=\"\" max_height_phone=\"75vh\" max_height_last_edited=\"on|phone\" background_last_edited=\"on|desktop\" parallax_phone=\"off\" box_shadow_style=\"preset3&#8243; locked=\"off\" global_colors_info=\"{}\"][\/et_pb_section][et_pb_section fb_built=\"1&#8243; custom_padding_last_edited=\"on|tablet\" admin_label=\"friends\" _builder_version=\"4.27.4&#8243; _module_preset=\"default\" background_color=\"#6B7C69&#8243; custom_padding=\"||0px||false|false\" custom_padding_tablet=\"12%||||false|false\" custom_padding_phone=\"15%||||false|false\" box_shadow_style=\"preset3&#8243; locked=\"off\" global_colors_info=\"{}\"][et_pb_row column_structure=\"1_2,1_2&#8243; use_custom_gutter=\"on\" gutter_width=\"1&#8243; make_equal=\"on\" custom_padding_last_edited=\"on|desktop\" admin_label=\"fila CTA filosofia\" _builder_version=\"4.27.4&#8243; width=\"100%\" width_last_edited=\"off|desktop\" max_width=\"none\" height_tablet=\"\" height_phone=\"\" height_last_edited=\"on|desktop\" max_height_tablet=\"\" max_height_phone=\"\" max_height_last_edited=\"on|desktop\" custom_padding=\"0px||0px||false|false\" custom_padding_tablet=\"0px||0px||false|false\" custom_padding_phone=\"0px||0px||false|false\" background_color_phone=\"RGBA(255,255,255,0)\" background_last_edited=\"on|phone\" background_enable_color_phone=\"on\" use_background_color_gradient_phone=\"off\" locked=\"off\" global_colors_info=\"{}\"][et_pb_column type=\"1_2&#8243; admin_label=\"Imatge ordinador\" disabled_on=\"on|on|off\" _builder_version=\"4.27.4&#8243; background_color=\"RGBA(255,255,255,0)\" background_image=\"https:\/\/japamalaandfriends.com\/wp-content\/uploads\/2023\/06\/img_1930.jpeg\" background_position=\"top_center\" custom_padding_tablet=\"\" custom_padding_phone=\"0px||0px||false|false\" custom_padding_last_edited=\"on|phone\" global_colors_info=\"{}\"][\/et_pb_column][et_pb_column type=\"1_2&#8243; admin_label=\"columna la nostra filosofia\" _builder_version=\"4.27.4&#8243; background_color=\"#FFFFFF\" custom_padding=\"5%||5%||false|false\" custom_padding_tablet=\"10%||10%||true|false\" custom_padding_phone=\"10%||10%||true|false\" custom_padding_last_edited=\"on|desktop\" custom_css_main_element=\"align-content:center;\" global_colors_info=\"{}\" custom_css_main_element_last_edited=\"on|desktop\" custom_css_main_element_tablet=\"align-content:center;\" custom_css_main_element_phone=\"align-content:center;\"][et_pb_text ul_position=\"inside\" _builder_version=\"4.27.4&#8243; text_text_color=\"#3A3A3A\" ul_text_align=\"left\" header_text_color=\"#0A0908&#8243; header_2_font=\"\u2013et_global_heading_font||||||||\" header_2_text_color=\"#0A0908&#8243; header_2_font_size=\"2.8rem\" background_color=\"RGBA(255,255,255,0)\" custom_margin=\"||||false|false\" custom_margin_tablet=\"0px||0px||false|false\" custom_margin_phone=\"||0px||false|false\" custom_margin_last_edited=\"off|desktop\" custom_padding=\"0px|10%|7%|10%|false|true\" custom_padding_tablet=\"|10%||10%|true|true\" custom_padding_phone=\"5%||15%||false|true\" custom_padding_last_edited=\"on|phone\" hover_enabled=\"0&#8243; text_font_size_tablet=\"1rem\" text_font_size_phone=\"1rem\" text_font_size_last_edited=\"off|desktop\" header_2_font_size_tablet=\"2rem\" header_2_font_size_phone=\"2rem\" header_2_font_size_last_edited=\"on|phone\" header_2_line_height_tablet=\"\" header_2_line_height_phone=\"1.2em\" header_2_line_height_last_edited=\"on|phone\" locked=\"off\" global_colors_info=\"{}\" sticky_enabled=\"0&#8243;]<\/p>\n<h2 style=\"text-align: left;\">La nostra Filosofia<\/h2>\n<p>&nbsp;<\/p>\n<ul>\n<li><strong>Bona vibra<\/strong> (si no la portes, te la donem nosaltres)<\/li>\n<li><strong>Roba c\u00f2moda i vers\u00e0til<\/strong> (no et farem patir)<\/li>\n<li><strong>Cossos reals<\/strong> (perqu\u00e8 la perfecci\u00f3 \u00e9s avorrida)<\/li>\n<li><strong>Rialles i bon rotllo<\/strong> (la nostra especialitat)<\/li>\n<\/ul>\n<p>\u00a1\u00a1 Estem emocionades de con\u00e8ixer-te i crear alguna cosa incre\u00efble juntes!<\/p>\n<p>[\/et_pb_text][et_pb_button button_url=\"https:\/\/japamalaandfriends.com\/ca\/qui-som\" button_text=\"Coneix qui som\" button_alignment=\"center\" _builder_version=\"4.27.4&#8243; _module_preset=\"default\" hover_enabled=\"0&#8243; box_shadow_style=\"preset3&#8243; locked=\"off\" global_colors_info=\"{}\" button_bg_color__hover_enabled=\"on|hover\" button_bg_color__hover=\"#B09886&#8243; button_bg_enable_color__hover=\"on\" sticky_enabled=\"0&#8243;][\/et_pb_button][et_pb_button button_url=\"https:\/\/japamalaandfriends.com\/ca\/que-diuen\" button_text=\"Qu\u00e8 diuen les nostres clientes\" button_alignment=\"center\" _builder_version=\"4.27.4&#8243; _module_preset=\"default\" custom_margin=\"3%||||false|false\" custom_margin_tablet=\"4%||||false|false\" custom_margin_phone=\"7%||||false|false\" custom_margin_last_edited=\"on|phone\" hover_enabled=\"0&#8243; box_shadow_style=\"preset3&#8243; locked=\"off\" global_colors_info=\"{}\" button_bg_color__hover_enabled=\"on|hover\" button_bg_color__hover=\"#B09886&#8243; button_bg_enable_color__hover=\"on\" sticky_enabled=\"0&#8243;][\/et_pb_button][\/et_pb_column][\/et_pb_row][\/et_pb_section]<\/p>\n","protected":false},"excerpt":{"rendered":"<p>Enviaments i DevolucionsEnviament al teu domicili Utilitzem el servei de Correus amb n\u00famero de seguiment que tu mateixa podr\u00e0s seguir a trav\u00e9s de la p\u00e0gina de CORREOS. El cost de l\u2019enviament dep\u00e8n d\u2019on siguis: Pen\u00ednsula : 6,99 \u20ac o Gratis en comandes superiors a 100 \u20ac! Illes Balears : 10 \u20ac. Temps estimat de lliurament: [&hellip;]<\/p>\n","protected":false},"author":1,"featured_media":0,"parent":0,"menu_order":0,"comment_status":"closed","ping_status":"closed","template":"","meta":{"_et_pb_use_builder":"on","_et_pb_old_content":"","_et_gb_content_width":"","footnotes":""},"class_list":["post-7825","page","type-page","status-publish","hentry"],"yoast_head":"<!-- This site is optimized with the Yoast SEO plugin v26.2 - https:\/\/yoast.com\/wordpress\/plugins\/seo\/ -->\n<title>Enviaments i devolucions - japamala and friends<\/title>\n<meta name=\"description\" content=\"Compra amb confian\u00e7a a Japamala &amp; Friends. Enviaments des de Barcelona, devolucions senzilles i moda artesanal amb \u00e0nima des de Gr\u00e0cia.\" \/>\n<meta name=\"robots\" content=\"index, follow, max-snippet:-1, max-image-preview:large, max-video-preview:-1\" \/>\n<link rel=\"canonical\" href=\"https:\/\/japamalaandfriends.com\/ca\/enviaments-i-devolucions\" \/>\n<meta property=\"og:locale\" content=\"ca_ES\" \/>\n<meta property=\"og:type\" content=\"article\" \/>\n<meta property=\"og:title\" content=\"Enviaments i devolucions - japamala and friends\" \/>\n<meta property=\"og:description\" content=\"Compra amb confian\u00e7a a Japamala &amp; Friends. Enviaments des de Barcelona, devolucions senzilles i moda artesanal amb \u00e0nima des de Gr\u00e0cia.\" \/>\n<meta property=\"og:url\" content=\"https:\/\/japamalaandfriends.com\/ca\/enviaments-i-devolucions\" \/>\n<meta property=\"og:site_name\" content=\"japamala and friends\" \/>\n<meta property=\"article:publisher\" content=\"https:\/\/www.facebook.com\/Japamalaandfriends\" \/>\n<meta property=\"article:modified_time\" content=\"2025-10-21T17:47:28+00:00\" \/>\n<meta name=\"twitter:card\" content=\"summary_large_image\" \/>\n<meta name=\"twitter:label1\" content=\"Temps estimat de lectura\" \/>\n\t<meta name=\"twitter:data1\" content=\"9 minuts\" \/>\n<script type=\"application\/ld+json\" class=\"yoast-schema-graph\">{\"@context\":\"https:\/\/schema.org\",\"@graph\":[{\"@type\":\"WebPage\",\"@id\":\"https:\/\/japamalaandfriends.com\/ca\/enviaments-i-devolucions\",\"url\":\"https:\/\/japamalaandfriends.com\/ca\/enviaments-i-devolucions\",\"name\":\"Enviaments i devolucions - japamala and friends\",\"isPartOf\":{\"@id\":\"https:\/\/japamalaandfriends.com\/ca#website\"},\"datePublished\":\"2020-11-30T11:25:26+00:00\",\"dateModified\":\"2025-10-21T17:47:28+00:00\",\"description\":\"Compra amb confian\u00e7a a Japamala & Friends. Enviaments des de Barcelona, devolucions senzilles i moda artesanal amb \u00e0nima des de Gr\u00e0cia.\",\"breadcrumb\":{\"@id\":\"https:\/\/japamalaandfriends.com\/ca\/enviaments-i-devolucions#breadcrumb\"},\"inLanguage\":\"ca\",\"potentialAction\":[{\"@type\":\"ReadAction\",\"target\":[\"https:\/\/japamalaandfriends.com\/ca\/enviaments-i-devolucions\"]}]},{\"@type\":\"BreadcrumbList\",\"@id\":\"https:\/\/japamalaandfriends.com\/ca\/enviaments-i-devolucions#breadcrumb\",\"itemListElement\":[{\"@type\":\"ListItem\",\"position\":1,\"name\":\"Inicio\",\"item\":\"https:\/\/japamalaandfriends.com\/ca\/welcome\"},{\"@type\":\"ListItem\",\"position\":2,\"name\":\"Enviaments i devolucions\"}]},{\"@type\":\"WebSite\",\"@id\":\"https:\/\/japamalaandfriends.com\/ca#website\",\"url\":\"https:\/\/japamalaandfriends.com\/ca\",\"name\":\"japamala and friends\",\"description\":\"Aqu\u00ed subimos tu autoestima con ropa que te hace sentir bien. Descubre kimonos, vestidos, tallas reales y moda en nuestra tienda en Barcelona y online.\",\"publisher\":{\"@id\":\"https:\/\/japamalaandfriends.com\/ca#organization\"},\"potentialAction\":[{\"@type\":\"SearchAction\",\"target\":{\"@type\":\"EntryPoint\",\"urlTemplate\":\"https:\/\/japamalaandfriends.com\/ca?s={search_term_string}\"},\"query-input\":{\"@type\":\"PropertyValueSpecification\",\"valueRequired\":true,\"valueName\":\"search_term_string\"}}],\"inLanguage\":\"ca\"},{\"@type\":\"Organization\",\"@id\":\"https:\/\/japamalaandfriends.com\/ca#organization\",\"name\":\"japamala and friends barcelona\",\"url\":\"https:\/\/japamalaandfriends.com\/ca\",\"logo\":{\"@type\":\"ImageObject\",\"inLanguage\":\"ca\",\"@id\":\"https:\/\/japamalaandfriends.com\/ca#\/schema\/logo\/image\/\",\"url\":\"https:\/\/i0.wp.com\/japamalaandfriends.com\/wp-content\/uploads\/2025\/05\/cropped-Japamala-2023-logo-black.jpg?fit=512%2C512&ssl=1\",\"contentUrl\":\"https:\/\/i0.wp.com\/japamalaandfriends.com\/wp-content\/uploads\/2025\/05\/cropped-Japamala-2023-logo-black.jpg?fit=512%2C512&ssl=1\",\"width\":512,\"height\":512,\"caption\":\"japamala and friends barcelona\"},\"image\":{\"@id\":\"https:\/\/japamalaandfriends.com\/ca#\/schema\/logo\/image\/\"},\"sameAs\":[\"https:\/\/www.facebook.com\/Japamalaandfriends\",\"https:\/\/www.instagram.com\/japamala.and.friends\"]}]}<\/script>\n<!-- \/ Yoast SEO plugin. -->","yoast_head_json":{"title":"Enviaments i devolucions - japamala and friends","description":"Compra amb confian\u00e7a a Japamala & Friends. Enviaments des de Barcelona, devolucions senzilles i moda artesanal amb \u00e0nima des de Gr\u00e0cia.","robots":{"index":"index","follow":"follow","max-snippet":"max-snippet:-1","max-image-preview":"max-image-preview:large","max-video-preview":"max-video-preview:-1"},"canonical":"https:\/\/japamalaandfriends.com\/ca\/enviaments-i-devolucions","og_locale":"ca_ES","og_type":"article","og_title":"Enviaments i devolucions - japamala and friends","og_description":"Compra amb confian\u00e7a a Japamala & Friends. Enviaments des de Barcelona, devolucions senzilles i moda artesanal amb \u00e0nima des de Gr\u00e0cia.","og_url":"https:\/\/japamalaandfriends.com\/ca\/enviaments-i-devolucions","og_site_name":"japamala and friends","article_publisher":"https:\/\/www.facebook.com\/Japamalaandfriends","article_modified_time":"2025-10-21T17:47:28+00:00","twitter_card":"summary_large_image","twitter_misc":{"Temps estimat de lectura":"9 minuts"},"schema":{"@context":"https:\/\/schema.org","@graph":[{"@type":"WebPage","@id":"https:\/\/japamalaandfriends.com\/ca\/enviaments-i-devolucions","url":"https:\/\/japamalaandfriends.com\/ca\/enviaments-i-devolucions","name":"Enviaments i devolucions - japamala and friends","isPartOf":{"@id":"https:\/\/japamalaandfriends.com\/ca#website"},"datePublished":"2020-11-30T11:25:26+00:00","dateModified":"2025-10-21T17:47:28+00:00","description":"Compra amb confian\u00e7a a Japamala & Friends. Enviaments des de Barcelona, devolucions senzilles i moda artesanal amb \u00e0nima des de Gr\u00e0cia.","breadcrumb":{"@id":"https:\/\/japamalaandfriends.com\/ca\/enviaments-i-devolucions#breadcrumb"},"inLanguage":"ca","potentialAction":[{"@type":"ReadAction","target":["https:\/\/japamalaandfriends.com\/ca\/enviaments-i-devolucions"]}]},{"@type":"BreadcrumbList","@id":"https:\/\/japamalaandfriends.com\/ca\/enviaments-i-devolucions#breadcrumb","itemListElement":[{"@type":"ListItem","position":1,"name":"Inicio","item":"https:\/\/japamalaandfriends.com\/ca\/welcome"},{"@type":"ListItem","position":2,"name":"Enviaments i devolucions"}]},{"@type":"WebSite","@id":"https:\/\/japamalaandfriends.com\/ca#website","url":"https:\/\/japamalaandfriends.com\/ca","name":"japamala and friends","description":"Aqu\u00ed subimos tu autoestima con ropa que te hace sentir bien. Descubre kimonos, vestidos, tallas reales y moda en nuestra tienda en Barcelona y online.","publisher":{"@id":"https:\/\/japamalaandfriends.com\/ca#organization"},"potentialAction":[{"@type":"SearchAction","target":{"@type":"EntryPoint","urlTemplate":"https:\/\/japamalaandfriends.com\/ca?s={search_term_string}"},"query-input":{"@type":"PropertyValueSpecification","valueRequired":true,"valueName":"search_term_string"}}],"inLanguage":"ca"},{"@type":"Organization","@id":"https:\/\/japamalaandfriends.com\/ca#organization","name":"japamala and friends barcelona","url":"https:\/\/japamalaandfriends.com\/ca","logo":{"@type":"ImageObject","inLanguage":"ca","@id":"https:\/\/japamalaandfriends.com\/ca#\/schema\/logo\/image\/","url":"https:\/\/i0.wp.com\/japamalaandfriends.com\/wp-content\/uploads\/2025\/05\/cropped-Japamala-2023-logo-black.jpg?fit=512%2C512&ssl=1","contentUrl":"https:\/\/i0.wp.com\/japamalaandfriends.com\/wp-content\/uploads\/2025\/05\/cropped-Japamala-2023-logo-black.jpg?fit=512%2C512&ssl=1","width":512,"height":512,"caption":"japamala and friends barcelona"},"image":{"@id":"https:\/\/japamalaandfriends.com\/ca#\/schema\/logo\/image\/"},"sameAs":["https:\/\/www.facebook.com\/Japamalaandfriends","https:\/\/www.instagram.com\/japamala.and.friends"]}]}},"jetpack-related-posts":[{"id":8,"url":"https:\/\/japamalaandfriends.com\/cart","url_meta":{"origin":7825,"position":0},"title":"Cart","author":"SandroK","date":"30 de novembre de 2020","format":false,"excerpt":"","rel":"","context":"Entrada similar","block_context":{"text":"Entrada similar","link":""},"img":{"alt_text":"","src":"","width":0,"height":0},"classes":[]},{"id":5398,"url":"https:\/\/japamalaandfriends.com\/ca\/cistella","url_meta":{"origin":7825,"position":1},"title":"Cart","author":"SandroK","date":"30 de novembre de 2020","format":false,"excerpt":"","rel":"","context":"Entrada similar","block_context":{"text":"Entrada similar","link":""},"img":{"alt_text":"","src":"","width":0,"height":0},"classes":[]},{"id":5408,"url":"https:\/\/japamalaandfriends.com\/en\/cart","url_meta":{"origin":7825,"position":2},"title":"Cart","author":"SandroK","date":"30 de novembre de 2020","format":false,"excerpt":"","rel":"","context":"Entrada similar","block_context":{"text":"Entrada similar","link":""},"img":{"alt_text":"","src":"","width":0,"height":0},"classes":[]},{"id":9,"url":"https:\/\/japamalaandfriends.com\/checkout","url_meta":{"origin":7825,"position":3},"title":"Checkout","author":"SandroK","date":"30 de novembre de 2020","format":false,"excerpt":"","rel":"","context":"Entrada similar","block_context":{"text":"Entrada similar","link":""},"img":{"alt_text":"","src":"","width":0,"height":0},"classes":[]},{"id":5401,"url":"https:\/\/japamalaandfriends.com\/ca\/finalitza-la-compra","url_meta":{"origin":7825,"position":4},"title":"Finalitza la compra","author":"SandroK","date":"30 de novembre de 2020","format":false,"excerpt":"","rel":"","context":"Entrada similar","block_context":{"text":"Entrada similar","link":""},"img":{"alt_text":"","src":"","width":0,"height":0},"classes":[]},{"id":5411,"url":"https:\/\/japamalaandfriends.com\/en\/checkout","url_meta":{"origin":7825,"position":5},"title":"Checkout","author":"SandroK","date":"30 de novembre de 2020","format":false,"excerpt":"","rel":"","context":"Entrada similar","block_context":{"text":"Entrada similar","link":""},"img":{"alt_text":"","src":"","width":0,"height":0},"classes":[]}],"jetpack_sharing_enabled":true,"_links":{"self":[{"href":"https:\/\/japamalaandfriends.com\/ca\/wp-json\/wp\/v2\/pages\/7825","targetHints":{"allow":["GET"]}}],"collection":[{"href":"https:\/\/japamalaandfriends.com\/ca\/wp-json\/wp\/v2\/pages"}],"about":[{"href":"https:\/\/japamalaandfriends.com\/ca\/wp-json\/wp\/v2\/types\/page"}],"author":[{"embeddable":true,"href":"https:\/\/japamalaandfriends.com\/ca\/wp-json\/wp\/v2\/users\/1"}],"replies":[{"embeddable":true,"href":"https:\/\/japamalaandfriends.com\/ca\/wp-json\/wp\/v2\/comments?post=7825"}],"version-history":[{"count":5,"href":"https:\/\/japamalaandfriends.com\/ca\/wp-json\/wp\/v2\/pages\/7825\/revisions"}],"predecessor-version":[{"id":9520,"href":"https:\/\/japamalaandfriends.com\/ca\/wp-json\/wp\/v2\/pages\/7825\/revisions\/9520"}],"wp:attachment":[{"href":"https:\/\/japamalaandfriends.com\/ca\/wp-json\/wp\/v2\/media?parent=7825"}],"curies":[{"name":"wp","href":"https:\/\/api.w.org\/{rel}","templated":true}]}}