{"id":8079,"date":"2025-06-30T14:35:57","date_gmt":"2025-06-30T14:35:57","guid":{"rendered":"https:\/\/japamalaandfriends.com\/botiga-en-linia-per-arribar"},"modified":"2025-07-02T09:50:53","modified_gmt":"2025-07-02T09:50:53","slug":"botiga-en-linia-per-arribar","status":"publish","type":"page","link":"https:\/\/japamalaandfriends.com\/ca\/botiga-en-linia-per-arribar","title":{"rendered":"botiga en l\u00ednia per arribar"},"content":{"rendered":"<p>[et_pb_section fb_built=\"1&#8243; custom_padding_last_edited=\"on|phone\" admin_label=\"section\" _builder_version=\"4.27.4&#8243; background_color=\"#6b7c69&#8243; height=\"100%\" max_height=\"100%\" max_height_last_edited=\"off|desktop\" custom_padding=\"|5%||5%|false|true\" custom_padding_tablet=\"6%|5%|6%|5%|true|true\" custom_padding_phone=\"10%|5%|10%|5%|true|true\" hover_enabled=\"0&#8243; overflow-y_tablet=\"\" overflow-y_phone=\"hidden\" overflow-y_last_edited=\"on|phone\" global_colors_info=\"{}\" theme_builder_area=\"post_content\" custom_css_main_element=\"align-content:center;\" sticky_enabled=\"0&#8243;][et_pb_row use_custom_gutter=\"on\" gutter_width=\"2&#8243; make_equal=\"on\" admin_label=\"row\" _builder_version=\"4.27.4&#8243; background_size=\"initial\" background_position=\"top_left\" background_repeat=\"repeat\" width=\"100%\" max_width=\"100%\" module_alignment=\"center\" custom_padding=\"0px||0px||false|false\" global_colors_info=\"{}\" theme_builder_area=\"post_content\"][et_pb_column type=\"4_4&#8243; _builder_version=\"4.27.4&#8243; custom_padding=\"|||\" custom_css_main_element=\"align-content:center;\" global_colors_info=\"{}\" custom_padding__hover=\"|||\" theme_builder_area=\"post_content\"][et_pb_text _builder_version=\"4.27.4&#8243; _module_preset=\"default\" text_font=\"Lato||||||||\" text_font_size=\"2rem\" text_line_height=\"1.2em\" link_font=\"||||on||||\" link_text_color=\"#FFFFFF\" text_orientation=\"center\" background_layout=\"dark\" hover_enabled=\"0&#8243; text_font_size_tablet=\"1.4rem\" text_font_size_phone=\"1rem\" text_font_size_last_edited=\"on|desktop\" global_colors_info=\"{}\" theme_builder_area=\"post_content\" sticky_enabled=\"0&#8243;]<\/p>\n<p>La nostra botiga online ja ha d&#8217;arribar,<br \/> encara que encara hi ha peces per organitzar.<br \/> Tot el que veus al nostre IG genial,<br \/> t&#8217;ho enviem directe, sense passar pel portal!<\/p>\n<p>Si dubtes qu\u00e8 posar-te o com combinar,<br \/> per WhatsApp t&#8217;ajudem, ens encanta aconsellar!<br \/> Millor tard que mai, diuen amb ra\u00f3,<br \/> aviat hi haur\u00e0 cosetes en l\u00ednia en un munt!<\/p>\n<p>Gr\u00e0cies per l&#8217;espera i per la vostra simpatia,<br \/> estem cosint la web amb molta alegria!<\/p>\n<p>[\/et_pb_text][et_pb_social_media_follow use_icon_font_size=\"on\" icon_font_size=\"25px\" _builder_version=\"4.27.4&#8243; _module_preset=\"default\" text_orientation=\"center\" module_alignment=\"center\" custom_margin=\"2%||||false|false\" custom_margin_tablet=\"-2%||||false|false\" custom_margin_phone=\"-2%||||false|false\" custom_margin_last_edited=\"on|desktop\" custom_padding=\"0px||0px||false|false\" custom_padding_tablet=\"0px||0px||false|false\" custom_padding_phone=\"0px||0px||false|false\" custom_padding_last_edited=\"off|desktop\" hover_enabled=\"0&#8243; text_orientation_tablet=\"center\" text_orientation_phone=\"center\" text_orientation_last_edited=\"on|desktop\" module_alignment_tablet=\"center\" module_alignment_phone=\"center\" module_alignment_last_edited=\"on|desktop\" locked=\"off\" global_colors_info=\"{}\" theme_builder_area=\"post_content\" sticky_enabled=\"0&#8243;][et_pb_social_media_follow_network social_network=\"instagram\" url=\"https:\/\/www.instagram.com\/japamala.and.friends\/\" _builder_version=\"4.27.4&#8243; _module_preset=\"default\" background_color=\"#ea2c59&#8243; border_radii=\"on|50px|50px|50px|50px\" box_shadow_style=\"preset3&#8243; global_colors_info=\"{}\" follow_button=\"off\" url_new_window=\"on\" theme_builder_area=\"post_content\"]instagram[\/et_pb_social_media_follow_network][et_pb_social_media_follow_network social_network=\"facebook\" url=\"https:\/\/www.facebook.com\/Japamalaandfriends\/\" _builder_version=\"4.27.4&#8243; _module_preset=\"default\" background_color=\"#3b5998&#8243; border_radii=\"on|50px|50px|50px|50px\" box_shadow_style=\"preset3&#8243; global_colors_info=\"{}\" follow_button=\"off\" url_new_window=\"on\" theme_builder_area=\"post_content\"]facebook[\/et_pb_social_media_follow_network][et_pb_social_media_follow_network social_network=\"whatsapp\" url=\"https:\/\/wa.me\/34654108152&#8243; _builder_version=\"4.27.4&#8243; _module_preset=\"default\" background_color=\"#25D366&#8243; border_radii=\"on|50px|50px|50px|50px\" box_shadow_style=\"preset3&#8243; global_colors_info=\"{}\" follow_button=\"off\" url_new_window=\"on\" theme_builder_area=\"post_content\"]whatsapp[\/et_pb_social_media_follow_network][\/et_pb_social_media_follow][\/et_pb_column][\/et_pb_row][\/et_pb_section]<\/p>\n","protected":false},"excerpt":{"rendered":"<p>La nostra botiga online ja ha d&#8217;arribar, encara que encara hi ha peces per organitzar. Tot el que veus al nostre IG genial, t&#8217;ho enviem directe, sense passar pel portal! Si dubtes qu\u00e8 posar-te o com combinar, per WhatsApp t&#8217;ajudem, ens encanta aconsellar! Millor tard que mai, diuen amb ra\u00f3, aviat hi haur\u00e0 cosetes en [&hellip;]<\/p>\n","protected":false},"author":27,"featured_media":0,"parent":0,"menu_order":0,"comment_status":"closed","ping_status":"closed","template":"","meta":{"_et_pb_use_builder":"on","_et_pb_old_content":"","_et_gb_content_width":"","footnotes":""},"class_list":["post-8079","page","type-page","status-publish","hentry"],"yoast_head":"<!-- This site is optimized with the Yoast SEO plugin v26.2 - https:\/\/yoast.com\/wordpress\/plugins\/seo\/ -->\n<title>botiga en l\u00ednia per arribar - japamala and friends<\/title>\n<meta name=\"robots\" content=\"index, follow, max-snippet:-1, max-image-preview:large, max-video-preview:-1\" \/>\n<link rel=\"canonical\" href=\"https:\/\/japamalaandfriends.com\/ca\/botiga-en-linia-per-arribar\" \/>\n<meta property=\"og:locale\" content=\"ca_ES\" \/>\n<meta property=\"og:type\" content=\"article\" \/>\n<meta property=\"og:title\" content=\"botiga en l\u00ednia per arribar - japamala and friends\" \/>\n<meta property=\"og:description\" content=\"La nostra botiga online ja ha d&#039;arribar, encara que encara hi ha peces per organitzar. Tot el que veus al nostre IG genial, t&#039;ho enviem directe, sense passar pel portal! Si dubtes qu\u00e8 posar-te o com combinar, per WhatsApp t&#039;ajudem, ens encanta aconsellar! Millor tard que mai, diuen amb ra\u00f3, aviat hi haur\u00e0 cosetes en [&hellip;]\" \/>\n<meta property=\"og:url\" content=\"https:\/\/japamalaandfriends.com\/ca\/botiga-en-linia-per-arribar\" \/>\n<meta property=\"og:site_name\" content=\"japamala and friends\" \/>\n<meta property=\"article:publisher\" content=\"https:\/\/www.facebook.com\/Japamalaandfriends\" \/>\n<meta property=\"article:modified_time\" content=\"2025-07-02T09:50:53+00:00\" \/>\n<meta name=\"twitter:card\" content=\"summary_large_image\" \/>\n<meta name=\"twitter:label1\" content=\"Temps estimat de lectura\" \/>\n\t<meta name=\"twitter:data1\" content=\"3 minuts\" \/>\n<script type=\"application\/ld+json\" class=\"yoast-schema-graph\">{\"@context\":\"https:\/\/schema.org\",\"@graph\":[{\"@type\":\"WebPage\",\"@id\":\"https:\/\/japamalaandfriends.com\/ca\/botiga-en-linia-per-arribar\",\"url\":\"https:\/\/japamalaandfriends.com\/ca\/botiga-en-linia-per-arribar\",\"name\":\"botiga en l\u00ednia per arribar - japamala and friends\",\"isPartOf\":{\"@id\":\"https:\/\/japamalaandfriends.com\/ca#website\"},\"datePublished\":\"2025-06-30T14:35:57+00:00\",\"dateModified\":\"2025-07-02T09:50:53+00:00\",\"breadcrumb\":{\"@id\":\"https:\/\/japamalaandfriends.com\/ca\/botiga-en-linia-per-arribar#breadcrumb\"},\"inLanguage\":\"ca\",\"potentialAction\":[{\"@type\":\"ReadAction\",\"target\":[\"https:\/\/japamalaandfriends.com\/ca\/botiga-en-linia-per-arribar\"]}]},{\"@type\":\"BreadcrumbList\",\"@id\":\"https:\/\/japamalaandfriends.com\/ca\/botiga-en-linia-per-arribar#breadcrumb\",\"itemListElement\":[{\"@type\":\"ListItem\",\"position\":1,\"name\":\"Inicio\",\"item\":\"https:\/\/japamalaandfriends.com\/ca\/welcome\"},{\"@type\":\"ListItem\",\"position\":2,\"name\":\"botiga en l\u00ednia per arribar\"}]},{\"@type\":\"WebSite\",\"@id\":\"https:\/\/japamalaandfriends.com\/ca#website\",\"url\":\"https:\/\/japamalaandfriends.com\/ca\",\"name\":\"japamala and friends\",\"description\":\"Aqu\u00ed subimos tu autoestima con ropa que te hace sentir bien. Descubre kimonos, vestidos, tallas reales y moda en nuestra tienda en Barcelona y online.\",\"publisher\":{\"@id\":\"https:\/\/japamalaandfriends.com\/ca#organization\"},\"potentialAction\":[{\"@type\":\"SearchAction\",\"target\":{\"@type\":\"EntryPoint\",\"urlTemplate\":\"https:\/\/japamalaandfriends.com\/ca?s={search_term_string}\"},\"query-input\":{\"@type\":\"PropertyValueSpecification\",\"valueRequired\":true,\"valueName\":\"search_term_string\"}}],\"inLanguage\":\"ca\"},{\"@type\":\"Organization\",\"@id\":\"https:\/\/japamalaandfriends.com\/ca#organization\",\"name\":\"japamala and friends barcelona\",\"url\":\"https:\/\/japamalaandfriends.com\/ca\",\"logo\":{\"@type\":\"ImageObject\",\"inLanguage\":\"ca\",\"@id\":\"https:\/\/japamalaandfriends.com\/ca#\/schema\/logo\/image\/\",\"url\":\"https:\/\/i0.wp.com\/japamalaandfriends.com\/wp-content\/uploads\/2025\/05\/cropped-Japamala-2023-logo-black.jpg?fit=512%2C512&ssl=1\",\"contentUrl\":\"https:\/\/i0.wp.com\/japamalaandfriends.com\/wp-content\/uploads\/2025\/05\/cropped-Japamala-2023-logo-black.jpg?fit=512%2C512&ssl=1\",\"width\":512,\"height\":512,\"caption\":\"japamala and friends barcelona\"},\"image\":{\"@id\":\"https:\/\/japamalaandfriends.com\/ca#\/schema\/logo\/image\/\"},\"sameAs\":[\"https:\/\/www.facebook.com\/Japamalaandfriends\",\"https:\/\/www.instagram.com\/japamala.and.friends\"]}]}<\/script>\n<!-- \/ Yoast SEO plugin. -->","yoast_head_json":{"title":"botiga en l\u00ednia per arribar - japamala and friends","robots":{"index":"index","follow":"follow","max-snippet":"max-snippet:-1","max-image-preview":"max-image-preview:large","max-video-preview":"max-video-preview:-1"},"canonical":"https:\/\/japamalaandfriends.com\/ca\/botiga-en-linia-per-arribar","og_locale":"ca_ES","og_type":"article","og_title":"botiga en l\u00ednia per arribar - japamala and friends","og_description":"La nostra botiga online ja ha d'arribar, encara que encara hi ha peces per organitzar. Tot el que veus al nostre IG genial, t'ho enviem directe, sense passar pel portal! Si dubtes qu\u00e8 posar-te o com combinar, per WhatsApp t'ajudem, ens encanta aconsellar! Millor tard que mai, diuen amb ra\u00f3, aviat hi haur\u00e0 cosetes en [&hellip;]","og_url":"https:\/\/japamalaandfriends.com\/ca\/botiga-en-linia-per-arribar","og_site_name":"japamala and friends","article_publisher":"https:\/\/www.facebook.com\/Japamalaandfriends","article_modified_time":"2025-07-02T09:50:53+00:00","twitter_card":"summary_large_image","twitter_misc":{"Temps estimat de lectura":"3 minuts"},"schema":{"@context":"https:\/\/schema.org","@graph":[{"@type":"WebPage","@id":"https:\/\/japamalaandfriends.com\/ca\/botiga-en-linia-per-arribar","url":"https:\/\/japamalaandfriends.com\/ca\/botiga-en-linia-per-arribar","name":"botiga en l\u00ednia per arribar - japamala and friends","isPartOf":{"@id":"https:\/\/japamalaandfriends.com\/ca#website"},"datePublished":"2025-06-30T14:35:57+00:00","dateModified":"2025-07-02T09:50:53+00:00","breadcrumb":{"@id":"https:\/\/japamalaandfriends.com\/ca\/botiga-en-linia-per-arribar#breadcrumb"},"inLanguage":"ca","potentialAction":[{"@type":"ReadAction","target":["https:\/\/japamalaandfriends.com\/ca\/botiga-en-linia-per-arribar"]}]},{"@type":"BreadcrumbList","@id":"https:\/\/japamalaandfriends.com\/ca\/botiga-en-linia-per-arribar#breadcrumb","itemListElement":[{"@type":"ListItem","position":1,"name":"Inicio","item":"https:\/\/japamalaandfriends.com\/ca\/welcome"},{"@type":"ListItem","position":2,"name":"botiga en l\u00ednia per arribar"}]},{"@type":"WebSite","@id":"https:\/\/japamalaandfriends.com\/ca#website","url":"https:\/\/japamalaandfriends.com\/ca","name":"japamala and friends","description":"Aqu\u00ed subimos tu autoestima con ropa que te hace sentir bien. Descubre kimonos, vestidos, tallas reales y moda en nuestra tienda en Barcelona y online.","publisher":{"@id":"https:\/\/japamalaandfriends.com\/ca#organization"},"potentialAction":[{"@type":"SearchAction","target":{"@type":"EntryPoint","urlTemplate":"https:\/\/japamalaandfriends.com\/ca?s={search_term_string}"},"query-input":{"@type":"PropertyValueSpecification","valueRequired":true,"valueName":"search_term_string"}}],"inLanguage":"ca"},{"@type":"Organization","@id":"https:\/\/japamalaandfriends.com\/ca#organization","name":"japamala and friends barcelona","url":"https:\/\/japamalaandfriends.com\/ca","logo":{"@type":"ImageObject","inLanguage":"ca","@id":"https:\/\/japamalaandfriends.com\/ca#\/schema\/logo\/image\/","url":"https:\/\/i0.wp.com\/japamalaandfriends.com\/wp-content\/uploads\/2025\/05\/cropped-Japamala-2023-logo-black.jpg?fit=512%2C512&ssl=1","contentUrl":"https:\/\/i0.wp.com\/japamalaandfriends.com\/wp-content\/uploads\/2025\/05\/cropped-Japamala-2023-logo-black.jpg?fit=512%2C512&ssl=1","width":512,"height":512,"caption":"japamala and friends barcelona"},"image":{"@id":"https:\/\/japamalaandfriends.com\/ca#\/schema\/logo\/image\/"},"sameAs":["https:\/\/www.facebook.com\/Japamalaandfriends","https:\/\/www.instagram.com\/japamala.and.friends"]}]}},"jetpack-related-posts":[{"id":8,"url":"https:\/\/japamalaandfriends.com\/cart","url_meta":{"origin":8079,"position":0},"title":"Cart","author":"SandroK","date":"30 de novembre de 2020","format":false,"excerpt":"","rel":"","context":"Entrada similar","block_context":{"text":"Entrada similar","link":""},"img":{"alt_text":"","src":"","width":0,"height":0},"classes":[]},{"id":5398,"url":"https:\/\/japamalaandfriends.com\/ca\/cistella","url_meta":{"origin":8079,"position":1},"title":"Cart","author":"SandroK","date":"30 de novembre de 2020","format":false,"excerpt":"","rel":"","context":"Entrada similar","block_context":{"text":"Entrada similar","link":""},"img":{"alt_text":"","src":"","width":0,"height":0},"classes":[]},{"id":5408,"url":"https:\/\/japamalaandfriends.com\/en\/cart","url_meta":{"origin":8079,"position":2},"title":"Cart","author":"SandroK","date":"30 de novembre de 2020","format":false,"excerpt":"","rel":"","context":"Entrada similar","block_context":{"text":"Entrada similar","link":""},"img":{"alt_text":"","src":"","width":0,"height":0},"classes":[]},{"id":9,"url":"https:\/\/japamalaandfriends.com\/checkout","url_meta":{"origin":8079,"position":3},"title":"Checkout","author":"SandroK","date":"30 de novembre de 2020","format":false,"excerpt":"","rel":"","context":"Entrada similar","block_context":{"text":"Entrada similar","link":""},"img":{"alt_text":"","src":"","width":0,"height":0},"classes":[]},{"id":5401,"url":"https:\/\/japamalaandfriends.com\/ca\/finalitza-la-compra","url_meta":{"origin":8079,"position":4},"title":"Finalitza la compra","author":"SandroK","date":"30 de novembre de 2020","format":false,"excerpt":"","rel":"","context":"Entrada similar","block_context":{"text":"Entrada similar","link":""},"img":{"alt_text":"","src":"","width":0,"height":0},"classes":[]},{"id":5411,"url":"https:\/\/japamalaandfriends.com\/en\/checkout","url_meta":{"origin":8079,"position":5},"title":"Checkout","author":"SandroK","date":"30 de novembre de 2020","format":false,"excerpt":"","rel":"","context":"Entrada similar","block_context":{"text":"Entrada similar","link":""},"img":{"alt_text":"","src":"","width":0,"height":0},"classes":[]}],"jetpack_sharing_enabled":true,"_links":{"self":[{"href":"https:\/\/japamalaandfriends.com\/ca\/wp-json\/wp\/v2\/pages\/8079","targetHints":{"allow":["GET"]}}],"collection":[{"href":"https:\/\/japamalaandfriends.com\/ca\/wp-json\/wp\/v2\/pages"}],"about":[{"href":"https:\/\/japamalaandfriends.com\/ca\/wp-json\/wp\/v2\/types\/page"}],"author":[{"embeddable":true,"href":"https:\/\/japamalaandfriends.com\/ca\/wp-json\/wp\/v2\/users\/27"}],"replies":[{"embeddable":true,"href":"https:\/\/japamalaandfriends.com\/ca\/wp-json\/wp\/v2\/comments?post=8079"}],"version-history":[{"count":0,"href":"https:\/\/japamalaandfriends.com\/ca\/wp-json\/wp\/v2\/pages\/8079\/revisions"}],"wp:attachment":[{"href":"https:\/\/japamalaandfriends.com\/ca\/wp-json\/wp\/v2\/media?parent=8079"}],"curies":[{"name":"wp","href":"https:\/\/api.w.org\/{rel}","templated":true}]}}