{"id":10494,"date":"2025-11-18T14:01:33","date_gmt":"2025-11-18T14:01:33","guid":{"rendered":"https:\/\/japamalaandfriends.com\/?post_type=product&#038;p=10494"},"modified":"2025-11-18T14:04:59","modified_gmt":"2025-11-18T14:04:59","slug":"pendientes-ovales-grandes","status":"publish","type":"product","link":"https:\/\/japamalaandfriends.com\/ca\/product\/pendientes-ovales-grandes","title":{"rendered":"Pendientes ovales grandes"},"content":{"rendered":"","protected":false},"excerpt":{"rendered":"","protected":false},"featured_media":10491,"template":"","meta":{"_et_pb_use_builder":"","_et_pb_old_content":"","_et_gb_content_width":""},"product_brand":[],"product_cat":[509,23,510,15],"product_tag":[],"class_list":{"0":"post-10494","1":"product","2":"type-product","3":"status-publish","4":"has-post-thumbnail","6":"product_cat-accesories","7":"product_cat-accesorios","8":"product_cat-accesoris","9":"product_cat-general","10":"pa_color-mostaza","11":"pa_color-negro","12":"pa_color-rojo","13":"pa_color-teja","14":"pa_color-verde-botella","15":"pa_color-verde-khaki","17":"first","18":"instock","19":"shipping-taxable","20":"purchasable","21":"product-type-variable"},"yoast_head":"<!-- This site is optimized with the Yoast SEO plugin v26.2 - https:\/\/yoast.com\/wordpress\/plugins\/seo\/ -->\n<title>Pendientes ovales grandes - japamala and friends<\/title>\n<meta name=\"robots\" content=\"index, follow, max-snippet:-1, max-image-preview:large, max-video-preview:-1\" \/>\n<link rel=\"canonical\" href=\"https:\/\/japamalaandfriends.com\/ca\/product\/pendientes-ovales-grandes\" \/>\n<meta property=\"og:locale\" content=\"ca_ES\" \/>\n<meta property=\"og:type\" content=\"article\" \/>\n<meta property=\"og:title\" content=\"Pendientes ovales grandes - japamala and friends\" \/>\n<meta property=\"og:url\" content=\"https:\/\/japamalaandfriends.com\/ca\/product\/pendientes-ovales-grandes\" \/>\n<meta property=\"og:site_name\" content=\"japamala and friends\" \/>\n<meta property=\"article:publisher\" content=\"https:\/\/www.facebook.com\/Japamalaandfriends\" \/>\n<meta property=\"article:modified_time\" content=\"2025-11-18T14:04:59+00:00\" \/>\n<meta property=\"og:image\" content=\"https:\/\/japamalaandfriends.com\/wp-content\/uploads\/2025\/11\/img_9711-1.jpeg\" \/>\n\t<meta property=\"og:image:width\" content=\"1826\" \/>\n\t<meta property=\"og:image:height\" content=\"2436\" \/>\n\t<meta property=\"og:image:type\" content=\"image\/jpeg\" \/>\n<meta name=\"twitter:card\" content=\"summary_large_image\" \/>\n<script type=\"application\/ld+json\" class=\"yoast-schema-graph\">{\"@context\":\"https:\/\/schema.org\",\"@graph\":[{\"@type\":\"WebPage\",\"@id\":\"https:\/\/japamalaandfriends.com\/ca\/product\/pendientes-ovales-grandes\",\"url\":\"https:\/\/japamalaandfriends.com\/ca\/product\/pendientes-ovales-grandes\",\"name\":\"Pendientes ovales grandes - japamala and friends\",\"isPartOf\":{\"@id\":\"https:\/\/japamalaandfriends.com\/ca#website\"},\"primaryImageOfPage\":{\"@id\":\"https:\/\/japamalaandfriends.com\/ca\/product\/pendientes-ovales-grandes#primaryimage\"},\"image\":{\"@id\":\"https:\/\/japamalaandfriends.com\/ca\/product\/pendientes-ovales-grandes#primaryimage\"},\"thumbnailUrl\":\"https:\/\/japamalaandfriends.com\/wp-content\/uploads\/2025\/11\/img_9711-1.jpeg\",\"datePublished\":\"2025-11-18T14:01:33+00:00\",\"dateModified\":\"2025-11-18T14:04:59+00:00\",\"breadcrumb\":{\"@id\":\"https:\/\/japamalaandfriends.com\/ca\/product\/pendientes-ovales-grandes#breadcrumb\"},\"inLanguage\":\"ca\",\"potentialAction\":[{\"@type\":\"ReadAction\",\"target\":[\"https:\/\/japamalaandfriends.com\/ca\/product\/pendientes-ovales-grandes\"]}]},{\"@type\":\"ImageObject\",\"inLanguage\":\"ca\",\"@id\":\"https:\/\/japamalaandfriends.com\/ca\/product\/pendientes-ovales-grandes#primaryimage\",\"url\":\"https:\/\/japamalaandfriends.com\/wp-content\/uploads\/2025\/11\/img_9711-1.jpeg\",\"contentUrl\":\"https:\/\/japamalaandfriends.com\/wp-content\/uploads\/2025\/11\/img_9711-1.jpeg\",\"width\":1826,\"height\":2436},{\"@type\":\"BreadcrumbList\",\"@id\":\"https:\/\/japamalaandfriends.com\/ca\/product\/pendientes-ovales-grandes#breadcrumb\",\"itemListElement\":[{\"@type\":\"ListItem\",\"position\":1,\"name\":\"Inicio\",\"item\":\"https:\/\/japamalaandfriends.com\/ca\/welcome\"},{\"@type\":\"ListItem\",\"position\":2,\"name\":\"Compra en l\u00ednea\",\"item\":\"https:\/\/japamalaandfriends.com\/ca\/botiga\"},{\"@type\":\"ListItem\",\"position\":3,\"name\":\"Pendientes ovales grandes\"}]},{\"@type\":\"WebSite\",\"@id\":\"https:\/\/japamalaandfriends.com\/ca#website\",\"url\":\"https:\/\/japamalaandfriends.com\/ca\",\"name\":\"japamala and friends\",\"description\":\"Aqu\u00ed subimos tu autoestima con ropa que te hace sentir bien. Descubre kimonos, vestidos, tallas reales y moda en nuestra tienda en Barcelona y online.\",\"publisher\":{\"@id\":\"https:\/\/japamalaandfriends.com\/ca#organization\"},\"potentialAction\":[{\"@type\":\"SearchAction\",\"target\":{\"@type\":\"EntryPoint\",\"urlTemplate\":\"https:\/\/japamalaandfriends.com\/ca?s={search_term_string}\"},\"query-input\":{\"@type\":\"PropertyValueSpecification\",\"valueRequired\":true,\"valueName\":\"search_term_string\"}}],\"inLanguage\":\"ca\"},{\"@type\":\"Organization\",\"@id\":\"https:\/\/japamalaandfriends.com\/ca#organization\",\"name\":\"japamala and friends barcelona\",\"url\":\"https:\/\/japamalaandfriends.com\/ca\",\"logo\":{\"@type\":\"ImageObject\",\"inLanguage\":\"ca\",\"@id\":\"https:\/\/japamalaandfriends.com\/ca#\/schema\/logo\/image\/\",\"url\":\"https:\/\/i0.wp.com\/japamalaandfriends.com\/wp-content\/uploads\/2025\/05\/cropped-Japamala-2023-logo-black.jpg?fit=512%2C512&ssl=1\",\"contentUrl\":\"https:\/\/i0.wp.com\/japamalaandfriends.com\/wp-content\/uploads\/2025\/05\/cropped-Japamala-2023-logo-black.jpg?fit=512%2C512&ssl=1\",\"width\":512,\"height\":512,\"caption\":\"japamala and friends barcelona\"},\"image\":{\"@id\":\"https:\/\/japamalaandfriends.com\/ca#\/schema\/logo\/image\/\"},\"sameAs\":[\"https:\/\/www.facebook.com\/Japamalaandfriends\",\"https:\/\/www.instagram.com\/japamala.and.friends\"]}]}<\/script>\n<!-- \/ Yoast SEO plugin. -->","yoast_head_json":{"title":"Pendientes ovales grandes - japamala and friends","robots":{"index":"index","follow":"follow","max-snippet":"max-snippet:-1","max-image-preview":"max-image-preview:large","max-video-preview":"max-video-preview:-1"},"canonical":"https:\/\/japamalaandfriends.com\/ca\/product\/pendientes-ovales-grandes","og_locale":"ca_ES","og_type":"article","og_title":"Pendientes ovales grandes - japamala and friends","og_url":"https:\/\/japamalaandfriends.com\/ca\/product\/pendientes-ovales-grandes","og_site_name":"japamala and friends","article_publisher":"https:\/\/www.facebook.com\/Japamalaandfriends","article_modified_time":"2025-11-18T14:04:59+00:00","og_image":[{"width":1826,"height":2436,"url":"https:\/\/japamalaandfriends.com\/wp-content\/uploads\/2025\/11\/img_9711-1.jpeg","type":"image\/jpeg"}],"twitter_card":"summary_large_image","schema":{"@context":"https:\/\/schema.org","@graph":[{"@type":"WebPage","@id":"https:\/\/japamalaandfriends.com\/ca\/product\/pendientes-ovales-grandes","url":"https:\/\/japamalaandfriends.com\/ca\/product\/pendientes-ovales-grandes","name":"Pendientes ovales grandes - japamala and friends","isPartOf":{"@id":"https:\/\/japamalaandfriends.com\/ca#website"},"primaryImageOfPage":{"@id":"https:\/\/japamalaandfriends.com\/ca\/product\/pendientes-ovales-grandes#primaryimage"},"image":{"@id":"https:\/\/japamalaandfriends.com\/ca\/product\/pendientes-ovales-grandes#primaryimage"},"thumbnailUrl":"https:\/\/japamalaandfriends.com\/wp-content\/uploads\/2025\/11\/img_9711-1.jpeg","datePublished":"2025-11-18T14:01:33+00:00","dateModified":"2025-11-18T14:04:59+00:00","breadcrumb":{"@id":"https:\/\/japamalaandfriends.com\/ca\/product\/pendientes-ovales-grandes#breadcrumb"},"inLanguage":"ca","potentialAction":[{"@type":"ReadAction","target":["https:\/\/japamalaandfriends.com\/ca\/product\/pendientes-ovales-grandes"]}]},{"@type":"ImageObject","inLanguage":"ca","@id":"https:\/\/japamalaandfriends.com\/ca\/product\/pendientes-ovales-grandes#primaryimage","url":"https:\/\/japamalaandfriends.com\/wp-content\/uploads\/2025\/11\/img_9711-1.jpeg","contentUrl":"https:\/\/japamalaandfriends.com\/wp-content\/uploads\/2025\/11\/img_9711-1.jpeg","width":1826,"height":2436},{"@type":"BreadcrumbList","@id":"https:\/\/japamalaandfriends.com\/ca\/product\/pendientes-ovales-grandes#breadcrumb","itemListElement":[{"@type":"ListItem","position":1,"name":"Inicio","item":"https:\/\/japamalaandfriends.com\/ca\/welcome"},{"@type":"ListItem","position":2,"name":"Compra en l\u00ednea","item":"https:\/\/japamalaandfriends.com\/ca\/botiga"},{"@type":"ListItem","position":3,"name":"Pendientes ovales grandes"}]},{"@type":"WebSite","@id":"https:\/\/japamalaandfriends.com\/ca#website","url":"https:\/\/japamalaandfriends.com\/ca","name":"japamala and friends","description":"Aqu\u00ed subimos tu autoestima con ropa que te hace sentir bien. Descubre kimonos, vestidos, tallas reales y moda en nuestra tienda en Barcelona y online.","publisher":{"@id":"https:\/\/japamalaandfriends.com\/ca#organization"},"potentialAction":[{"@type":"SearchAction","target":{"@type":"EntryPoint","urlTemplate":"https:\/\/japamalaandfriends.com\/ca?s={search_term_string}"},"query-input":{"@type":"PropertyValueSpecification","valueRequired":true,"valueName":"search_term_string"}}],"inLanguage":"ca"},{"@type":"Organization","@id":"https:\/\/japamalaandfriends.com\/ca#organization","name":"japamala and friends barcelona","url":"https:\/\/japamalaandfriends.com\/ca","logo":{"@type":"ImageObject","inLanguage":"ca","@id":"https:\/\/japamalaandfriends.com\/ca#\/schema\/logo\/image\/","url":"https:\/\/i0.wp.com\/japamalaandfriends.com\/wp-content\/uploads\/2025\/05\/cropped-Japamala-2023-logo-black.jpg?fit=512%2C512&ssl=1","contentUrl":"https:\/\/i0.wp.com\/japamalaandfriends.com\/wp-content\/uploads\/2025\/05\/cropped-Japamala-2023-logo-black.jpg?fit=512%2C512&ssl=1","width":512,"height":512,"caption":"japamala and friends barcelona"},"image":{"@id":"https:\/\/japamalaandfriends.com\/ca#\/schema\/logo\/image\/"},"sameAs":["https:\/\/www.facebook.com\/Japamalaandfriends","https:\/\/www.instagram.com\/japamala.and.friends"]}]}},"jetpack-related-posts":[{"id":10540,"url":"https:\/\/japamalaandfriends.com\/ca\/product\/pendientes-colgantes-2","url_meta":{"origin":10494,"position":0},"title":"Pendientes Colgantes","author":"SandroK","date":"27 de novembre de 2025","format":false,"excerpt":"\u00a0Pendientes Colgantes \u2013 Hechos a mano en Barcelona Descubre nuestros pendientes colgantes, elaborados en lat\u00f3n de alta calidad y creados artesanalmente en Barcelona. Su dise\u00f1o alargado y elegante aporta movimiento y un toque moderno que realza cualquier look.Accesorios atemporales, ligeros y vers\u00e1tiles, perfectos para atraer miradas con sutileza y complementar\u2026","rel":"","context":"Entrada similar","block_context":{"text":"Entrada similar","link":""},"img":{"alt_text":"","src":"https:\/\/i0.wp.com\/japamalaandfriends.com\/wp-content\/uploads\/2025\/11\/1000019986-scaled.jpg?resize=350%2C200&ssl=1","width":350,"height":200,"srcset":"https:\/\/i0.wp.com\/japamalaandfriends.com\/wp-content\/uploads\/2025\/11\/1000019986-scaled.jpg?resize=350%2C200&ssl=1 1x, https:\/\/i0.wp.com\/japamalaandfriends.com\/wp-content\/uploads\/2025\/11\/1000019986-scaled.jpg?resize=525%2C300&ssl=1 1.5x, https:\/\/i0.wp.com\/japamalaandfriends.com\/wp-content\/uploads\/2025\/11\/1000019986-scaled.jpg?resize=700%2C400&ssl=1 2x, https:\/\/i0.wp.com\/japamalaandfriends.com\/wp-content\/uploads\/2025\/11\/1000019986-scaled.jpg?resize=1050%2C600&ssl=1 3x, https:\/\/i0.wp.com\/japamalaandfriends.com\/wp-content\/uploads\/2025\/11\/1000019986-scaled.jpg?resize=1400%2C800&ssl=1 4x"},"classes":[]},{"id":10536,"url":"https:\/\/japamalaandfriends.com\/ca\/product\/pendientes-circulares","url_meta":{"origin":10494,"position":1},"title":"Pendientes C\u00edrculo","author":"SandroK","date":"27 de novembre de 2025","format":false,"excerpt":"\u00a0Pendientes C\u00edrculo de Lat\u00f3n \u2013 Hechos a mano en Barcelona Descubre nuestros pendientes de c\u00edrculo, elaborados en lat\u00f3n de alta calidad y creados artesanalmente en Barcelona. Su dise\u00f1o redondo y minimalista aporta un toque moderno que realza cualquier look.Accesorios atemporales, ligeros y vers\u00e1tiles, perfectos para llamar la atenci\u00f3n con elegancia\u2026","rel":"","context":"Entrada similar","block_context":{"text":"Entrada similar","link":""},"img":{"alt_text":"","src":"https:\/\/i0.wp.com\/japamalaandfriends.com\/wp-content\/uploads\/2025\/11\/1000019985-scaled.jpg?resize=350%2C200&ssl=1","width":350,"height":200,"srcset":"https:\/\/i0.wp.com\/japamalaandfriends.com\/wp-content\/uploads\/2025\/11\/1000019985-scaled.jpg?resize=350%2C200&ssl=1 1x, https:\/\/i0.wp.com\/japamalaandfriends.com\/wp-content\/uploads\/2025\/11\/1000019985-scaled.jpg?resize=525%2C300&ssl=1 1.5x, https:\/\/i0.wp.com\/japamalaandfriends.com\/wp-content\/uploads\/2025\/11\/1000019985-scaled.jpg?resize=700%2C400&ssl=1 2x, https:\/\/i0.wp.com\/japamalaandfriends.com\/wp-content\/uploads\/2025\/11\/1000019985-scaled.jpg?resize=1050%2C600&ssl=1 3x, https:\/\/i0.wp.com\/japamalaandfriends.com\/wp-content\/uploads\/2025\/11\/1000019985-scaled.jpg?resize=1400%2C800&ssl=1 4x"},"classes":[]},{"id":10544,"url":"https:\/\/japamalaandfriends.com\/ca\/product\/pendientes-triangulares","url_meta":{"origin":10494,"position":2},"title":"Pendientes Triangulares","author":"SandroK","date":"27 de novembre de 2025","format":false,"excerpt":"\u00a0Pendientes Tri\u00e1ngulo de Lat\u00f3n \u2013 Hechos a mano en Barcelona Descubre nuestros pendientes de tri\u00e1ngulo, elaborados en lat\u00f3n de alta calidad y creados artesanalmente en Barcelona. Su dise\u00f1o geom\u00e9trico y estilizado aporta un toque moderno que eleva cualquier look.Accesorios atemporales, ligeros y vers\u00e1tiles, perfectos para destacar con elegancia y complementar\u2026","rel":"","context":"Entrada similar","block_context":{"text":"Entrada similar","link":""},"img":{"alt_text":"","src":"https:\/\/i0.wp.com\/japamalaandfriends.com\/wp-content\/uploads\/2025\/11\/1000019987-scaled.jpg?resize=350%2C200&ssl=1","width":350,"height":200,"srcset":"https:\/\/i0.wp.com\/japamalaandfriends.com\/wp-content\/uploads\/2025\/11\/1000019987-scaled.jpg?resize=350%2C200&ssl=1 1x, https:\/\/i0.wp.com\/japamalaandfriends.com\/wp-content\/uploads\/2025\/11\/1000019987-scaled.jpg?resize=525%2C300&ssl=1 1.5x, https:\/\/i0.wp.com\/japamalaandfriends.com\/wp-content\/uploads\/2025\/11\/1000019987-scaled.jpg?resize=700%2C400&ssl=1 2x, https:\/\/i0.wp.com\/japamalaandfriends.com\/wp-content\/uploads\/2025\/11\/1000019987-scaled.jpg?resize=1050%2C600&ssl=1 3x, https:\/\/i0.wp.com\/japamalaandfriends.com\/wp-content\/uploads\/2025\/11\/1000019987-scaled.jpg?resize=1400%2C800&ssl=1 4x"},"classes":[]},{"id":10506,"url":"https:\/\/japamalaandfriends.com\/ca\/product\/pendientes-rectangulares","url_meta":{"origin":10494,"position":3},"title":"Pendientes rectangulares","author":"SandroK","date":"18 de novembre de 2025","format":false,"excerpt":"","rel":"","context":"Entrada similar","block_context":{"text":"Entrada similar","link":""},"img":{"alt_text":"","src":"https:\/\/i0.wp.com\/japamalaandfriends.com\/wp-content\/uploads\/2025\/11\/img_9712-scaled.jpeg?resize=350%2C200&ssl=1","width":350,"height":200,"srcset":"https:\/\/i0.wp.com\/japamalaandfriends.com\/wp-content\/uploads\/2025\/11\/img_9712-scaled.jpeg?resize=350%2C200&ssl=1 1x, https:\/\/i0.wp.com\/japamalaandfriends.com\/wp-content\/uploads\/2025\/11\/img_9712-scaled.jpeg?resize=525%2C300&ssl=1 1.5x, https:\/\/i0.wp.com\/japamalaandfriends.com\/wp-content\/uploads\/2025\/11\/img_9712-scaled.jpeg?resize=700%2C400&ssl=1 2x, https:\/\/i0.wp.com\/japamalaandfriends.com\/wp-content\/uploads\/2025\/11\/img_9712-scaled.jpeg?resize=1050%2C600&ssl=1 3x, https:\/\/i0.wp.com\/japamalaandfriends.com\/wp-content\/uploads\/2025\/11\/img_9712-scaled.jpeg?resize=1400%2C800&ssl=1 4x"},"classes":[]},{"id":10532,"url":"https:\/\/japamalaandfriends.com\/ca\/product\/pendientes-colgantes","url_meta":{"origin":10494,"position":4},"title":"Pendientes semic\u00edrculo","author":"SandroK","date":"27 de novembre de 2025","format":false,"excerpt":"Pendientes Semic\u00edrculo de Lat\u00f3n \u2013 Hechos a mano en Barcelona Descubre nuestros pendientes de semic\u00edrculo, elaborados en lat\u00f3n de alta calidad y dise\u00f1ados artesanalmente en Barcelona. Su forma geom\u00e9trica aporta un toque moderno y elegante que estiliza cualquier look.Son accesorios que destacan sin esfuerzo, llaman la atenci\u00f3n por su dise\u00f1o\u2026","rel":"","context":"Entrada similar","block_context":{"text":"Entrada similar","link":""},"img":{"alt_text":"","src":"https:\/\/i0.wp.com\/japamalaandfriends.com\/wp-content\/uploads\/2025\/11\/1000019984-scaled.jpg?resize=350%2C200&ssl=1","width":350,"height":200,"srcset":"https:\/\/i0.wp.com\/japamalaandfriends.com\/wp-content\/uploads\/2025\/11\/1000019984-scaled.jpg?resize=350%2C200&ssl=1 1x, https:\/\/i0.wp.com\/japamalaandfriends.com\/wp-content\/uploads\/2025\/11\/1000019984-scaled.jpg?resize=525%2C300&ssl=1 1.5x, https:\/\/i0.wp.com\/japamalaandfriends.com\/wp-content\/uploads\/2025\/11\/1000019984-scaled.jpg?resize=700%2C400&ssl=1 2x, https:\/\/i0.wp.com\/japamalaandfriends.com\/wp-content\/uploads\/2025\/11\/1000019984-scaled.jpg?resize=1050%2C600&ssl=1 3x, https:\/\/i0.wp.com\/japamalaandfriends.com\/wp-content\/uploads\/2025\/11\/1000019984-scaled.jpg?resize=1400%2C800&ssl=1 4x"},"classes":[]},{"id":1361,"url":"https:\/\/japamalaandfriends.com\/ca\/product\/tunica-barco","url_meta":{"origin":10494,"position":5},"title":"T\u00fanica Barco m\/larga","author":"SandroK","date":"22 de novembre de 2021","format":false,"excerpt":"T\u00fanica Barco Manga Larga \u2013 \u00a1No es un top cualquiera! Descubre la T\u00fanica Barco de manga larga, una prenda irregular confeccionada en viscosa suave y natural, suave al tacto y s\u00faper combinable. Su dise\u00f1o vers\u00e1til permite llevarla con leggins, pantalones anchos o faldas de tubo, perfecta para el d\u00eda a\u2026","rel":"","context":"Entrada similar","block_context":{"text":"Entrada similar","link":""},"img":{"alt_text":"clienta en las calles de Barcelona, cerca a la tienda, luciendo la tunica larga, corte irregular, cuello barco y manga larga en color rojo con leggins negros.","src":"https:\/\/i0.wp.com\/japamalaandfriends.com\/wp-content\/uploads\/2021\/11\/d1e72ba3-ca40-45bf-be14-91574060efda.jpg?resize=350%2C200&ssl=1","width":350,"height":200,"srcset":"https:\/\/i0.wp.com\/japamalaandfriends.com\/wp-content\/uploads\/2021\/11\/d1e72ba3-ca40-45bf-be14-91574060efda.jpg?resize=350%2C200&ssl=1 1x, https:\/\/i0.wp.com\/japamalaandfriends.com\/wp-content\/uploads\/2021\/11\/d1e72ba3-ca40-45bf-be14-91574060efda.jpg?resize=525%2C300&ssl=1 1.5x, https:\/\/i0.wp.com\/japamalaandfriends.com\/wp-content\/uploads\/2021\/11\/d1e72ba3-ca40-45bf-be14-91574060efda.jpg?resize=700%2C400&ssl=1 2x, https:\/\/i0.wp.com\/japamalaandfriends.com\/wp-content\/uploads\/2021\/11\/d1e72ba3-ca40-45bf-be14-91574060efda.jpg?resize=1050%2C600&ssl=1 3x, https:\/\/i0.wp.com\/japamalaandfriends.com\/wp-content\/uploads\/2021\/11\/d1e72ba3-ca40-45bf-be14-91574060efda.jpg?resize=1400%2C800&ssl=1 4x"},"classes":[]}],"jetpack_sharing_enabled":true,"_links":{"self":[{"href":"https:\/\/japamalaandfriends.com\/ca\/wp-json\/wp\/v2\/product\/10494","targetHints":{"allow":["GET"]}}],"collection":[{"href":"https:\/\/japamalaandfriends.com\/ca\/wp-json\/wp\/v2\/product"}],"about":[{"href":"https:\/\/japamalaandfriends.com\/ca\/wp-json\/wp\/v2\/types\/product"}],"wp:featuredmedia":[{"embeddable":true,"href":"https:\/\/japamalaandfriends.com\/ca\/wp-json\/wp\/v2\/media\/10491"}],"wp:attachment":[{"href":"https:\/\/japamalaandfriends.com\/ca\/wp-json\/wp\/v2\/media?parent=10494"}],"wp:term":[{"taxonomy":"product_brand","embeddable":true,"href":"https:\/\/japamalaandfriends.com\/ca\/wp-json\/wp\/v2\/product_brand?post=10494"},{"taxonomy":"product_cat","embeddable":true,"href":"https:\/\/japamalaandfriends.com\/ca\/wp-json\/wp\/v2\/product_cat?post=10494"},{"taxonomy":"product_tag","embeddable":true,"href":"https:\/\/japamalaandfriends.com\/ca\/wp-json\/wp\/v2\/product_tag?post=10494"}],"curies":[{"name":"wp","href":"https:\/\/api.w.org\/{rel}","templated":true}]}}