{"id":8103,"date":"2022-05-31T16:27:52","date_gmt":"2022-05-31T16:27:52","guid":{"rendered":"https:\/\/japamalaandfriends.com\/product\/mono-culotte-2"},"modified":"2026-04-29T13:48:45","modified_gmt":"2026-04-29T13:48:45","slug":"mono-culotte-2","status":"publish","type":"product","link":"https:\/\/japamalaandfriends.com\/ca\/product\/mono-culotte-2","title":{"rendered":"Mono culotte"},"content":{"rendered":"<p>Tot el que vols d&#8217;una granota estiuenca, aquesta granota t\u00e9! Fet al nostre taller a Lima, Peru d&#8217;un punt de viscosa super suau i agradable. S&#8217;adapta molt b\u00e9 al teu cos i t\u00e9 una caiguda meravellosa. Super fresc!   <\/p>\n<p>Talla \u00fanica (SL). Ideal per a lact\u00e0ncia tb! Disponible en diferents colors.  <\/p>\n<p>Gr\u00e0cies a Arminda, Laura i Alba! \ud83e\udd70 \ud83e\udd70 <\/p>\n","protected":false},"excerpt":{"rendered":"<p>Tot el que vols d&#8217;una granota estiuenca, aquesta granota t\u00e9! Fet al nostre taller a Lima, Peru d&#8217;un punt de viscosa super suau i agradable. S&#8217;adapta molt b\u00e9 al teu cos i t\u00e9 una caiguda meravellosa. Super fresc! Talla \u00fanica (SL). Ideal per a lact\u00e0ncia tb! Disponible en diferents colors. Gr\u00e0cies a Arminda, Laura i [&hellip;]<\/p>\n","protected":false},"featured_media":7334,"template":"","meta":{"_et_pb_use_builder":"","_et_pb_old_content":"","_et_gb_content_width":""},"product_brand":[],"product_cat":[74,57,15],"product_tag":[405,153,480],"class_list":{"0":"post-8103","1":"product","2":"type-product","3":"status-publish","4":"has-post-thumbnail","6":"product_cat-embarazo","7":"product_cat-pantalones-y-monos","8":"product_cat-general","9":"product_tag-estiu","10":"product_tag-lactancia","11":"product_tag-peca-versatil","12":"pa_color-granat","13":"pa_color-negre","14":"pa_color-verd-ampolla","16":"first","17":"instock","18":"shipping-taxable","19":"purchasable","20":"product-type-variable"},"yoast_head":"<!-- This site is optimized with the Yoast SEO plugin v26.2 - https:\/\/yoast.com\/wordpress\/plugins\/seo\/ -->\n<title>Mono culotte - japamala and friends<\/title>\n<meta name=\"description\" content=\"Granota estiuenca de viscosa suau. Fresc, amb caiguda fluida i f\u00e0cil de portar. Talla \u00fanica (S\u2013L). Ideal tamb\u00e9 per a lact\u00e0ncia. Diversos colors.\" \/>\n<meta name=\"robots\" content=\"index, follow, max-snippet:-1, max-image-preview:large, max-video-preview:-1\" \/>\n<link rel=\"canonical\" href=\"https:\/\/japamalaandfriends.com\/ca\/product\/mono-culotte-2\" \/>\n<meta property=\"og:locale\" content=\"ca_ES\" \/>\n<meta property=\"og:type\" content=\"article\" \/>\n<meta property=\"og:title\" content=\"Mono culotte - japamala and friends\" \/>\n<meta property=\"og:description\" content=\"Granota estiuenca de viscosa suau. Fresc, amb caiguda fluida i f\u00e0cil de portar. Talla \u00fanica (S\u2013L). Ideal tamb\u00e9 per a lact\u00e0ncia. Diversos colors.\" \/>\n<meta property=\"og:url\" content=\"https:\/\/japamalaandfriends.com\/ca\/product\/mono-culotte-2\" \/>\n<meta property=\"og:site_name\" content=\"japamala and friends\" \/>\n<meta property=\"article:publisher\" content=\"https:\/\/www.facebook.com\/Japamalaandfriends\" \/>\n<meta property=\"article:modified_time\" content=\"2026-04-29T13:48:45+00:00\" \/>\n<meta property=\"og:image\" content=\"https:\/\/japamalaandfriends.com\/wp-content\/uploads\/2023\/05\/img_0805-scaled.jpeg\" \/>\n\t<meta property=\"og:image:width\" content=\"2560\" \/>\n\t<meta property=\"og:image:height\" content=\"2560\" \/>\n\t<meta property=\"og:image:type\" content=\"image\/jpeg\" \/>\n<meta name=\"twitter:card\" content=\"summary_large_image\" \/>\n<script type=\"application\/ld+json\" class=\"yoast-schema-graph\">{\"@context\":\"https:\/\/schema.org\",\"@graph\":[{\"@type\":\"WebPage\",\"@id\":\"https:\/\/japamalaandfriends.com\/ca\/product\/mono-culotte-2\",\"url\":\"https:\/\/japamalaandfriends.com\/ca\/product\/mono-culotte-2\",\"name\":\"Mono culotte - japamala and friends\",\"isPartOf\":{\"@id\":\"https:\/\/japamalaandfriends.com\/ca#website\"},\"primaryImageOfPage\":{\"@id\":\"https:\/\/japamalaandfriends.com\/ca\/product\/mono-culotte-2#primaryimage\"},\"image\":{\"@id\":\"https:\/\/japamalaandfriends.com\/ca\/product\/mono-culotte-2#primaryimage\"},\"thumbnailUrl\":\"https:\/\/japamalaandfriends.com\/wp-content\/uploads\/2023\/05\/img_0805-scaled.jpeg\",\"datePublished\":\"2022-05-31T16:27:52+00:00\",\"dateModified\":\"2026-04-29T13:48:45+00:00\",\"description\":\"Granota estiuenca de viscosa suau. Fresc, amb caiguda fluida i f\u00e0cil de portar. Talla \u00fanica (S\u2013L). Ideal tamb\u00e9 per a lact\u00e0ncia. Diversos colors.\",\"breadcrumb\":{\"@id\":\"https:\/\/japamalaandfriends.com\/ca\/product\/mono-culotte-2#breadcrumb\"},\"inLanguage\":\"ca\",\"potentialAction\":[{\"@type\":\"ReadAction\",\"target\":[\"https:\/\/japamalaandfriends.com\/ca\/product\/mono-culotte-2\"]}]},{\"@type\":\"ImageObject\",\"inLanguage\":\"ca\",\"@id\":\"https:\/\/japamalaandfriends.com\/ca\/product\/mono-culotte-2#primaryimage\",\"url\":\"https:\/\/japamalaandfriends.com\/wp-content\/uploads\/2023\/05\/img_0805-scaled.jpeg\",\"contentUrl\":\"https:\/\/japamalaandfriends.com\/wp-content\/uploads\/2023\/05\/img_0805-scaled.jpeg\",\"width\":2560,\"height\":2560,\"caption\":\"una clienta somrient de japamala amb el seu mono culotte vermell , fluid, al pati interior de la botiga en gr\u00e0cia.\"},{\"@type\":\"BreadcrumbList\",\"@id\":\"https:\/\/japamalaandfriends.com\/ca\/product\/mono-culotte-2#breadcrumb\",\"itemListElement\":[{\"@type\":\"ListItem\",\"position\":1,\"name\":\"Inicio\",\"item\":\"https:\/\/japamalaandfriends.com\/ca\/welcome\"},{\"@type\":\"ListItem\",\"position\":2,\"name\":\"Compra en l\u00ednea\",\"item\":\"https:\/\/japamalaandfriends.com\/ca\/botiga\"},{\"@type\":\"ListItem\",\"position\":3,\"name\":\"Mono culotte\"}]},{\"@type\":\"WebSite\",\"@id\":\"https:\/\/japamalaandfriends.com\/ca#website\",\"url\":\"https:\/\/japamalaandfriends.com\/ca\",\"name\":\"japamala and friends\",\"description\":\"Aqu\u00ed subimos tu autoestima con ropa que te hace sentir bien. Descubre kimonos, vestidos, tallas reales y moda en nuestra tienda en Barcelona y online.\",\"publisher\":{\"@id\":\"https:\/\/japamalaandfriends.com\/ca#organization\"},\"potentialAction\":[{\"@type\":\"SearchAction\",\"target\":{\"@type\":\"EntryPoint\",\"urlTemplate\":\"https:\/\/japamalaandfriends.com\/ca?s={search_term_string}\"},\"query-input\":{\"@type\":\"PropertyValueSpecification\",\"valueRequired\":true,\"valueName\":\"search_term_string\"}}],\"inLanguage\":\"ca\"},{\"@type\":\"Organization\",\"@id\":\"https:\/\/japamalaandfriends.com\/ca#organization\",\"name\":\"japamala and friends barcelona\",\"url\":\"https:\/\/japamalaandfriends.com\/ca\",\"logo\":{\"@type\":\"ImageObject\",\"inLanguage\":\"ca\",\"@id\":\"https:\/\/japamalaandfriends.com\/ca#\/schema\/logo\/image\/\",\"url\":\"https:\/\/i0.wp.com\/japamalaandfriends.com\/wp-content\/uploads\/2025\/05\/cropped-Japamala-2023-logo-black.jpg?fit=512%2C512&ssl=1\",\"contentUrl\":\"https:\/\/i0.wp.com\/japamalaandfriends.com\/wp-content\/uploads\/2025\/05\/cropped-Japamala-2023-logo-black.jpg?fit=512%2C512&ssl=1\",\"width\":512,\"height\":512,\"caption\":\"japamala and friends barcelona\"},\"image\":{\"@id\":\"https:\/\/japamalaandfriends.com\/ca#\/schema\/logo\/image\/\"},\"sameAs\":[\"https:\/\/www.facebook.com\/Japamalaandfriends\",\"https:\/\/www.instagram.com\/japamala.and.friends\"]}]}<\/script>\n<!-- \/ Yoast SEO plugin. -->","yoast_head_json":{"title":"Mono culotte - japamala and friends","description":"Granota estiuenca de viscosa suau. Fresc, amb caiguda fluida i f\u00e0cil de portar. Talla \u00fanica (S\u2013L). Ideal tamb\u00e9 per a lact\u00e0ncia. Diversos colors.","robots":{"index":"index","follow":"follow","max-snippet":"max-snippet:-1","max-image-preview":"max-image-preview:large","max-video-preview":"max-video-preview:-1"},"canonical":"https:\/\/japamalaandfriends.com\/ca\/product\/mono-culotte-2","og_locale":"ca_ES","og_type":"article","og_title":"Mono culotte - japamala and friends","og_description":"Granota estiuenca de viscosa suau. Fresc, amb caiguda fluida i f\u00e0cil de portar. Talla \u00fanica (S\u2013L). Ideal tamb\u00e9 per a lact\u00e0ncia. Diversos colors.","og_url":"https:\/\/japamalaandfriends.com\/ca\/product\/mono-culotte-2","og_site_name":"japamala and friends","article_publisher":"https:\/\/www.facebook.com\/Japamalaandfriends","article_modified_time":"2026-04-29T13:48:45+00:00","og_image":[{"width":2560,"height":2560,"url":"https:\/\/japamalaandfriends.com\/wp-content\/uploads\/2023\/05\/img_0805-scaled.jpeg","type":"image\/jpeg"}],"twitter_card":"summary_large_image","schema":{"@context":"https:\/\/schema.org","@graph":[{"@type":"WebPage","@id":"https:\/\/japamalaandfriends.com\/ca\/product\/mono-culotte-2","url":"https:\/\/japamalaandfriends.com\/ca\/product\/mono-culotte-2","name":"Mono culotte - japamala and friends","isPartOf":{"@id":"https:\/\/japamalaandfriends.com\/ca#website"},"primaryImageOfPage":{"@id":"https:\/\/japamalaandfriends.com\/ca\/product\/mono-culotte-2#primaryimage"},"image":{"@id":"https:\/\/japamalaandfriends.com\/ca\/product\/mono-culotte-2#primaryimage"},"thumbnailUrl":"https:\/\/japamalaandfriends.com\/wp-content\/uploads\/2023\/05\/img_0805-scaled.jpeg","datePublished":"2022-05-31T16:27:52+00:00","dateModified":"2026-04-29T13:48:45+00:00","description":"Granota estiuenca de viscosa suau. Fresc, amb caiguda fluida i f\u00e0cil de portar. Talla \u00fanica (S\u2013L). Ideal tamb\u00e9 per a lact\u00e0ncia. Diversos colors.","breadcrumb":{"@id":"https:\/\/japamalaandfriends.com\/ca\/product\/mono-culotte-2#breadcrumb"},"inLanguage":"ca","potentialAction":[{"@type":"ReadAction","target":["https:\/\/japamalaandfriends.com\/ca\/product\/mono-culotte-2"]}]},{"@type":"ImageObject","inLanguage":"ca","@id":"https:\/\/japamalaandfriends.com\/ca\/product\/mono-culotte-2#primaryimage","url":"https:\/\/japamalaandfriends.com\/wp-content\/uploads\/2023\/05\/img_0805-scaled.jpeg","contentUrl":"https:\/\/japamalaandfriends.com\/wp-content\/uploads\/2023\/05\/img_0805-scaled.jpeg","width":2560,"height":2560,"caption":"una clienta somrient de japamala amb el seu mono culotte vermell , fluid, al pati interior de la botiga en gr\u00e0cia."},{"@type":"BreadcrumbList","@id":"https:\/\/japamalaandfriends.com\/ca\/product\/mono-culotte-2#breadcrumb","itemListElement":[{"@type":"ListItem","position":1,"name":"Inicio","item":"https:\/\/japamalaandfriends.com\/ca\/welcome"},{"@type":"ListItem","position":2,"name":"Compra en l\u00ednea","item":"https:\/\/japamalaandfriends.com\/ca\/botiga"},{"@type":"ListItem","position":3,"name":"Mono culotte"}]},{"@type":"WebSite","@id":"https:\/\/japamalaandfriends.com\/ca#website","url":"https:\/\/japamalaandfriends.com\/ca","name":"japamala and friends","description":"Aqu\u00ed subimos tu autoestima con ropa que te hace sentir bien. Descubre kimonos, vestidos, tallas reales y moda en nuestra tienda en Barcelona y online.","publisher":{"@id":"https:\/\/japamalaandfriends.com\/ca#organization"},"potentialAction":[{"@type":"SearchAction","target":{"@type":"EntryPoint","urlTemplate":"https:\/\/japamalaandfriends.com\/ca?s={search_term_string}"},"query-input":{"@type":"PropertyValueSpecification","valueRequired":true,"valueName":"search_term_string"}}],"inLanguage":"ca"},{"@type":"Organization","@id":"https:\/\/japamalaandfriends.com\/ca#organization","name":"japamala and friends barcelona","url":"https:\/\/japamalaandfriends.com\/ca","logo":{"@type":"ImageObject","inLanguage":"ca","@id":"https:\/\/japamalaandfriends.com\/ca#\/schema\/logo\/image\/","url":"https:\/\/i0.wp.com\/japamalaandfriends.com\/wp-content\/uploads\/2025\/05\/cropped-Japamala-2023-logo-black.jpg?fit=512%2C512&ssl=1","contentUrl":"https:\/\/i0.wp.com\/japamalaandfriends.com\/wp-content\/uploads\/2025\/05\/cropped-Japamala-2023-logo-black.jpg?fit=512%2C512&ssl=1","width":512,"height":512,"caption":"japamala and friends barcelona"},"image":{"@id":"https:\/\/japamalaandfriends.com\/ca#\/schema\/logo\/image\/"},"sameAs":["https:\/\/www.facebook.com\/Japamalaandfriends","https:\/\/www.instagram.com\/japamala.and.friends"]}]}},"jetpack-related-posts":[{"id":2944,"url":"https:\/\/japamalaandfriends.com\/ca\/product\/pantalon-cintura-punto-roma","url_meta":{"origin":8103,"position":0},"title":"Pantal\u00f3n Cintura largo","author":"SandroK","date":"10 de desembre de 2022","format":false,"excerpt":"Pantal\u00f3n Cintura Largo \u2013 \u00a1Nuestro pantal\u00f3n cl\u00e1sico combina comodidad y estilo para todos los cuerpos! Seguro que tienes al menos uno de nuestros pantalones cl\u00e1sicos en tu armario. Llevamos m\u00e1s de 20 a\u00f1os confeccionando este pantal\u00f3n, y sigue siendo una estrella de Japamala. La versi\u00f3n de invierno est\u00e1 hecha en\u2026","rel":"","context":"Entrada similar","block_context":{"text":"Entrada similar","link":""},"img":{"alt_text":"","src":"https:\/\/i0.wp.com\/japamalaandfriends.com\/wp-content\/uploads\/2022\/12\/img_9457-2-scaled.jpeg?resize=350%2C200&ssl=1","width":350,"height":200,"srcset":"https:\/\/i0.wp.com\/japamalaandfriends.com\/wp-content\/uploads\/2022\/12\/img_9457-2-scaled.jpeg?resize=350%2C200&ssl=1 1x, https:\/\/i0.wp.com\/japamalaandfriends.com\/wp-content\/uploads\/2022\/12\/img_9457-2-scaled.jpeg?resize=525%2C300&ssl=1 1.5x, https:\/\/i0.wp.com\/japamalaandfriends.com\/wp-content\/uploads\/2022\/12\/img_9457-2-scaled.jpeg?resize=700%2C400&ssl=1 2x, https:\/\/i0.wp.com\/japamalaandfriends.com\/wp-content\/uploads\/2022\/12\/img_9457-2-scaled.jpeg?resize=1050%2C600&ssl=1 3x, https:\/\/i0.wp.com\/japamalaandfriends.com\/wp-content\/uploads\/2022\/12\/img_9457-2-scaled.jpeg?resize=1400%2C800&ssl=1 4x"},"classes":[]},{"id":956,"url":"https:\/\/japamalaandfriends.com\/ca\/product\/pantalon-ancho-largo","url_meta":{"origin":8103,"position":1},"title":"Pantal\u00f3n Ancho largo","author":"SandroK","date":"2 d'agost de 2021","format":false,"excerpt":"Pantal\u00f3n Ancho Largo \u2013 Comodidad, Estilo y Versatilidad Japamala Descubre el Pantal\u00f3n Ancho Largo, un cl\u00e1sico de Japamala que lleva m\u00e1s de 20 a\u00f1os acompa\u00f1ando nuestros armarios. Confeccionado en viscosa suave y cintura alta, este pantal\u00f3n de talla \u00fanica se adapta c\u00f3modamente a tallas S\/M y M\/L, siendo ideal para\u2026","rel":"","context":"Entrada similar","block_context":{"text":"Entrada similar","link":""},"img":{"alt_text":"","src":"https:\/\/i0.wp.com\/japamalaandfriends.com\/wp-content\/uploads\/2021\/08\/1382243_330813427062240_187113137_n.jpg?resize=350%2C200&ssl=1","width":350,"height":200,"srcset":"https:\/\/i0.wp.com\/japamalaandfriends.com\/wp-content\/uploads\/2021\/08\/1382243_330813427062240_187113137_n.jpg?resize=350%2C200&ssl=1 1x, https:\/\/i0.wp.com\/japamalaandfriends.com\/wp-content\/uploads\/2021\/08\/1382243_330813427062240_187113137_n.jpg?resize=525%2C300&ssl=1 1.5x"},"classes":[]},{"id":2793,"url":"https:\/\/japamalaandfriends.com\/ca\/product\/bailarina-midi-manga-larga","url_meta":{"origin":8103,"position":2},"title":"Bailarina midi \u2013 manga larga","author":"SandroK","date":"25 de novembre de 2022","format":false,"excerpt":"Vestido Bailarina Midi de manga larga \u2013 Estilo, Comodidad y Elegancia Japamala Descubre el Vestido Bailarina Midi, probablemente la prenda m\u00e1s ic\u00f3nica de Japamala. Confeccionado en punto de viscosa suave y flexible, este vestido es ideal para cuerpos petite, pero tambi\u00e9n se adapta c\u00f3modamente a otros tipos de silueta. Su\u2026","rel":"","context":"Entrada similar","block_context":{"text":"Entrada similar","link":""},"img":{"alt_text":"sonia la clienta con su vestido bailarina de punto de viscosa en rojo, posando en el patio interior de la tienda en barcelona","src":"https:\/\/i0.wp.com\/japamalaandfriends.com\/wp-content\/uploads\/2022\/11\/img_4910-scaled.jpeg?resize=350%2C200&ssl=1","width":350,"height":200,"srcset":"https:\/\/i0.wp.com\/japamalaandfriends.com\/wp-content\/uploads\/2022\/11\/img_4910-scaled.jpeg?resize=350%2C200&ssl=1 1x, https:\/\/i0.wp.com\/japamalaandfriends.com\/wp-content\/uploads\/2022\/11\/img_4910-scaled.jpeg?resize=525%2C300&ssl=1 1.5x, https:\/\/i0.wp.com\/japamalaandfriends.com\/wp-content\/uploads\/2022\/11\/img_4910-scaled.jpeg?resize=700%2C400&ssl=1 2x, https:\/\/i0.wp.com\/japamalaandfriends.com\/wp-content\/uploads\/2022\/11\/img_4910-scaled.jpeg?resize=1050%2C600&ssl=1 3x, https:\/\/i0.wp.com\/japamalaandfriends.com\/wp-content\/uploads\/2022\/11\/img_4910-scaled.jpeg?resize=1400%2C800&ssl=1 4x"},"classes":[]},{"id":2806,"url":"https:\/\/japamalaandfriends.com\/ca\/product\/top-bell-2","url_meta":{"origin":8103,"position":3},"title":"Top Bell","author":"SandroK","date":"27 de novembre de 2022","format":false,"excerpt":"Top Bell \u2013 Corte evas\u00e9 cl\u00e1sico en viscosa suave Descubre el Top Bell, nuestra camiseta de corte cl\u00e1sico evas\u00e9 confeccionada en una viscosa suave y agradable que se adapta genial al cuerpo. Es un modelo corto y acampanado, perfecto para mujeres bajitas o para quienes prefieren camisetas no demasiado largas\u2026","rel":"","context":"Entrada similar","block_context":{"text":"Entrada similar","link":""},"img":{"alt_text":"","src":"https:\/\/i0.wp.com\/japamalaandfriends.com\/wp-content\/uploads\/2022\/11\/img_1796-scaled.jpeg?resize=350%2C200&ssl=1","width":350,"height":200,"srcset":"https:\/\/i0.wp.com\/japamalaandfriends.com\/wp-content\/uploads\/2022\/11\/img_1796-scaled.jpeg?resize=350%2C200&ssl=1 1x, https:\/\/i0.wp.com\/japamalaandfriends.com\/wp-content\/uploads\/2022\/11\/img_1796-scaled.jpeg?resize=525%2C300&ssl=1 1.5x, https:\/\/i0.wp.com\/japamalaandfriends.com\/wp-content\/uploads\/2022\/11\/img_1796-scaled.jpeg?resize=700%2C400&ssl=1 2x, https:\/\/i0.wp.com\/japamalaandfriends.com\/wp-content\/uploads\/2022\/11\/img_1796-scaled.jpeg?resize=1050%2C600&ssl=1 3x, https:\/\/i0.wp.com\/japamalaandfriends.com\/wp-content\/uploads\/2022\/11\/img_1796-scaled.jpeg?resize=1400%2C800&ssl=1 4x"},"classes":[]},{"id":2832,"url":"https:\/\/japamalaandfriends.com\/ca\/product\/vestido-cruzado-unicolor","url_meta":{"origin":8103,"position":4},"title":"Vestido cruzado","author":"SandroK","date":"29 de novembre de 2022","format":false,"excerpt":"Vestido Cruzado \u2013 Ideal para embarazo y lactancia Descubre nuestro Vestido Cruzado, una prenda vers\u00e1til, favorecedora y s\u00faper c\u00f3moda, disponible en negro.\u00a0Dise\u00f1ado para acompa\u00f1arte en todas las etapas, es perfecto como ropa de maternidad y tambi\u00e9n como vestido de lactancia, gracias a su pr\u00e1ctico dise\u00f1o cruzado. Por qu\u00e9 te encantar\u00e1\u2026","rel":"","context":"Entrada similar","block_context":{"text":"Entrada similar","link":""},"img":{"alt_text":"nuestra clienta anna con su vestido de hermosa caida en punto grueso roma en color verde","src":"https:\/\/i0.wp.com\/japamalaandfriends.com\/wp-content\/uploads\/2022\/11\/img_4962-scaled.jpeg?resize=350%2C200&ssl=1","width":350,"height":200,"srcset":"https:\/\/i0.wp.com\/japamalaandfriends.com\/wp-content\/uploads\/2022\/11\/img_4962-scaled.jpeg?resize=350%2C200&ssl=1 1x, https:\/\/i0.wp.com\/japamalaandfriends.com\/wp-content\/uploads\/2022\/11\/img_4962-scaled.jpeg?resize=525%2C300&ssl=1 1.5x, https:\/\/i0.wp.com\/japamalaandfriends.com\/wp-content\/uploads\/2022\/11\/img_4962-scaled.jpeg?resize=700%2C400&ssl=1 2x, https:\/\/i0.wp.com\/japamalaandfriends.com\/wp-content\/uploads\/2022\/11\/img_4962-scaled.jpeg?resize=1050%2C600&ssl=1 3x, https:\/\/i0.wp.com\/japamalaandfriends.com\/wp-content\/uploads\/2022\/11\/img_4962-scaled.jpeg?resize=1400%2C800&ssl=1 4x"},"classes":[]},{"id":1361,"url":"https:\/\/japamalaandfriends.com\/ca\/product\/tunica-barco","url_meta":{"origin":8103,"position":5},"title":"T\u00fanica Barco m\/larga","author":"SandroK","date":"22 de novembre de 2021","format":false,"excerpt":"T\u00fanica Barco Manga Larga \u2013 \u00a1No es un top cualquiera! Descubre la T\u00fanica Barco de manga larga, una prenda irregular confeccionada en viscosa suave y natural, suave al tacto y s\u00faper combinable. Su dise\u00f1o vers\u00e1til permite llevarla con leggins, pantalones anchos o faldas de tubo, perfecta para el d\u00eda a\u2026","rel":"","context":"Entrada similar","block_context":{"text":"Entrada similar","link":""},"img":{"alt_text":"clienta en las calles de Barcelona, cerca a la tienda, luciendo la tunica larga, corte irregular, cuello barco y manga larga en color rojo con leggins negros.","src":"https:\/\/i0.wp.com\/japamalaandfriends.com\/wp-content\/uploads\/2021\/11\/d1e72ba3-ca40-45bf-be14-91574060efda.jpg?resize=350%2C200&ssl=1","width":350,"height":200,"srcset":"https:\/\/i0.wp.com\/japamalaandfriends.com\/wp-content\/uploads\/2021\/11\/d1e72ba3-ca40-45bf-be14-91574060efda.jpg?resize=350%2C200&ssl=1 1x, https:\/\/i0.wp.com\/japamalaandfriends.com\/wp-content\/uploads\/2021\/11\/d1e72ba3-ca40-45bf-be14-91574060efda.jpg?resize=525%2C300&ssl=1 1.5x, https:\/\/i0.wp.com\/japamalaandfriends.com\/wp-content\/uploads\/2021\/11\/d1e72ba3-ca40-45bf-be14-91574060efda.jpg?resize=700%2C400&ssl=1 2x, https:\/\/i0.wp.com\/japamalaandfriends.com\/wp-content\/uploads\/2021\/11\/d1e72ba3-ca40-45bf-be14-91574060efda.jpg?resize=1050%2C600&ssl=1 3x, https:\/\/i0.wp.com\/japamalaandfriends.com\/wp-content\/uploads\/2021\/11\/d1e72ba3-ca40-45bf-be14-91574060efda.jpg?resize=1400%2C800&ssl=1 4x"},"classes":[]}],"jetpack_sharing_enabled":true,"_links":{"self":[{"href":"https:\/\/japamalaandfriends.com\/ca\/wp-json\/wp\/v2\/product\/8103","targetHints":{"allow":["GET"]}}],"collection":[{"href":"https:\/\/japamalaandfriends.com\/ca\/wp-json\/wp\/v2\/product"}],"about":[{"href":"https:\/\/japamalaandfriends.com\/ca\/wp-json\/wp\/v2\/types\/product"}],"wp:featuredmedia":[{"embeddable":true,"href":"https:\/\/japamalaandfriends.com\/ca\/wp-json\/wp\/v2\/media\/7334"}],"wp:attachment":[{"href":"https:\/\/japamalaandfriends.com\/ca\/wp-json\/wp\/v2\/media?parent=8103"}],"wp:term":[{"taxonomy":"product_brand","embeddable":true,"href":"https:\/\/japamalaandfriends.com\/ca\/wp-json\/wp\/v2\/product_brand?post=8103"},{"taxonomy":"product_cat","embeddable":true,"href":"https:\/\/japamalaandfriends.com\/ca\/wp-json\/wp\/v2\/product_cat?post=8103"},{"taxonomy":"product_tag","embeddable":true,"href":"https:\/\/japamalaandfriends.com\/ca\/wp-json\/wp\/v2\/product_tag?post=8103"}],"curies":[{"name":"wp","href":"https:\/\/api.w.org\/{rel}","templated":true}]}}