{"id":10295,"date":"2025-11-10T14:01:02","date_gmt":"2025-11-10T14:01:02","guid":{"rendered":"https:\/\/japamalaandfriends.com\/?post_type=product&#038;p=10295"},"modified":"2026-04-15T15:52:29","modified_gmt":"2026-04-15T15:52:29","slug":"top-waterfall","status":"publish","type":"product","link":"https:\/\/japamalaandfriends.com\/en\/product\/top-waterfall","title":{"rendered":"Top Waterfall"},"content":{"rendered":"<h3 data-start=\"102\" data-end=\"176\"><img decoding=\"async\" class=\"emoji\" role=\"img\" src=\"https:\/\/s.w.org\/images\/core\/emoji\/16.0.1\/svg\/1f1ea-1f1f8.svg\" alt=\"\ud83c\uddea\ud83c\uddf8\" \/>\u00a0Top Waterfall \u2013 Comodidad y estilo en una sola prenda!<\/h3>\n<p data-start=\"173\" data-end=\"468\">Descubre el <strong data-start=\"185\" data-end=\"202\">Top Waterfall<\/strong>, un top amplio, c\u00f3modo y sofisticado, dise\u00f1ado para adaptarse a todos los cuerpos. Disponible en tres colores modernos: <strong data-start=\"323\" data-end=\"364\">negro, azul cobalto y verde el\u00e9ctrico<\/strong>, es la prenda ideal tanto para el d\u00eda a d\u00eda como para ocasiones en las que quieres un toque elegante.<\/p>\n<p data-start=\"470\" data-end=\"737\">Confeccionado en <strong data-start=\"487\" data-end=\"509\">viscosa y elastano<\/strong>, este top ofrece una <strong data-start=\"531\" data-end=\"568\">ca\u00edda perfecta y un ajuste c\u00f3modo<\/strong>, que combina libertad de movimiento con estilo. Su dise\u00f1o vers\u00e1til permite usarlo como prenda casual o darle un aire sofisticado gracias a su corte amplio y elegante.<\/p>\n<p data-start=\"739\" data-end=\"753\"><strong data-start=\"739\" data-end=\"751\">Medidas:<\/strong><\/p>\n<ul data-start=\"754\" data-end=\"875\">\n<li data-start=\"754\" data-end=\"814\">\n<p data-start=\"756\" data-end=\"814\"><strong data-start=\"756\" data-end=\"764\">S\/M:<\/strong> sisa 25 cm \u2013 largo 55 cm \u2013 ancho de pecho 59 cm<\/p>\n<\/li>\n<li data-start=\"815\" data-end=\"875\">\n<p data-start=\"817\" data-end=\"875\"><strong data-start=\"817\" data-end=\"825\">M\/L:<\/strong> sisa 30 cm \u2013 largo 58 cm \u2013 ancho de pecho 64 cm<\/p>\n<\/li>\n<\/ul>\n<p data-start=\"877\" data-end=\"1072\">El <strong data-start=\"880\" data-end=\"897\">Top Waterfall<\/strong> es la elecci\u00f3n perfecta para quienes buscan comodidad sin renunciar al estilo. Amplio, fluido y elegante, se adapta a cualquier cuerpo y ocasi\u00f3n. \u00a1No te quedes sin el tuyo!<\/p>\n<hr \/>\n<h3 data-start=\"1393\" data-end=\"1438\"><img decoding=\"async\" src=\"https:\/\/japamalaandfriends.com\/wp-content\/plugins\/sitepress-multilingual-cms\/res\/flags\/ca.svg\" alt=\"Catal\u00e0\" \/> Top Waterfall \u2013 Comoditat i estil en una sola pe\u00e7a!<\/h3>\n<p data-start=\"141\" data-end=\"407\">Descobreix el Top Waterfall, un top ample, c\u00f2mode i sofisticat, dissenyat per adaptar-se a tots els cossos. Disponible en tres colors moderns: negre, blau cobalt i verd el\u00e8ctric, \u00e9s la pe\u00e7a ideal tant per al dia a dia com per a ocasions en qu\u00e8 vols un toc elegant.<\/p>\n<p data-start=\"409\" data-end=\"676\">Confeccionat amb viscosa i elast\u00e0, aquest top ofereix una caiguda perfecta i un ajust c\u00f2mode, combinant llibertat de moviment amb estil. El seu disseny vers\u00e0til permet utilitzar-lo com a pe\u00e7a casual o donar-li un aire sofisticat gr\u00e0cies al seu tall ample i elegant.<\/p>\n<p data-start=\"678\" data-end=\"690\"><strong data-start=\"678\" data-end=\"688\">Mides:<\/strong><\/p>\n<ul data-start=\"691\" data-end=\"794\">\n<li data-start=\"691\" data-end=\"742\">\n<p data-start=\"693\" data-end=\"742\">S\/M: sisa 25 cm \u2013 llarg 55 cm \u2013 ample pit 59 cm<\/p>\n<\/li>\n<li data-start=\"743\" data-end=\"794\">\n<p data-start=\"745\" data-end=\"794\">M\/L: sisa 30 cm \u2013 llarg 58 cm \u2013 ample pit 64 cm<\/p>\n<\/li>\n<\/ul>\n<p data-start=\"796\" data-end=\"975\">El Top Waterfall \u00e9s l\u2019elecci\u00f3 perfecta per a qui busca comoditat sense renunciar a l\u2019estil. Ample, fluid i elegant, s\u2019adapta a qualsevol cos i ocasi\u00f3. No et quedis sense el teu!<\/p>\n<hr \/>\n<h3 data-start=\"1386\" data-end=\"1458\"><img decoding=\"async\" class=\"emoji\" role=\"img\" src=\"https:\/\/s.w.org\/images\/core\/emoji\/16.0.1\/svg\/1f1ec-1f1e7.svg\" alt=\"\ud83c\uddec\ud83c\udde7\" \/> Waterfall Top \u2013 Comfort and Style in One Garment!<\/h3>\n<p data-start=\"1058\" data-end=\"1327\">Discover the Waterfall Top, a loose, comfortable, and sophisticated top designed to fit all body types. Available in three modern colors: black, cobalt blue, and electric green, it\u2019s the perfect piece for everyday wear or for occasions when you want an elegant touch.<\/p>\n<p data-start=\"1329\" data-end=\"1567\">Made from viscose and elastane, this top offers a perfect drape and comfortable fit, combining freedom of movement with style. Its versatile design allows it to be worn as a casual piece or dressed up thanks to its wide and elegant cut.<\/p>\n<p data-start=\"1569\" data-end=\"1588\"><strong data-start=\"1569\" data-end=\"1586\">Measurements:<\/strong><\/p>\n<ul data-start=\"1589\" data-end=\"1704\">\n<li data-start=\"1589\" data-end=\"1646\">\n<p data-start=\"1591\" data-end=\"1646\">S\/M: armhole 25 cm \u2013 length 55 cm \u2013 chest width 59 cm<\/p>\n<\/li>\n<li data-start=\"1647\" data-end=\"1704\">\n<p data-start=\"1649\" data-end=\"1704\">M\/L: armhole 30 cm \u2013 length 58 cm \u2013 chest width 64 cm<\/p>\n<\/li>\n<\/ul>\n<p data-start=\"1706\" data-end=\"1896\">The Waterfall Top is the perfect choice for anyone seeking comfort without sacrificing style. Loose, flowing, and elegant, it adapts to any body type and occasion. Don\u2019t miss out on yours!<\/p>\n","protected":false},"excerpt":{"rendered":"<p>\u00a0Top Waterfall \u2013 Comodidad y estilo en una sola prenda! Descubre el Top Waterfall, un top amplio, c\u00f3modo y sofisticado, dise\u00f1ado para adaptarse a todos los cuerpos. Disponible en tres colores modernos: negro, azul cobalto y verde el\u00e9ctrico, es la prenda ideal tanto para el d\u00eda a d\u00eda como para ocasiones en las que quieres [&hellip;]<\/p>\n","protected":false},"featured_media":10302,"template":"","meta":{"_et_pb_use_builder":"","_et_pb_old_content":"","_et_gb_content_width":""},"product_brand":[],"product_cat":[70,74,157,15,31],"product_tag":[748,747,745,749,746],"class_list":{"0":"post-10295","1":"product","2":"type-product","3":"status-publish","4":"has-post-thumbnail","6":"product_cat-tallas-grandes","7":"product_cat-embarazo","8":"product_cat-lactancia","9":"product_cat-general","10":"product_cat-tops-y-jerseys","11":"product_tag-estilo-ancho","12":"product_tag-top-comodo","13":"product_tag-top-mujer","14":"product_tag-top-suave","15":"product_tag-top-waterfall","16":"pa_color-azul-cobalto","17":"pa_color-hueso","18":"pa_color-ladrillo","19":"pa_color-negro","20":"pa_color-verde-eletrico","21":"pa_talla-size-m-l","22":"pa_talla-size-s-m","24":"first","25":"instock","26":"shipping-taxable","27":"purchasable","28":"product-type-variable"},"yoast_head":"<!-- This site is optimized with the Yoast SEO plugin v26.2 - https:\/\/yoast.com\/wordpress\/plugins\/seo\/ -->\n<title>Top Waterfall - japamala and friends<\/title>\n<meta name=\"description\" content=\"Top Waterfall para mujer: amplio y c\u00f3modo. Disponible en negro, azul cobalto y verde el\u00e9ctrico. Perfecto para uso diario o looks sofisticados.\" \/>\n<meta name=\"robots\" content=\"index, follow, max-snippet:-1, max-image-preview:large, max-video-preview:-1\" \/>\n<link rel=\"canonical\" href=\"https:\/\/japamalaandfriends.com\/en\/product\/top-waterfall\" \/>\n<meta property=\"og:locale\" content=\"en_US\" \/>\n<meta property=\"og:type\" content=\"article\" \/>\n<meta property=\"og:title\" content=\"Top Waterfall - japamala and friends\" \/>\n<meta property=\"og:description\" content=\"Top Waterfall para mujer: amplio y c\u00f3modo. Disponible en negro, azul cobalto y verde el\u00e9ctrico. Perfecto para uso diario o looks sofisticados.\" \/>\n<meta property=\"og:url\" content=\"https:\/\/japamalaandfriends.com\/en\/product\/top-waterfall\" \/>\n<meta property=\"og:site_name\" content=\"japamala and friends\" \/>\n<meta property=\"article:publisher\" content=\"https:\/\/www.facebook.com\/Japamalaandfriends\" \/>\n<meta property=\"article:modified_time\" content=\"2026-04-15T15:52:29+00:00\" \/>\n<meta property=\"og:image\" content=\"https:\/\/japamalaandfriends.com\/wp-content\/uploads\/2025\/11\/img_5965-scaled.jpeg\" \/>\n\t<meta property=\"og:image:width\" content=\"1920\" \/>\n\t<meta property=\"og:image:height\" content=\"2560\" \/>\n\t<meta property=\"og:image:type\" content=\"image\/jpeg\" \/>\n<meta name=\"twitter:card\" content=\"summary_large_image\" \/>\n<meta name=\"twitter:label1\" content=\"Est. reading time\" \/>\n\t<meta name=\"twitter:data1\" content=\"3 minutes\" \/>\n<script type=\"application\/ld+json\" class=\"yoast-schema-graph\">{\"@context\":\"https:\/\/schema.org\",\"@graph\":[{\"@type\":\"WebPage\",\"@id\":\"https:\/\/japamalaandfriends.com\/en\/product\/top-waterfall\",\"url\":\"https:\/\/japamalaandfriends.com\/en\/product\/top-waterfall\",\"name\":\"Top Waterfall - japamala and friends\",\"isPartOf\":{\"@id\":\"https:\/\/japamalaandfriends.com\/en#website\"},\"primaryImageOfPage\":{\"@id\":\"https:\/\/japamalaandfriends.com\/en\/product\/top-waterfall#primaryimage\"},\"image\":{\"@id\":\"https:\/\/japamalaandfriends.com\/en\/product\/top-waterfall#primaryimage\"},\"thumbnailUrl\":\"https:\/\/japamalaandfriends.com\/wp-content\/uploads\/2025\/11\/img_5965-scaled.jpeg\",\"datePublished\":\"2025-11-10T14:01:02+00:00\",\"dateModified\":\"2026-04-15T15:52:29+00:00\",\"description\":\"Top Waterfall para mujer: amplio y c\u00f3modo. Disponible en negro, azul cobalto y verde el\u00e9ctrico. Perfecto para uso diario o looks sofisticados.\",\"breadcrumb\":{\"@id\":\"https:\/\/japamalaandfriends.com\/en\/product\/top-waterfall#breadcrumb\"},\"inLanguage\":\"en-US\",\"potentialAction\":[{\"@type\":\"ReadAction\",\"target\":[\"https:\/\/japamalaandfriends.com\/en\/product\/top-waterfall\"]}]},{\"@type\":\"ImageObject\",\"inLanguage\":\"en-US\",\"@id\":\"https:\/\/japamalaandfriends.com\/en\/product\/top-waterfall#primaryimage\",\"url\":\"https:\/\/japamalaandfriends.com\/wp-content\/uploads\/2025\/11\/img_5965-scaled.jpeg\",\"contentUrl\":\"https:\/\/japamalaandfriends.com\/wp-content\/uploads\/2025\/11\/img_5965-scaled.jpeg\",\"width\":1920,\"height\":2560},{\"@type\":\"BreadcrumbList\",\"@id\":\"https:\/\/japamalaandfriends.com\/en\/product\/top-waterfall#breadcrumb\",\"itemListElement\":[{\"@type\":\"ListItem\",\"position\":1,\"name\":\"Inicio\",\"item\":\"https:\/\/japamalaandfriends.com\/en\/welcome\"},{\"@type\":\"ListItem\",\"position\":2,\"name\":\"ONLINE shop\",\"item\":\"https:\/\/japamalaandfriends.com\/en\/shop\"},{\"@type\":\"ListItem\",\"position\":3,\"name\":\"Top Waterfall\"}]},{\"@type\":\"WebSite\",\"@id\":\"https:\/\/japamalaandfriends.com\/en#website\",\"url\":\"https:\/\/japamalaandfriends.com\/en\",\"name\":\"japamala and friends\",\"description\":\"Aqu\u00ed subimos tu autoestima con ropa que te hace sentir bien. Descubre kimonos, vestidos, tallas reales y moda en nuestra tienda en Barcelona y online.\",\"publisher\":{\"@id\":\"https:\/\/japamalaandfriends.com\/en#organization\"},\"potentialAction\":[{\"@type\":\"SearchAction\",\"target\":{\"@type\":\"EntryPoint\",\"urlTemplate\":\"https:\/\/japamalaandfriends.com\/en?s={search_term_string}\"},\"query-input\":{\"@type\":\"PropertyValueSpecification\",\"valueRequired\":true,\"valueName\":\"search_term_string\"}}],\"inLanguage\":\"en-US\"},{\"@type\":\"Organization\",\"@id\":\"https:\/\/japamalaandfriends.com\/en#organization\",\"name\":\"japamala and friends barcelona\",\"url\":\"https:\/\/japamalaandfriends.com\/en\",\"logo\":{\"@type\":\"ImageObject\",\"inLanguage\":\"en-US\",\"@id\":\"https:\/\/japamalaandfriends.com\/en#\/schema\/logo\/image\/\",\"url\":\"https:\/\/i0.wp.com\/japamalaandfriends.com\/wp-content\/uploads\/2025\/05\/cropped-Japamala-2023-logo-black.jpg?fit=512%2C512&ssl=1\",\"contentUrl\":\"https:\/\/i0.wp.com\/japamalaandfriends.com\/wp-content\/uploads\/2025\/05\/cropped-Japamala-2023-logo-black.jpg?fit=512%2C512&ssl=1\",\"width\":512,\"height\":512,\"caption\":\"japamala and friends barcelona\"},\"image\":{\"@id\":\"https:\/\/japamalaandfriends.com\/en#\/schema\/logo\/image\/\"},\"sameAs\":[\"https:\/\/www.facebook.com\/Japamalaandfriends\",\"https:\/\/www.instagram.com\/japamala.and.friends\"]}]}<\/script>\n<!-- \/ Yoast SEO plugin. -->","yoast_head_json":{"title":"Top Waterfall - japamala and friends","description":"Top Waterfall para mujer: amplio y c\u00f3modo. Disponible en negro, azul cobalto y verde el\u00e9ctrico. Perfecto para uso diario o looks sofisticados.","robots":{"index":"index","follow":"follow","max-snippet":"max-snippet:-1","max-image-preview":"max-image-preview:large","max-video-preview":"max-video-preview:-1"},"canonical":"https:\/\/japamalaandfriends.com\/en\/product\/top-waterfall","og_locale":"en_US","og_type":"article","og_title":"Top Waterfall - japamala and friends","og_description":"Top Waterfall para mujer: amplio y c\u00f3modo. Disponible en negro, azul cobalto y verde el\u00e9ctrico. Perfecto para uso diario o looks sofisticados.","og_url":"https:\/\/japamalaandfriends.com\/en\/product\/top-waterfall","og_site_name":"japamala and friends","article_publisher":"https:\/\/www.facebook.com\/Japamalaandfriends","article_modified_time":"2026-04-15T15:52:29+00:00","og_image":[{"width":1920,"height":2560,"url":"https:\/\/japamalaandfriends.com\/wp-content\/uploads\/2025\/11\/img_5965-scaled.jpeg","type":"image\/jpeg"}],"twitter_card":"summary_large_image","twitter_misc":{"Est. reading time":"3 minutes"},"schema":{"@context":"https:\/\/schema.org","@graph":[{"@type":"WebPage","@id":"https:\/\/japamalaandfriends.com\/en\/product\/top-waterfall","url":"https:\/\/japamalaandfriends.com\/en\/product\/top-waterfall","name":"Top Waterfall - japamala and friends","isPartOf":{"@id":"https:\/\/japamalaandfriends.com\/en#website"},"primaryImageOfPage":{"@id":"https:\/\/japamalaandfriends.com\/en\/product\/top-waterfall#primaryimage"},"image":{"@id":"https:\/\/japamalaandfriends.com\/en\/product\/top-waterfall#primaryimage"},"thumbnailUrl":"https:\/\/japamalaandfriends.com\/wp-content\/uploads\/2025\/11\/img_5965-scaled.jpeg","datePublished":"2025-11-10T14:01:02+00:00","dateModified":"2026-04-15T15:52:29+00:00","description":"Top Waterfall para mujer: amplio y c\u00f3modo. Disponible en negro, azul cobalto y verde el\u00e9ctrico. Perfecto para uso diario o looks sofisticados.","breadcrumb":{"@id":"https:\/\/japamalaandfriends.com\/en\/product\/top-waterfall#breadcrumb"},"inLanguage":"en-US","potentialAction":[{"@type":"ReadAction","target":["https:\/\/japamalaandfriends.com\/en\/product\/top-waterfall"]}]},{"@type":"ImageObject","inLanguage":"en-US","@id":"https:\/\/japamalaandfriends.com\/en\/product\/top-waterfall#primaryimage","url":"https:\/\/japamalaandfriends.com\/wp-content\/uploads\/2025\/11\/img_5965-scaled.jpeg","contentUrl":"https:\/\/japamalaandfriends.com\/wp-content\/uploads\/2025\/11\/img_5965-scaled.jpeg","width":1920,"height":2560},{"@type":"BreadcrumbList","@id":"https:\/\/japamalaandfriends.com\/en\/product\/top-waterfall#breadcrumb","itemListElement":[{"@type":"ListItem","position":1,"name":"Inicio","item":"https:\/\/japamalaandfriends.com\/en\/welcome"},{"@type":"ListItem","position":2,"name":"ONLINE shop","item":"https:\/\/japamalaandfriends.com\/en\/shop"},{"@type":"ListItem","position":3,"name":"Top Waterfall"}]},{"@type":"WebSite","@id":"https:\/\/japamalaandfriends.com\/en#website","url":"https:\/\/japamalaandfriends.com\/en","name":"japamala and friends","description":"Aqu\u00ed subimos tu autoestima con ropa que te hace sentir bien. Descubre kimonos, vestidos, tallas reales y moda en nuestra tienda en Barcelona y online.","publisher":{"@id":"https:\/\/japamalaandfriends.com\/en#organization"},"potentialAction":[{"@type":"SearchAction","target":{"@type":"EntryPoint","urlTemplate":"https:\/\/japamalaandfriends.com\/en?s={search_term_string}"},"query-input":{"@type":"PropertyValueSpecification","valueRequired":true,"valueName":"search_term_string"}}],"inLanguage":"en-US"},{"@type":"Organization","@id":"https:\/\/japamalaandfriends.com\/en#organization","name":"japamala and friends barcelona","url":"https:\/\/japamalaandfriends.com\/en","logo":{"@type":"ImageObject","inLanguage":"en-US","@id":"https:\/\/japamalaandfriends.com\/en#\/schema\/logo\/image\/","url":"https:\/\/i0.wp.com\/japamalaandfriends.com\/wp-content\/uploads\/2025\/05\/cropped-Japamala-2023-logo-black.jpg?fit=512%2C512&ssl=1","contentUrl":"https:\/\/i0.wp.com\/japamalaandfriends.com\/wp-content\/uploads\/2025\/05\/cropped-Japamala-2023-logo-black.jpg?fit=512%2C512&ssl=1","width":512,"height":512,"caption":"japamala and friends barcelona"},"image":{"@id":"https:\/\/japamalaandfriends.com\/en#\/schema\/logo\/image\/"},"sameAs":["https:\/\/www.facebook.com\/Japamalaandfriends","https:\/\/www.instagram.com\/japamala.and.friends"]}]}},"jetpack-related-posts":[{"id":9517,"url":"https:\/\/japamalaandfriends.com\/en\/product\/top-leda","url_meta":{"origin":10295,"position":0},"title":"Top Leda","author":"SandroK","date":"October 21, 2025","format":false,"excerpt":"\u00a0Top Leda \u2013 Estilo y comodidad en su versi\u00f3n m\u00e1s ligera El Top Leda es la opci\u00f3n m\u00e1s fresca y vers\u00e1til de nuestro emblem\u00e1tico Jersey Leda Largo. Confeccionado en tejido de viscosa el\u00e1stica (95% viscosa, 5% elastano), ofrece una sensaci\u00f3n suave y c\u00f3moda que se adapta perfectamente a tu figura,\u2026","rel":"","context":"Similar post","block_context":{"text":"Similar post","link":""},"img":{"alt_text":"Mujer sonriendo con top leda amarillo mostaza de manga tres cuartos y cuello drapeado, combinando con falda azul. Moda casual y elegante de la colecci\u00f3n Leda.","src":"https:\/\/i0.wp.com\/japamalaandfriends.com\/wp-content\/uploads\/2025\/10\/japamala-1121.jpeg?resize=350%2C200&ssl=1","width":350,"height":200,"srcset":"https:\/\/i0.wp.com\/japamalaandfriends.com\/wp-content\/uploads\/2025\/10\/japamala-1121.jpeg?resize=350%2C200&ssl=1 1x, https:\/\/i0.wp.com\/japamalaandfriends.com\/wp-content\/uploads\/2025\/10\/japamala-1121.jpeg?resize=525%2C300&ssl=1 1.5x, https:\/\/i0.wp.com\/japamalaandfriends.com\/wp-content\/uploads\/2025\/10\/japamala-1121.jpeg?resize=700%2C400&ssl=1 2x, https:\/\/i0.wp.com\/japamalaandfriends.com\/wp-content\/uploads\/2025\/10\/japamala-1121.jpeg?resize=1050%2C600&ssl=1 3x"},"classes":[]},{"id":10380,"url":"https:\/\/japamalaandfriends.com\/en\/product\/top-reversible-m-larga","url_meta":{"origin":10295,"position":1},"title":"Top Reversible m\/larga","author":"SandroK","date":"November 16, 2025","format":false,"excerpt":"\u00a0Top Reversible \u2013 Elegante, vers\u00e1til y s\u00faper favorecedor Descubre nuestro Top Reversible, una prenda dise\u00f1ada para realzar tu figura con una ca\u00edda preciosa en la parte delantera, que abraza el cuerpo y estiliza el cuello y el pecho. Su dise\u00f1o fluido aporta un toque elegante, c\u00f3modo y favorecedor para cualquier\u2026","rel":"","context":"Similar post","block_context":{"text":"Similar post","link":""},"img":{"alt_text":"","src":"https:\/\/i0.wp.com\/japamalaandfriends.com\/wp-content\/uploads\/2025\/11\/img_9619-scaled.jpeg?resize=350%2C200&ssl=1","width":350,"height":200,"srcset":"https:\/\/i0.wp.com\/japamalaandfriends.com\/wp-content\/uploads\/2025\/11\/img_9619-scaled.jpeg?resize=350%2C200&ssl=1 1x, https:\/\/i0.wp.com\/japamalaandfriends.com\/wp-content\/uploads\/2025\/11\/img_9619-scaled.jpeg?resize=525%2C300&ssl=1 1.5x, https:\/\/i0.wp.com\/japamalaandfriends.com\/wp-content\/uploads\/2025\/11\/img_9619-scaled.jpeg?resize=700%2C400&ssl=1 2x, https:\/\/i0.wp.com\/japamalaandfriends.com\/wp-content\/uploads\/2025\/11\/img_9619-scaled.jpeg?resize=1050%2C600&ssl=1 3x, https:\/\/i0.wp.com\/japamalaandfriends.com\/wp-content\/uploads\/2025\/11\/img_9619-scaled.jpeg?resize=1400%2C800&ssl=1 4x"},"classes":[]},{"id":9859,"url":"https:\/\/japamalaandfriends.com\/en\/product\/falda-tubo-midi","url_meta":{"origin":10295,"position":2},"title":"Falda Tubo Midi","author":"SandroK","date":"November 10, 2025","format":false,"excerpt":"\u00a0Falda Tubo Midi \u2013 Elegancia y Comodidad | Hecho en Barcelona Eleva tu estilo con la Falda Tubo Midi en Punto Roma, una prenda vers\u00e1til y sofisticada pensada para mujeres que buscan elegancia sin renunciar a la comodidad. Ideal para la oficina, eventos o cualquier ocasi\u00f3n especial, su dise\u00f1o entallado\u2026","rel":"","context":"Similar post","block_context":{"text":"Similar post","link":""},"img":{"alt_text":"","src":"https:\/\/i0.wp.com\/japamalaandfriends.com\/wp-content\/uploads\/2025\/11\/img_9514-scaled.jpeg?resize=350%2C200&ssl=1","width":350,"height":200,"srcset":"https:\/\/i0.wp.com\/japamalaandfriends.com\/wp-content\/uploads\/2025\/11\/img_9514-scaled.jpeg?resize=350%2C200&ssl=1 1x, https:\/\/i0.wp.com\/japamalaandfriends.com\/wp-content\/uploads\/2025\/11\/img_9514-scaled.jpeg?resize=525%2C300&ssl=1 1.5x, https:\/\/i0.wp.com\/japamalaandfriends.com\/wp-content\/uploads\/2025\/11\/img_9514-scaled.jpeg?resize=700%2C400&ssl=1 2x, https:\/\/i0.wp.com\/japamalaandfriends.com\/wp-content\/uploads\/2025\/11\/img_9514-scaled.jpeg?resize=1050%2C600&ssl=1 3x, https:\/\/i0.wp.com\/japamalaandfriends.com\/wp-content\/uploads\/2025\/11\/img_9514-scaled.jpeg?resize=1400%2C800&ssl=1 4x"},"classes":[]},{"id":1712,"url":"https:\/\/japamalaandfriends.com\/en\/product\/falda-mini-tubo","url_meta":{"origin":10295,"position":3},"title":"Falda Tubo","author":"SandroK","date":"February 5, 2022","format":false,"excerpt":"Falda tubo de punto Roma \u2013 Elegancia local desde Barcelona Descubre nuestra falda con corte tubo de punto Roma, dise\u00f1ada y producida localmente en Barcelona. Su silueta ce\u00f1ida y elegante abraza la figura, ofreciendo un estilo sofisticado que combina a la perfecci\u00f3n con ambientes profesionales o eventos formales. Esta falda\u2026","rel":"","context":"Similar post","block_context":{"text":"Similar post","link":""},"img":{"alt_text":"","src":"https:\/\/i0.wp.com\/japamalaandfriends.com\/wp-content\/uploads\/2023\/04\/img_9470-scaled.jpeg?resize=350%2C200&ssl=1","width":350,"height":200,"srcset":"https:\/\/i0.wp.com\/japamalaandfriends.com\/wp-content\/uploads\/2023\/04\/img_9470-scaled.jpeg?resize=350%2C200&ssl=1 1x, https:\/\/i0.wp.com\/japamalaandfriends.com\/wp-content\/uploads\/2023\/04\/img_9470-scaled.jpeg?resize=525%2C300&ssl=1 1.5x, https:\/\/i0.wp.com\/japamalaandfriends.com\/wp-content\/uploads\/2023\/04\/img_9470-scaled.jpeg?resize=700%2C400&ssl=1 2x, https:\/\/i0.wp.com\/japamalaandfriends.com\/wp-content\/uploads\/2023\/04\/img_9470-scaled.jpeg?resize=1050%2C600&ssl=1 3x, https:\/\/i0.wp.com\/japamalaandfriends.com\/wp-content\/uploads\/2023\/04\/img_9470-scaled.jpeg?resize=1400%2C800&ssl=1 4x"},"classes":[]},{"id":9638,"url":"https:\/\/japamalaandfriends.com\/en\/product\/falda-city-twill","url_meta":{"origin":10295,"position":4},"title":"Falda City twill","author":"SandroK","date":"October 23, 2025","format":false,"excerpt":"Falda City Twill \u2013 Vers\u00e1til y c\u00f3moda Descubre la falda City twill, confeccionada con un tejido innovador que combina lino y elastano, ofreciendo estructura, suavidad y elasticidad. Esta prenda es ideal para cualquier temporada: fresca para el verano y perfecta con medias o calcetines altos en invierno. u dise\u00f1o atemporal\u2026","rel":"","context":"Similar post","block_context":{"text":"Similar post","link":""},"img":{"alt_text":"","src":"https:\/\/i0.wp.com\/japamalaandfriends.com\/wp-content\/uploads\/2025\/10\/img_8270.jpeg?resize=350%2C200&ssl=1","width":350,"height":200,"srcset":"https:\/\/i0.wp.com\/japamalaandfriends.com\/wp-content\/uploads\/2025\/10\/img_8270.jpeg?resize=350%2C200&ssl=1 1x, https:\/\/i0.wp.com\/japamalaandfriends.com\/wp-content\/uploads\/2025\/10\/img_8270.jpeg?resize=525%2C300&ssl=1 1.5x, https:\/\/i0.wp.com\/japamalaandfriends.com\/wp-content\/uploads\/2025\/10\/img_8270.jpeg?resize=700%2C400&ssl=1 2x, https:\/\/i0.wp.com\/japamalaandfriends.com\/wp-content\/uploads\/2025\/10\/img_8270.jpeg?resize=1050%2C600&ssl=1 3x"},"classes":[]},{"id":9671,"url":"https:\/\/japamalaandfriends.com\/en\/product\/falda-lana-estampada-2","url_meta":{"origin":10295,"position":5},"title":"Falda Lana estampada","author":"SandroK","date":"October 23, 2025","format":false,"excerpt":"Falda de Lana Estampada \u2013 Midi Descubre nuestra falda midi de lana estampada, una prenda vers\u00e1til, c\u00f3moda y con estilo, perfecta para cualquier ocasi\u00f3n. Dise\u00f1ada y confeccionada en Barcelona, esta falda combina dise\u00f1o local con materiales de alta calidad para ofrecerte una pieza \u00fanica en dos estampados. Con un ajuste\u2026","rel":"","context":"Similar post","block_context":{"text":"Similar post","link":""},"img":{"alt_text":"Mujer sonriendo en frente de una pared rojiza. Vestida en un top negro, una falda midi estampada, un cinturon amarillo y un par de botines negros.","src":"https:\/\/i0.wp.com\/japamalaandfriends.com\/wp-content\/uploads\/2025\/10\/japamala-1387.jpg?resize=350%2C200&ssl=1","width":350,"height":200,"srcset":"https:\/\/i0.wp.com\/japamalaandfriends.com\/wp-content\/uploads\/2025\/10\/japamala-1387.jpg?resize=350%2C200&ssl=1 1x, https:\/\/i0.wp.com\/japamalaandfriends.com\/wp-content\/uploads\/2025\/10\/japamala-1387.jpg?resize=525%2C300&ssl=1 1.5x, https:\/\/i0.wp.com\/japamalaandfriends.com\/wp-content\/uploads\/2025\/10\/japamala-1387.jpg?resize=700%2C400&ssl=1 2x, https:\/\/i0.wp.com\/japamalaandfriends.com\/wp-content\/uploads\/2025\/10\/japamala-1387.jpg?resize=1050%2C600&ssl=1 3x"},"classes":[]}],"jetpack_sharing_enabled":true,"_links":{"self":[{"href":"https:\/\/japamalaandfriends.com\/en\/wp-json\/wp\/v2\/product\/10295","targetHints":{"allow":["GET"]}}],"collection":[{"href":"https:\/\/japamalaandfriends.com\/en\/wp-json\/wp\/v2\/product"}],"about":[{"href":"https:\/\/japamalaandfriends.com\/en\/wp-json\/wp\/v2\/types\/product"}],"wp:featuredmedia":[{"embeddable":true,"href":"https:\/\/japamalaandfriends.com\/en\/wp-json\/wp\/v2\/media\/10302"}],"wp:attachment":[{"href":"https:\/\/japamalaandfriends.com\/en\/wp-json\/wp\/v2\/media?parent=10295"}],"wp:term":[{"taxonomy":"product_brand","embeddable":true,"href":"https:\/\/japamalaandfriends.com\/en\/wp-json\/wp\/v2\/product_brand?post=10295"},{"taxonomy":"product_cat","embeddable":true,"href":"https:\/\/japamalaandfriends.com\/en\/wp-json\/wp\/v2\/product_cat?post=10295"},{"taxonomy":"product_tag","embeddable":true,"href":"https:\/\/japamalaandfriends.com\/en\/wp-json\/wp\/v2\/product_tag?post=10295"}],"curies":[{"name":"wp","href":"https:\/\/api.w.org\/{rel}","templated":true}]}}