{"id":1361,"date":"2021-11-22T18:47:50","date_gmt":"2021-11-22T18:47:50","guid":{"rendered":"https:\/\/japamalaandfriends.com\/?post_type=product&#038;p=1361"},"modified":"2026-04-18T12:14:16","modified_gmt":"2026-04-18T12:14:16","slug":"tunica-barco","status":"publish","type":"product","link":"https:\/\/japamalaandfriends.com\/en\/product\/tunica-barco","title":{"rendered":"T\u00fanica Barco m\/larga"},"content":{"rendered":"<h3 data-start=\"102\" data-end=\"176\"><img decoding=\"async\" class=\"emoji\" role=\"img\" draggable=\"false\" src=\"https:\/\/s.w.org\/images\/core\/emoji\/16.0.1\/svg\/1f1ea-1f1f8.svg\" alt=\"\ud83c\uddea\ud83c\uddf8\" \/> T\u00fanica Barco Manga Larga \u2013 \u00a1No es un top cualquiera!<\/h3>\n<p data-start=\"235\" data-end=\"522\">Descubre la <strong data-start=\"247\" data-end=\"278\">T\u00fanica Barco de manga larga<\/strong>, una prenda irregular confeccionada en <strong data-start=\"318\" data-end=\"334\">viscosa suave y natural<\/strong>, suave al tacto y s\u00faper combinable. Su dise\u00f1o vers\u00e1til permite llevarla con <strong data-start=\"411\" data-end=\"458\">leggins, pantalones anchos o faldas de tubo<\/strong>, perfecta para el d\u00eda a d\u00eda, trabajo o reuniones importantes.<\/p>\n<p data-start=\"524\" data-end=\"751\">Disponible en varios colores: <strong data-start=\"554\" data-end=\"619\">teja, granate, verde botella, verde kaki, azul marino y negro<\/strong>, y en <strong data-start=\"626\" data-end=\"648\">talla \u00fanica (S-XL)<\/strong>. Su largo cubre justo debajo de la barriga, ofreciendo comodidad y estilo con un <strong data-start=\"730\" data-end=\"748\">toque especial<\/strong>.<\/p>\n<p data-start=\"753\" data-end=\"972\">Ideal tambi\u00e9n para <strong data-start=\"772\" data-end=\"796\">embarazo y lactancia<\/strong>, esta t\u00fanica combina confort, elegancia y practicidad. Una prenda clave que se adapta a cualquier ocasi\u00f3n y estilo, convirti\u00e9ndose en un b\u00e1sico imprescindible de tu armario.<\/p>\n<hr \/>\n<h3 data-start=\"1393\" data-end=\"1438\"><img decoding=\"async\" src=\"https:\/\/japamalaandfriends.com\/wp-content\/plugins\/sitepress-multilingual-cms\/res\/flags\/ca.svg\" alt=\"Catal\u00e0\" \/> T\u00fanica Barco M\u00e0niga Llarga \u2013 No \u00e9s un top qualsevol!<\/h3>\n<p data-start=\"141\" data-end=\"444\">Descobreix la <strong data-start=\"155\" data-end=\"188\">T\u00fanica Barco de m\u00e0niga llarga<\/strong>, una pe\u00e7a irregular confeccionada en viscosa suau i natural, agradable al tacte i s\u00faper combinable. El seu disseny vers\u00e0til permet portar-la amb <strong data-start=\"334\" data-end=\"382\">leggins, pantalons amples o faldilles de tub<\/strong>, perfecta per al dia a dia, la feina o reunions importants.<\/p>\n<p data-start=\"446\" data-end=\"658\">Disponible en diversos colors: teula, granat, verd ampolla, verd kaki, blau mar\u00ed i negre, i en <strong data-start=\"541\" data-end=\"563\">talla \u00fanica (S-XL)<\/strong>. El seu llarg cobreix just sota la panxa, oferint comoditat i estil amb un <strong data-start=\"639\" data-end=\"655\">toc especial<\/strong>.<\/p>\n<p data-start=\"660\" data-end=\"877\">Ideal tamb\u00e9 per a <strong data-start=\"678\" data-end=\"701\">embar\u00e0s i lact\u00e0ncia<\/strong>, aquesta t\u00fanica combina confort, eleg\u00e0ncia i practicitat. Una pe\u00e7a clau que s\u2019adapta a qualsevol ocasi\u00f3 i estil, convertint-se en un <strong data-start=\"835\" data-end=\"874\">b\u00e0sic imprescindible del teu armari<\/strong>.<\/p>\n<hr data-start=\"1064\" data-end=\"1067\" \/>\n<h3 data-start=\"1386\" data-end=\"1458\"><img decoding=\"async\" class=\"emoji\" role=\"img\" draggable=\"false\" src=\"https:\/\/s.w.org\/images\/core\/emoji\/16.0.1\/svg\/1f1ec-1f1e7.svg\" alt=\"\ud83c\uddec\ud83c\udde7\" \/> Barco Long Sleeve Tunic \u2013 Not Just Any Top!<\/h3>\n<p data-start=\"1135\" data-end=\"1410\">Discover the <strong data-start=\"1148\" data-end=\"1175\">Barco Long Sleeve Tunic<\/strong>, an irregular piece made from soft, natural viscose, gentle to the touch and highly versatile. Its design allows you to wear it with <strong data-start=\"1309\" data-end=\"1351\">leggings, wide pants, or pencil skirts<\/strong>, perfect for everyday wear, work, or important meetings.<\/p>\n<p data-start=\"1412\" data-end=\"1633\">Available in several colors: terracotta, burgundy, bottle green, khaki green, navy blue, and black, and in <strong data-start=\"1519\" data-end=\"1538\">one size (S-XL)<\/strong>. Its length falls just below the belly, offering comfort and style with a <strong data-start=\"1613\" data-end=\"1630\">special touch<\/strong>.<\/p>\n<p data-start=\"1635\" data-end=\"1835\">Also ideal for <strong data-start=\"1650\" data-end=\"1681\">pregnancy and breastfeeding<\/strong>, this tunic combines comfort, elegance, and practicality. A key piece that adapts to any occasion and style, becoming an <strong data-start=\"1803\" data-end=\"1832\">essential wardrobe staple<\/strong>.<\/p>\n<p>&nbsp;<\/p>\n<p>&nbsp;<\/p>\n<p>en m solo tenemos verde botella y teja<\/p>\n","protected":false},"excerpt":{"rendered":"<p>T\u00fanica Barco Manga Larga \u2013 \u00a1No es un top cualquiera! Descubre la T\u00fanica Barco de manga larga, una prenda irregular confeccionada en viscosa suave y natural, suave al tacto y s\u00faper combinable. Su dise\u00f1o vers\u00e1til permite llevarla con leggins, pantalones anchos o faldas de tubo, perfecta para el d\u00eda a d\u00eda, trabajo o reuniones importantes. [&hellip;]<\/p>\n","protected":false},"featured_media":1362,"template":"","meta":{"_et_pb_use_builder":"","_et_pb_old_content":"","_et_gb_content_width":""},"product_brand":[],"product_cat":[70,74,157,15,31],"product_tag":[34,73,81,83,32,177,80,178],"class_list":{"0":"post-1361","1":"product","2":"type-product","3":"status-publish","4":"has-post-thumbnail","6":"product_cat-tallas-grandes","7":"product_cat-embarazo","8":"product_cat-lactancia","9":"product_cat-general","10":"product_cat-tops-y-jerseys","11":"product_tag-casual","12":"product_tag-comodo","13":"product_tag-embarazo","14":"product_tag-tallas-grandes","15":"product_tag-top","16":"product_tag-top-largo","17":"product_tag-tunica","18":"product_tag-tunica-larga","19":"pa_color-azul","20":"pa_color-granate","21":"pa_color-negro","22":"pa_color-verde-khaki","24":"first","25":"instock","26":"shipping-taxable","27":"purchasable","28":"product-type-variable"},"yoast_head":"<!-- This site is optimized with the Yoast SEO plugin v26.2 - https:\/\/yoast.com\/wordpress\/plugins\/seo\/ -->\n<title>T\u00fanica Barco m\/larga - japamala and friends<\/title>\n<meta name=\"description\" content=\"T\u00fanica larga de viscosa suave. Corte irregular, funciona tambi\u00e9n para embarazo y lactancia. Talla \u00fanica (S\u2013XL). Estiliza la figura y combina con todo.\" \/>\n<meta name=\"robots\" content=\"index, follow, max-snippet:-1, max-image-preview:large, max-video-preview:-1\" \/>\n<link rel=\"canonical\" href=\"https:\/\/japamalaandfriends.com\/en\/product\/tunica-barco\" \/>\n<meta property=\"og:locale\" content=\"en_US\" \/>\n<meta property=\"og:type\" content=\"article\" \/>\n<meta property=\"og:title\" content=\"T\u00fanica Barco m\/larga - japamala and friends\" \/>\n<meta property=\"og:description\" content=\"T\u00fanica larga de viscosa suave. Corte irregular, funciona tambi\u00e9n para embarazo y lactancia. Talla \u00fanica (S\u2013XL). Estiliza la figura y combina con todo.\" \/>\n<meta property=\"og:url\" content=\"https:\/\/japamalaandfriends.com\/en\/product\/tunica-barco\" \/>\n<meta property=\"og:site_name\" content=\"japamala and friends\" \/>\n<meta property=\"article:publisher\" content=\"https:\/\/www.facebook.com\/Japamalaandfriends\" \/>\n<meta property=\"article:modified_time\" content=\"2026-04-18T12:14:16+00:00\" \/>\n<meta property=\"og:image\" content=\"https:\/\/japamalaandfriends.com\/wp-content\/uploads\/2021\/11\/d1e72ba3-ca40-45bf-be14-91574060efda.jpg\" \/>\n\t<meta property=\"og:image:width\" content=\"2048\" \/>\n\t<meta property=\"og:image:height\" content=\"2048\" \/>\n\t<meta property=\"og:image:type\" content=\"image\/jpeg\" \/>\n<meta name=\"twitter:card\" content=\"summary_large_image\" \/>\n<meta name=\"twitter:label1\" content=\"Est. reading time\" \/>\n\t<meta name=\"twitter:data1\" content=\"3 minutes\" \/>\n<script type=\"application\/ld+json\" class=\"yoast-schema-graph\">{\"@context\":\"https:\/\/schema.org\",\"@graph\":[{\"@type\":\"WebPage\",\"@id\":\"https:\/\/japamalaandfriends.com\/en\/product\/tunica-barco\",\"url\":\"https:\/\/japamalaandfriends.com\/en\/product\/tunica-barco\",\"name\":\"T\u00fanica Barco m\/larga - japamala and friends\",\"isPartOf\":{\"@id\":\"https:\/\/japamalaandfriends.com\/en#website\"},\"primaryImageOfPage\":{\"@id\":\"https:\/\/japamalaandfriends.com\/en\/product\/tunica-barco#primaryimage\"},\"image\":{\"@id\":\"https:\/\/japamalaandfriends.com\/en\/product\/tunica-barco#primaryimage\"},\"thumbnailUrl\":\"https:\/\/japamalaandfriends.com\/wp-content\/uploads\/2021\/11\/d1e72ba3-ca40-45bf-be14-91574060efda.jpg\",\"datePublished\":\"2021-11-22T18:47:50+00:00\",\"dateModified\":\"2026-04-18T12:14:16+00:00\",\"description\":\"T\u00fanica larga de viscosa suave. Corte irregular, funciona tambi\u00e9n para embarazo y lactancia. Talla \u00fanica (S\u2013XL). Estiliza la figura y combina con todo.\",\"breadcrumb\":{\"@id\":\"https:\/\/japamalaandfriends.com\/en\/product\/tunica-barco#breadcrumb\"},\"inLanguage\":\"en-US\",\"potentialAction\":[{\"@type\":\"ReadAction\",\"target\":[\"https:\/\/japamalaandfriends.com\/en\/product\/tunica-barco\"]}]},{\"@type\":\"ImageObject\",\"inLanguage\":\"en-US\",\"@id\":\"https:\/\/japamalaandfriends.com\/en\/product\/tunica-barco#primaryimage\",\"url\":\"https:\/\/japamalaandfriends.com\/wp-content\/uploads\/2021\/11\/d1e72ba3-ca40-45bf-be14-91574060efda.jpg\",\"contentUrl\":\"https:\/\/japamalaandfriends.com\/wp-content\/uploads\/2021\/11\/d1e72ba3-ca40-45bf-be14-91574060efda.jpg\",\"width\":2048,\"height\":2048,\"caption\":\"clienta en las calles de Barcelona, cerca a la tienda, luciendo la tunica larga, corte irregular, cuello barco y manga larga en color rojo con leggins negros.\"},{\"@type\":\"BreadcrumbList\",\"@id\":\"https:\/\/japamalaandfriends.com\/en\/product\/tunica-barco#breadcrumb\",\"itemListElement\":[{\"@type\":\"ListItem\",\"position\":1,\"name\":\"Inicio\",\"item\":\"https:\/\/japamalaandfriends.com\/en\/welcome\"},{\"@type\":\"ListItem\",\"position\":2,\"name\":\"ONLINE shop\",\"item\":\"https:\/\/japamalaandfriends.com\/en\/shop\"},{\"@type\":\"ListItem\",\"position\":3,\"name\":\"T\u00fanica Barco m\/larga\"}]},{\"@type\":\"WebSite\",\"@id\":\"https:\/\/japamalaandfriends.com\/en#website\",\"url\":\"https:\/\/japamalaandfriends.com\/en\",\"name\":\"japamala and friends\",\"description\":\"Aqu\u00ed subimos tu autoestima con ropa que te hace sentir bien. Descubre kimonos, vestidos, tallas reales y moda en nuestra tienda en Barcelona y online.\",\"publisher\":{\"@id\":\"https:\/\/japamalaandfriends.com\/en#organization\"},\"potentialAction\":[{\"@type\":\"SearchAction\",\"target\":{\"@type\":\"EntryPoint\",\"urlTemplate\":\"https:\/\/japamalaandfriends.com\/en?s={search_term_string}\"},\"query-input\":{\"@type\":\"PropertyValueSpecification\",\"valueRequired\":true,\"valueName\":\"search_term_string\"}}],\"inLanguage\":\"en-US\"},{\"@type\":\"Organization\",\"@id\":\"https:\/\/japamalaandfriends.com\/en#organization\",\"name\":\"japamala and friends barcelona\",\"url\":\"https:\/\/japamalaandfriends.com\/en\",\"logo\":{\"@type\":\"ImageObject\",\"inLanguage\":\"en-US\",\"@id\":\"https:\/\/japamalaandfriends.com\/en#\/schema\/logo\/image\/\",\"url\":\"https:\/\/i0.wp.com\/japamalaandfriends.com\/wp-content\/uploads\/2025\/05\/cropped-Japamala-2023-logo-black.jpg?fit=512%2C512&ssl=1\",\"contentUrl\":\"https:\/\/i0.wp.com\/japamalaandfriends.com\/wp-content\/uploads\/2025\/05\/cropped-Japamala-2023-logo-black.jpg?fit=512%2C512&ssl=1\",\"width\":512,\"height\":512,\"caption\":\"japamala and friends barcelona\"},\"image\":{\"@id\":\"https:\/\/japamalaandfriends.com\/en#\/schema\/logo\/image\/\"},\"sameAs\":[\"https:\/\/www.facebook.com\/Japamalaandfriends\",\"https:\/\/www.instagram.com\/japamala.and.friends\"]}]}<\/script>\n<!-- \/ Yoast SEO plugin. -->","yoast_head_json":{"title":"T\u00fanica Barco m\/larga - japamala and friends","description":"T\u00fanica larga de viscosa suave. Corte irregular, funciona tambi\u00e9n para embarazo y lactancia. Talla \u00fanica (S\u2013XL). Estiliza la figura y combina con todo.","robots":{"index":"index","follow":"follow","max-snippet":"max-snippet:-1","max-image-preview":"max-image-preview:large","max-video-preview":"max-video-preview:-1"},"canonical":"https:\/\/japamalaandfriends.com\/en\/product\/tunica-barco","og_locale":"en_US","og_type":"article","og_title":"T\u00fanica Barco m\/larga - japamala and friends","og_description":"T\u00fanica larga de viscosa suave. Corte irregular, funciona tambi\u00e9n para embarazo y lactancia. Talla \u00fanica (S\u2013XL). Estiliza la figura y combina con todo.","og_url":"https:\/\/japamalaandfriends.com\/en\/product\/tunica-barco","og_site_name":"japamala and friends","article_publisher":"https:\/\/www.facebook.com\/Japamalaandfriends","article_modified_time":"2026-04-18T12:14:16+00:00","og_image":[{"width":2048,"height":2048,"url":"https:\/\/japamalaandfriends.com\/wp-content\/uploads\/2021\/11\/d1e72ba3-ca40-45bf-be14-91574060efda.jpg","type":"image\/jpeg"}],"twitter_card":"summary_large_image","twitter_misc":{"Est. reading time":"3 minutes"},"schema":{"@context":"https:\/\/schema.org","@graph":[{"@type":"WebPage","@id":"https:\/\/japamalaandfriends.com\/en\/product\/tunica-barco","url":"https:\/\/japamalaandfriends.com\/en\/product\/tunica-barco","name":"T\u00fanica Barco m\/larga - japamala and friends","isPartOf":{"@id":"https:\/\/japamalaandfriends.com\/en#website"},"primaryImageOfPage":{"@id":"https:\/\/japamalaandfriends.com\/en\/product\/tunica-barco#primaryimage"},"image":{"@id":"https:\/\/japamalaandfriends.com\/en\/product\/tunica-barco#primaryimage"},"thumbnailUrl":"https:\/\/japamalaandfriends.com\/wp-content\/uploads\/2021\/11\/d1e72ba3-ca40-45bf-be14-91574060efda.jpg","datePublished":"2021-11-22T18:47:50+00:00","dateModified":"2026-04-18T12:14:16+00:00","description":"T\u00fanica larga de viscosa suave. Corte irregular, funciona tambi\u00e9n para embarazo y lactancia. Talla \u00fanica (S\u2013XL). Estiliza la figura y combina con todo.","breadcrumb":{"@id":"https:\/\/japamalaandfriends.com\/en\/product\/tunica-barco#breadcrumb"},"inLanguage":"en-US","potentialAction":[{"@type":"ReadAction","target":["https:\/\/japamalaandfriends.com\/en\/product\/tunica-barco"]}]},{"@type":"ImageObject","inLanguage":"en-US","@id":"https:\/\/japamalaandfriends.com\/en\/product\/tunica-barco#primaryimage","url":"https:\/\/japamalaandfriends.com\/wp-content\/uploads\/2021\/11\/d1e72ba3-ca40-45bf-be14-91574060efda.jpg","contentUrl":"https:\/\/japamalaandfriends.com\/wp-content\/uploads\/2021\/11\/d1e72ba3-ca40-45bf-be14-91574060efda.jpg","width":2048,"height":2048,"caption":"clienta en las calles de Barcelona, cerca a la tienda, luciendo la tunica larga, corte irregular, cuello barco y manga larga en color rojo con leggins negros."},{"@type":"BreadcrumbList","@id":"https:\/\/japamalaandfriends.com\/en\/product\/tunica-barco#breadcrumb","itemListElement":[{"@type":"ListItem","position":1,"name":"Inicio","item":"https:\/\/japamalaandfriends.com\/en\/welcome"},{"@type":"ListItem","position":2,"name":"ONLINE shop","item":"https:\/\/japamalaandfriends.com\/en\/shop"},{"@type":"ListItem","position":3,"name":"T\u00fanica Barco m\/larga"}]},{"@type":"WebSite","@id":"https:\/\/japamalaandfriends.com\/en#website","url":"https:\/\/japamalaandfriends.com\/en","name":"japamala and friends","description":"Aqu\u00ed subimos tu autoestima con ropa que te hace sentir bien. Descubre kimonos, vestidos, tallas reales y moda en nuestra tienda en Barcelona y online.","publisher":{"@id":"https:\/\/japamalaandfriends.com\/en#organization"},"potentialAction":[{"@type":"SearchAction","target":{"@type":"EntryPoint","urlTemplate":"https:\/\/japamalaandfriends.com\/en?s={search_term_string}"},"query-input":{"@type":"PropertyValueSpecification","valueRequired":true,"valueName":"search_term_string"}}],"inLanguage":"en-US"},{"@type":"Organization","@id":"https:\/\/japamalaandfriends.com\/en#organization","name":"japamala and friends barcelona","url":"https:\/\/japamalaandfriends.com\/en","logo":{"@type":"ImageObject","inLanguage":"en-US","@id":"https:\/\/japamalaandfriends.com\/en#\/schema\/logo\/image\/","url":"https:\/\/i0.wp.com\/japamalaandfriends.com\/wp-content\/uploads\/2025\/05\/cropped-Japamala-2023-logo-black.jpg?fit=512%2C512&ssl=1","contentUrl":"https:\/\/i0.wp.com\/japamalaandfriends.com\/wp-content\/uploads\/2025\/05\/cropped-Japamala-2023-logo-black.jpg?fit=512%2C512&ssl=1","width":512,"height":512,"caption":"japamala and friends barcelona"},"image":{"@id":"https:\/\/japamalaandfriends.com\/en#\/schema\/logo\/image\/"},"sameAs":["https:\/\/www.facebook.com\/Japamalaandfriends","https:\/\/www.instagram.com\/japamala.and.friends"]}]}},"jetpack-related-posts":[{"id":2793,"url":"https:\/\/japamalaandfriends.com\/en\/product\/bailarina-midi-manga-larga","url_meta":{"origin":1361,"position":0},"title":"Bailarina midi &#8211; manga larga","author":"SandroK","date":"November 25, 2022","format":false,"excerpt":"Vestido Bailarina Midi de manga larga \u2013 Estilo, Comodidad y Elegancia Japamala Descubre el Vestido Bailarina Midi, probablemente la prenda m\u00e1s ic\u00f3nica de Japamala. Confeccionado en punto de viscosa suave y flexible, este vestido es ideal para cuerpos petite, pero tambi\u00e9n se adapta c\u00f3modamente a otros tipos de silueta. Su\u2026","rel":"","context":"Similar post","block_context":{"text":"Similar post","link":""},"img":{"alt_text":"sonia la clienta con su vestido bailarina de punto de viscosa en rojo, posando en el patio interior de la tienda en barcelona","src":"https:\/\/i0.wp.com\/japamalaandfriends.com\/wp-content\/uploads\/2022\/11\/img_4910-scaled.jpeg?resize=350%2C200&ssl=1","width":350,"height":200,"srcset":"https:\/\/i0.wp.com\/japamalaandfriends.com\/wp-content\/uploads\/2022\/11\/img_4910-scaled.jpeg?resize=350%2C200&ssl=1 1x, https:\/\/i0.wp.com\/japamalaandfriends.com\/wp-content\/uploads\/2022\/11\/img_4910-scaled.jpeg?resize=525%2C300&ssl=1 1.5x, https:\/\/i0.wp.com\/japamalaandfriends.com\/wp-content\/uploads\/2022\/11\/img_4910-scaled.jpeg?resize=700%2C400&ssl=1 2x, https:\/\/i0.wp.com\/japamalaandfriends.com\/wp-content\/uploads\/2022\/11\/img_4910-scaled.jpeg?resize=1050%2C600&ssl=1 3x, https:\/\/i0.wp.com\/japamalaandfriends.com\/wp-content\/uploads\/2022\/11\/img_4910-scaled.jpeg?resize=1400%2C800&ssl=1 4x"},"classes":[]},{"id":1909,"url":"https:\/\/japamalaandfriends.com\/en\/product\/vestido-bailarina-mangas-largas","url_meta":{"origin":1361,"position":1},"title":"Vestido Bailarina corto &#8211; m\/larga","author":"SandroK","date":"April 8, 2022","format":false,"excerpt":"Vestido Bailarina Manga Larga \u2013 Cl\u00e1sico y elegante Descubre el Vestido Bailarina de Japamala, un cl\u00e1sico que no puede faltar en tu armario. Confeccionado en punto de viscosa, este vestido de manga larga est\u00e1 dise\u00f1o ideal para cuerpos petite, ofreciendo comodidad, estilo y un ajuste favorecedor. Su costura debajo del\u2026","rel":"","context":"Similar post","block_context":{"text":"Similar post","link":""},"img":{"alt_text":"clienta de japamala luciendo el vestido bailarina con mangas largas , en color verde. En el exterior de la tienda, en el barrio de Gracia , Barcelona.","src":"https:\/\/i0.wp.com\/japamalaandfriends.com\/wp-content\/uploads\/2022\/04\/fb71c8fc-5ec4-451b-91de-70e6dd5c6821-scaled.png?resize=350%2C200&ssl=1","width":350,"height":200,"srcset":"https:\/\/i0.wp.com\/japamalaandfriends.com\/wp-content\/uploads\/2022\/04\/fb71c8fc-5ec4-451b-91de-70e6dd5c6821-scaled.png?resize=350%2C200&ssl=1 1x, https:\/\/i0.wp.com\/japamalaandfriends.com\/wp-content\/uploads\/2022\/04\/fb71c8fc-5ec4-451b-91de-70e6dd5c6821-scaled.png?resize=525%2C300&ssl=1 1.5x, https:\/\/i0.wp.com\/japamalaandfriends.com\/wp-content\/uploads\/2022\/04\/fb71c8fc-5ec4-451b-91de-70e6dd5c6821-scaled.png?resize=700%2C400&ssl=1 2x, https:\/\/i0.wp.com\/japamalaandfriends.com\/wp-content\/uploads\/2022\/04\/fb71c8fc-5ec4-451b-91de-70e6dd5c6821-scaled.png?resize=1050%2C600&ssl=1 3x, https:\/\/i0.wp.com\/japamalaandfriends.com\/wp-content\/uploads\/2022\/04\/fb71c8fc-5ec4-451b-91de-70e6dd5c6821-scaled.png?resize=1400%2C800&ssl=1 4x"},"classes":[]},{"id":956,"url":"https:\/\/japamalaandfriends.com\/en\/product\/pantalon-ancho-largo","url_meta":{"origin":1361,"position":2},"title":"Pantal\u00f3n Ancho largo","author":"SandroK","date":"August 2, 2021","format":false,"excerpt":"Pantal\u00f3n Ancho Largo \u2013 Comodidad, Estilo y Versatilidad Japamala Descubre el Pantal\u00f3n Ancho Largo, un cl\u00e1sico de Japamala que lleva m\u00e1s de 20 a\u00f1os acompa\u00f1ando nuestros armarios. Confeccionado en viscosa suave y cintura alta, este pantal\u00f3n de talla \u00fanica se adapta c\u00f3modamente a tallas S\/M y M\/L, siendo ideal para\u2026","rel":"","context":"Similar post","block_context":{"text":"Similar post","link":""},"img":{"alt_text":"","src":"https:\/\/i0.wp.com\/japamalaandfriends.com\/wp-content\/uploads\/2021\/08\/1382243_330813427062240_187113137_n.jpg?resize=350%2C200&ssl=1","width":350,"height":200,"srcset":"https:\/\/i0.wp.com\/japamalaandfriends.com\/wp-content\/uploads\/2021\/08\/1382243_330813427062240_187113137_n.jpg?resize=350%2C200&ssl=1 1x, https:\/\/i0.wp.com\/japamalaandfriends.com\/wp-content\/uploads\/2021\/08\/1382243_330813427062240_187113137_n.jpg?resize=525%2C300&ssl=1 1.5x"},"classes":[]},{"id":10199,"url":"https:\/\/japamalaandfriends.com\/en\/product\/camisa-nudo-m-larga-2","url_meta":{"origin":1361,"position":3},"title":"Camisa Nudo &#8211; manga larga","author":"SandroK","date":"October 30, 2025","format":false,"excerpt":"Camisa Nudo Manga Larga \u2013 Sofisticado, ligero y vers\u00e1til! Eleva tu estilo con la Camisa Nudo Manga Larga, una prenda vers\u00e1til y con car\u00e1cter que combina comodidad, elegancia y un toque contempor\u00e1neo. Su detalle de nudo delantero realza la silueta y aporta un aire refinado, perfecto tanto para looks casuales\u2026","rel":"","context":"Similar post","block_context":{"text":"Similar post","link":""},"img":{"alt_text":"Mujer sonriendo frente a una puerta llevando una camisa con estampado marr\u00f3n y naranja y una falda con bolsillos de pana color teja claro.","src":"https:\/\/i0.wp.com\/japamalaandfriends.com\/wp-content\/uploads\/2025\/10\/japamala-1307-1.jpeg?resize=350%2C200&ssl=1","width":350,"height":200,"srcset":"https:\/\/i0.wp.com\/japamalaandfriends.com\/wp-content\/uploads\/2025\/10\/japamala-1307-1.jpeg?resize=350%2C200&ssl=1 1x, https:\/\/i0.wp.com\/japamalaandfriends.com\/wp-content\/uploads\/2025\/10\/japamala-1307-1.jpeg?resize=525%2C300&ssl=1 1.5x, https:\/\/i0.wp.com\/japamalaandfriends.com\/wp-content\/uploads\/2025\/10\/japamala-1307-1.jpeg?resize=700%2C400&ssl=1 2x"},"classes":[]},{"id":2560,"url":"https:\/\/japamalaandfriends.com\/en\/product\/torera-fina-2","url_meta":{"origin":1361,"position":4},"title":"Torera fina","author":"SandroK","date":"October 21, 2022","format":false,"excerpt":"Torera Fina \u2013 B\u00e1sico imprescindible para todo el a\u00f1o | Talla \u00fanica adaptable La Torera Fina es ese b\u00e1sico que nunca puede faltar en tu armario. Ligera, suave y con una ca\u00edda preciosa, es la prenda perfecta para completar cualquier conjunto durante todo el a\u00f1o. Disponible en una amplia gama\u2026","rel":"","context":"Similar post","block_context":{"text":"Similar post","link":""},"img":{"alt_text":"nuestra clienta feliz en el patio de la tienda en barcelona, luciendo una torera fina roja, una camisa tunica negra y un pantalon cropped rojo fluido.","src":"https:\/\/i0.wp.com\/japamalaandfriends.com\/wp-content\/uploads\/2022\/10\/img_2879.jpeg?resize=350%2C200&ssl=1","width":350,"height":200,"srcset":"https:\/\/i0.wp.com\/japamalaandfriends.com\/wp-content\/uploads\/2022\/10\/img_2879.jpeg?resize=350%2C200&ssl=1 1x, https:\/\/i0.wp.com\/japamalaandfriends.com\/wp-content\/uploads\/2022\/10\/img_2879.jpeg?resize=525%2C300&ssl=1 1.5x"},"classes":[]},{"id":9859,"url":"https:\/\/japamalaandfriends.com\/en\/product\/falda-tubo-midi","url_meta":{"origin":1361,"position":5},"title":"Falda Tubo Midi","author":"SandroK","date":"November 10, 2025","format":false,"excerpt":"\u00a0Falda Tubo Midi \u2013 Elegancia y Comodidad | Hecho en Barcelona Eleva tu estilo con la Falda Tubo Midi en Punto Roma, una prenda vers\u00e1til y sofisticada pensada para mujeres que buscan elegancia sin renunciar a la comodidad. Ideal para la oficina, eventos o cualquier ocasi\u00f3n especial, su dise\u00f1o entallado\u2026","rel":"","context":"Similar post","block_context":{"text":"Similar post","link":""},"img":{"alt_text":"","src":"https:\/\/i0.wp.com\/japamalaandfriends.com\/wp-content\/uploads\/2025\/11\/img_9514-scaled.jpeg?resize=350%2C200&ssl=1","width":350,"height":200,"srcset":"https:\/\/i0.wp.com\/japamalaandfriends.com\/wp-content\/uploads\/2025\/11\/img_9514-scaled.jpeg?resize=350%2C200&ssl=1 1x, https:\/\/i0.wp.com\/japamalaandfriends.com\/wp-content\/uploads\/2025\/11\/img_9514-scaled.jpeg?resize=525%2C300&ssl=1 1.5x, https:\/\/i0.wp.com\/japamalaandfriends.com\/wp-content\/uploads\/2025\/11\/img_9514-scaled.jpeg?resize=700%2C400&ssl=1 2x, https:\/\/i0.wp.com\/japamalaandfriends.com\/wp-content\/uploads\/2025\/11\/img_9514-scaled.jpeg?resize=1050%2C600&ssl=1 3x, https:\/\/i0.wp.com\/japamalaandfriends.com\/wp-content\/uploads\/2025\/11\/img_9514-scaled.jpeg?resize=1400%2C800&ssl=1 4x"},"classes":[]}],"jetpack_sharing_enabled":true,"_links":{"self":[{"href":"https:\/\/japamalaandfriends.com\/en\/wp-json\/wp\/v2\/product\/1361","targetHints":{"allow":["GET"]}}],"collection":[{"href":"https:\/\/japamalaandfriends.com\/en\/wp-json\/wp\/v2\/product"}],"about":[{"href":"https:\/\/japamalaandfriends.com\/en\/wp-json\/wp\/v2\/types\/product"}],"wp:featuredmedia":[{"embeddable":true,"href":"https:\/\/japamalaandfriends.com\/en\/wp-json\/wp\/v2\/media\/1362"}],"wp:attachment":[{"href":"https:\/\/japamalaandfriends.com\/en\/wp-json\/wp\/v2\/media?parent=1361"}],"wp:term":[{"taxonomy":"product_brand","embeddable":true,"href":"https:\/\/japamalaandfriends.com\/en\/wp-json\/wp\/v2\/product_brand?post=1361"},{"taxonomy":"product_cat","embeddable":true,"href":"https:\/\/japamalaandfriends.com\/en\/wp-json\/wp\/v2\/product_cat?post=1361"},{"taxonomy":"product_tag","embeddable":true,"href":"https:\/\/japamalaandfriends.com\/en\/wp-json\/wp\/v2\/product_tag?post=1361"}],"curies":[{"name":"wp","href":"https:\/\/api.w.org\/{rel}","templated":true}]}}