{"id":1444,"date":"2021-11-29T18:32:05","date_gmt":"2021-11-29T18:32:05","guid":{"rendered":"https:\/\/japamalaandfriends.com\/?post_type=product&#038;p=1444"},"modified":"2026-04-17T12:13:28","modified_gmt":"2026-04-17T12:13:28","slug":"pantalon-cropped-de-alogodon","status":"publish","type":"product","link":"https:\/\/japamalaandfriends.com\/en\/product\/pantalon-cropped-de-alogodon","title":{"rendered":"Pantal\u00f3n Cropped algod\u00f3n"},"content":{"rendered":"<h3 data-start=\"102\" data-end=\"176\"><img decoding=\"async\" class=\"emoji\" role=\"img\" draggable=\"false\" src=\"https:\/\/s.w.org\/images\/core\/emoji\/16.0.1\/svg\/1f1ea-1f1f8.svg\" alt=\"\ud83c\uddea\ud83c\uddf8\" \/> Pantal\u00f3n Cropped de algod\u00f3n \u2013 Estrella de la ultima Temporada<\/h3>\n<p data-start=\"274\" data-end=\"649\">Descubre nuestro <strong data-start=\"291\" data-end=\"322\">pantal\u00f3n cropped de algod\u00f3n<\/strong>, la prenda imprescindible de la temporada pasada que sigue marcando tendencia. Confeccionado en <strong data-start=\"419\" data-end=\"435\">100% algod\u00f3n<\/strong>, ofrece un tacto suave y agradable sobre la piel, ideal para todo el d\u00eda. Su <strong data-start=\"513\" data-end=\"528\">corte ancho<\/strong> y <strong data-start=\"531\" data-end=\"575\">talla \u00fanica (XS-XL) con cintura el\u00e1stica<\/strong> garantizan comodidad y libertad de movimiento sin sacrificar el estilo.<\/p>\n<p data-start=\"651\" data-end=\"1002\">Este <strong data-start=\"656\" data-end=\"686\">pantal\u00f3n c\u00f3modo y vers\u00e1til<\/strong> se adapta a cualquier ocasi\u00f3n: \u00fasalo para trabajar, salir con amigas o incluso para una fiesta. Su <strong data-start=\"786\" data-end=\"804\">largo de 90 cm<\/strong> y dise\u00f1o cropped lo hacen perfecto para combinar con botas, bambas o bailarinas, y se puede llevar con jers\u00e9is, camisas o camisetas b\u00e1sicas, creando looks casual o m\u00e1s arreglados seg\u00fan tu estilo.<\/p>\n<p data-start=\"1004\" data-end=\"1273\">Gracias a su dise\u00f1o <strong data-start=\"1024\" data-end=\"1048\">amplio y favorecedor<\/strong>, este pantal\u00f3n se convierte en una pieza clave de tu armario, combinando confort y moda en una sola prenda. <strong data-start=\"1157\" data-end=\"1191\">Ideal para cualquier temporada<\/strong>, ser\u00e1 sin duda tu nuevo favorito para el d\u00eda a d\u00eda o para ocasiones especiales.<\/p>\n<hr \/>\n<h3 data-start=\"1393\" data-end=\"1438\"><img decoding=\"async\" src=\"https:\/\/japamalaandfriends.com\/wp-content\/plugins\/sitepress-multilingual-cms\/res\/flags\/ca.svg\" alt=\"Catal\u00e0\" \/> Pantal\u00f3 Cropped de cot\u00f3 \u2013 Estrella de la ultima Temporada<\/h3>\n<p data-start=\"158\" data-end=\"525\">Descobreix el nostre pantal\u00f3 cropped de cot\u00f3, la pe\u00e7a imprescindible de la temporada passada que continua marcant tend\u00e8ncia. Confeccionat en <strong data-start=\"299\" data-end=\"312\">100% cot\u00f3<\/strong>, ofereix una sensaci\u00f3 suau i agradable sobre la pell, ideal per a tot el dia. El seu tall ample i talla \u00fanica (XS-XL) amb cintura el\u00e0stica garanteixen comoditat i llibertat de moviment sense sacrificar l\u2019estil.<\/p>\n<p data-start=\"527\" data-end=\"888\">Aquest pantal\u00f3 c\u00f2mode i vers\u00e0til s\u2019adapta a qualsevol ocasi\u00f3: utilitza\u2019l per treballar, sortir amb amigues o fins i tot per a una festa. El seu llarg de 90 cm i disseny cropped el fan perfecte per combinar amb botes, bambes o sabates planes, i es pot portar amb jerseis, camises o samarretes b\u00e0siques, creant looks casuals o m\u00e9s arreglats segons el teu estil.<\/p>\n<p data-start=\"890\" data-end=\"1152\">Gr\u00e0cies al seu disseny ample i afavoridor, aquest pantal\u00f3 es converteix en una pe\u00e7a clau del teu armari, combinant confort i moda en una sola pe\u00e7a. Ideal per a qualsevol temporada, sens dubte ser\u00e0 el teu nou favorit per al dia a dia o per a ocasions especials.<\/p>\n<hr \/>\n<h3 data-start=\"1386\" data-end=\"1458\"><img decoding=\"async\" class=\"emoji\" role=\"img\" draggable=\"false\" src=\"https:\/\/s.w.org\/images\/core\/emoji\/16.0.1\/svg\/1f1ec-1f1e7.svg\" alt=\"\ud83c\uddec\ud83c\udde7\" \/> Cropped Cotton Pants \u2013 The Star of last Season<\/h3>\n<p data-start=\"1250\" data-end=\"1588\">Discover our <strong data-start=\"1263\" data-end=\"1287\">cropped cotton pants<\/strong>, the must-have piece from last season that continues to set trends. Made from <strong data-start=\"1366\" data-end=\"1381\">100% cotton<\/strong>, they offer a soft and pleasant feel on the skin, perfect for all-day wear. Their wide cut and <strong data-start=\"1477\" data-end=\"1520\">one size (XS-XL) with elastic waistband<\/strong> ensure comfort and freedom of movement without sacrificing style.<\/p>\n<p data-start=\"1590\" data-end=\"1913\">These comfortable and versatile pants adapt to any occasion: wear them for work, outings with friends, or even a party. With a length of 90 cm and a cropped design, they are perfect to pair with boots, sneakers, or flats, and can be styled with sweaters, shirts, or basic t-shirts to create casual or more polished looks.<\/p>\n<p data-start=\"1915\" data-end=\"2164\">Thanks to their wide and flattering design, these pants become a key piece in your wardrobe, combining comfort and fashion in one garment. Ideal for any season, they will undoubtedly become your new favorite for everyday wear or special occasions.<\/p>\n","protected":false},"excerpt":{"rendered":"<p>Pantal\u00f3n Cropped de algod\u00f3n \u2013 Estrella de la ultima Temporada Descubre nuestro pantal\u00f3n cropped de algod\u00f3n, la prenda imprescindible de la temporada pasada que sigue marcando tendencia. Confeccionado en 100% algod\u00f3n, ofrece un tacto suave y agradable sobre la piel, ideal para todo el d\u00eda. Su corte ancho y talla \u00fanica (XS-XL) con cintura el\u00e1stica [&hellip;]<\/p>\n","protected":false},"featured_media":1448,"template":"","meta":{"_et_pb_use_builder":"","_et_pb_old_content":"","_et_gb_content_width":""},"product_brand":[],"product_cat":[70,74,57,15],"product_tag":[108,248,140,216,215,217,218,219,220],"class_list":{"0":"post-1444","1":"product","2":"type-product","3":"status-publish","4":"has-post-thumbnail","6":"product_cat-tallas-grandes","7":"product_cat-embarazo","8":"product_cat-pantalones-y-monos","9":"product_cat-general","10":"product_tag-pantalon","11":"product_tag-pantalon-algodon","12":"product_tag-pantalon-ancho","13":"product_tag-pantalon-comodo","14":"product_tag-pantalon-con-goma","15":"product_tag-pantalon-cropped","16":"product_tag-pantalon-culotte","17":"product_tag-pantalon-de-invierno","18":"product_tag-pantalon-elastico","19":"pa_color-azul-cobalto","20":"pa_color-azul-marino","21":"pa_color-granate","22":"pa_color-gris","23":"pa_color-negro","24":"pa_color-teja","25":"pa_color-verde-botella","26":"pa_color-verde-khaki","27":"pa_color-verde-menta","29":"first","30":"instock","31":"shipping-taxable","32":"purchasable","33":"product-type-variable"},"yoast_head":"<!-- This site is optimized with the Yoast SEO plugin v26.2 - https:\/\/yoast.com\/wordpress\/plugins\/seo\/ -->\n<title>Pantal\u00f3n Cropped algod\u00f3n - japamala and friends<\/title>\n<meta name=\"description\" content=\"Pantal\u00f3n ancho 100% algod\u00f3n. Talla \u00fanica (XS\u2013XL), s\u00faper c\u00f3modo y combinable. Largo 90\u202fcm. Ideal para el d\u00eda a d\u00eda o tus planes con estilo.\" \/>\n<meta name=\"robots\" content=\"index, follow, max-snippet:-1, max-image-preview:large, max-video-preview:-1\" \/>\n<link rel=\"canonical\" href=\"https:\/\/japamalaandfriends.com\/en\/product\/pantalon-cropped-de-alogodon\" \/>\n<meta property=\"og:locale\" content=\"en_US\" \/>\n<meta property=\"og:type\" content=\"article\" \/>\n<meta property=\"og:title\" content=\"Pantal\u00f3n Cropped algod\u00f3n - japamala and friends\" \/>\n<meta property=\"og:description\" content=\"Pantal\u00f3n ancho 100% algod\u00f3n. Talla \u00fanica (XS\u2013XL), s\u00faper c\u00f3modo y combinable. Largo 90\u202fcm. Ideal para el d\u00eda a d\u00eda o tus planes con estilo.\" \/>\n<meta property=\"og:url\" content=\"https:\/\/japamalaandfriends.com\/en\/product\/pantalon-cropped-de-alogodon\" \/>\n<meta property=\"og:site_name\" content=\"japamala and friends\" \/>\n<meta property=\"article:publisher\" content=\"https:\/\/www.facebook.com\/Japamalaandfriends\" \/>\n<meta property=\"article:modified_time\" content=\"2026-04-17T12:13:28+00:00\" \/>\n<meta property=\"og:image\" content=\"https:\/\/japamalaandfriends.com\/wp-content\/uploads\/2021\/11\/aa0aefd7-bc30-470a-b24f-93bf69db9490.jpg\" \/>\n\t<meta property=\"og:image:width\" content=\"2048\" \/>\n\t<meta property=\"og:image:height\" content=\"2048\" \/>\n\t<meta property=\"og:image:type\" content=\"image\/jpeg\" \/>\n<meta name=\"twitter:card\" content=\"summary_large_image\" \/>\n<meta name=\"twitter:label1\" content=\"Est. reading time\" \/>\n\t<meta name=\"twitter:data1\" content=\"4 minutes\" \/>\n<script type=\"application\/ld+json\" class=\"yoast-schema-graph\">{\"@context\":\"https:\/\/schema.org\",\"@graph\":[{\"@type\":\"WebPage\",\"@id\":\"https:\/\/japamalaandfriends.com\/en\/product\/pantalon-cropped-de-alogodon\",\"url\":\"https:\/\/japamalaandfriends.com\/en\/product\/pantalon-cropped-de-alogodon\",\"name\":\"Pantal\u00f3n Cropped algod\u00f3n - japamala and friends\",\"isPartOf\":{\"@id\":\"https:\/\/japamalaandfriends.com\/en#website\"},\"primaryImageOfPage\":{\"@id\":\"https:\/\/japamalaandfriends.com\/en\/product\/pantalon-cropped-de-alogodon#primaryimage\"},\"image\":{\"@id\":\"https:\/\/japamalaandfriends.com\/en\/product\/pantalon-cropped-de-alogodon#primaryimage\"},\"thumbnailUrl\":\"https:\/\/japamalaandfriends.com\/wp-content\/uploads\/2021\/11\/aa0aefd7-bc30-470a-b24f-93bf69db9490.jpg\",\"datePublished\":\"2021-11-29T18:32:05+00:00\",\"dateModified\":\"2026-04-17T12:13:28+00:00\",\"description\":\"Pantal\u00f3n ancho 100% algod\u00f3n. Talla \u00fanica (XS\u2013XL), s\u00faper c\u00f3modo y combinable. Largo 90\u202fcm. Ideal para el d\u00eda a d\u00eda o tus planes con estilo.\",\"breadcrumb\":{\"@id\":\"https:\/\/japamalaandfriends.com\/en\/product\/pantalon-cropped-de-alogodon#breadcrumb\"},\"inLanguage\":\"en-US\",\"potentialAction\":[{\"@type\":\"ReadAction\",\"target\":[\"https:\/\/japamalaandfriends.com\/en\/product\/pantalon-cropped-de-alogodon\"]}]},{\"@type\":\"ImageObject\",\"inLanguage\":\"en-US\",\"@id\":\"https:\/\/japamalaandfriends.com\/en\/product\/pantalon-cropped-de-alogodon#primaryimage\",\"url\":\"https:\/\/japamalaandfriends.com\/wp-content\/uploads\/2021\/11\/aa0aefd7-bc30-470a-b24f-93bf69db9490.jpg\",\"contentUrl\":\"https:\/\/japamalaandfriends.com\/wp-content\/uploads\/2021\/11\/aa0aefd7-bc30-470a-b24f-93bf69db9490.jpg\",\"width\":2048,\"height\":2048,\"caption\":\"clienta en luciendo el pantalon cropped de algodon en las calles de gracia, cerca a la tienda, un outfit de invierno con mucho estilo.\"},{\"@type\":\"BreadcrumbList\",\"@id\":\"https:\/\/japamalaandfriends.com\/en\/product\/pantalon-cropped-de-alogodon#breadcrumb\",\"itemListElement\":[{\"@type\":\"ListItem\",\"position\":1,\"name\":\"Inicio\",\"item\":\"https:\/\/japamalaandfriends.com\/en\/welcome\"},{\"@type\":\"ListItem\",\"position\":2,\"name\":\"ONLINE shop\",\"item\":\"https:\/\/japamalaandfriends.com\/en\/shop\"},{\"@type\":\"ListItem\",\"position\":3,\"name\":\"Pantal\u00f3n Cropped algod\u00f3n\"}]},{\"@type\":\"WebSite\",\"@id\":\"https:\/\/japamalaandfriends.com\/en#website\",\"url\":\"https:\/\/japamalaandfriends.com\/en\",\"name\":\"japamala and friends\",\"description\":\"Aqu\u00ed subimos tu autoestima con ropa que te hace sentir bien. Descubre kimonos, vestidos, tallas reales y moda en nuestra tienda en Barcelona y online.\",\"publisher\":{\"@id\":\"https:\/\/japamalaandfriends.com\/en#organization\"},\"potentialAction\":[{\"@type\":\"SearchAction\",\"target\":{\"@type\":\"EntryPoint\",\"urlTemplate\":\"https:\/\/japamalaandfriends.com\/en?s={search_term_string}\"},\"query-input\":{\"@type\":\"PropertyValueSpecification\",\"valueRequired\":true,\"valueName\":\"search_term_string\"}}],\"inLanguage\":\"en-US\"},{\"@type\":\"Organization\",\"@id\":\"https:\/\/japamalaandfriends.com\/en#organization\",\"name\":\"japamala and friends barcelona\",\"url\":\"https:\/\/japamalaandfriends.com\/en\",\"logo\":{\"@type\":\"ImageObject\",\"inLanguage\":\"en-US\",\"@id\":\"https:\/\/japamalaandfriends.com\/en#\/schema\/logo\/image\/\",\"url\":\"https:\/\/i0.wp.com\/japamalaandfriends.com\/wp-content\/uploads\/2025\/05\/cropped-Japamala-2023-logo-black.jpg?fit=512%2C512&ssl=1\",\"contentUrl\":\"https:\/\/i0.wp.com\/japamalaandfriends.com\/wp-content\/uploads\/2025\/05\/cropped-Japamala-2023-logo-black.jpg?fit=512%2C512&ssl=1\",\"width\":512,\"height\":512,\"caption\":\"japamala and friends barcelona\"},\"image\":{\"@id\":\"https:\/\/japamalaandfriends.com\/en#\/schema\/logo\/image\/\"},\"sameAs\":[\"https:\/\/www.facebook.com\/Japamalaandfriends\",\"https:\/\/www.instagram.com\/japamala.and.friends\"]}]}<\/script>\n<!-- \/ Yoast SEO plugin. -->","yoast_head_json":{"title":"Pantal\u00f3n Cropped algod\u00f3n - japamala and friends","description":"Pantal\u00f3n ancho 100% algod\u00f3n. Talla \u00fanica (XS\u2013XL), s\u00faper c\u00f3modo y combinable. Largo 90\u202fcm. Ideal para el d\u00eda a d\u00eda o tus planes con estilo.","robots":{"index":"index","follow":"follow","max-snippet":"max-snippet:-1","max-image-preview":"max-image-preview:large","max-video-preview":"max-video-preview:-1"},"canonical":"https:\/\/japamalaandfriends.com\/en\/product\/pantalon-cropped-de-alogodon","og_locale":"en_US","og_type":"article","og_title":"Pantal\u00f3n Cropped algod\u00f3n - japamala and friends","og_description":"Pantal\u00f3n ancho 100% algod\u00f3n. Talla \u00fanica (XS\u2013XL), s\u00faper c\u00f3modo y combinable. Largo 90\u202fcm. Ideal para el d\u00eda a d\u00eda o tus planes con estilo.","og_url":"https:\/\/japamalaandfriends.com\/en\/product\/pantalon-cropped-de-alogodon","og_site_name":"japamala and friends","article_publisher":"https:\/\/www.facebook.com\/Japamalaandfriends","article_modified_time":"2026-04-17T12:13:28+00:00","og_image":[{"width":2048,"height":2048,"url":"https:\/\/japamalaandfriends.com\/wp-content\/uploads\/2021\/11\/aa0aefd7-bc30-470a-b24f-93bf69db9490.jpg","type":"image\/jpeg"}],"twitter_card":"summary_large_image","twitter_misc":{"Est. reading time":"4 minutes"},"schema":{"@context":"https:\/\/schema.org","@graph":[{"@type":"WebPage","@id":"https:\/\/japamalaandfriends.com\/en\/product\/pantalon-cropped-de-alogodon","url":"https:\/\/japamalaandfriends.com\/en\/product\/pantalon-cropped-de-alogodon","name":"Pantal\u00f3n Cropped algod\u00f3n - japamala and friends","isPartOf":{"@id":"https:\/\/japamalaandfriends.com\/en#website"},"primaryImageOfPage":{"@id":"https:\/\/japamalaandfriends.com\/en\/product\/pantalon-cropped-de-alogodon#primaryimage"},"image":{"@id":"https:\/\/japamalaandfriends.com\/en\/product\/pantalon-cropped-de-alogodon#primaryimage"},"thumbnailUrl":"https:\/\/japamalaandfriends.com\/wp-content\/uploads\/2021\/11\/aa0aefd7-bc30-470a-b24f-93bf69db9490.jpg","datePublished":"2021-11-29T18:32:05+00:00","dateModified":"2026-04-17T12:13:28+00:00","description":"Pantal\u00f3n ancho 100% algod\u00f3n. Talla \u00fanica (XS\u2013XL), s\u00faper c\u00f3modo y combinable. Largo 90\u202fcm. Ideal para el d\u00eda a d\u00eda o tus planes con estilo.","breadcrumb":{"@id":"https:\/\/japamalaandfriends.com\/en\/product\/pantalon-cropped-de-alogodon#breadcrumb"},"inLanguage":"en-US","potentialAction":[{"@type":"ReadAction","target":["https:\/\/japamalaandfriends.com\/en\/product\/pantalon-cropped-de-alogodon"]}]},{"@type":"ImageObject","inLanguage":"en-US","@id":"https:\/\/japamalaandfriends.com\/en\/product\/pantalon-cropped-de-alogodon#primaryimage","url":"https:\/\/japamalaandfriends.com\/wp-content\/uploads\/2021\/11\/aa0aefd7-bc30-470a-b24f-93bf69db9490.jpg","contentUrl":"https:\/\/japamalaandfriends.com\/wp-content\/uploads\/2021\/11\/aa0aefd7-bc30-470a-b24f-93bf69db9490.jpg","width":2048,"height":2048,"caption":"clienta en luciendo el pantalon cropped de algodon en las calles de gracia, cerca a la tienda, un outfit de invierno con mucho estilo."},{"@type":"BreadcrumbList","@id":"https:\/\/japamalaandfriends.com\/en\/product\/pantalon-cropped-de-alogodon#breadcrumb","itemListElement":[{"@type":"ListItem","position":1,"name":"Inicio","item":"https:\/\/japamalaandfriends.com\/en\/welcome"},{"@type":"ListItem","position":2,"name":"ONLINE shop","item":"https:\/\/japamalaandfriends.com\/en\/shop"},{"@type":"ListItem","position":3,"name":"Pantal\u00f3n Cropped algod\u00f3n"}]},{"@type":"WebSite","@id":"https:\/\/japamalaandfriends.com\/en#website","url":"https:\/\/japamalaandfriends.com\/en","name":"japamala and friends","description":"Aqu\u00ed subimos tu autoestima con ropa que te hace sentir bien. Descubre kimonos, vestidos, tallas reales y moda en nuestra tienda en Barcelona y online.","publisher":{"@id":"https:\/\/japamalaandfriends.com\/en#organization"},"potentialAction":[{"@type":"SearchAction","target":{"@type":"EntryPoint","urlTemplate":"https:\/\/japamalaandfriends.com\/en?s={search_term_string}"},"query-input":{"@type":"PropertyValueSpecification","valueRequired":true,"valueName":"search_term_string"}}],"inLanguage":"en-US"},{"@type":"Organization","@id":"https:\/\/japamalaandfriends.com\/en#organization","name":"japamala and friends barcelona","url":"https:\/\/japamalaandfriends.com\/en","logo":{"@type":"ImageObject","inLanguage":"en-US","@id":"https:\/\/japamalaandfriends.com\/en#\/schema\/logo\/image\/","url":"https:\/\/i0.wp.com\/japamalaandfriends.com\/wp-content\/uploads\/2025\/05\/cropped-Japamala-2023-logo-black.jpg?fit=512%2C512&ssl=1","contentUrl":"https:\/\/i0.wp.com\/japamalaandfriends.com\/wp-content\/uploads\/2025\/05\/cropped-Japamala-2023-logo-black.jpg?fit=512%2C512&ssl=1","width":512,"height":512,"caption":"japamala and friends barcelona"},"image":{"@id":"https:\/\/japamalaandfriends.com\/en#\/schema\/logo\/image\/"},"sameAs":["https:\/\/www.facebook.com\/Japamalaandfriends","https:\/\/www.instagram.com\/japamala.and.friends"]}]}},"jetpack-related-posts":[{"id":3576,"url":"https:\/\/japamalaandfriends.com\/en\/product\/peto-cropped-algodon","url_meta":{"origin":1444,"position":0},"title":"Peto Cropped algod\u00f3n","author":"SandroK","date":"January 9, 2024","format":false,"excerpt":"Peto Cropped \u2013 C\u00f3modo, ancho y Perfecto para el Embarazo Descubre nuestro Peto Cropped, una prenda que combina estilo y comodidad en un solo dise\u00f1o. Inspirado en nuestro bestseller Pantal\u00f3n Cropped, este peto es ideal para mujeres que buscan libertad de movimiento sin renunciar a la moda. \u00a1Combina capas y\u2026","rel":"","context":"Similar post","block_context":{"text":"Similar post","link":""},"img":{"alt_text":"","src":"https:\/\/i0.wp.com\/japamalaandfriends.com\/wp-content\/uploads\/2024\/01\/img_4287-scaled.jpeg?resize=350%2C200&ssl=1","width":350,"height":200,"srcset":"https:\/\/i0.wp.com\/japamalaandfriends.com\/wp-content\/uploads\/2024\/01\/img_4287-scaled.jpeg?resize=350%2C200&ssl=1 1x, https:\/\/i0.wp.com\/japamalaandfriends.com\/wp-content\/uploads\/2024\/01\/img_4287-scaled.jpeg?resize=525%2C300&ssl=1 1.5x, https:\/\/i0.wp.com\/japamalaandfriends.com\/wp-content\/uploads\/2024\/01\/img_4287-scaled.jpeg?resize=700%2C400&ssl=1 2x, https:\/\/i0.wp.com\/japamalaandfriends.com\/wp-content\/uploads\/2024\/01\/img_4287-scaled.jpeg?resize=1050%2C600&ssl=1 3x, https:\/\/i0.wp.com\/japamalaandfriends.com\/wp-content\/uploads\/2024\/01\/img_4287-scaled.jpeg?resize=1400%2C800&ssl=1 4x"},"classes":[]},{"id":3454,"url":"https:\/\/japamalaandfriends.com\/en\/product\/pantalon-cropped-pana","url_meta":{"origin":1444,"position":1},"title":"Pantal\u00f3n Cropped pana","author":"SandroK","date":"December 7, 2023","format":false,"excerpt":"Pantal\u00f3n Cropped Pana 90 \u2013 \u00a1Ahora puedes ir comoda y llamar atenci\u00f3n con tu estilo! Descubre nuestro famoso pantal\u00f3n cropped, ahora en pana, disponible en cuatro colores preciosos: verde botella, azul claro, mostaza y teja. Disponible en tallas S\/M y M\/L, este pantal\u00f3n tiene un corte ancho de pierna que\u2026","rel":"","context":"Similar post","block_context":{"text":"Similar post","link":""},"img":{"alt_text":"clienta de japamala luciendo el pantal\u00f3n cropped en pana de color mostaza, en las calles del ic\u00f3nico barrio de Gracia en Barcelona.","src":"https:\/\/i0.wp.com\/japamalaandfriends.com\/wp-content\/uploads\/2024\/01\/img_7977-1.jpeg?resize=350%2C200&ssl=1","width":350,"height":200,"srcset":"https:\/\/i0.wp.com\/japamalaandfriends.com\/wp-content\/uploads\/2024\/01\/img_7977-1.jpeg?resize=350%2C200&ssl=1 1x, https:\/\/i0.wp.com\/japamalaandfriends.com\/wp-content\/uploads\/2024\/01\/img_7977-1.jpeg?resize=525%2C300&ssl=1 1.5x, https:\/\/i0.wp.com\/japamalaandfriends.com\/wp-content\/uploads\/2024\/01\/img_7977-1.jpeg?resize=700%2C400&ssl=1 2x, https:\/\/i0.wp.com\/japamalaandfriends.com\/wp-content\/uploads\/2024\/01\/img_7977-1.jpeg?resize=1050%2C600&ssl=1 3x, https:\/\/i0.wp.com\/japamalaandfriends.com\/wp-content\/uploads\/2024\/01\/img_7977-1.jpeg?resize=1400%2C800&ssl=1 4x"},"classes":[]},{"id":9138,"url":"https:\/\/japamalaandfriends.com\/en\/product\/pantalon-office-pana","url_meta":{"origin":1444,"position":2},"title":"Pantal\u00f3n Office pana","author":"SandroK","date":"October 14, 2025","format":false,"excerpt":"Pantal\u00f3n Office pana\u00a0\u2013 Comodidad y Estilo Sofisticado Nuestro pantal\u00f3n Office de pana es la combinaci\u00f3n perfecta entre comodidad y estilo. Confeccionado en algod\u00f3n con un toque de elastano, ofrece una tela firme pero suave, ideal para quienes buscan libertad de movimiento sin perder forma. La cintura con goma se adapta\u2026","rel":"","context":"Similar post","block_context":{"text":"Similar post","link":""},"img":{"alt_text":"","src":"https:\/\/i0.wp.com\/japamalaandfriends.com\/wp-content\/uploads\/2025\/10\/img_7417-scaled.jpeg?resize=350%2C200&ssl=1","width":350,"height":200,"srcset":"https:\/\/i0.wp.com\/japamalaandfriends.com\/wp-content\/uploads\/2025\/10\/img_7417-scaled.jpeg?resize=350%2C200&ssl=1 1x, https:\/\/i0.wp.com\/japamalaandfriends.com\/wp-content\/uploads\/2025\/10\/img_7417-scaled.jpeg?resize=525%2C300&ssl=1 1.5x, https:\/\/i0.wp.com\/japamalaandfriends.com\/wp-content\/uploads\/2025\/10\/img_7417-scaled.jpeg?resize=700%2C400&ssl=1 2x, https:\/\/i0.wp.com\/japamalaandfriends.com\/wp-content\/uploads\/2025\/10\/img_7417-scaled.jpeg?resize=1050%2C600&ssl=1 3x, https:\/\/i0.wp.com\/japamalaandfriends.com\/wp-content\/uploads\/2025\/10\/img_7417-scaled.jpeg?resize=1400%2C800&ssl=1 4x"},"classes":[]},{"id":9927,"url":"https:\/\/japamalaandfriends.com\/en\/product\/pantalon-globo-algodon","url_meta":{"origin":1444,"position":3},"title":"Pantal\u00f3n Globo algod\u00f3n","author":"SandroK","date":"October 24, 2025","format":false,"excerpt":"Pantal\u00f3n Globo Algod\u00f3n \u2013 Comodidad, Color y Estilo con Car\u00e1cter Atr\u00e9vete a destacar con el Pantal\u00f3n Globo Algod\u00f3n, una prenda dise\u00f1ada para mujeres que buscan comodidad sin renunciar al estilo. Con un corte amplio y moderno, este pantal\u00f3n es perfecto para el d\u00eda a d\u00eda y se adapta a m\u00faltiples\u2026","rel":"","context":"Similar post","block_context":{"text":"Similar post","link":""},"img":{"alt_text":"","src":"https:\/\/i0.wp.com\/japamalaandfriends.com\/wp-content\/uploads\/2025\/10\/img_8352-2-scaled.jpeg?resize=350%2C200&ssl=1","width":350,"height":200,"srcset":"https:\/\/i0.wp.com\/japamalaandfriends.com\/wp-content\/uploads\/2025\/10\/img_8352-2-scaled.jpeg?resize=350%2C200&ssl=1 1x, https:\/\/i0.wp.com\/japamalaandfriends.com\/wp-content\/uploads\/2025\/10\/img_8352-2-scaled.jpeg?resize=525%2C300&ssl=1 1.5x, https:\/\/i0.wp.com\/japamalaandfriends.com\/wp-content\/uploads\/2025\/10\/img_8352-2-scaled.jpeg?resize=700%2C400&ssl=1 2x, https:\/\/i0.wp.com\/japamalaandfriends.com\/wp-content\/uploads\/2025\/10\/img_8352-2-scaled.jpeg?resize=1050%2C600&ssl=1 3x, https:\/\/i0.wp.com\/japamalaandfriends.com\/wp-content\/uploads\/2025\/10\/img_8352-2-scaled.jpeg?resize=1400%2C800&ssl=1 4x"},"classes":[]},{"id":2275,"url":"https:\/\/japamalaandfriends.com\/en\/product\/pantalon-ancho-corto-culotte","url_meta":{"origin":1444,"position":4},"title":"Pantalon ancho corto","author":"SandroK","date":"June 4, 2022","format":false,"excerpt":"Version corta (cropped) de nuestro classico de Japamala! Pantalon de viscosa, talla unica, cintura alta. Queda bien a todas nosotras que llevamos tallas entre S y XXL. Tambien una prenda que te ir\u00e1 genial mientras tu embarazo! Antes, mientras y despu\u00e9s. Porfa mira las fotos del producto Pantalon ancho largo.\u2026","rel":"","context":"Similar post","block_context":{"text":"Similar post","link":""},"img":{"alt_text":"clienta en el vestidor de la tienda japamala en barcelona., luciendo el pantalon ancho corto azul.","src":"https:\/\/i0.wp.com\/japamalaandfriends.com\/wp-content\/uploads\/2024\/05\/img_4067-scaled.jpeg?resize=350%2C200&ssl=1","width":350,"height":200,"srcset":"https:\/\/i0.wp.com\/japamalaandfriends.com\/wp-content\/uploads\/2024\/05\/img_4067-scaled.jpeg?resize=350%2C200&ssl=1 1x, https:\/\/i0.wp.com\/japamalaandfriends.com\/wp-content\/uploads\/2024\/05\/img_4067-scaled.jpeg?resize=525%2C300&ssl=1 1.5x, https:\/\/i0.wp.com\/japamalaandfriends.com\/wp-content\/uploads\/2024\/05\/img_4067-scaled.jpeg?resize=700%2C400&ssl=1 2x, https:\/\/i0.wp.com\/japamalaandfriends.com\/wp-content\/uploads\/2024\/05\/img_4067-scaled.jpeg?resize=1050%2C600&ssl=1 3x, https:\/\/i0.wp.com\/japamalaandfriends.com\/wp-content\/uploads\/2024\/05\/img_4067-scaled.jpeg?resize=1400%2C800&ssl=1 4x"},"classes":[]},{"id":9710,"url":"https:\/\/japamalaandfriends.com\/en\/product\/pantalon-globo-algodon-2","url_meta":{"origin":1444,"position":5},"title":"Pantal\u00f3n Globo algod\u00f3n","author":"SandroK","date":"November 17, 2025","format":false,"excerpt":"\u00a0Pantal\u00f3n Globo Algod\u00f3n \u2013 Comodidad, color y estilo con car\u00e1cter Atr\u00e9vete a destacar con el Pantal\u00f3n Globo Algod\u00f3n, una prenda pensada para mujeres que buscan comodidad sin renunciar al estilo. Su corte amplio y moderno lo hace perfecto para el d\u00eda a d\u00eda, adapt\u00e1ndose a m\u00faltiples ocasiones, desde un look\u2026","rel":"","context":"Similar post","block_context":{"text":"Similar post","link":""},"img":{"alt_text":"","src":"","width":0,"height":0},"classes":[]}],"jetpack_sharing_enabled":true,"_links":{"self":[{"href":"https:\/\/japamalaandfriends.com\/en\/wp-json\/wp\/v2\/product\/1444","targetHints":{"allow":["GET"]}}],"collection":[{"href":"https:\/\/japamalaandfriends.com\/en\/wp-json\/wp\/v2\/product"}],"about":[{"href":"https:\/\/japamalaandfriends.com\/en\/wp-json\/wp\/v2\/types\/product"}],"wp:featuredmedia":[{"embeddable":true,"href":"https:\/\/japamalaandfriends.com\/en\/wp-json\/wp\/v2\/media\/1448"}],"wp:attachment":[{"href":"https:\/\/japamalaandfriends.com\/en\/wp-json\/wp\/v2\/media?parent=1444"}],"wp:term":[{"taxonomy":"product_brand","embeddable":true,"href":"https:\/\/japamalaandfriends.com\/en\/wp-json\/wp\/v2\/product_brand?post=1444"},{"taxonomy":"product_cat","embeddable":true,"href":"https:\/\/japamalaandfriends.com\/en\/wp-json\/wp\/v2\/product_cat?post=1444"},{"taxonomy":"product_tag","embeddable":true,"href":"https:\/\/japamalaandfriends.com\/en\/wp-json\/wp\/v2\/product_tag?post=1444"}],"curies":[{"name":"wp","href":"https:\/\/api.w.org\/{rel}","templated":true}]}}