{"id":2275,"date":"2022-06-04T11:55:51","date_gmt":"2022-06-04T11:55:51","guid":{"rendered":"https:\/\/japamalaandfriends.com\/?post_type=product&#038;p=2275"},"modified":"2026-04-09T14:19:07","modified_gmt":"2026-04-09T14:19:07","slug":"pantalon-ancho-corto-culotte","status":"publish","type":"product","link":"https:\/\/japamalaandfriends.com\/en\/product\/pantalon-ancho-corto-culotte","title":{"rendered":"Pantalon ancho corto"},"content":{"rendered":"<p>Version corta (cropped) de nuestro classico de Japamala! Pantalon de viscosa, talla unica, cintura alta. Queda bien a todas nosotras que llevamos tallas entre S y XXL. Tambien una prenda que te ir\u00e1 genial mientras tu embarazo! Antes, mientras y despu\u00e9s. Porfa mira las fotos del producto Pantalon ancho largo.<\/p>\n<p>Un pantalon super c\u00f3modo y super combinable. Tb muy fresco!<\/p>\n<p style=\"margin: 0px 0px 20px\">Disponible en diferentes colores. Disponible tambien en largo!<\/p>\n<p>Gracias a Tona y a Jane! \ud83d\ude42<\/p>\n","protected":false},"excerpt":{"rendered":"<p>Version corta (cropped) de nuestro classico de Japamala! Pantalon de viscosa, talla unica, cintura alta. Queda bien a todas nosotras que llevamos tallas entre S y XXL. Tambien una prenda que te ir\u00e1 genial mientras tu embarazo! Antes, mientras y despu\u00e9s. Porfa mira las fotos del producto Pantalon ancho largo. Un pantalon super c\u00f3modo y [&hellip;]<\/p>\n","protected":false},"featured_media":3739,"template":"","meta":{"_et_pb_use_builder":"","_et_pb_old_content":"","_et_gb_content_width":""},"product_brand":[],"product_cat":[70,74,57,15],"product_tag":[108,140,316,315,257,312,364],"class_list":{"0":"post-2275","1":"product","2":"type-product","3":"status-publish","4":"has-post-thumbnail","6":"product_cat-tallas-grandes","7":"product_cat-embarazo","8":"product_cat-pantalones-y-monos","9":"product_cat-general","10":"product_tag-pantalon","11":"product_tag-pantalon-ancho","12":"product_tag-pantalon-cintura-alta","13":"product_tag-pantalon-corto","14":"product_tag-pantalon-embarazo","15":"product_tag-pantalon-fresco","16":"product_tag-verano","17":"pa_color-azul-cobalto","18":"pa_color-negro","19":"pa_color-teja","20":"pa_color-verde-botella","22":"first","23":"instock","24":"shipping-taxable","25":"purchasable","26":"product-type-variable"},"yoast_head":"<!-- This site is optimized with the Yoast SEO plugin v26.2 - https:\/\/yoast.com\/wordpress\/plugins\/seo\/ -->\n<title>Pantalon ancho corto - japamala and friends<\/title>\n<meta name=\"description\" content=\"Pantal\u00f3n cropped de viscosa, fresco y c\u00f3modo. Cintura alta y talla \u00fanica (S\u2013XXL). Perfecto incluso en embarazo. Disponible en varios colores.\" \/>\n<meta name=\"robots\" content=\"index, follow, max-snippet:-1, max-image-preview:large, max-video-preview:-1\" \/>\n<link rel=\"canonical\" href=\"https:\/\/japamalaandfriends.com\/en\/product\/pantalon-ancho-corto-culotte\" \/>\n<meta property=\"og:locale\" content=\"en_US\" \/>\n<meta property=\"og:type\" content=\"article\" \/>\n<meta property=\"og:title\" content=\"Pantalon ancho corto - japamala and friends\" \/>\n<meta property=\"og:description\" content=\"Pantal\u00f3n cropped de viscosa, fresco y c\u00f3modo. Cintura alta y talla \u00fanica (S\u2013XXL). Perfecto incluso en embarazo. Disponible en varios colores.\" \/>\n<meta property=\"og:url\" content=\"https:\/\/japamalaandfriends.com\/en\/product\/pantalon-ancho-corto-culotte\" \/>\n<meta property=\"og:site_name\" content=\"japamala and friends\" \/>\n<meta property=\"article:publisher\" content=\"https:\/\/www.facebook.com\/Japamalaandfriends\" \/>\n<meta property=\"article:modified_time\" content=\"2026-04-09T14:19:07+00:00\" \/>\n<meta property=\"og:image\" content=\"https:\/\/japamalaandfriends.com\/wp-content\/uploads\/2024\/05\/img_4067-scaled.jpeg\" \/>\n\t<meta property=\"og:image:width\" content=\"2560\" \/>\n\t<meta property=\"og:image:height\" content=\"2560\" \/>\n\t<meta property=\"og:image:type\" content=\"image\/jpeg\" \/>\n<meta name=\"twitter:card\" content=\"summary_large_image\" \/>\n<meta name=\"twitter:label1\" content=\"Est. reading time\" \/>\n\t<meta name=\"twitter:data1\" content=\"1 minute\" \/>\n<script type=\"application\/ld+json\" class=\"yoast-schema-graph\">{\"@context\":\"https:\/\/schema.org\",\"@graph\":[{\"@type\":\"WebPage\",\"@id\":\"https:\/\/japamalaandfriends.com\/en\/product\/pantalon-ancho-corto-culotte\",\"url\":\"https:\/\/japamalaandfriends.com\/en\/product\/pantalon-ancho-corto-culotte\",\"name\":\"Pantalon ancho corto - japamala and friends\",\"isPartOf\":{\"@id\":\"https:\/\/japamalaandfriends.com\/en#website\"},\"primaryImageOfPage\":{\"@id\":\"https:\/\/japamalaandfriends.com\/en\/product\/pantalon-ancho-corto-culotte#primaryimage\"},\"image\":{\"@id\":\"https:\/\/japamalaandfriends.com\/en\/product\/pantalon-ancho-corto-culotte#primaryimage\"},\"thumbnailUrl\":\"https:\/\/japamalaandfriends.com\/wp-content\/uploads\/2024\/05\/img_4067-scaled.jpeg\",\"datePublished\":\"2022-06-04T11:55:51+00:00\",\"dateModified\":\"2026-04-09T14:19:07+00:00\",\"description\":\"Pantal\u00f3n cropped de viscosa, fresco y c\u00f3modo. Cintura alta y talla \u00fanica (S\u2013XXL). Perfecto incluso en embarazo. Disponible en varios colores.\",\"breadcrumb\":{\"@id\":\"https:\/\/japamalaandfriends.com\/en\/product\/pantalon-ancho-corto-culotte#breadcrumb\"},\"inLanguage\":\"en-US\",\"potentialAction\":[{\"@type\":\"ReadAction\",\"target\":[\"https:\/\/japamalaandfriends.com\/en\/product\/pantalon-ancho-corto-culotte\"]}]},{\"@type\":\"ImageObject\",\"inLanguage\":\"en-US\",\"@id\":\"https:\/\/japamalaandfriends.com\/en\/product\/pantalon-ancho-corto-culotte#primaryimage\",\"url\":\"https:\/\/japamalaandfriends.com\/wp-content\/uploads\/2024\/05\/img_4067-scaled.jpeg\",\"contentUrl\":\"https:\/\/japamalaandfriends.com\/wp-content\/uploads\/2024\/05\/img_4067-scaled.jpeg\",\"width\":2560,\"height\":2560,\"caption\":\"clienta en el vestidor de la tienda japamala en barcelona., luciendo el pantalon ancho corto azul.\"},{\"@type\":\"BreadcrumbList\",\"@id\":\"https:\/\/japamalaandfriends.com\/en\/product\/pantalon-ancho-corto-culotte#breadcrumb\",\"itemListElement\":[{\"@type\":\"ListItem\",\"position\":1,\"name\":\"Inicio\",\"item\":\"https:\/\/japamalaandfriends.com\/en\/welcome\"},{\"@type\":\"ListItem\",\"position\":2,\"name\":\"ONLINE shop\",\"item\":\"https:\/\/japamalaandfriends.com\/en\/shop\"},{\"@type\":\"ListItem\",\"position\":3,\"name\":\"Pantalon ancho corto\"}]},{\"@type\":\"WebSite\",\"@id\":\"https:\/\/japamalaandfriends.com\/en#website\",\"url\":\"https:\/\/japamalaandfriends.com\/en\",\"name\":\"japamala and friends\",\"description\":\"Aqu\u00ed subimos tu autoestima con ropa que te hace sentir bien. Descubre kimonos, vestidos, tallas reales y moda en nuestra tienda en Barcelona y online.\",\"publisher\":{\"@id\":\"https:\/\/japamalaandfriends.com\/en#organization\"},\"potentialAction\":[{\"@type\":\"SearchAction\",\"target\":{\"@type\":\"EntryPoint\",\"urlTemplate\":\"https:\/\/japamalaandfriends.com\/en?s={search_term_string}\"},\"query-input\":{\"@type\":\"PropertyValueSpecification\",\"valueRequired\":true,\"valueName\":\"search_term_string\"}}],\"inLanguage\":\"en-US\"},{\"@type\":\"Organization\",\"@id\":\"https:\/\/japamalaandfriends.com\/en#organization\",\"name\":\"japamala and friends barcelona\",\"url\":\"https:\/\/japamalaandfriends.com\/en\",\"logo\":{\"@type\":\"ImageObject\",\"inLanguage\":\"en-US\",\"@id\":\"https:\/\/japamalaandfriends.com\/en#\/schema\/logo\/image\/\",\"url\":\"https:\/\/i0.wp.com\/japamalaandfriends.com\/wp-content\/uploads\/2025\/05\/cropped-Japamala-2023-logo-black.jpg?fit=512%2C512&ssl=1\",\"contentUrl\":\"https:\/\/i0.wp.com\/japamalaandfriends.com\/wp-content\/uploads\/2025\/05\/cropped-Japamala-2023-logo-black.jpg?fit=512%2C512&ssl=1\",\"width\":512,\"height\":512,\"caption\":\"japamala and friends barcelona\"},\"image\":{\"@id\":\"https:\/\/japamalaandfriends.com\/en#\/schema\/logo\/image\/\"},\"sameAs\":[\"https:\/\/www.facebook.com\/Japamalaandfriends\",\"https:\/\/www.instagram.com\/japamala.and.friends\"]}]}<\/script>\n<!-- \/ Yoast SEO plugin. -->","yoast_head_json":{"title":"Pantalon ancho corto - japamala and friends","description":"Pantal\u00f3n cropped de viscosa, fresco y c\u00f3modo. Cintura alta y talla \u00fanica (S\u2013XXL). Perfecto incluso en embarazo. Disponible en varios colores.","robots":{"index":"index","follow":"follow","max-snippet":"max-snippet:-1","max-image-preview":"max-image-preview:large","max-video-preview":"max-video-preview:-1"},"canonical":"https:\/\/japamalaandfriends.com\/en\/product\/pantalon-ancho-corto-culotte","og_locale":"en_US","og_type":"article","og_title":"Pantalon ancho corto - japamala and friends","og_description":"Pantal\u00f3n cropped de viscosa, fresco y c\u00f3modo. Cintura alta y talla \u00fanica (S\u2013XXL). Perfecto incluso en embarazo. Disponible en varios colores.","og_url":"https:\/\/japamalaandfriends.com\/en\/product\/pantalon-ancho-corto-culotte","og_site_name":"japamala and friends","article_publisher":"https:\/\/www.facebook.com\/Japamalaandfriends","article_modified_time":"2026-04-09T14:19:07+00:00","og_image":[{"width":2560,"height":2560,"url":"https:\/\/japamalaandfriends.com\/wp-content\/uploads\/2024\/05\/img_4067-scaled.jpeg","type":"image\/jpeg"}],"twitter_card":"summary_large_image","twitter_misc":{"Est. reading time":"1 minute"},"schema":{"@context":"https:\/\/schema.org","@graph":[{"@type":"WebPage","@id":"https:\/\/japamalaandfriends.com\/en\/product\/pantalon-ancho-corto-culotte","url":"https:\/\/japamalaandfriends.com\/en\/product\/pantalon-ancho-corto-culotte","name":"Pantalon ancho corto - japamala and friends","isPartOf":{"@id":"https:\/\/japamalaandfriends.com\/en#website"},"primaryImageOfPage":{"@id":"https:\/\/japamalaandfriends.com\/en\/product\/pantalon-ancho-corto-culotte#primaryimage"},"image":{"@id":"https:\/\/japamalaandfriends.com\/en\/product\/pantalon-ancho-corto-culotte#primaryimage"},"thumbnailUrl":"https:\/\/japamalaandfriends.com\/wp-content\/uploads\/2024\/05\/img_4067-scaled.jpeg","datePublished":"2022-06-04T11:55:51+00:00","dateModified":"2026-04-09T14:19:07+00:00","description":"Pantal\u00f3n cropped de viscosa, fresco y c\u00f3modo. Cintura alta y talla \u00fanica (S\u2013XXL). Perfecto incluso en embarazo. Disponible en varios colores.","breadcrumb":{"@id":"https:\/\/japamalaandfriends.com\/en\/product\/pantalon-ancho-corto-culotte#breadcrumb"},"inLanguage":"en-US","potentialAction":[{"@type":"ReadAction","target":["https:\/\/japamalaandfriends.com\/en\/product\/pantalon-ancho-corto-culotte"]}]},{"@type":"ImageObject","inLanguage":"en-US","@id":"https:\/\/japamalaandfriends.com\/en\/product\/pantalon-ancho-corto-culotte#primaryimage","url":"https:\/\/japamalaandfriends.com\/wp-content\/uploads\/2024\/05\/img_4067-scaled.jpeg","contentUrl":"https:\/\/japamalaandfriends.com\/wp-content\/uploads\/2024\/05\/img_4067-scaled.jpeg","width":2560,"height":2560,"caption":"clienta en el vestidor de la tienda japamala en barcelona., luciendo el pantalon ancho corto azul."},{"@type":"BreadcrumbList","@id":"https:\/\/japamalaandfriends.com\/en\/product\/pantalon-ancho-corto-culotte#breadcrumb","itemListElement":[{"@type":"ListItem","position":1,"name":"Inicio","item":"https:\/\/japamalaandfriends.com\/en\/welcome"},{"@type":"ListItem","position":2,"name":"ONLINE shop","item":"https:\/\/japamalaandfriends.com\/en\/shop"},{"@type":"ListItem","position":3,"name":"Pantalon ancho corto"}]},{"@type":"WebSite","@id":"https:\/\/japamalaandfriends.com\/en#website","url":"https:\/\/japamalaandfriends.com\/en","name":"japamala and friends","description":"Aqu\u00ed subimos tu autoestima con ropa que te hace sentir bien. Descubre kimonos, vestidos, tallas reales y moda en nuestra tienda en Barcelona y online.","publisher":{"@id":"https:\/\/japamalaandfriends.com\/en#organization"},"potentialAction":[{"@type":"SearchAction","target":{"@type":"EntryPoint","urlTemplate":"https:\/\/japamalaandfriends.com\/en?s={search_term_string}"},"query-input":{"@type":"PropertyValueSpecification","valueRequired":true,"valueName":"search_term_string"}}],"inLanguage":"en-US"},{"@type":"Organization","@id":"https:\/\/japamalaandfriends.com\/en#organization","name":"japamala and friends barcelona","url":"https:\/\/japamalaandfriends.com\/en","logo":{"@type":"ImageObject","inLanguage":"en-US","@id":"https:\/\/japamalaandfriends.com\/en#\/schema\/logo\/image\/","url":"https:\/\/i0.wp.com\/japamalaandfriends.com\/wp-content\/uploads\/2025\/05\/cropped-Japamala-2023-logo-black.jpg?fit=512%2C512&ssl=1","contentUrl":"https:\/\/i0.wp.com\/japamalaandfriends.com\/wp-content\/uploads\/2025\/05\/cropped-Japamala-2023-logo-black.jpg?fit=512%2C512&ssl=1","width":512,"height":512,"caption":"japamala and friends barcelona"},"image":{"@id":"https:\/\/japamalaandfriends.com\/en#\/schema\/logo\/image\/"},"sameAs":["https:\/\/www.facebook.com\/Japamalaandfriends","https:\/\/www.instagram.com\/japamala.and.friends"]}]}},"jetpack-related-posts":[{"id":956,"url":"https:\/\/japamalaandfriends.com\/en\/product\/pantalon-ancho-largo","url_meta":{"origin":2275,"position":0},"title":"Pantal\u00f3n Ancho largo","author":"SandroK","date":"August 2, 2021","format":false,"excerpt":"Pantal\u00f3n Ancho Largo \u2013 Comodidad, Estilo y Versatilidad Japamala Descubre el Pantal\u00f3n Ancho Largo, un cl\u00e1sico de Japamala que lleva m\u00e1s de 20 a\u00f1os acompa\u00f1ando nuestros armarios. Confeccionado en viscosa suave y cintura alta, este pantal\u00f3n de talla \u00fanica se adapta c\u00f3modamente a tallas S\/M y M\/L, siendo ideal para\u2026","rel":"","context":"Similar post","block_context":{"text":"Similar post","link":""},"img":{"alt_text":"","src":"https:\/\/i0.wp.com\/japamalaandfriends.com\/wp-content\/uploads\/2021\/08\/1382243_330813427062240_187113137_n.jpg?resize=350%2C200&ssl=1","width":350,"height":200,"srcset":"https:\/\/i0.wp.com\/japamalaandfriends.com\/wp-content\/uploads\/2021\/08\/1382243_330813427062240_187113137_n.jpg?resize=350%2C200&ssl=1 1x, https:\/\/i0.wp.com\/japamalaandfriends.com\/wp-content\/uploads\/2021\/08\/1382243_330813427062240_187113137_n.jpg?resize=525%2C300&ssl=1 1.5x"},"classes":[]},{"id":9119,"url":"https:\/\/japamalaandfriends.com\/en\/product\/pantalon-office-twill","url_meta":{"origin":2275,"position":1},"title":"Pantal\u00f3n Office Twill","author":"SandroK","date":"October 14, 2025","format":false,"excerpt":"Pantal\u00f3n Office Twill \u2013 Comodidad y Estilo con Toque Flexible Si buscas un pantal\u00f3n ancho, c\u00f3modo y con mucho estilo, nuestro Pantal\u00f3n Office Twill se convertir\u00e1 en tu prenda imprescindible. Confeccionado en algod\u00f3n con un toque de elastano, combina firmeza y suavidad, ofreciendo libertad de movimiento sin perder forma. Su\u2026","rel":"","context":"Similar post","block_context":{"text":"Similar post","link":""},"img":{"alt_text":"","src":"https:\/\/i0.wp.com\/japamalaandfriends.com\/wp-content\/uploads\/2025\/10\/photoroom_20251014_212703-300x300-1.webp?resize=350%2C200&ssl=1","width":350,"height":200},"classes":[]},{"id":3454,"url":"https:\/\/japamalaandfriends.com\/en\/product\/pantalon-cropped-pana","url_meta":{"origin":2275,"position":2},"title":"Pantal\u00f3n Cropped pana","author":"SandroK","date":"December 7, 2023","format":false,"excerpt":"Pantal\u00f3n Cropped Pana 90 \u2013 \u00a1Ahora puedes ir comoda y llamar atenci\u00f3n con tu estilo! Descubre nuestro famoso pantal\u00f3n cropped, ahora en pana, disponible en cuatro colores preciosos: verde botella, azul claro, mostaza y teja. Disponible en tallas S\/M y M\/L, este pantal\u00f3n tiene un corte ancho de pierna que\u2026","rel":"","context":"Similar post","block_context":{"text":"Similar post","link":""},"img":{"alt_text":"clienta de japamala luciendo el pantal\u00f3n cropped en pana de color mostaza, en las calles del ic\u00f3nico barrio de Gracia en Barcelona.","src":"https:\/\/i0.wp.com\/japamalaandfriends.com\/wp-content\/uploads\/2024\/01\/img_7977-1.jpeg?resize=350%2C200&ssl=1","width":350,"height":200,"srcset":"https:\/\/i0.wp.com\/japamalaandfriends.com\/wp-content\/uploads\/2024\/01\/img_7977-1.jpeg?resize=350%2C200&ssl=1 1x, https:\/\/i0.wp.com\/japamalaandfriends.com\/wp-content\/uploads\/2024\/01\/img_7977-1.jpeg?resize=525%2C300&ssl=1 1.5x, https:\/\/i0.wp.com\/japamalaandfriends.com\/wp-content\/uploads\/2024\/01\/img_7977-1.jpeg?resize=700%2C400&ssl=1 2x, https:\/\/i0.wp.com\/japamalaandfriends.com\/wp-content\/uploads\/2024\/01\/img_7977-1.jpeg?resize=1050%2C600&ssl=1 3x, https:\/\/i0.wp.com\/japamalaandfriends.com\/wp-content\/uploads\/2024\/01\/img_7977-1.jpeg?resize=1400%2C800&ssl=1 4x"},"classes":[]},{"id":9710,"url":"https:\/\/japamalaandfriends.com\/en\/product\/pantalon-globo-algodon-2","url_meta":{"origin":2275,"position":3},"title":"Pantal\u00f3n Globo algod\u00f3n","author":"SandroK","date":"November 17, 2025","format":false,"excerpt":"\u00a0Pantal\u00f3n Globo Algod\u00f3n \u2013 Comodidad, color y estilo con car\u00e1cter Atr\u00e9vete a destacar con el Pantal\u00f3n Globo Algod\u00f3n, una prenda pensada para mujeres que buscan comodidad sin renunciar al estilo. Su corte amplio y moderno lo hace perfecto para el d\u00eda a d\u00eda, adapt\u00e1ndose a m\u00faltiples ocasiones, desde un look\u2026","rel":"","context":"Similar post","block_context":{"text":"Similar post","link":""},"img":{"alt_text":"","src":"","width":0,"height":0},"classes":[]},{"id":2944,"url":"https:\/\/japamalaandfriends.com\/en\/product\/pantalon-cintura-punto-roma","url_meta":{"origin":2275,"position":4},"title":"Pantal\u00f3n Cintura largo","author":"SandroK","date":"December 10, 2022","format":false,"excerpt":"Pantal\u00f3n Cintura Largo \u2013 \u00a1Nuestro pantal\u00f3n cl\u00e1sico combina comodidad y estilo para todos los cuerpos! Seguro que tienes al menos uno de nuestros pantalones cl\u00e1sicos en tu armario. Llevamos m\u00e1s de 20 a\u00f1os confeccionando este pantal\u00f3n, y sigue siendo una estrella de Japamala. La versi\u00f3n de invierno est\u00e1 hecha en\u2026","rel":"","context":"Similar post","block_context":{"text":"Similar post","link":""},"img":{"alt_text":"","src":"https:\/\/i0.wp.com\/japamalaandfriends.com\/wp-content\/uploads\/2022\/12\/img_9457-2-scaled.jpeg?resize=350%2C200&ssl=1","width":350,"height":200,"srcset":"https:\/\/i0.wp.com\/japamalaandfriends.com\/wp-content\/uploads\/2022\/12\/img_9457-2-scaled.jpeg?resize=350%2C200&ssl=1 1x, https:\/\/i0.wp.com\/japamalaandfriends.com\/wp-content\/uploads\/2022\/12\/img_9457-2-scaled.jpeg?resize=525%2C300&ssl=1 1.5x, https:\/\/i0.wp.com\/japamalaandfriends.com\/wp-content\/uploads\/2022\/12\/img_9457-2-scaled.jpeg?resize=700%2C400&ssl=1 2x, https:\/\/i0.wp.com\/japamalaandfriends.com\/wp-content\/uploads\/2022\/12\/img_9457-2-scaled.jpeg?resize=1050%2C600&ssl=1 3x, https:\/\/i0.wp.com\/japamalaandfriends.com\/wp-content\/uploads\/2022\/12\/img_9457-2-scaled.jpeg?resize=1400%2C800&ssl=1 4x"},"classes":[]},{"id":9598,"url":"https:\/\/japamalaandfriends.com\/en\/product\/pantalon-globo-denim","url_meta":{"origin":2275,"position":5},"title":"Pantal\u00f3n Globo denim","author":"SandroK","date":"October 23, 2025","format":false,"excerpt":"Pantal\u00f3n Globo Denim \u2013 Comodidad y Estilo con Efecto Vaquero | Disponible en Tallas S\/M, M\/L y XL Si buscas un pantal\u00f3n ancho, c\u00f3modo y con mucho estilo, el Pantal\u00f3n Globo Denim ser\u00e1 tu nueva prenda favorita. Con su efecto globo y tejido tipo denim, este modelo ofrece el equilibrio\u2026","rel":"","context":"Similar post","block_context":{"text":"Similar post","link":""},"img":{"alt_text":"Dos mujeres posan frente a una persiana met\u00e1lica azul. Ambas llevan un jersey color teja y pantalones anchos denim. La mujer de la derecha usa gafas y zapatillas claras, mientras que la mujer de la izquierda lleva botas negras.","src":"https:\/\/i0.wp.com\/japamalaandfriends.com\/wp-content\/uploads\/2025\/10\/japamala-1099-2.jpg?resize=350%2C200&ssl=1","width":350,"height":200,"srcset":"https:\/\/i0.wp.com\/japamalaandfriends.com\/wp-content\/uploads\/2025\/10\/japamala-1099-2.jpg?resize=350%2C200&ssl=1 1x, https:\/\/i0.wp.com\/japamalaandfriends.com\/wp-content\/uploads\/2025\/10\/japamala-1099-2.jpg?resize=525%2C300&ssl=1 1.5x, https:\/\/i0.wp.com\/japamalaandfriends.com\/wp-content\/uploads\/2025\/10\/japamala-1099-2.jpg?resize=700%2C400&ssl=1 2x, https:\/\/i0.wp.com\/japamalaandfriends.com\/wp-content\/uploads\/2025\/10\/japamala-1099-2.jpg?resize=1050%2C600&ssl=1 3x"},"classes":[]}],"jetpack_sharing_enabled":true,"_links":{"self":[{"href":"https:\/\/japamalaandfriends.com\/en\/wp-json\/wp\/v2\/product\/2275","targetHints":{"allow":["GET"]}}],"collection":[{"href":"https:\/\/japamalaandfriends.com\/en\/wp-json\/wp\/v2\/product"}],"about":[{"href":"https:\/\/japamalaandfriends.com\/en\/wp-json\/wp\/v2\/types\/product"}],"wp:featuredmedia":[{"embeddable":true,"href":"https:\/\/japamalaandfriends.com\/en\/wp-json\/wp\/v2\/media\/3739"}],"wp:attachment":[{"href":"https:\/\/japamalaandfriends.com\/en\/wp-json\/wp\/v2\/media?parent=2275"}],"wp:term":[{"taxonomy":"product_brand","embeddable":true,"href":"https:\/\/japamalaandfriends.com\/en\/wp-json\/wp\/v2\/product_brand?post=2275"},{"taxonomy":"product_cat","embeddable":true,"href":"https:\/\/japamalaandfriends.com\/en\/wp-json\/wp\/v2\/product_cat?post=2275"},{"taxonomy":"product_tag","embeddable":true,"href":"https:\/\/japamalaandfriends.com\/en\/wp-json\/wp\/v2\/product_tag?post=2275"}],"curies":[{"name":"wp","href":"https:\/\/api.w.org\/{rel}","templated":true}]}}