{"id":2944,"date":"2022-12-10T16:45:50","date_gmt":"2022-12-10T16:45:50","guid":{"rendered":"https:\/\/japamalaandfriends.com\/product\/pantalon-cintura-punto-roma"},"modified":"2026-04-15T16:09:26","modified_gmt":"2026-04-15T16:09:26","slug":"pantalon-cintura-punto-roma","status":"publish","type":"product","link":"https:\/\/japamalaandfriends.com\/en\/product\/pantalon-cintura-punto-roma","title":{"rendered":"Pantal\u00f3n Cintura largo"},"content":{"rendered":"<h3 data-start=\"102\" data-end=\"176\"><img decoding=\"async\" class=\"emoji\" role=\"img\" draggable=\"false\" src=\"https:\/\/s.w.org\/images\/core\/emoji\/16.0.1\/svg\/1f1ea-1f1f8.svg\" alt=\"\ud83c\uddea\ud83c\uddf8\" \/> Pantal\u00f3n Cintura Largo \u2013 \u00a1Nuestro pantal\u00f3n cl\u00e1sico combina comodidad y estilo para todos los cuerpos!<\/h3>\n<p>Seguro que tienes al menos uno de nuestros pantalones cl\u00e1sicos en tu armario. Llevamos m\u00e1s de 20 a\u00f1os confeccionando este pantal\u00f3n, y sigue siendo una estrella de Japamala. La versi\u00f3n de invierno est\u00e1 hecha en punto Roma, con cintura alta que puedes usar como faj\u00edn o doblar seg\u00fan tu comodidad. Ideal para yoga, danza y embarazo.<\/p>\n<p>Disponible en dos tallas (S\/M y M\/L) y cinco colores: negro, granate, verde botella, azul marino y teja. Se adapta perfectamente a tallas entre S y XL y es ideal antes, durante y despu\u00e9s del embarazo. Su corte amplio lo hace super c\u00f3modo y combinable, perfecto para el d\u00eda a d\u00eda o cualquier ocasi\u00f3n.<\/p>\n<p>Un b\u00e1sico que nunca pasa de moda y que se convertir\u00e1 en tu pantal\u00f3n favorito.<\/p>\n<p>Gracias a Judit (175, S) y Elena (171, M) por mostrarnos lo bien que queda en diferentes siluetas.<\/p>\n<hr \/>\n<h3 data-start=\"1393\" data-end=\"1438\"><img decoding=\"async\" src=\"https:\/\/japamalaandfriends.com\/wp-content\/plugins\/sitepress-multilingual-cms\/res\/flags\/ca.svg\" alt=\"Catal\u00e0\" \/> Pantal\u00f3 Cintura Llarga \u2013 El nostra pantal\u00f3 cl\u00e0ssic que combina comoditat i estil per a tots els cossos!<\/h3>\n<p data-start=\"190\" data-end=\"518\">Segur que tens almenys un dels nostres pantalons cl\u00e0ssics al teu armari. Fa m\u00e9s de 20 anys que confeccionem aquest pantal\u00f3, i continua sent una estrella de Japamala. La versi\u00f3 d\u2019hivern est\u00e0 feta en punt Roma, amb cintura alta que pots utilitzar com a faixa o plegar segons la teva comoditat. Ideal per a ioga, dansa i embar\u00e0s.<\/p>\n<p data-start=\"520\" data-end=\"818\">Disponible en dues talles (S\/M i M\/L) i cinc colors: negre, granat, verd ampolla, blau mar\u00ed i teula. S\u2019adapta perfectament a talles entre la S i la XL i \u00e9s ideal abans, durant i despr\u00e9s de l\u2019embar\u00e0s. El seu tall ample el fa super c\u00f2mode i combinable, perfecte per al dia a dia o qualsevol ocasi\u00f3.<\/p>\n<p data-start=\"820\" data-end=\"899\">Un b\u00e0sic que mai passa de moda i que es convertir\u00e0 en el teu pantal\u00f3 favorit.<\/p>\n<p data-start=\"901\" data-end=\"1000\">Gr\u00e0cies a Judit (175, S) i Elena (171, M) per mostrar-nos com queda tan b\u00e9 en diferents siluetes.<\/p>\n<hr \/>\n<h3 data-start=\"1386\" data-end=\"1458\"><img decoding=\"async\" class=\"emoji\" role=\"img\" draggable=\"false\" src=\"https:\/\/s.w.org\/images\/core\/emoji\/16.0.1\/svg\/1f1ec-1f1e7.svg\" alt=\"\ud83c\uddec\ud83c\udde7\" \/> Long Waist Pants \u2013 Our classic pants combining comfort and style for all body types!<\/h3>\n<p data-start=\"1114\" data-end=\"1430\">You probably have at least one of our classic pants in your wardrobe. We\u2019ve been making this pant for over 20 years, and it remains a Japamala favorite. The winter version is made from Roma knit, with a high waist that you can wear as a sash or fold according to your comfort. Ideal for yoga, dance, and pregnancy.<\/p>\n<p data-start=\"1432\" data-end=\"1730\">Available in two sizes (S\/M and M\/L) and five colors: black, burgundy, bottle green, navy blue, and terracotta. It fits sizes from S to XL perfectly and is ideal before, during, and after pregnancy. Its wide cut makes it super comfortable and versatile, perfect for everyday wear or any occasion.<\/p>\n<p data-start=\"1732\" data-end=\"1788\">A timeless basic that will become your favorite pants.<\/p>\n<p data-start=\"1790\" data-end=\"1895\">Thanks to Judit (175, S) and Elena (171, M) for showing us how great it looks on different silhouettes.<\/p>\n","protected":false},"excerpt":{"rendered":"<p>Pantal\u00f3n Cintura Largo \u2013 \u00a1Nuestro pantal\u00f3n cl\u00e1sico combina comodidad y estilo para todos los cuerpos! Seguro que tienes al menos uno de nuestros pantalones cl\u00e1sicos en tu armario. Llevamos m\u00e1s de 20 a\u00f1os confeccionando este pantal\u00f3n, y sigue siendo una estrella de Japamala. La versi\u00f3n de invierno est\u00e1 hecha en punto Roma, con cintura alta [&hellip;]<\/p>\n","protected":false},"featured_media":10405,"template":"","meta":{"_et_pb_use_builder":"","_et_pb_old_content":"","_et_gb_content_width":""},"product_brand":[],"product_cat":[74,57,15],"product_tag":[],"class_list":{"0":"post-2944","1":"product","2":"type-product","3":"status-publish","4":"has-post-thumbnail","6":"product_cat-embarazo","7":"product_cat-pantalones-y-monos","8":"product_cat-general","9":"pa_color-azul-marino","10":"pa_color-granate","11":"pa_color-mostaza","12":"pa_color-negro","13":"pa_color-teja","14":"pa_color-verde-botella","15":"pa_talla-size-l-xl","16":"pa_talla-size-s-m","18":"first","19":"instock","20":"shipping-taxable","21":"purchasable","22":"product-type-variable"},"yoast_head":"<!-- This site is optimized with the Yoast SEO plugin v26.2 - https:\/\/yoast.com\/wordpress\/plugins\/seo\/ -->\n<title>Pantal\u00f3n Cintura largo - japamala and friends<\/title>\n<meta name=\"description\" content=\"Pantal\u00f3n de cintura alta Japamala: c\u00f3modo, vers\u00e1til y perfecto para yoga, danza o embarazo. Disponible en S\/M y M\/L y cinco colores.\" \/>\n<meta name=\"robots\" content=\"index, follow, max-snippet:-1, max-image-preview:large, max-video-preview:-1\" \/>\n<link rel=\"canonical\" href=\"https:\/\/japamalaandfriends.com\/en\/product\/pantalon-cintura-punto-roma\" \/>\n<meta property=\"og:locale\" content=\"en_US\" \/>\n<meta property=\"og:type\" content=\"article\" \/>\n<meta property=\"og:title\" content=\"Pantal\u00f3n Cintura largo - japamala and friends\" \/>\n<meta property=\"og:description\" content=\"Pantal\u00f3n de cintura alta Japamala: c\u00f3modo, vers\u00e1til y perfecto para yoga, danza o embarazo. Disponible en S\/M y M\/L y cinco colores.\" \/>\n<meta property=\"og:url\" content=\"https:\/\/japamalaandfriends.com\/en\/product\/pantalon-cintura-punto-roma\" \/>\n<meta property=\"og:site_name\" content=\"japamala and friends\" \/>\n<meta property=\"article:publisher\" content=\"https:\/\/www.facebook.com\/Japamalaandfriends\" \/>\n<meta property=\"article:modified_time\" content=\"2026-04-15T16:09:26+00:00\" \/>\n<meta property=\"og:image\" content=\"https:\/\/japamalaandfriends.com\/wp-content\/uploads\/2022\/12\/img_9457-2-scaled.jpeg\" \/>\n\t<meta property=\"og:image:width\" content=\"1920\" \/>\n\t<meta property=\"og:image:height\" content=\"2560\" \/>\n\t<meta property=\"og:image:type\" content=\"image\/jpeg\" \/>\n<meta name=\"twitter:card\" content=\"summary_large_image\" \/>\n<meta name=\"twitter:label1\" content=\"Est. reading time\" \/>\n\t<meta name=\"twitter:data1\" content=\"3 minutes\" \/>\n<script type=\"application\/ld+json\" class=\"yoast-schema-graph\">{\"@context\":\"https:\/\/schema.org\",\"@graph\":[{\"@type\":\"WebPage\",\"@id\":\"https:\/\/japamalaandfriends.com\/en\/product\/pantalon-cintura-punto-roma\",\"url\":\"https:\/\/japamalaandfriends.com\/en\/product\/pantalon-cintura-punto-roma\",\"name\":\"Pantal\u00f3n Cintura largo - japamala and friends\",\"isPartOf\":{\"@id\":\"https:\/\/japamalaandfriends.com\/en#website\"},\"primaryImageOfPage\":{\"@id\":\"https:\/\/japamalaandfriends.com\/en\/product\/pantalon-cintura-punto-roma#primaryimage\"},\"image\":{\"@id\":\"https:\/\/japamalaandfriends.com\/en\/product\/pantalon-cintura-punto-roma#primaryimage\"},\"thumbnailUrl\":\"https:\/\/japamalaandfriends.com\/wp-content\/uploads\/2022\/12\/img_9457-2-scaled.jpeg\",\"datePublished\":\"2022-12-10T16:45:50+00:00\",\"dateModified\":\"2026-04-15T16:09:26+00:00\",\"description\":\"Pantal\u00f3n de cintura alta Japamala: c\u00f3modo, vers\u00e1til y perfecto para yoga, danza o embarazo. Disponible en S\/M y M\/L y cinco colores.\",\"breadcrumb\":{\"@id\":\"https:\/\/japamalaandfriends.com\/en\/product\/pantalon-cintura-punto-roma#breadcrumb\"},\"inLanguage\":\"en-US\",\"potentialAction\":[{\"@type\":\"ReadAction\",\"target\":[\"https:\/\/japamalaandfriends.com\/en\/product\/pantalon-cintura-punto-roma\"]}]},{\"@type\":\"ImageObject\",\"inLanguage\":\"en-US\",\"@id\":\"https:\/\/japamalaandfriends.com\/en\/product\/pantalon-cintura-punto-roma#primaryimage\",\"url\":\"https:\/\/japamalaandfriends.com\/wp-content\/uploads\/2022\/12\/img_9457-2-scaled.jpeg\",\"contentUrl\":\"https:\/\/japamalaandfriends.com\/wp-content\/uploads\/2022\/12\/img_9457-2-scaled.jpeg\",\"width\":1920,\"height\":2560},{\"@type\":\"BreadcrumbList\",\"@id\":\"https:\/\/japamalaandfriends.com\/en\/product\/pantalon-cintura-punto-roma#breadcrumb\",\"itemListElement\":[{\"@type\":\"ListItem\",\"position\":1,\"name\":\"Inicio\",\"item\":\"https:\/\/japamalaandfriends.com\/en\/welcome\"},{\"@type\":\"ListItem\",\"position\":2,\"name\":\"ONLINE shop\",\"item\":\"https:\/\/japamalaandfriends.com\/en\/shop\"},{\"@type\":\"ListItem\",\"position\":3,\"name\":\"Pantal\u00f3n Cintura largo\"}]},{\"@type\":\"WebSite\",\"@id\":\"https:\/\/japamalaandfriends.com\/en#website\",\"url\":\"https:\/\/japamalaandfriends.com\/en\",\"name\":\"japamala and friends\",\"description\":\"Aqu\u00ed subimos tu autoestima con ropa que te hace sentir bien. Descubre kimonos, vestidos, tallas reales y moda en nuestra tienda en Barcelona y online.\",\"publisher\":{\"@id\":\"https:\/\/japamalaandfriends.com\/en#organization\"},\"potentialAction\":[{\"@type\":\"SearchAction\",\"target\":{\"@type\":\"EntryPoint\",\"urlTemplate\":\"https:\/\/japamalaandfriends.com\/en?s={search_term_string}\"},\"query-input\":{\"@type\":\"PropertyValueSpecification\",\"valueRequired\":true,\"valueName\":\"search_term_string\"}}],\"inLanguage\":\"en-US\"},{\"@type\":\"Organization\",\"@id\":\"https:\/\/japamalaandfriends.com\/en#organization\",\"name\":\"japamala and friends barcelona\",\"url\":\"https:\/\/japamalaandfriends.com\/en\",\"logo\":{\"@type\":\"ImageObject\",\"inLanguage\":\"en-US\",\"@id\":\"https:\/\/japamalaandfriends.com\/en#\/schema\/logo\/image\/\",\"url\":\"https:\/\/i0.wp.com\/japamalaandfriends.com\/wp-content\/uploads\/2025\/05\/cropped-Japamala-2023-logo-black.jpg?fit=512%2C512&ssl=1\",\"contentUrl\":\"https:\/\/i0.wp.com\/japamalaandfriends.com\/wp-content\/uploads\/2025\/05\/cropped-Japamala-2023-logo-black.jpg?fit=512%2C512&ssl=1\",\"width\":512,\"height\":512,\"caption\":\"japamala and friends barcelona\"},\"image\":{\"@id\":\"https:\/\/japamalaandfriends.com\/en#\/schema\/logo\/image\/\"},\"sameAs\":[\"https:\/\/www.facebook.com\/Japamalaandfriends\",\"https:\/\/www.instagram.com\/japamala.and.friends\"]}]}<\/script>\n<!-- \/ Yoast SEO plugin. -->","yoast_head_json":{"title":"Pantal\u00f3n Cintura largo - japamala and friends","description":"Pantal\u00f3n de cintura alta Japamala: c\u00f3modo, vers\u00e1til y perfecto para yoga, danza o embarazo. Disponible en S\/M y M\/L y cinco colores.","robots":{"index":"index","follow":"follow","max-snippet":"max-snippet:-1","max-image-preview":"max-image-preview:large","max-video-preview":"max-video-preview:-1"},"canonical":"https:\/\/japamalaandfriends.com\/en\/product\/pantalon-cintura-punto-roma","og_locale":"en_US","og_type":"article","og_title":"Pantal\u00f3n Cintura largo - japamala and friends","og_description":"Pantal\u00f3n de cintura alta Japamala: c\u00f3modo, vers\u00e1til y perfecto para yoga, danza o embarazo. Disponible en S\/M y M\/L y cinco colores.","og_url":"https:\/\/japamalaandfriends.com\/en\/product\/pantalon-cintura-punto-roma","og_site_name":"japamala and friends","article_publisher":"https:\/\/www.facebook.com\/Japamalaandfriends","article_modified_time":"2026-04-15T16:09:26+00:00","og_image":[{"width":1920,"height":2560,"url":"https:\/\/japamalaandfriends.com\/wp-content\/uploads\/2022\/12\/img_9457-2-scaled.jpeg","type":"image\/jpeg"}],"twitter_card":"summary_large_image","twitter_misc":{"Est. reading time":"3 minutes"},"schema":{"@context":"https:\/\/schema.org","@graph":[{"@type":"WebPage","@id":"https:\/\/japamalaandfriends.com\/en\/product\/pantalon-cintura-punto-roma","url":"https:\/\/japamalaandfriends.com\/en\/product\/pantalon-cintura-punto-roma","name":"Pantal\u00f3n Cintura largo - japamala and friends","isPartOf":{"@id":"https:\/\/japamalaandfriends.com\/en#website"},"primaryImageOfPage":{"@id":"https:\/\/japamalaandfriends.com\/en\/product\/pantalon-cintura-punto-roma#primaryimage"},"image":{"@id":"https:\/\/japamalaandfriends.com\/en\/product\/pantalon-cintura-punto-roma#primaryimage"},"thumbnailUrl":"https:\/\/japamalaandfriends.com\/wp-content\/uploads\/2022\/12\/img_9457-2-scaled.jpeg","datePublished":"2022-12-10T16:45:50+00:00","dateModified":"2026-04-15T16:09:26+00:00","description":"Pantal\u00f3n de cintura alta Japamala: c\u00f3modo, vers\u00e1til y perfecto para yoga, danza o embarazo. Disponible en S\/M y M\/L y cinco colores.","breadcrumb":{"@id":"https:\/\/japamalaandfriends.com\/en\/product\/pantalon-cintura-punto-roma#breadcrumb"},"inLanguage":"en-US","potentialAction":[{"@type":"ReadAction","target":["https:\/\/japamalaandfriends.com\/en\/product\/pantalon-cintura-punto-roma"]}]},{"@type":"ImageObject","inLanguage":"en-US","@id":"https:\/\/japamalaandfriends.com\/en\/product\/pantalon-cintura-punto-roma#primaryimage","url":"https:\/\/japamalaandfriends.com\/wp-content\/uploads\/2022\/12\/img_9457-2-scaled.jpeg","contentUrl":"https:\/\/japamalaandfriends.com\/wp-content\/uploads\/2022\/12\/img_9457-2-scaled.jpeg","width":1920,"height":2560},{"@type":"BreadcrumbList","@id":"https:\/\/japamalaandfriends.com\/en\/product\/pantalon-cintura-punto-roma#breadcrumb","itemListElement":[{"@type":"ListItem","position":1,"name":"Inicio","item":"https:\/\/japamalaandfriends.com\/en\/welcome"},{"@type":"ListItem","position":2,"name":"ONLINE shop","item":"https:\/\/japamalaandfriends.com\/en\/shop"},{"@type":"ListItem","position":3,"name":"Pantal\u00f3n Cintura largo"}]},{"@type":"WebSite","@id":"https:\/\/japamalaandfriends.com\/en#website","url":"https:\/\/japamalaandfriends.com\/en","name":"japamala and friends","description":"Aqu\u00ed subimos tu autoestima con ropa que te hace sentir bien. Descubre kimonos, vestidos, tallas reales y moda en nuestra tienda en Barcelona y online.","publisher":{"@id":"https:\/\/japamalaandfriends.com\/en#organization"},"potentialAction":[{"@type":"SearchAction","target":{"@type":"EntryPoint","urlTemplate":"https:\/\/japamalaandfriends.com\/en?s={search_term_string}"},"query-input":{"@type":"PropertyValueSpecification","valueRequired":true,"valueName":"search_term_string"}}],"inLanguage":"en-US"},{"@type":"Organization","@id":"https:\/\/japamalaandfriends.com\/en#organization","name":"japamala and friends barcelona","url":"https:\/\/japamalaandfriends.com\/en","logo":{"@type":"ImageObject","inLanguage":"en-US","@id":"https:\/\/japamalaandfriends.com\/en#\/schema\/logo\/image\/","url":"https:\/\/i0.wp.com\/japamalaandfriends.com\/wp-content\/uploads\/2025\/05\/cropped-Japamala-2023-logo-black.jpg?fit=512%2C512&ssl=1","contentUrl":"https:\/\/i0.wp.com\/japamalaandfriends.com\/wp-content\/uploads\/2025\/05\/cropped-Japamala-2023-logo-black.jpg?fit=512%2C512&ssl=1","width":512,"height":512,"caption":"japamala and friends barcelona"},"image":{"@id":"https:\/\/japamalaandfriends.com\/en#\/schema\/logo\/image\/"},"sameAs":["https:\/\/www.facebook.com\/Japamalaandfriends","https:\/\/www.instagram.com\/japamala.and.friends"]}]}},"jetpack-related-posts":[{"id":956,"url":"https:\/\/japamalaandfriends.com\/en\/product\/pantalon-ancho-largo","url_meta":{"origin":2944,"position":0},"title":"Pantal\u00f3n Ancho largo","author":"SandroK","date":"August 2, 2021","format":false,"excerpt":"Pantal\u00f3n Ancho Largo \u2013 Comodidad, Estilo y Versatilidad Japamala Descubre el Pantal\u00f3n Ancho Largo, un cl\u00e1sico de Japamala que lleva m\u00e1s de 20 a\u00f1os acompa\u00f1ando nuestros armarios. Confeccionado en viscosa suave y cintura alta, este pantal\u00f3n de talla \u00fanica se adapta c\u00f3modamente a tallas S\/M y M\/L, siendo ideal para\u2026","rel":"","context":"Similar post","block_context":{"text":"Similar post","link":""},"img":{"alt_text":"","src":"https:\/\/i0.wp.com\/japamalaandfriends.com\/wp-content\/uploads\/2021\/08\/1382243_330813427062240_187113137_n.jpg?resize=350%2C200&ssl=1","width":350,"height":200,"srcset":"https:\/\/i0.wp.com\/japamalaandfriends.com\/wp-content\/uploads\/2021\/08\/1382243_330813427062240_187113137_n.jpg?resize=350%2C200&ssl=1 1x, https:\/\/i0.wp.com\/japamalaandfriends.com\/wp-content\/uploads\/2021\/08\/1382243_330813427062240_187113137_n.jpg?resize=525%2C300&ssl=1 1.5x"},"classes":[]},{"id":9119,"url":"https:\/\/japamalaandfriends.com\/en\/product\/pantalon-office-twill","url_meta":{"origin":2944,"position":1},"title":"Pantal\u00f3n Office Twill","author":"SandroK","date":"October 14, 2025","format":false,"excerpt":"Pantal\u00f3n Office Twill \u2013 Comodidad y Estilo con Toque Flexible Si buscas un pantal\u00f3n ancho, c\u00f3modo y con mucho estilo, nuestro Pantal\u00f3n Office Twill se convertir\u00e1 en tu prenda imprescindible. Confeccionado en algod\u00f3n con un toque de elastano, combina firmeza y suavidad, ofreciendo libertad de movimiento sin perder forma. Su\u2026","rel":"","context":"Similar post","block_context":{"text":"Similar post","link":""},"img":{"alt_text":"","src":"https:\/\/i0.wp.com\/japamalaandfriends.com\/wp-content\/uploads\/2025\/10\/photoroom_20251014_212703-300x300-1.webp?resize=350%2C200&ssl=1","width":350,"height":200},"classes":[]},{"id":9598,"url":"https:\/\/japamalaandfriends.com\/en\/product\/pantalon-globo-denim","url_meta":{"origin":2944,"position":2},"title":"Pantal\u00f3n Globo denim","author":"SandroK","date":"October 23, 2025","format":false,"excerpt":"Pantal\u00f3n Globo Denim \u2013 Comodidad y Estilo con Efecto Vaquero | Disponible en Tallas S\/M, M\/L y XL Si buscas un pantal\u00f3n ancho, c\u00f3modo y con mucho estilo, el Pantal\u00f3n Globo Denim ser\u00e1 tu nueva prenda favorita. Con su efecto globo y tejido tipo denim, este modelo ofrece el equilibrio\u2026","rel":"","context":"Similar post","block_context":{"text":"Similar post","link":""},"img":{"alt_text":"Dos mujeres posan frente a una persiana met\u00e1lica azul. Ambas llevan un jersey color teja y pantalones anchos denim. La mujer de la derecha usa gafas y zapatillas claras, mientras que la mujer de la izquierda lleva botas negras.","src":"https:\/\/i0.wp.com\/japamalaandfriends.com\/wp-content\/uploads\/2025\/10\/japamala-1099-2.jpg?resize=350%2C200&ssl=1","width":350,"height":200,"srcset":"https:\/\/i0.wp.com\/japamalaandfriends.com\/wp-content\/uploads\/2025\/10\/japamala-1099-2.jpg?resize=350%2C200&ssl=1 1x, https:\/\/i0.wp.com\/japamalaandfriends.com\/wp-content\/uploads\/2025\/10\/japamala-1099-2.jpg?resize=525%2C300&ssl=1 1.5x, https:\/\/i0.wp.com\/japamalaandfriends.com\/wp-content\/uploads\/2025\/10\/japamala-1099-2.jpg?resize=700%2C400&ssl=1 2x, https:\/\/i0.wp.com\/japamalaandfriends.com\/wp-content\/uploads\/2025\/10\/japamala-1099-2.jpg?resize=1050%2C600&ssl=1 3x"},"classes":[]},{"id":2275,"url":"https:\/\/japamalaandfriends.com\/en\/product\/pantalon-ancho-corto-culotte","url_meta":{"origin":2944,"position":3},"title":"Pantalon ancho corto","author":"SandroK","date":"June 4, 2022","format":false,"excerpt":"Version corta (cropped) de nuestro classico de Japamala! Pantalon de viscosa, talla unica, cintura alta. Queda bien a todas nosotras que llevamos tallas entre S y XXL. Tambien una prenda que te ir\u00e1 genial mientras tu embarazo! Antes, mientras y despu\u00e9s. Porfa mira las fotos del producto Pantalon ancho largo.\u2026","rel":"","context":"Similar post","block_context":{"text":"Similar post","link":""},"img":{"alt_text":"clienta en el vestidor de la tienda japamala en barcelona., luciendo el pantalon ancho corto azul.","src":"https:\/\/i0.wp.com\/japamalaandfriends.com\/wp-content\/uploads\/2024\/05\/img_4067-scaled.jpeg?resize=350%2C200&ssl=1","width":350,"height":200,"srcset":"https:\/\/i0.wp.com\/japamalaandfriends.com\/wp-content\/uploads\/2024\/05\/img_4067-scaled.jpeg?resize=350%2C200&ssl=1 1x, https:\/\/i0.wp.com\/japamalaandfriends.com\/wp-content\/uploads\/2024\/05\/img_4067-scaled.jpeg?resize=525%2C300&ssl=1 1.5x, https:\/\/i0.wp.com\/japamalaandfriends.com\/wp-content\/uploads\/2024\/05\/img_4067-scaled.jpeg?resize=700%2C400&ssl=1 2x, https:\/\/i0.wp.com\/japamalaandfriends.com\/wp-content\/uploads\/2024\/05\/img_4067-scaled.jpeg?resize=1050%2C600&ssl=1 3x, https:\/\/i0.wp.com\/japamalaandfriends.com\/wp-content\/uploads\/2024\/05\/img_4067-scaled.jpeg?resize=1400%2C800&ssl=1 4x"},"classes":[]},{"id":9927,"url":"https:\/\/japamalaandfriends.com\/en\/product\/pantalon-globo-algodon","url_meta":{"origin":2944,"position":4},"title":"Pantal\u00f3n Globo algod\u00f3n","author":"SandroK","date":"October 24, 2025","format":false,"excerpt":"Pantal\u00f3n Globo Algod\u00f3n \u2013 Comodidad, Color y Estilo con Car\u00e1cter Atr\u00e9vete a destacar con el Pantal\u00f3n Globo Algod\u00f3n, una prenda dise\u00f1ada para mujeres que buscan comodidad sin renunciar al estilo. Con un corte amplio y moderno, este pantal\u00f3n es perfecto para el d\u00eda a d\u00eda y se adapta a m\u00faltiples\u2026","rel":"","context":"Similar post","block_context":{"text":"Similar post","link":""},"img":{"alt_text":"","src":"https:\/\/i0.wp.com\/japamalaandfriends.com\/wp-content\/uploads\/2025\/10\/img_8352-2-scaled.jpeg?resize=350%2C200&ssl=1","width":350,"height":200,"srcset":"https:\/\/i0.wp.com\/japamalaandfriends.com\/wp-content\/uploads\/2025\/10\/img_8352-2-scaled.jpeg?resize=350%2C200&ssl=1 1x, https:\/\/i0.wp.com\/japamalaandfriends.com\/wp-content\/uploads\/2025\/10\/img_8352-2-scaled.jpeg?resize=525%2C300&ssl=1 1.5x, https:\/\/i0.wp.com\/japamalaandfriends.com\/wp-content\/uploads\/2025\/10\/img_8352-2-scaled.jpeg?resize=700%2C400&ssl=1 2x, https:\/\/i0.wp.com\/japamalaandfriends.com\/wp-content\/uploads\/2025\/10\/img_8352-2-scaled.jpeg?resize=1050%2C600&ssl=1 3x, https:\/\/i0.wp.com\/japamalaandfriends.com\/wp-content\/uploads\/2025\/10\/img_8352-2-scaled.jpeg?resize=1400%2C800&ssl=1 4x"},"classes":[]},{"id":10773,"url":"https:\/\/japamalaandfriends.com\/en\/product\/pantalon-ancho-flare","url_meta":{"origin":2944,"position":5},"title":"Pantalon ancho FLARE","author":"SandroK","date":"April 8, 2026","format":false,"excerpt":"Pantal\u00f3n Ancho Flare \u2013 Comodidad y Estilo con Aire 70s Japamala Descubre el Pantal\u00f3n Ancho Flare, una nueva versi\u00f3n de nuestro cl\u00e1sico pantal\u00f3n ancho que reinventa la silueta con un toque sofisticado y retro. Mantiene nuestra ic\u00f3nica cintura c\u00f3moda, que puedes llevar alta o doblar hacia abajo para un look\u2026","rel":"","context":"Similar post","block_context":{"text":"Similar post","link":""},"img":{"alt_text":"","src":"https:\/\/i0.wp.com\/japamalaandfriends.com\/wp-content\/uploads\/2026\/04\/img_4918-scaled.jpeg?resize=350%2C200&ssl=1","width":350,"height":200,"srcset":"https:\/\/i0.wp.com\/japamalaandfriends.com\/wp-content\/uploads\/2026\/04\/img_4918-scaled.jpeg?resize=350%2C200&ssl=1 1x, https:\/\/i0.wp.com\/japamalaandfriends.com\/wp-content\/uploads\/2026\/04\/img_4918-scaled.jpeg?resize=525%2C300&ssl=1 1.5x, https:\/\/i0.wp.com\/japamalaandfriends.com\/wp-content\/uploads\/2026\/04\/img_4918-scaled.jpeg?resize=700%2C400&ssl=1 2x, https:\/\/i0.wp.com\/japamalaandfriends.com\/wp-content\/uploads\/2026\/04\/img_4918-scaled.jpeg?resize=1050%2C600&ssl=1 3x, https:\/\/i0.wp.com\/japamalaandfriends.com\/wp-content\/uploads\/2026\/04\/img_4918-scaled.jpeg?resize=1400%2C800&ssl=1 4x"},"classes":[]}],"jetpack_sharing_enabled":true,"_links":{"self":[{"href":"https:\/\/japamalaandfriends.com\/en\/wp-json\/wp\/v2\/product\/2944","targetHints":{"allow":["GET"]}}],"collection":[{"href":"https:\/\/japamalaandfriends.com\/en\/wp-json\/wp\/v2\/product"}],"about":[{"href":"https:\/\/japamalaandfriends.com\/en\/wp-json\/wp\/v2\/types\/product"}],"wp:featuredmedia":[{"embeddable":true,"href":"https:\/\/japamalaandfriends.com\/en\/wp-json\/wp\/v2\/media\/10405"}],"wp:attachment":[{"href":"https:\/\/japamalaandfriends.com\/en\/wp-json\/wp\/v2\/media?parent=2944"}],"wp:term":[{"taxonomy":"product_brand","embeddable":true,"href":"https:\/\/japamalaandfriends.com\/en\/wp-json\/wp\/v2\/product_brand?post=2944"},{"taxonomy":"product_cat","embeddable":true,"href":"https:\/\/japamalaandfriends.com\/en\/wp-json\/wp\/v2\/product_cat?post=2944"},{"taxonomy":"product_tag","embeddable":true,"href":"https:\/\/japamalaandfriends.com\/en\/wp-json\/wp\/v2\/product_tag?post=2944"}],"curies":[{"name":"wp","href":"https:\/\/api.w.org\/{rel}","templated":true}]}}