{"id":3256,"date":"2023-05-15T13:34:25","date_gmt":"2023-05-15T13:34:25","guid":{"rendered":"https:\/\/japamalaandfriends.com\/?post_type=product&#038;p=3256"},"modified":"2025-10-15T08:29:21","modified_gmt":"2025-10-15T08:29:21","slug":"vestido-vintage","status":"publish","type":"product","link":"https:\/\/japamalaandfriends.com\/en\/product\/vestido-vintage","title":{"rendered":"Vestido vintage"},"content":{"rendered":"<p>Nuevo modelo de Japamala! Y ya est\u00e1 volando. Un corte que favorece a todas con una ca\u00edda impresionante. Favorece un mont\u00f3n y tambi\u00e9n queda super bien si tienes mucho pecho! Espalda abierta pero alta as\u00ed que puedes llevar sujetador sin problema (sin tirantes).<\/p>\n<p>100% nuestra viscosa tan suave &#8211; viscosa y vestido hecho en nuestro taller en Lima, Peru. Ideal durante tu embarazo y lactancia tb.<\/p>\n<p>Gracias a todas mis chicas maravillosas que me dejaron hacer las fotos para poder ense\u00f1arte la maravilla de este vestido y como queda en diferentes cuerpos!<\/p>\n","protected":false},"excerpt":{"rendered":"<p>Nuevo modelo de Japamala! Y ya est\u00e1 volando. Un corte que favorece a todas con una ca\u00edda impresionante. Favorece un mont\u00f3n y tambi\u00e9n queda super bien si tienes mucho pecho! Espalda abierta pero alta as\u00ed que puedes llevar sujetador sin problema (sin tirantes). 100% nuestra viscosa tan suave &#8211; viscosa y vestido hecho en nuestro [&hellip;]<\/p>\n","protected":false},"featured_media":3252,"template":"","meta":{"_et_pb_use_builder":"","_et_pb_old_content":"","_et_gb_content_width":""},"product_brand":[],"product_cat":[70,74,157,15,55],"product_tag":[128,331,296,341,297,340,339,293,342,338],"class_list":{"0":"post-3256","1":"product","2":"type-product","3":"status-publish","4":"has-post-thumbnail","6":"product_cat-tallas-grandes","7":"product_cat-embarazo","8":"product_cat-lactancia","9":"product_cat-general","10":"product_cat-vestidos-y-faldas","11":"product_tag-vestido","12":"product_tag-vestido-corto","13":"product_tag-vestido-cruzado","14":"product_tag-vestido-granate","15":"product_tag-vestido-lactancia","16":"product_tag-vestido-negro","17":"product_tag-vestido-pin-up","18":"product_tag-vestido-verano","19":"product_tag-vestido-verde","20":"product_tag-vestido-vintage","21":"pa_color-azul-cobalto","23":"first","24":"outofstock","25":"shipping-taxable","26":"purchasable","27":"product-type-variable"},"yoast_head":"<!-- This site is optimized with the Yoast SEO plugin v26.2 - https:\/\/yoast.com\/wordpress\/plugins\/seo\/ -->\n<title>Vestido vintage - japamala and friends<\/title>\n<meta name=\"description\" content=\"Vestido con corte vintage, favorece a todos los cuerpos. Ideal para pecho grande tb. Con una ca\u00edda maravillosa y disponible en diferentes colores.\" \/>\n<meta name=\"robots\" content=\"index, follow, max-snippet:-1, max-image-preview:large, max-video-preview:-1\" \/>\n<link rel=\"canonical\" href=\"https:\/\/japamalaandfriends.com\/en\/product\/vestido-vintage\" \/>\n<meta property=\"og:locale\" content=\"en_US\" \/>\n<meta property=\"og:type\" content=\"article\" \/>\n<meta property=\"og:title\" content=\"Vestido vintage - japamala and friends\" \/>\n<meta property=\"og:description\" content=\"Vestido con corte vintage, favorece a todos los cuerpos. Ideal para pecho grande tb. Con una ca\u00edda maravillosa y disponible en diferentes colores.\" \/>\n<meta property=\"og:url\" content=\"https:\/\/japamalaandfriends.com\/en\/product\/vestido-vintage\" \/>\n<meta property=\"og:site_name\" content=\"japamala and friends\" \/>\n<meta property=\"article:publisher\" content=\"https:\/\/www.facebook.com\/Japamalaandfriends\" \/>\n<meta property=\"article:modified_time\" content=\"2025-10-15T08:29:21+00:00\" \/>\n<meta property=\"og:image\" content=\"https:\/\/japamalaandfriends.com\/wp-content\/uploads\/2023\/05\/img_0296-scaled.jpeg\" \/>\n\t<meta property=\"og:image:width\" content=\"2560\" \/>\n\t<meta property=\"og:image:height\" content=\"2560\" \/>\n\t<meta property=\"og:image:type\" content=\"image\/jpeg\" \/>\n<meta name=\"twitter:card\" content=\"summary_large_image\" \/>\n<meta name=\"twitter:label1\" content=\"Est. reading time\" \/>\n\t<meta name=\"twitter:data1\" content=\"1 minute\" \/>\n<script type=\"application\/ld+json\" class=\"yoast-schema-graph\">{\"@context\":\"https:\/\/schema.org\",\"@graph\":[{\"@type\":\"WebPage\",\"@id\":\"https:\/\/japamalaandfriends.com\/en\/product\/vestido-vintage\",\"url\":\"https:\/\/japamalaandfriends.com\/en\/product\/vestido-vintage\",\"name\":\"Vestido vintage - japamala and friends\",\"isPartOf\":{\"@id\":\"https:\/\/japamalaandfriends.com\/en#website\"},\"primaryImageOfPage\":{\"@id\":\"https:\/\/japamalaandfriends.com\/en\/product\/vestido-vintage#primaryimage\"},\"image\":{\"@id\":\"https:\/\/japamalaandfriends.com\/en\/product\/vestido-vintage#primaryimage\"},\"thumbnailUrl\":\"https:\/\/japamalaandfriends.com\/wp-content\/uploads\/2023\/05\/img_0296-scaled.jpeg\",\"datePublished\":\"2023-05-15T13:34:25+00:00\",\"dateModified\":\"2025-10-15T08:29:21+00:00\",\"description\":\"Vestido con corte vintage, favorece a todos los cuerpos. Ideal para pecho grande tb. Con una ca\u00edda maravillosa y disponible en diferentes colores.\",\"breadcrumb\":{\"@id\":\"https:\/\/japamalaandfriends.com\/en\/product\/vestido-vintage#breadcrumb\"},\"inLanguage\":\"en-US\",\"potentialAction\":[{\"@type\":\"ReadAction\",\"target\":[\"https:\/\/japamalaandfriends.com\/en\/product\/vestido-vintage\"]}]},{\"@type\":\"ImageObject\",\"inLanguage\":\"en-US\",\"@id\":\"https:\/\/japamalaandfriends.com\/en\/product\/vestido-vintage#primaryimage\",\"url\":\"https:\/\/japamalaandfriends.com\/wp-content\/uploads\/2023\/05\/img_0296-scaled.jpeg\",\"contentUrl\":\"https:\/\/japamalaandfriends.com\/wp-content\/uploads\/2023\/05\/img_0296-scaled.jpeg\",\"width\":2560,\"height\":2560},{\"@type\":\"BreadcrumbList\",\"@id\":\"https:\/\/japamalaandfriends.com\/en\/product\/vestido-vintage#breadcrumb\",\"itemListElement\":[{\"@type\":\"ListItem\",\"position\":1,\"name\":\"Inicio\",\"item\":\"https:\/\/japamalaandfriends.com\/en\/welcome\"},{\"@type\":\"ListItem\",\"position\":2,\"name\":\"ONLINE shop\",\"item\":\"https:\/\/japamalaandfriends.com\/en\/shop\"},{\"@type\":\"ListItem\",\"position\":3,\"name\":\"Vestido vintage\"}]},{\"@type\":\"WebSite\",\"@id\":\"https:\/\/japamalaandfriends.com\/en#website\",\"url\":\"https:\/\/japamalaandfriends.com\/en\",\"name\":\"japamala and friends\",\"description\":\"Aqu\u00ed subimos tu autoestima con ropa que te hace sentir bien. Descubre kimonos, vestidos, tallas reales y moda en nuestra tienda en Barcelona y online.\",\"publisher\":{\"@id\":\"https:\/\/japamalaandfriends.com\/en#organization\"},\"potentialAction\":[{\"@type\":\"SearchAction\",\"target\":{\"@type\":\"EntryPoint\",\"urlTemplate\":\"https:\/\/japamalaandfriends.com\/en?s={search_term_string}\"},\"query-input\":{\"@type\":\"PropertyValueSpecification\",\"valueRequired\":true,\"valueName\":\"search_term_string\"}}],\"inLanguage\":\"en-US\"},{\"@type\":\"Organization\",\"@id\":\"https:\/\/japamalaandfriends.com\/en#organization\",\"name\":\"japamala and friends barcelona\",\"url\":\"https:\/\/japamalaandfriends.com\/en\",\"logo\":{\"@type\":\"ImageObject\",\"inLanguage\":\"en-US\",\"@id\":\"https:\/\/japamalaandfriends.com\/en#\/schema\/logo\/image\/\",\"url\":\"https:\/\/i0.wp.com\/japamalaandfriends.com\/wp-content\/uploads\/2025\/05\/cropped-Japamala-2023-logo-black.jpg?fit=512%2C512&ssl=1\",\"contentUrl\":\"https:\/\/i0.wp.com\/japamalaandfriends.com\/wp-content\/uploads\/2025\/05\/cropped-Japamala-2023-logo-black.jpg?fit=512%2C512&ssl=1\",\"width\":512,\"height\":512,\"caption\":\"japamala and friends barcelona\"},\"image\":{\"@id\":\"https:\/\/japamalaandfriends.com\/en#\/schema\/logo\/image\/\"},\"sameAs\":[\"https:\/\/www.facebook.com\/Japamalaandfriends\",\"https:\/\/www.instagram.com\/japamala.and.friends\"]}]}<\/script>\n<!-- \/ Yoast SEO plugin. -->","yoast_head_json":{"title":"Vestido vintage - japamala and friends","description":"Vestido con corte vintage, favorece a todos los cuerpos. Ideal para pecho grande tb. Con una ca\u00edda maravillosa y disponible en diferentes colores.","robots":{"index":"index","follow":"follow","max-snippet":"max-snippet:-1","max-image-preview":"max-image-preview:large","max-video-preview":"max-video-preview:-1"},"canonical":"https:\/\/japamalaandfriends.com\/en\/product\/vestido-vintage","og_locale":"en_US","og_type":"article","og_title":"Vestido vintage - japamala and friends","og_description":"Vestido con corte vintage, favorece a todos los cuerpos. Ideal para pecho grande tb. Con una ca\u00edda maravillosa y disponible en diferentes colores.","og_url":"https:\/\/japamalaandfriends.com\/en\/product\/vestido-vintage","og_site_name":"japamala and friends","article_publisher":"https:\/\/www.facebook.com\/Japamalaandfriends","article_modified_time":"2025-10-15T08:29:21+00:00","og_image":[{"width":2560,"height":2560,"url":"https:\/\/japamalaandfriends.com\/wp-content\/uploads\/2023\/05\/img_0296-scaled.jpeg","type":"image\/jpeg"}],"twitter_card":"summary_large_image","twitter_misc":{"Est. reading time":"1 minute"},"schema":{"@context":"https:\/\/schema.org","@graph":[{"@type":"WebPage","@id":"https:\/\/japamalaandfriends.com\/en\/product\/vestido-vintage","url":"https:\/\/japamalaandfriends.com\/en\/product\/vestido-vintage","name":"Vestido vintage - japamala and friends","isPartOf":{"@id":"https:\/\/japamalaandfriends.com\/en#website"},"primaryImageOfPage":{"@id":"https:\/\/japamalaandfriends.com\/en\/product\/vestido-vintage#primaryimage"},"image":{"@id":"https:\/\/japamalaandfriends.com\/en\/product\/vestido-vintage#primaryimage"},"thumbnailUrl":"https:\/\/japamalaandfriends.com\/wp-content\/uploads\/2023\/05\/img_0296-scaled.jpeg","datePublished":"2023-05-15T13:34:25+00:00","dateModified":"2025-10-15T08:29:21+00:00","description":"Vestido con corte vintage, favorece a todos los cuerpos. Ideal para pecho grande tb. Con una ca\u00edda maravillosa y disponible en diferentes colores.","breadcrumb":{"@id":"https:\/\/japamalaandfriends.com\/en\/product\/vestido-vintage#breadcrumb"},"inLanguage":"en-US","potentialAction":[{"@type":"ReadAction","target":["https:\/\/japamalaandfriends.com\/en\/product\/vestido-vintage"]}]},{"@type":"ImageObject","inLanguage":"en-US","@id":"https:\/\/japamalaandfriends.com\/en\/product\/vestido-vintage#primaryimage","url":"https:\/\/japamalaandfriends.com\/wp-content\/uploads\/2023\/05\/img_0296-scaled.jpeg","contentUrl":"https:\/\/japamalaandfriends.com\/wp-content\/uploads\/2023\/05\/img_0296-scaled.jpeg","width":2560,"height":2560},{"@type":"BreadcrumbList","@id":"https:\/\/japamalaandfriends.com\/en\/product\/vestido-vintage#breadcrumb","itemListElement":[{"@type":"ListItem","position":1,"name":"Inicio","item":"https:\/\/japamalaandfriends.com\/en\/welcome"},{"@type":"ListItem","position":2,"name":"ONLINE shop","item":"https:\/\/japamalaandfriends.com\/en\/shop"},{"@type":"ListItem","position":3,"name":"Vestido vintage"}]},{"@type":"WebSite","@id":"https:\/\/japamalaandfriends.com\/en#website","url":"https:\/\/japamalaandfriends.com\/en","name":"japamala and friends","description":"Aqu\u00ed subimos tu autoestima con ropa que te hace sentir bien. Descubre kimonos, vestidos, tallas reales y moda en nuestra tienda en Barcelona y online.","publisher":{"@id":"https:\/\/japamalaandfriends.com\/en#organization"},"potentialAction":[{"@type":"SearchAction","target":{"@type":"EntryPoint","urlTemplate":"https:\/\/japamalaandfriends.com\/en?s={search_term_string}"},"query-input":{"@type":"PropertyValueSpecification","valueRequired":true,"valueName":"search_term_string"}}],"inLanguage":"en-US"},{"@type":"Organization","@id":"https:\/\/japamalaandfriends.com\/en#organization","name":"japamala and friends barcelona","url":"https:\/\/japamalaandfriends.com\/en","logo":{"@type":"ImageObject","inLanguage":"en-US","@id":"https:\/\/japamalaandfriends.com\/en#\/schema\/logo\/image\/","url":"https:\/\/i0.wp.com\/japamalaandfriends.com\/wp-content\/uploads\/2025\/05\/cropped-Japamala-2023-logo-black.jpg?fit=512%2C512&ssl=1","contentUrl":"https:\/\/i0.wp.com\/japamalaandfriends.com\/wp-content\/uploads\/2025\/05\/cropped-Japamala-2023-logo-black.jpg?fit=512%2C512&ssl=1","width":512,"height":512,"caption":"japamala and friends barcelona"},"image":{"@id":"https:\/\/japamalaandfriends.com\/en#\/schema\/logo\/image\/"},"sameAs":["https:\/\/www.facebook.com\/Japamalaandfriends","https:\/\/www.instagram.com\/japamala.and.friends"]}]}},"jetpack-related-posts":[{"id":2793,"url":"https:\/\/japamalaandfriends.com\/en\/product\/bailarina-midi-manga-larga","url_meta":{"origin":3256,"position":0},"title":"Bailarina midi &#8211; manga larga","author":"SandroK","date":"November 25, 2022","format":false,"excerpt":"Vestido Bailarina Midi de manga larga \u2013 Estilo, Comodidad y Elegancia Japamala Descubre el Vestido Bailarina Midi, probablemente la prenda m\u00e1s ic\u00f3nica de Japamala. Confeccionado en punto de viscosa suave y flexible, este vestido es ideal para cuerpos petite, pero tambi\u00e9n se adapta c\u00f3modamente a otros tipos de silueta. Su\u2026","rel":"","context":"Similar post","block_context":{"text":"Similar post","link":""},"img":{"alt_text":"sonia la clienta con su vestido bailarina de punto de viscosa en rojo, posando en el patio interior de la tienda en barcelona","src":"https:\/\/i0.wp.com\/japamalaandfriends.com\/wp-content\/uploads\/2022\/11\/img_4910-scaled.jpeg?resize=350%2C200&ssl=1","width":350,"height":200,"srcset":"https:\/\/i0.wp.com\/japamalaandfriends.com\/wp-content\/uploads\/2022\/11\/img_4910-scaled.jpeg?resize=350%2C200&ssl=1 1x, https:\/\/i0.wp.com\/japamalaandfriends.com\/wp-content\/uploads\/2022\/11\/img_4910-scaled.jpeg?resize=525%2C300&ssl=1 1.5x, https:\/\/i0.wp.com\/japamalaandfriends.com\/wp-content\/uploads\/2022\/11\/img_4910-scaled.jpeg?resize=700%2C400&ssl=1 2x, https:\/\/i0.wp.com\/japamalaandfriends.com\/wp-content\/uploads\/2022\/11\/img_4910-scaled.jpeg?resize=1050%2C600&ssl=1 3x, https:\/\/i0.wp.com\/japamalaandfriends.com\/wp-content\/uploads\/2022\/11\/img_4910-scaled.jpeg?resize=1400%2C800&ssl=1 4x"},"classes":[]},{"id":1909,"url":"https:\/\/japamalaandfriends.com\/en\/product\/vestido-bailarina-mangas-largas","url_meta":{"origin":3256,"position":1},"title":"Vestido Bailarina corto &#8211; m\/larga","author":"SandroK","date":"April 8, 2022","format":false,"excerpt":"Vestido Bailarina Manga Larga \u2013 Cl\u00e1sico y elegante Descubre el Vestido Bailarina de Japamala, un cl\u00e1sico que no puede faltar en tu armario. Confeccionado en punto de viscosa, este vestido de manga larga est\u00e1 dise\u00f1o ideal para cuerpos petite, ofreciendo comodidad, estilo y un ajuste favorecedor. Su costura debajo del\u2026","rel":"","context":"Similar post","block_context":{"text":"Similar post","link":""},"img":{"alt_text":"clienta de japamala luciendo el vestido bailarina con mangas largas , en color verde. En el exterior de la tienda, en el barrio de Gracia , Barcelona.","src":"https:\/\/i0.wp.com\/japamalaandfriends.com\/wp-content\/uploads\/2022\/04\/fb71c8fc-5ec4-451b-91de-70e6dd5c6821-scaled.png?resize=350%2C200&ssl=1","width":350,"height":200,"srcset":"https:\/\/i0.wp.com\/japamalaandfriends.com\/wp-content\/uploads\/2022\/04\/fb71c8fc-5ec4-451b-91de-70e6dd5c6821-scaled.png?resize=350%2C200&ssl=1 1x, https:\/\/i0.wp.com\/japamalaandfriends.com\/wp-content\/uploads\/2022\/04\/fb71c8fc-5ec4-451b-91de-70e6dd5c6821-scaled.png?resize=525%2C300&ssl=1 1.5x, https:\/\/i0.wp.com\/japamalaandfriends.com\/wp-content\/uploads\/2022\/04\/fb71c8fc-5ec4-451b-91de-70e6dd5c6821-scaled.png?resize=700%2C400&ssl=1 2x, https:\/\/i0.wp.com\/japamalaandfriends.com\/wp-content\/uploads\/2022\/04\/fb71c8fc-5ec4-451b-91de-70e6dd5c6821-scaled.png?resize=1050%2C600&ssl=1 3x, https:\/\/i0.wp.com\/japamalaandfriends.com\/wp-content\/uploads\/2022\/04\/fb71c8fc-5ec4-451b-91de-70e6dd5c6821-scaled.png?resize=1400%2C800&ssl=1 4x"},"classes":[]},{"id":9671,"url":"https:\/\/japamalaandfriends.com\/en\/product\/falda-lana-estampada-2","url_meta":{"origin":3256,"position":2},"title":"Falda Lana estampada","author":"SandroK","date":"October 23, 2025","format":false,"excerpt":"Falda de Lana Estampada \u2013 Midi Descubre nuestra falda midi de lana estampada, una prenda vers\u00e1til, c\u00f3moda y con estilo, perfecta para cualquier ocasi\u00f3n. Dise\u00f1ada y confeccionada en Barcelona, esta falda combina dise\u00f1o local con materiales de alta calidad para ofrecerte una pieza \u00fanica en dos estampados. Con un ajuste\u2026","rel":"","context":"Similar post","block_context":{"text":"Similar post","link":""},"img":{"alt_text":"Mujer sonriendo en frente de una pared rojiza. Vestida en un top negro, una falda midi estampada, un cinturon amarillo y un par de botines negros.","src":"https:\/\/i0.wp.com\/japamalaandfriends.com\/wp-content\/uploads\/2025\/10\/japamala-1387.jpg?resize=350%2C200&ssl=1","width":350,"height":200,"srcset":"https:\/\/i0.wp.com\/japamalaandfriends.com\/wp-content\/uploads\/2025\/10\/japamala-1387.jpg?resize=350%2C200&ssl=1 1x, https:\/\/i0.wp.com\/japamalaandfriends.com\/wp-content\/uploads\/2025\/10\/japamala-1387.jpg?resize=525%2C300&ssl=1 1.5x, https:\/\/i0.wp.com\/japamalaandfriends.com\/wp-content\/uploads\/2025\/10\/japamala-1387.jpg?resize=700%2C400&ssl=1 2x, https:\/\/i0.wp.com\/japamalaandfriends.com\/wp-content\/uploads\/2025\/10\/japamala-1387.jpg?resize=1050%2C600&ssl=1 3x"},"classes":[]},{"id":9517,"url":"https:\/\/japamalaandfriends.com\/en\/product\/top-leda","url_meta":{"origin":3256,"position":3},"title":"Top Leda","author":"SandroK","date":"October 21, 2025","format":false,"excerpt":"\u00a0Top Leda \u2013 Estilo y comodidad en su versi\u00f3n m\u00e1s ligera El Top Leda es la opci\u00f3n m\u00e1s fresca y vers\u00e1til de nuestro emblem\u00e1tico Jersey Leda Largo. Confeccionado en tejido de viscosa el\u00e1stica (95% viscosa, 5% elastano), ofrece una sensaci\u00f3n suave y c\u00f3moda que se adapta perfectamente a tu figura,\u2026","rel":"","context":"Similar post","block_context":{"text":"Similar post","link":""},"img":{"alt_text":"Mujer sonriendo con top leda amarillo mostaza de manga tres cuartos y cuello drapeado, combinando con falda azul. Moda casual y elegante de la colecci\u00f3n Leda.","src":"https:\/\/i0.wp.com\/japamalaandfriends.com\/wp-content\/uploads\/2025\/10\/japamala-1121.jpeg?resize=350%2C200&ssl=1","width":350,"height":200,"srcset":"https:\/\/i0.wp.com\/japamalaandfriends.com\/wp-content\/uploads\/2025\/10\/japamala-1121.jpeg?resize=350%2C200&ssl=1 1x, https:\/\/i0.wp.com\/japamalaandfriends.com\/wp-content\/uploads\/2025\/10\/japamala-1121.jpeg?resize=525%2C300&ssl=1 1.5x, https:\/\/i0.wp.com\/japamalaandfriends.com\/wp-content\/uploads\/2025\/10\/japamala-1121.jpeg?resize=700%2C400&ssl=1 2x, https:\/\/i0.wp.com\/japamalaandfriends.com\/wp-content\/uploads\/2025\/10\/japamala-1121.jpeg?resize=1050%2C600&ssl=1 3x"},"classes":[]},{"id":2806,"url":"https:\/\/japamalaandfriends.com\/en\/product\/top-bell-2","url_meta":{"origin":3256,"position":4},"title":"Top Bell","author":"SandroK","date":"November 27, 2022","format":false,"excerpt":"Top Bell \u2013 Corte evas\u00e9 cl\u00e1sico en viscosa suave Descubre el Top Bell, nuestra camiseta de corte cl\u00e1sico evas\u00e9 confeccionada en una viscosa suave y agradable que se adapta genial al cuerpo. Es un modelo corto y acampanado, perfecto para mujeres bajitas o para quienes prefieren camisetas no demasiado largas\u2026","rel":"","context":"Similar post","block_context":{"text":"Similar post","link":""},"img":{"alt_text":"","src":"https:\/\/i0.wp.com\/japamalaandfriends.com\/wp-content\/uploads\/2022\/11\/img_1796-scaled.jpeg?resize=350%2C200&ssl=1","width":350,"height":200,"srcset":"https:\/\/i0.wp.com\/japamalaandfriends.com\/wp-content\/uploads\/2022\/11\/img_1796-scaled.jpeg?resize=350%2C200&ssl=1 1x, https:\/\/i0.wp.com\/japamalaandfriends.com\/wp-content\/uploads\/2022\/11\/img_1796-scaled.jpeg?resize=525%2C300&ssl=1 1.5x, https:\/\/i0.wp.com\/japamalaandfriends.com\/wp-content\/uploads\/2022\/11\/img_1796-scaled.jpeg?resize=700%2C400&ssl=1 2x, https:\/\/i0.wp.com\/japamalaandfriends.com\/wp-content\/uploads\/2022\/11\/img_1796-scaled.jpeg?resize=1050%2C600&ssl=1 3x, https:\/\/i0.wp.com\/japamalaandfriends.com\/wp-content\/uploads\/2022\/11\/img_1796-scaled.jpeg?resize=1400%2C800&ssl=1 4x"},"classes":[]},{"id":2275,"url":"https:\/\/japamalaandfriends.com\/en\/product\/pantalon-ancho-corto-culotte","url_meta":{"origin":3256,"position":5},"title":"Pantalon ancho corto","author":"SandroK","date":"June 4, 2022","format":false,"excerpt":"Version corta (cropped) de nuestro classico de Japamala! Pantalon de viscosa, talla unica, cintura alta. Queda bien a todas nosotras que llevamos tallas entre S y XXL. Tambien una prenda que te ir\u00e1 genial mientras tu embarazo! Antes, mientras y despu\u00e9s. Porfa mira las fotos del producto Pantalon ancho largo.\u2026","rel":"","context":"Similar post","block_context":{"text":"Similar post","link":""},"img":{"alt_text":"clienta en el vestidor de la tienda japamala en barcelona., luciendo el pantalon ancho corto azul.","src":"https:\/\/i0.wp.com\/japamalaandfriends.com\/wp-content\/uploads\/2024\/05\/img_4067-scaled.jpeg?resize=350%2C200&ssl=1","width":350,"height":200,"srcset":"https:\/\/i0.wp.com\/japamalaandfriends.com\/wp-content\/uploads\/2024\/05\/img_4067-scaled.jpeg?resize=350%2C200&ssl=1 1x, https:\/\/i0.wp.com\/japamalaandfriends.com\/wp-content\/uploads\/2024\/05\/img_4067-scaled.jpeg?resize=525%2C300&ssl=1 1.5x, https:\/\/i0.wp.com\/japamalaandfriends.com\/wp-content\/uploads\/2024\/05\/img_4067-scaled.jpeg?resize=700%2C400&ssl=1 2x, https:\/\/i0.wp.com\/japamalaandfriends.com\/wp-content\/uploads\/2024\/05\/img_4067-scaled.jpeg?resize=1050%2C600&ssl=1 3x, https:\/\/i0.wp.com\/japamalaandfriends.com\/wp-content\/uploads\/2024\/05\/img_4067-scaled.jpeg?resize=1400%2C800&ssl=1 4x"},"classes":[]}],"jetpack_sharing_enabled":true,"_links":{"self":[{"href":"https:\/\/japamalaandfriends.com\/en\/wp-json\/wp\/v2\/product\/3256","targetHints":{"allow":["GET"]}}],"collection":[{"href":"https:\/\/japamalaandfriends.com\/en\/wp-json\/wp\/v2\/product"}],"about":[{"href":"https:\/\/japamalaandfriends.com\/en\/wp-json\/wp\/v2\/types\/product"}],"wp:featuredmedia":[{"embeddable":true,"href":"https:\/\/japamalaandfriends.com\/en\/wp-json\/wp\/v2\/media\/3252"}],"wp:attachment":[{"href":"https:\/\/japamalaandfriends.com\/en\/wp-json\/wp\/v2\/media?parent=3256"}],"wp:term":[{"taxonomy":"product_brand","embeddable":true,"href":"https:\/\/japamalaandfriends.com\/en\/wp-json\/wp\/v2\/product_brand?post=3256"},{"taxonomy":"product_cat","embeddable":true,"href":"https:\/\/japamalaandfriends.com\/en\/wp-json\/wp\/v2\/product_cat?post=3256"},{"taxonomy":"product_tag","embeddable":true,"href":"https:\/\/japamalaandfriends.com\/en\/wp-json\/wp\/v2\/product_tag?post=3256"}],"curies":[{"name":"wp","href":"https:\/\/api.w.org\/{rel}","templated":true}]}}