{"id":3454,"date":"2023-12-07T21:57:35","date_gmt":"2023-12-07T21:57:35","guid":{"rendered":"https:\/\/japamalaandfriends.com\/?post_type=product&#038;p=3454"},"modified":"2026-03-16T12:21:53","modified_gmt":"2026-03-16T12:21:53","slug":"pantalon-cropped-pana","status":"publish","type":"product","link":"https:\/\/japamalaandfriends.com\/en\/product\/pantalon-cropped-pana","title":{"rendered":"Pantal\u00f3n Cropped pana"},"content":{"rendered":"<h3 data-start=\"102\" data-end=\"176\"><img decoding=\"async\" class=\"emoji\" role=\"img\" draggable=\"false\" src=\"https:\/\/s.w.org\/images\/core\/emoji\/16.0.1\/svg\/1f1ea-1f1f8.svg\" alt=\"\ud83c\uddea\ud83c\uddf8\" \/> Pantal\u00f3n Cropped Pana 90 \u2013 \u00a1Ahora puedes ir comoda y llamar atenci\u00f3n con tu estilo!<\/h3>\n<p data-start=\"266\" data-end=\"644\">Descubre nuestro <strong data-start=\"283\" data-end=\"310\">famoso pantal\u00f3n cropped<\/strong>, ahora en <strong data-start=\"321\" data-end=\"329\">pana<\/strong>, disponible en cuatro colores preciosos: verde botella, azul claro, mostaza y teja. Disponible en tallas <strong data-start=\"435\" data-end=\"448\">S\/M y M\/L<\/strong>, este pantal\u00f3n tiene un corte ancho de pierna que permite moverse con total comodidad y libertad, aunque sin elastano, por lo que el tallaje queda ligeramente m\u00e1s ajustado que en otros modelos.<\/p>\n<p data-start=\"646\" data-end=\"948\">La <strong data-start=\"649\" data-end=\"669\">cintura el\u00e1stica<\/strong> permite adaptarlo a tu figura y garantiza un ajuste perfecto. Sus colores llamativos lo convierten en una pieza vers\u00e1til que se puede combinar con botas, zapatillas o bailarinas y con jers\u00e9is, camisas o camisetas b\u00e1sicas, creando looks casual o m\u00e1s arreglados seg\u00fan tu estilo.<\/p>\n<p data-start=\"950\" data-end=\"1209\">Tambi\u00e9n disponible en versi\u00f3n larga, este pantal\u00f3n cropped de pana es ideal para cualquier ocasi\u00f3n: d\u00eda a d\u00eda, trabajo, salidas con amigas o eventos especiales. Su <strong data-start=\"1114\" data-end=\"1142\">dise\u00f1o c\u00f3modo y elegante<\/strong> lo convierte en un imprescindible del armario de esta temporada.<\/p>\n<hr \/>\n<h3 data-start=\"1393\" data-end=\"1438\"><img decoding=\"async\" src=\"https:\/\/japamalaandfriends.com\/wp-content\/plugins\/sitepress-multilingual-cms\/res\/flags\/ca.svg\" alt=\"Catal\u00e0\" \/> Pantal\u00f3 Cropped Pana 90 \u2013 Ara pots anar c\u00f2moda i cridar l\u2019atenci\u00f3 amb el teu estil!<\/h3>\n<p data-start=\"172\" data-end=\"540\">Descobreix el nostre fam\u00f3s pantal\u00f3 cropped, ara en pana, disponible en quatre colors preciosos: verd ampolla, blau clar, mostassa i teula. Disponible en talles S\/M i M\/L, aquest pantal\u00f3 t\u00e9 un tall ample de cama que permet moure\u2019s amb total comoditat i llibertat, tot i que sense elast\u00e0, per la qual cosa la talla queda lleugerament m\u00e9s ajustada que en altres models.<\/p>\n<p data-start=\"542\" data-end=\"855\">La cintura el\u00e0stica permet adaptar-lo a la teva figura i garanteix un ajust perfecte. Els seus colors cridaners el converteixen en una pe\u00e7a vers\u00e0til que es pot combinar amb botes, sabatilles o sabates planes i amb jerseis, camises o samarretes b\u00e0siques, creant looks casuals o m\u00e9s arreglats segons el teu estil.<\/p>\n<p data-start=\"857\" data-end=\"1125\">Tamb\u00e9 disponible en versi\u00f3 llarga, aquest pantal\u00f3 cropped de pana \u00e9s ideal per a qualsevol ocasi\u00f3: dia a dia, treball, sortides amb amigues o esdeveniments especials. El seu disseny c\u00f2mode i elegant el converteix en un imprescindible de l\u2019armari d\u2019aquesta temporada.<\/p>\n<hr \/>\n<h3 data-start=\"1386\" data-end=\"1458\"><img decoding=\"async\" class=\"emoji\" role=\"img\" draggable=\"false\" src=\"https:\/\/s.w.org\/images\/core\/emoji\/16.0.1\/svg\/1f1ec-1f1e7.svg\" alt=\"\ud83c\uddec\ud83c\udde7\" \/> Cropped Corduroy Pants 90 \u2013 Now You Can Be Comfortable and Stand Out with Your Style!<\/h3>\n<p data-start=\"1240\" data-end=\"1578\">Discover our famous <strong data-start=\"1260\" data-end=\"1277\">cropped pants<\/strong>, now in corduroy, available in four beautiful colors: bottle green, light blue, mustard, and terracotta. Available in sizes <strong data-start=\"1402\" data-end=\"1417\">S\/M and M\/L<\/strong>, these pants have a wide leg cut that allows for total comfort and freedom of movement. Without elastane, the fit is slightly more tailored than other models.<\/p>\n<p data-start=\"1580\" data-end=\"1869\">The elastic waistband adapts to your figure and ensures a perfect fit. Their vibrant colors make them a versatile piece that can be paired with boots, sneakers, or flats, and styled with sweaters, shirts, or basic t-shirts, creating casual or more polished looks depending on your style.<\/p>\n<p data-start=\"1871\" data-end=\"2113\">Also available in a long version, these cropped corduroy pants are perfect for any occasion: everyday wear, work, outings with friends, or special events. Their comfortable and elegant design makes them a wardrobe essential for this season.<\/p>\n","protected":false},"excerpt":{"rendered":"<p>Pantal\u00f3n Cropped Pana 90 \u2013 \u00a1Ahora puedes ir comoda y llamar atenci\u00f3n con tu estilo! Descubre nuestro famoso pantal\u00f3n cropped, ahora en pana, disponible en cuatro colores preciosos: verde botella, azul claro, mostaza y teja. Disponible en tallas S\/M y M\/L, este pantal\u00f3n tiene un corte ancho de pierna que permite moverse con total comodidad [&hellip;]<\/p>\n","protected":false},"featured_media":3572,"template":"","meta":{"_et_pb_use_builder":"","_et_pb_old_content":"","_et_gb_content_width":""},"product_brand":[],"product_cat":[57,15],"product_tag":[27,140,216,217,660,702],"class_list":{"0":"post-3454","1":"product","2":"type-product","3":"status-publish","4":"has-post-thumbnail","6":"product_cat-pantalones-y-monos","7":"product_cat-general","8":"product_tag-invierno","9":"product_tag-pantalon-ancho","10":"product_tag-pantalon-comodo","11":"product_tag-pantalon-cropped","12":"product_tag-pantalon-mujer","13":"product_tag-pantalon-pana","14":"pa_color-azul-electrico","15":"pa_color-mostaza","16":"pa_color-teja","17":"pa_color-verde-botella","19":"first","20":"instock","21":"shipping-taxable","22":"purchasable","23":"product-type-variable"},"yoast_head":"<!-- This site is optimized with the Yoast SEO plugin v26.2 - https:\/\/yoast.com\/wordpress\/plugins\/seo\/ -->\n<title>Pantal\u00f3n Cropped pana - japamala and friends<\/title>\n<meta name=\"description\" content=\"Nuestro famoso pantalon cropped, ahora disponible en pana! ideal para los meses de frio sin perder el estilo. Disponible en color teja, negro y mostaza.\" \/>\n<meta name=\"robots\" content=\"index, follow, max-snippet:-1, max-image-preview:large, max-video-preview:-1\" \/>\n<link rel=\"canonical\" href=\"https:\/\/japamalaandfriends.com\/en\/product\/pantalon-cropped-pana\" \/>\n<meta property=\"og:locale\" content=\"en_US\" \/>\n<meta property=\"og:type\" content=\"article\" \/>\n<meta property=\"og:title\" content=\"Pantal\u00f3n Cropped pana - japamala and friends\" \/>\n<meta property=\"og:description\" content=\"Nuestro famoso pantalon cropped, ahora disponible en pana! ideal para los meses de frio sin perder el estilo. Disponible en color teja, negro y mostaza.\" \/>\n<meta property=\"og:url\" content=\"https:\/\/japamalaandfriends.com\/en\/product\/pantalon-cropped-pana\" \/>\n<meta property=\"og:site_name\" content=\"japamala and friends\" \/>\n<meta property=\"article:publisher\" content=\"https:\/\/www.facebook.com\/Japamalaandfriends\" \/>\n<meta property=\"article:modified_time\" content=\"2026-03-16T12:21:53+00:00\" \/>\n<meta property=\"og:image\" content=\"https:\/\/japamalaandfriends.com\/wp-content\/uploads\/2024\/01\/img_7977-1.jpeg\" \/>\n\t<meta property=\"og:image:width\" content=\"2132\" \/>\n\t<meta property=\"og:image:height\" content=\"2132\" \/>\n\t<meta property=\"og:image:type\" content=\"image\/jpeg\" \/>\n<meta name=\"twitter:card\" content=\"summary_large_image\" \/>\n<meta name=\"twitter:label1\" content=\"Est. reading time\" \/>\n\t<meta name=\"twitter:data1\" content=\"3 minutes\" \/>\n<script type=\"application\/ld+json\" class=\"yoast-schema-graph\">{\"@context\":\"https:\/\/schema.org\",\"@graph\":[{\"@type\":\"WebPage\",\"@id\":\"https:\/\/japamalaandfriends.com\/en\/product\/pantalon-cropped-pana\",\"url\":\"https:\/\/japamalaandfriends.com\/en\/product\/pantalon-cropped-pana\",\"name\":\"Pantal\u00f3n Cropped pana - japamala and friends\",\"isPartOf\":{\"@id\":\"https:\/\/japamalaandfriends.com\/en#website\"},\"primaryImageOfPage\":{\"@id\":\"https:\/\/japamalaandfriends.com\/en\/product\/pantalon-cropped-pana#primaryimage\"},\"image\":{\"@id\":\"https:\/\/japamalaandfriends.com\/en\/product\/pantalon-cropped-pana#primaryimage\"},\"thumbnailUrl\":\"https:\/\/japamalaandfriends.com\/wp-content\/uploads\/2024\/01\/img_7977-1.jpeg\",\"datePublished\":\"2023-12-07T21:57:35+00:00\",\"dateModified\":\"2026-03-16T12:21:53+00:00\",\"description\":\"Nuestro famoso pantalon cropped, ahora disponible en pana! ideal para los meses de frio sin perder el estilo. Disponible en color teja, negro y mostaza.\",\"breadcrumb\":{\"@id\":\"https:\/\/japamalaandfriends.com\/en\/product\/pantalon-cropped-pana#breadcrumb\"},\"inLanguage\":\"en-US\",\"potentialAction\":[{\"@type\":\"ReadAction\",\"target\":[\"https:\/\/japamalaandfriends.com\/en\/product\/pantalon-cropped-pana\"]}]},{\"@type\":\"ImageObject\",\"inLanguage\":\"en-US\",\"@id\":\"https:\/\/japamalaandfriends.com\/en\/product\/pantalon-cropped-pana#primaryimage\",\"url\":\"https:\/\/japamalaandfriends.com\/wp-content\/uploads\/2024\/01\/img_7977-1.jpeg\",\"contentUrl\":\"https:\/\/japamalaandfriends.com\/wp-content\/uploads\/2024\/01\/img_7977-1.jpeg\",\"width\":2132,\"height\":2132,\"caption\":\"clienta de japamala luciendo el pantal\u00f3n cropped en pana de color mostaza, en las calles del ic\u00f3nico barrio de Gracia en Barcelona.\"},{\"@type\":\"BreadcrumbList\",\"@id\":\"https:\/\/japamalaandfriends.com\/en\/product\/pantalon-cropped-pana#breadcrumb\",\"itemListElement\":[{\"@type\":\"ListItem\",\"position\":1,\"name\":\"Inicio\",\"item\":\"https:\/\/japamalaandfriends.com\/en\/welcome\"},{\"@type\":\"ListItem\",\"position\":2,\"name\":\"ONLINE shop\",\"item\":\"https:\/\/japamalaandfriends.com\/en\/shop\"},{\"@type\":\"ListItem\",\"position\":3,\"name\":\"Pantal\u00f3n Cropped pana\"}]},{\"@type\":\"WebSite\",\"@id\":\"https:\/\/japamalaandfriends.com\/en#website\",\"url\":\"https:\/\/japamalaandfriends.com\/en\",\"name\":\"japamala and friends\",\"description\":\"Aqu\u00ed subimos tu autoestima con ropa que te hace sentir bien. Descubre kimonos, vestidos, tallas reales y moda en nuestra tienda en Barcelona y online.\",\"publisher\":{\"@id\":\"https:\/\/japamalaandfriends.com\/en#organization\"},\"potentialAction\":[{\"@type\":\"SearchAction\",\"target\":{\"@type\":\"EntryPoint\",\"urlTemplate\":\"https:\/\/japamalaandfriends.com\/en?s={search_term_string}\"},\"query-input\":{\"@type\":\"PropertyValueSpecification\",\"valueRequired\":true,\"valueName\":\"search_term_string\"}}],\"inLanguage\":\"en-US\"},{\"@type\":\"Organization\",\"@id\":\"https:\/\/japamalaandfriends.com\/en#organization\",\"name\":\"japamala and friends barcelona\",\"url\":\"https:\/\/japamalaandfriends.com\/en\",\"logo\":{\"@type\":\"ImageObject\",\"inLanguage\":\"en-US\",\"@id\":\"https:\/\/japamalaandfriends.com\/en#\/schema\/logo\/image\/\",\"url\":\"https:\/\/i0.wp.com\/japamalaandfriends.com\/wp-content\/uploads\/2025\/05\/cropped-Japamala-2023-logo-black.jpg?fit=512%2C512&ssl=1\",\"contentUrl\":\"https:\/\/i0.wp.com\/japamalaandfriends.com\/wp-content\/uploads\/2025\/05\/cropped-Japamala-2023-logo-black.jpg?fit=512%2C512&ssl=1\",\"width\":512,\"height\":512,\"caption\":\"japamala and friends barcelona\"},\"image\":{\"@id\":\"https:\/\/japamalaandfriends.com\/en#\/schema\/logo\/image\/\"},\"sameAs\":[\"https:\/\/www.facebook.com\/Japamalaandfriends\",\"https:\/\/www.instagram.com\/japamala.and.friends\"]}]}<\/script>\n<!-- \/ Yoast SEO plugin. -->","yoast_head_json":{"title":"Pantal\u00f3n Cropped pana - japamala and friends","description":"Nuestro famoso pantalon cropped, ahora disponible en pana! ideal para los meses de frio sin perder el estilo. Disponible en color teja, negro y mostaza.","robots":{"index":"index","follow":"follow","max-snippet":"max-snippet:-1","max-image-preview":"max-image-preview:large","max-video-preview":"max-video-preview:-1"},"canonical":"https:\/\/japamalaandfriends.com\/en\/product\/pantalon-cropped-pana","og_locale":"en_US","og_type":"article","og_title":"Pantal\u00f3n Cropped pana - japamala and friends","og_description":"Nuestro famoso pantalon cropped, ahora disponible en pana! ideal para los meses de frio sin perder el estilo. Disponible en color teja, negro y mostaza.","og_url":"https:\/\/japamalaandfriends.com\/en\/product\/pantalon-cropped-pana","og_site_name":"japamala and friends","article_publisher":"https:\/\/www.facebook.com\/Japamalaandfriends","article_modified_time":"2026-03-16T12:21:53+00:00","og_image":[{"width":2132,"height":2132,"url":"https:\/\/japamalaandfriends.com\/wp-content\/uploads\/2024\/01\/img_7977-1.jpeg","type":"image\/jpeg"}],"twitter_card":"summary_large_image","twitter_misc":{"Est. reading time":"3 minutes"},"schema":{"@context":"https:\/\/schema.org","@graph":[{"@type":"WebPage","@id":"https:\/\/japamalaandfriends.com\/en\/product\/pantalon-cropped-pana","url":"https:\/\/japamalaandfriends.com\/en\/product\/pantalon-cropped-pana","name":"Pantal\u00f3n Cropped pana - japamala and friends","isPartOf":{"@id":"https:\/\/japamalaandfriends.com\/en#website"},"primaryImageOfPage":{"@id":"https:\/\/japamalaandfriends.com\/en\/product\/pantalon-cropped-pana#primaryimage"},"image":{"@id":"https:\/\/japamalaandfriends.com\/en\/product\/pantalon-cropped-pana#primaryimage"},"thumbnailUrl":"https:\/\/japamalaandfriends.com\/wp-content\/uploads\/2024\/01\/img_7977-1.jpeg","datePublished":"2023-12-07T21:57:35+00:00","dateModified":"2026-03-16T12:21:53+00:00","description":"Nuestro famoso pantalon cropped, ahora disponible en pana! ideal para los meses de frio sin perder el estilo. Disponible en color teja, negro y mostaza.","breadcrumb":{"@id":"https:\/\/japamalaandfriends.com\/en\/product\/pantalon-cropped-pana#breadcrumb"},"inLanguage":"en-US","potentialAction":[{"@type":"ReadAction","target":["https:\/\/japamalaandfriends.com\/en\/product\/pantalon-cropped-pana"]}]},{"@type":"ImageObject","inLanguage":"en-US","@id":"https:\/\/japamalaandfriends.com\/en\/product\/pantalon-cropped-pana#primaryimage","url":"https:\/\/japamalaandfriends.com\/wp-content\/uploads\/2024\/01\/img_7977-1.jpeg","contentUrl":"https:\/\/japamalaandfriends.com\/wp-content\/uploads\/2024\/01\/img_7977-1.jpeg","width":2132,"height":2132,"caption":"clienta de japamala luciendo el pantal\u00f3n cropped en pana de color mostaza, en las calles del ic\u00f3nico barrio de Gracia en Barcelona."},{"@type":"BreadcrumbList","@id":"https:\/\/japamalaandfriends.com\/en\/product\/pantalon-cropped-pana#breadcrumb","itemListElement":[{"@type":"ListItem","position":1,"name":"Inicio","item":"https:\/\/japamalaandfriends.com\/en\/welcome"},{"@type":"ListItem","position":2,"name":"ONLINE shop","item":"https:\/\/japamalaandfriends.com\/en\/shop"},{"@type":"ListItem","position":3,"name":"Pantal\u00f3n Cropped pana"}]},{"@type":"WebSite","@id":"https:\/\/japamalaandfriends.com\/en#website","url":"https:\/\/japamalaandfriends.com\/en","name":"japamala and friends","description":"Aqu\u00ed subimos tu autoestima con ropa que te hace sentir bien. Descubre kimonos, vestidos, tallas reales y moda en nuestra tienda en Barcelona y online.","publisher":{"@id":"https:\/\/japamalaandfriends.com\/en#organization"},"potentialAction":[{"@type":"SearchAction","target":{"@type":"EntryPoint","urlTemplate":"https:\/\/japamalaandfriends.com\/en?s={search_term_string}"},"query-input":{"@type":"PropertyValueSpecification","valueRequired":true,"valueName":"search_term_string"}}],"inLanguage":"en-US"},{"@type":"Organization","@id":"https:\/\/japamalaandfriends.com\/en#organization","name":"japamala and friends barcelona","url":"https:\/\/japamalaandfriends.com\/en","logo":{"@type":"ImageObject","inLanguage":"en-US","@id":"https:\/\/japamalaandfriends.com\/en#\/schema\/logo\/image\/","url":"https:\/\/i0.wp.com\/japamalaandfriends.com\/wp-content\/uploads\/2025\/05\/cropped-Japamala-2023-logo-black.jpg?fit=512%2C512&ssl=1","contentUrl":"https:\/\/i0.wp.com\/japamalaandfriends.com\/wp-content\/uploads\/2025\/05\/cropped-Japamala-2023-logo-black.jpg?fit=512%2C512&ssl=1","width":512,"height":512,"caption":"japamala and friends barcelona"},"image":{"@id":"https:\/\/japamalaandfriends.com\/en#\/schema\/logo\/image\/"},"sameAs":["https:\/\/www.facebook.com\/Japamalaandfriends","https:\/\/www.instagram.com\/japamala.and.friends"]}]}},"jetpack-related-posts":[{"id":9138,"url":"https:\/\/japamalaandfriends.com\/en\/product\/pantalon-office-pana","url_meta":{"origin":3454,"position":0},"title":"Pantal\u00f3n Office pana","author":"SandroK","date":"October 14, 2025","format":false,"excerpt":"Pantal\u00f3n Office pana\u00a0\u2013 Comodidad y Estilo Sofisticado Nuestro pantal\u00f3n Office de pana es la combinaci\u00f3n perfecta entre comodidad y estilo. Confeccionado en algod\u00f3n con un toque de elastano, ofrece una tela firme pero suave, ideal para quienes buscan libertad de movimiento sin perder forma. La cintura con goma se adapta\u2026","rel":"","context":"Similar post","block_context":{"text":"Similar post","link":""},"img":{"alt_text":"","src":"https:\/\/i0.wp.com\/japamalaandfriends.com\/wp-content\/uploads\/2025\/10\/img_7417-scaled.jpeg?resize=350%2C200&ssl=1","width":350,"height":200,"srcset":"https:\/\/i0.wp.com\/japamalaandfriends.com\/wp-content\/uploads\/2025\/10\/img_7417-scaled.jpeg?resize=350%2C200&ssl=1 1x, https:\/\/i0.wp.com\/japamalaandfriends.com\/wp-content\/uploads\/2025\/10\/img_7417-scaled.jpeg?resize=525%2C300&ssl=1 1.5x, https:\/\/i0.wp.com\/japamalaandfriends.com\/wp-content\/uploads\/2025\/10\/img_7417-scaled.jpeg?resize=700%2C400&ssl=1 2x, https:\/\/i0.wp.com\/japamalaandfriends.com\/wp-content\/uploads\/2025\/10\/img_7417-scaled.jpeg?resize=1050%2C600&ssl=1 3x, https:\/\/i0.wp.com\/japamalaandfriends.com\/wp-content\/uploads\/2025\/10\/img_7417-scaled.jpeg?resize=1400%2C800&ssl=1 4x"},"classes":[]},{"id":1444,"url":"https:\/\/japamalaandfriends.com\/en\/product\/pantalon-cropped-de-alogodon","url_meta":{"origin":3454,"position":1},"title":"Pantal\u00f3n Cropped algod\u00f3n","author":"SandroK","date":"November 29, 2021","format":false,"excerpt":"Pantal\u00f3n Cropped de algod\u00f3n \u2013 Estrella de la ultima Temporada Descubre nuestro pantal\u00f3n cropped de algod\u00f3n, la prenda imprescindible de la temporada pasada que sigue marcando tendencia. Confeccionado en 100% algod\u00f3n, ofrece un tacto suave y agradable sobre la piel, ideal para todo el d\u00eda. Su corte ancho y talla\u2026","rel":"","context":"Similar post","block_context":{"text":"Similar post","link":""},"img":{"alt_text":"clienta en luciendo el pantalon cropped de algodon en las calles de gracia, cerca a la tienda, un outfit de invierno con mucho estilo.","src":"https:\/\/i0.wp.com\/japamalaandfriends.com\/wp-content\/uploads\/2021\/11\/aa0aefd7-bc30-470a-b24f-93bf69db9490.jpg?resize=350%2C200&ssl=1","width":350,"height":200,"srcset":"https:\/\/i0.wp.com\/japamalaandfriends.com\/wp-content\/uploads\/2021\/11\/aa0aefd7-bc30-470a-b24f-93bf69db9490.jpg?resize=350%2C200&ssl=1 1x, https:\/\/i0.wp.com\/japamalaandfriends.com\/wp-content\/uploads\/2021\/11\/aa0aefd7-bc30-470a-b24f-93bf69db9490.jpg?resize=525%2C300&ssl=1 1.5x, https:\/\/i0.wp.com\/japamalaandfriends.com\/wp-content\/uploads\/2021\/11\/aa0aefd7-bc30-470a-b24f-93bf69db9490.jpg?resize=700%2C400&ssl=1 2x, https:\/\/i0.wp.com\/japamalaandfriends.com\/wp-content\/uploads\/2021\/11\/aa0aefd7-bc30-470a-b24f-93bf69db9490.jpg?resize=1050%2C600&ssl=1 3x, https:\/\/i0.wp.com\/japamalaandfriends.com\/wp-content\/uploads\/2021\/11\/aa0aefd7-bc30-470a-b24f-93bf69db9490.jpg?resize=1400%2C800&ssl=1 4x"},"classes":[]},{"id":2275,"url":"https:\/\/japamalaandfriends.com\/en\/product\/pantalon-ancho-corto-culotte","url_meta":{"origin":3454,"position":2},"title":"Pantalon ancho corto","author":"SandroK","date":"June 4, 2022","format":false,"excerpt":"Version corta (cropped) de nuestro classico de Japamala! Pantalon de viscosa, talla unica, cintura alta. Queda bien a todas nosotras que llevamos tallas entre S y XXL. Tambien una prenda que te ir\u00e1 genial mientras tu embarazo! Antes, mientras y despu\u00e9s. Porfa mira las fotos del producto Pantalon ancho largo.\u2026","rel":"","context":"Similar post","block_context":{"text":"Similar post","link":""},"img":{"alt_text":"clienta en el vestidor de la tienda japamala en barcelona., luciendo el pantalon ancho corto azul.","src":"https:\/\/i0.wp.com\/japamalaandfriends.com\/wp-content\/uploads\/2024\/05\/img_4067-scaled.jpeg?resize=350%2C200&ssl=1","width":350,"height":200,"srcset":"https:\/\/i0.wp.com\/japamalaandfriends.com\/wp-content\/uploads\/2024\/05\/img_4067-scaled.jpeg?resize=350%2C200&ssl=1 1x, https:\/\/i0.wp.com\/japamalaandfriends.com\/wp-content\/uploads\/2024\/05\/img_4067-scaled.jpeg?resize=525%2C300&ssl=1 1.5x, https:\/\/i0.wp.com\/japamalaandfriends.com\/wp-content\/uploads\/2024\/05\/img_4067-scaled.jpeg?resize=700%2C400&ssl=1 2x, https:\/\/i0.wp.com\/japamalaandfriends.com\/wp-content\/uploads\/2024\/05\/img_4067-scaled.jpeg?resize=1050%2C600&ssl=1 3x, https:\/\/i0.wp.com\/japamalaandfriends.com\/wp-content\/uploads\/2024\/05\/img_4067-scaled.jpeg?resize=1400%2C800&ssl=1 4x"},"classes":[]},{"id":3576,"url":"https:\/\/japamalaandfriends.com\/en\/product\/peto-cropped-algodon","url_meta":{"origin":3454,"position":3},"title":"Peto Cropped algod\u00f3n","author":"SandroK","date":"January 9, 2024","format":false,"excerpt":"Peto Cropped \u2013 C\u00f3modo, ancho y Perfecto para el Embarazo Descubre nuestro Peto Cropped, una prenda que combina estilo y comodidad en un solo dise\u00f1o. Inspirado en nuestro bestseller Pantal\u00f3n Cropped, este peto es ideal para mujeres que buscan libertad de movimiento sin renunciar a la moda. \u00a1Combina capas y\u2026","rel":"","context":"Similar post","block_context":{"text":"Similar post","link":""},"img":{"alt_text":"","src":"https:\/\/i0.wp.com\/japamalaandfriends.com\/wp-content\/uploads\/2024\/01\/img_4287-scaled.jpeg?resize=350%2C200&ssl=1","width":350,"height":200,"srcset":"https:\/\/i0.wp.com\/japamalaandfriends.com\/wp-content\/uploads\/2024\/01\/img_4287-scaled.jpeg?resize=350%2C200&ssl=1 1x, https:\/\/i0.wp.com\/japamalaandfriends.com\/wp-content\/uploads\/2024\/01\/img_4287-scaled.jpeg?resize=525%2C300&ssl=1 1.5x, https:\/\/i0.wp.com\/japamalaandfriends.com\/wp-content\/uploads\/2024\/01\/img_4287-scaled.jpeg?resize=700%2C400&ssl=1 2x, https:\/\/i0.wp.com\/japamalaandfriends.com\/wp-content\/uploads\/2024\/01\/img_4287-scaled.jpeg?resize=1050%2C600&ssl=1 3x, https:\/\/i0.wp.com\/japamalaandfriends.com\/wp-content\/uploads\/2024\/01\/img_4287-scaled.jpeg?resize=1400%2C800&ssl=1 4x"},"classes":[]},{"id":10727,"url":"https:\/\/japamalaandfriends.com\/en\/product\/cropped-twill","url_meta":{"origin":3454,"position":4},"title":"Cropped TWILL","author":"SandroK","date":"January 28, 2026","format":false,"excerpt":"","rel":"","context":"Similar post","block_context":{"text":"Similar post","link":""},"img":{"alt_text":"","src":"https:\/\/i0.wp.com\/japamalaandfriends.com\/wp-content\/uploads\/2026\/01\/img_8850-1-scaled.jpeg?resize=350%2C200&ssl=1","width":350,"height":200,"srcset":"https:\/\/i0.wp.com\/japamalaandfriends.com\/wp-content\/uploads\/2026\/01\/img_8850-1-scaled.jpeg?resize=350%2C200&ssl=1 1x, https:\/\/i0.wp.com\/japamalaandfriends.com\/wp-content\/uploads\/2026\/01\/img_8850-1-scaled.jpeg?resize=525%2C300&ssl=1 1.5x, https:\/\/i0.wp.com\/japamalaandfriends.com\/wp-content\/uploads\/2026\/01\/img_8850-1-scaled.jpeg?resize=700%2C400&ssl=1 2x, https:\/\/i0.wp.com\/japamalaandfriends.com\/wp-content\/uploads\/2026\/01\/img_8850-1-scaled.jpeg?resize=1050%2C600&ssl=1 3x, https:\/\/i0.wp.com\/japamalaandfriends.com\/wp-content\/uploads\/2026\/01\/img_8850-1-scaled.jpeg?resize=1400%2C800&ssl=1 4x"},"classes":[]},{"id":9927,"url":"https:\/\/japamalaandfriends.com\/en\/product\/pantalon-globo-algodon","url_meta":{"origin":3454,"position":5},"title":"Pantal\u00f3n Globo algod\u00f3n","author":"SandroK","date":"October 24, 2025","format":false,"excerpt":"Pantal\u00f3n Globo Algod\u00f3n \u2013 Comodidad, Color y Estilo con Car\u00e1cter Atr\u00e9vete a destacar con el Pantal\u00f3n Globo Algod\u00f3n, una prenda dise\u00f1ada para mujeres que buscan comodidad sin renunciar al estilo. Con un corte amplio y moderno, este pantal\u00f3n es perfecto para el d\u00eda a d\u00eda y se adapta a m\u00faltiples\u2026","rel":"","context":"Similar post","block_context":{"text":"Similar post","link":""},"img":{"alt_text":"","src":"https:\/\/i0.wp.com\/japamalaandfriends.com\/wp-content\/uploads\/2025\/10\/img_8352-2-scaled.jpeg?resize=350%2C200&ssl=1","width":350,"height":200,"srcset":"https:\/\/i0.wp.com\/japamalaandfriends.com\/wp-content\/uploads\/2025\/10\/img_8352-2-scaled.jpeg?resize=350%2C200&ssl=1 1x, https:\/\/i0.wp.com\/japamalaandfriends.com\/wp-content\/uploads\/2025\/10\/img_8352-2-scaled.jpeg?resize=525%2C300&ssl=1 1.5x, https:\/\/i0.wp.com\/japamalaandfriends.com\/wp-content\/uploads\/2025\/10\/img_8352-2-scaled.jpeg?resize=700%2C400&ssl=1 2x, https:\/\/i0.wp.com\/japamalaandfriends.com\/wp-content\/uploads\/2025\/10\/img_8352-2-scaled.jpeg?resize=1050%2C600&ssl=1 3x, https:\/\/i0.wp.com\/japamalaandfriends.com\/wp-content\/uploads\/2025\/10\/img_8352-2-scaled.jpeg?resize=1400%2C800&ssl=1 4x"},"classes":[]}],"jetpack_sharing_enabled":true,"_links":{"self":[{"href":"https:\/\/japamalaandfriends.com\/en\/wp-json\/wp\/v2\/product\/3454","targetHints":{"allow":["GET"]}}],"collection":[{"href":"https:\/\/japamalaandfriends.com\/en\/wp-json\/wp\/v2\/product"}],"about":[{"href":"https:\/\/japamalaandfriends.com\/en\/wp-json\/wp\/v2\/types\/product"}],"wp:featuredmedia":[{"embeddable":true,"href":"https:\/\/japamalaandfriends.com\/en\/wp-json\/wp\/v2\/media\/3572"}],"wp:attachment":[{"href":"https:\/\/japamalaandfriends.com\/en\/wp-json\/wp\/v2\/media?parent=3454"}],"wp:term":[{"taxonomy":"product_brand","embeddable":true,"href":"https:\/\/japamalaandfriends.com\/en\/wp-json\/wp\/v2\/product_brand?post=3454"},{"taxonomy":"product_cat","embeddable":true,"href":"https:\/\/japamalaandfriends.com\/en\/wp-json\/wp\/v2\/product_cat?post=3454"},{"taxonomy":"product_tag","embeddable":true,"href":"https:\/\/japamalaandfriends.com\/en\/wp-json\/wp\/v2\/product_tag?post=3454"}],"curies":[{"name":"wp","href":"https:\/\/api.w.org\/{rel}","templated":true}]}}