{"id":9684,"date":"2025-10-23T11:33:51","date_gmt":"2025-10-23T11:33:51","guid":{"rendered":"https:\/\/japamalaandfriends.com\/?post_type=product&#038;p=9684"},"modified":"2026-02-28T10:39:45","modified_gmt":"2026-02-28T10:39:45","slug":"falda-city-pana","status":"publish","type":"product","link":"https:\/\/japamalaandfriends.com\/en\/product\/falda-city-pana","title":{"rendered":"Falda City pana"},"content":{"rendered":"","protected":false},"excerpt":{"rendered":"","protected":false},"featured_media":9678,"template":"","meta":{"_et_pb_use_builder":"","_et_pb_old_content":"","_et_gb_content_width":""},"product_brand":[],"product_cat":[396,70,385,419,397,74,54,506,386,15,55,465,394],"product_tag":[],"class_list":{"0":"post-9684","1":"product","2":"type-product","3":"status-publish","4":"has-post-thumbnail","6":"product_cat-curvi","7":"product_cat-tallas-grandes","8":"product_cat-curvy","9":"product_cat-dresses-and-skirts","10":"product_cat-embaras","11":"product_cat-embarazo","12":"product_cat-skirts","13":"product_cat-faldilles","14":"product_cat-pregnancy","15":"product_cat-general","16":"product_cat-vestidos-y-faldas","17":"product_cat-vestits-i-faldilles","18":"product_cat-vull-veure-tot","19":"pa_color-azul-marino","20":"pa_color-camel","21":"pa_color-negro","22":"pa_color-verde-khaki","23":"pa_talla-size-l-xl","24":"pa_talla-size-m-l","25":"pa_talla-size-s-m","27":"first","28":"instock","29":"shipping-taxable","30":"purchasable","31":"product-type-variable"},"yoast_head":"<!-- This site is optimized with the Yoast SEO plugin v26.2 - https:\/\/yoast.com\/wordpress\/plugins\/seo\/ -->\n<title>Falda City pana - japamala and friends<\/title>\n<meta name=\"description\" content=\"Falda City Pana en tejido suave y elegante con cintura el\u00e1stica y bolsillos. Estilo urbano y c\u00f3modo, perfecta para oto\u00f1o e invierno con un fit favorecedor.\" \/>\n<meta name=\"robots\" content=\"index, follow, max-snippet:-1, max-image-preview:large, max-video-preview:-1\" \/>\n<link rel=\"canonical\" href=\"https:\/\/japamalaandfriends.com\/en\/product\/falda-city-pana\" \/>\n<meta property=\"og:locale\" content=\"en_US\" \/>\n<meta property=\"og:type\" content=\"article\" \/>\n<meta property=\"og:title\" content=\"Falda City pana - japamala and friends\" \/>\n<meta property=\"og:description\" content=\"Falda City Pana en tejido suave y elegante con cintura el\u00e1stica y bolsillos. Estilo urbano y c\u00f3modo, perfecta para oto\u00f1o e invierno con un fit favorecedor.\" \/>\n<meta property=\"og:url\" content=\"https:\/\/japamalaandfriends.com\/en\/product\/falda-city-pana\" \/>\n<meta property=\"og:site_name\" content=\"japamala and friends\" \/>\n<meta property=\"article:publisher\" content=\"https:\/\/www.facebook.com\/Japamalaandfriends\" \/>\n<meta property=\"article:modified_time\" content=\"2026-02-28T10:39:45+00:00\" \/>\n<meta property=\"og:image\" content=\"https:\/\/japamalaandfriends.com\/wp-content\/uploads\/2025\/10\/japamala-1210.jpeg\" \/>\n\t<meta property=\"og:image:width\" content=\"1280\" \/>\n\t<meta property=\"og:image:height\" content=\"1920\" \/>\n\t<meta property=\"og:image:type\" content=\"image\/jpeg\" \/>\n<meta name=\"twitter:card\" content=\"summary_large_image\" \/>\n<meta name=\"twitter:label1\" content=\"Est. reading time\" \/>\n\t<meta name=\"twitter:data1\" content=\"2 minutes\" \/>\n<script type=\"application\/ld+json\" class=\"yoast-schema-graph\">{\"@context\":\"https:\/\/schema.org\",\"@graph\":[{\"@type\":\"WebPage\",\"@id\":\"https:\/\/japamalaandfriends.com\/en\/product\/falda-city-pana\",\"url\":\"https:\/\/japamalaandfriends.com\/en\/product\/falda-city-pana\",\"name\":\"Falda City pana - japamala and friends\",\"isPartOf\":{\"@id\":\"https:\/\/japamalaandfriends.com\/en#website\"},\"primaryImageOfPage\":{\"@id\":\"https:\/\/japamalaandfriends.com\/en\/product\/falda-city-pana#primaryimage\"},\"image\":{\"@id\":\"https:\/\/japamalaandfriends.com\/en\/product\/falda-city-pana#primaryimage\"},\"thumbnailUrl\":\"https:\/\/japamalaandfriends.com\/wp-content\/uploads\/2025\/10\/japamala-1210.jpeg\",\"datePublished\":\"2025-10-23T11:33:51+00:00\",\"dateModified\":\"2026-02-28T10:39:45+00:00\",\"description\":\"Falda City Pana en tejido suave y elegante con cintura el\u00e1stica y bolsillos. Estilo urbano y c\u00f3modo, perfecta para oto\u00f1o e invierno con un fit favorecedor.\",\"breadcrumb\":{\"@id\":\"https:\/\/japamalaandfriends.com\/en\/product\/falda-city-pana#breadcrumb\"},\"inLanguage\":\"en-US\",\"potentialAction\":[{\"@type\":\"ReadAction\",\"target\":[\"https:\/\/japamalaandfriends.com\/en\/product\/falda-city-pana\"]}]},{\"@type\":\"ImageObject\",\"inLanguage\":\"en-US\",\"@id\":\"https:\/\/japamalaandfriends.com\/en\/product\/falda-city-pana#primaryimage\",\"url\":\"https:\/\/japamalaandfriends.com\/wp-content\/uploads\/2025\/10\/japamala-1210.jpeg\",\"contentUrl\":\"https:\/\/japamalaandfriends.com\/wp-content\/uploads\/2025\/10\/japamala-1210.jpeg\",\"width\":1280,\"height\":1920},{\"@type\":\"BreadcrumbList\",\"@id\":\"https:\/\/japamalaandfriends.com\/en\/product\/falda-city-pana#breadcrumb\",\"itemListElement\":[{\"@type\":\"ListItem\",\"position\":1,\"name\":\"Inicio\",\"item\":\"https:\/\/japamalaandfriends.com\/en\/welcome\"},{\"@type\":\"ListItem\",\"position\":2,\"name\":\"ONLINE shop\",\"item\":\"https:\/\/japamalaandfriends.com\/en\/shop\"},{\"@type\":\"ListItem\",\"position\":3,\"name\":\"Falda City pana\"}]},{\"@type\":\"WebSite\",\"@id\":\"https:\/\/japamalaandfriends.com\/en#website\",\"url\":\"https:\/\/japamalaandfriends.com\/en\",\"name\":\"japamala and friends\",\"description\":\"Aqu\u00ed subimos tu autoestima con ropa que te hace sentir bien. Descubre kimonos, vestidos, tallas reales y moda en nuestra tienda en Barcelona y online.\",\"publisher\":{\"@id\":\"https:\/\/japamalaandfriends.com\/en#organization\"},\"potentialAction\":[{\"@type\":\"SearchAction\",\"target\":{\"@type\":\"EntryPoint\",\"urlTemplate\":\"https:\/\/japamalaandfriends.com\/en?s={search_term_string}\"},\"query-input\":{\"@type\":\"PropertyValueSpecification\",\"valueRequired\":true,\"valueName\":\"search_term_string\"}}],\"inLanguage\":\"en-US\"},{\"@type\":\"Organization\",\"@id\":\"https:\/\/japamalaandfriends.com\/en#organization\",\"name\":\"japamala and friends barcelona\",\"url\":\"https:\/\/japamalaandfriends.com\/en\",\"logo\":{\"@type\":\"ImageObject\",\"inLanguage\":\"en-US\",\"@id\":\"https:\/\/japamalaandfriends.com\/en#\/schema\/logo\/image\/\",\"url\":\"https:\/\/i0.wp.com\/japamalaandfriends.com\/wp-content\/uploads\/2025\/05\/cropped-Japamala-2023-logo-black.jpg?fit=512%2C512&ssl=1\",\"contentUrl\":\"https:\/\/i0.wp.com\/japamalaandfriends.com\/wp-content\/uploads\/2025\/05\/cropped-Japamala-2023-logo-black.jpg?fit=512%2C512&ssl=1\",\"width\":512,\"height\":512,\"caption\":\"japamala and friends barcelona\"},\"image\":{\"@id\":\"https:\/\/japamalaandfriends.com\/en#\/schema\/logo\/image\/\"},\"sameAs\":[\"https:\/\/www.facebook.com\/Japamalaandfriends\",\"https:\/\/www.instagram.com\/japamala.and.friends\"]}]}<\/script>\n<!-- \/ Yoast SEO plugin. -->","yoast_head_json":{"title":"Falda City pana - japamala and friends","description":"Falda City Pana en tejido suave y elegante con cintura el\u00e1stica y bolsillos. Estilo urbano y c\u00f3modo, perfecta para oto\u00f1o e invierno con un fit favorecedor.","robots":{"index":"index","follow":"follow","max-snippet":"max-snippet:-1","max-image-preview":"max-image-preview:large","max-video-preview":"max-video-preview:-1"},"canonical":"https:\/\/japamalaandfriends.com\/en\/product\/falda-city-pana","og_locale":"en_US","og_type":"article","og_title":"Falda City pana - japamala and friends","og_description":"Falda City Pana en tejido suave y elegante con cintura el\u00e1stica y bolsillos. Estilo urbano y c\u00f3modo, perfecta para oto\u00f1o e invierno con un fit favorecedor.","og_url":"https:\/\/japamalaandfriends.com\/en\/product\/falda-city-pana","og_site_name":"japamala and friends","article_publisher":"https:\/\/www.facebook.com\/Japamalaandfriends","article_modified_time":"2026-02-28T10:39:45+00:00","og_image":[{"width":1280,"height":1920,"url":"https:\/\/japamalaandfriends.com\/wp-content\/uploads\/2025\/10\/japamala-1210.jpeg","type":"image\/jpeg"}],"twitter_card":"summary_large_image","twitter_misc":{"Est. reading time":"2 minutes"},"schema":{"@context":"https:\/\/schema.org","@graph":[{"@type":"WebPage","@id":"https:\/\/japamalaandfriends.com\/en\/product\/falda-city-pana","url":"https:\/\/japamalaandfriends.com\/en\/product\/falda-city-pana","name":"Falda City pana - japamala and friends","isPartOf":{"@id":"https:\/\/japamalaandfriends.com\/en#website"},"primaryImageOfPage":{"@id":"https:\/\/japamalaandfriends.com\/en\/product\/falda-city-pana#primaryimage"},"image":{"@id":"https:\/\/japamalaandfriends.com\/en\/product\/falda-city-pana#primaryimage"},"thumbnailUrl":"https:\/\/japamalaandfriends.com\/wp-content\/uploads\/2025\/10\/japamala-1210.jpeg","datePublished":"2025-10-23T11:33:51+00:00","dateModified":"2026-02-28T10:39:45+00:00","description":"Falda City Pana en tejido suave y elegante con cintura el\u00e1stica y bolsillos. Estilo urbano y c\u00f3modo, perfecta para oto\u00f1o e invierno con un fit favorecedor.","breadcrumb":{"@id":"https:\/\/japamalaandfriends.com\/en\/product\/falda-city-pana#breadcrumb"},"inLanguage":"en-US","potentialAction":[{"@type":"ReadAction","target":["https:\/\/japamalaandfriends.com\/en\/product\/falda-city-pana"]}]},{"@type":"ImageObject","inLanguage":"en-US","@id":"https:\/\/japamalaandfriends.com\/en\/product\/falda-city-pana#primaryimage","url":"https:\/\/japamalaandfriends.com\/wp-content\/uploads\/2025\/10\/japamala-1210.jpeg","contentUrl":"https:\/\/japamalaandfriends.com\/wp-content\/uploads\/2025\/10\/japamala-1210.jpeg","width":1280,"height":1920},{"@type":"BreadcrumbList","@id":"https:\/\/japamalaandfriends.com\/en\/product\/falda-city-pana#breadcrumb","itemListElement":[{"@type":"ListItem","position":1,"name":"Inicio","item":"https:\/\/japamalaandfriends.com\/en\/welcome"},{"@type":"ListItem","position":2,"name":"ONLINE shop","item":"https:\/\/japamalaandfriends.com\/en\/shop"},{"@type":"ListItem","position":3,"name":"Falda City pana"}]},{"@type":"WebSite","@id":"https:\/\/japamalaandfriends.com\/en#website","url":"https:\/\/japamalaandfriends.com\/en","name":"japamala and friends","description":"Aqu\u00ed subimos tu autoestima con ropa que te hace sentir bien. Descubre kimonos, vestidos, tallas reales y moda en nuestra tienda en Barcelona y online.","publisher":{"@id":"https:\/\/japamalaandfriends.com\/en#organization"},"potentialAction":[{"@type":"SearchAction","target":{"@type":"EntryPoint","urlTemplate":"https:\/\/japamalaandfriends.com\/en?s={search_term_string}"},"query-input":{"@type":"PropertyValueSpecification","valueRequired":true,"valueName":"search_term_string"}}],"inLanguage":"en-US"},{"@type":"Organization","@id":"https:\/\/japamalaandfriends.com\/en#organization","name":"japamala and friends barcelona","url":"https:\/\/japamalaandfriends.com\/en","logo":{"@type":"ImageObject","inLanguage":"en-US","@id":"https:\/\/japamalaandfriends.com\/en#\/schema\/logo\/image\/","url":"https:\/\/i0.wp.com\/japamalaandfriends.com\/wp-content\/uploads\/2025\/05\/cropped-Japamala-2023-logo-black.jpg?fit=512%2C512&ssl=1","contentUrl":"https:\/\/i0.wp.com\/japamalaandfriends.com\/wp-content\/uploads\/2025\/05\/cropped-Japamala-2023-logo-black.jpg?fit=512%2C512&ssl=1","width":512,"height":512,"caption":"japamala and friends barcelona"},"image":{"@id":"https:\/\/japamalaandfriends.com\/en#\/schema\/logo\/image\/"},"sameAs":["https:\/\/www.facebook.com\/Japamalaandfriends","https:\/\/www.instagram.com\/japamala.and.friends"]}]}},"jetpack-related-posts":[{"id":9638,"url":"https:\/\/japamalaandfriends.com\/en\/product\/falda-city-twill","url_meta":{"origin":9684,"position":0},"title":"Falda City twill","author":"SandroK","date":"October 23, 2025","format":false,"excerpt":"Falda City Twill \u2013 Vers\u00e1til y c\u00f3moda Descubre la falda City twill, confeccionada con un tejido innovador que combina lino y elastano, ofreciendo estructura, suavidad y elasticidad. Esta prenda es ideal para cualquier temporada: fresca para el verano y perfecta con medias o calcetines altos en invierno. u dise\u00f1o atemporal\u2026","rel":"","context":"Similar post","block_context":{"text":"Similar post","link":""},"img":{"alt_text":"","src":"https:\/\/i0.wp.com\/japamalaandfriends.com\/wp-content\/uploads\/2025\/10\/img_8270.jpeg?resize=350%2C200&ssl=1","width":350,"height":200,"srcset":"https:\/\/i0.wp.com\/japamalaandfriends.com\/wp-content\/uploads\/2025\/10\/img_8270.jpeg?resize=350%2C200&ssl=1 1x, https:\/\/i0.wp.com\/japamalaandfriends.com\/wp-content\/uploads\/2025\/10\/img_8270.jpeg?resize=525%2C300&ssl=1 1.5x, https:\/\/i0.wp.com\/japamalaandfriends.com\/wp-content\/uploads\/2025\/10\/img_8270.jpeg?resize=700%2C400&ssl=1 2x, https:\/\/i0.wp.com\/japamalaandfriends.com\/wp-content\/uploads\/2025\/10\/img_8270.jpeg?resize=1050%2C600&ssl=1 3x"},"classes":[]},{"id":9651,"url":"https:\/\/japamalaandfriends.com\/en\/product\/falda-city-denim","url_meta":{"origin":9684,"position":1},"title":"Falda City denim","author":"SandroK","date":"October 23, 2025","format":false,"excerpt":"Falda City Denim \u2013 Estilo urbano con comodidad y funcionalidad La Falda City Denim es la prenda perfecta para mujeres que buscan combinar comodidad, estilo y versatilidad en su d\u00eda a d\u00eda. Confeccionada en una suave mezcla de algod\u00f3n, poli\u00e9ster y elastano, esta falda ofrece la textura y look cl\u00e1sico\u2026","rel":"","context":"Similar post","block_context":{"text":"Similar post","link":""},"img":{"alt_text":"","src":"https:\/\/i0.wp.com\/japamalaandfriends.com\/wp-content\/uploads\/2025\/10\/japamala-1124-1.jpeg?resize=350%2C200&ssl=1","width":350,"height":200,"srcset":"https:\/\/i0.wp.com\/japamalaandfriends.com\/wp-content\/uploads\/2025\/10\/japamala-1124-1.jpeg?resize=350%2C200&ssl=1 1x, https:\/\/i0.wp.com\/japamalaandfriends.com\/wp-content\/uploads\/2025\/10\/japamala-1124-1.jpeg?resize=525%2C300&ssl=1 1.5x, https:\/\/i0.wp.com\/japamalaandfriends.com\/wp-content\/uploads\/2025\/10\/japamala-1124-1.jpeg?resize=700%2C400&ssl=1 2x, https:\/\/i0.wp.com\/japamalaandfriends.com\/wp-content\/uploads\/2025\/10\/japamala-1124-1.jpeg?resize=1050%2C600&ssl=1 3x"},"classes":[]},{"id":9671,"url":"https:\/\/japamalaandfriends.com\/en\/product\/falda-lana-estampada-2","url_meta":{"origin":9684,"position":2},"title":"Falda Lana estampada","author":"SandroK","date":"October 23, 2025","format":false,"excerpt":"Falda de Lana Estampada \u2013 Midi Descubre nuestra falda midi de lana estampada, una prenda vers\u00e1til, c\u00f3moda y con estilo, perfecta para cualquier ocasi\u00f3n. Dise\u00f1ada y confeccionada en Barcelona, esta falda combina dise\u00f1o local con materiales de alta calidad para ofrecerte una pieza \u00fanica en dos estampados. Con un ajuste\u2026","rel":"","context":"Similar post","block_context":{"text":"Similar post","link":""},"img":{"alt_text":"Mujer sonriendo en frente de una pared rojiza. Vestida en un top negro, una falda midi estampada, un cinturon amarillo y un par de botines negros.","src":"https:\/\/i0.wp.com\/japamalaandfriends.com\/wp-content\/uploads\/2025\/10\/japamala-1387.jpg?resize=350%2C200&ssl=1","width":350,"height":200,"srcset":"https:\/\/i0.wp.com\/japamalaandfriends.com\/wp-content\/uploads\/2025\/10\/japamala-1387.jpg?resize=350%2C200&ssl=1 1x, https:\/\/i0.wp.com\/japamalaandfriends.com\/wp-content\/uploads\/2025\/10\/japamala-1387.jpg?resize=525%2C300&ssl=1 1.5x, https:\/\/i0.wp.com\/japamalaandfriends.com\/wp-content\/uploads\/2025\/10\/japamala-1387.jpg?resize=700%2C400&ssl=1 2x, https:\/\/i0.wp.com\/japamalaandfriends.com\/wp-content\/uploads\/2025\/10\/japamala-1387.jpg?resize=1050%2C600&ssl=1 3x"},"classes":[]},{"id":1712,"url":"https:\/\/japamalaandfriends.com\/en\/product\/falda-mini-tubo","url_meta":{"origin":9684,"position":3},"title":"Falda Tubo","author":"SandroK","date":"February 5, 2022","format":false,"excerpt":"Falda tubo de punto Roma \u2013 Elegancia local desde Barcelona Descubre nuestra falda con corte tubo de punto Roma, dise\u00f1ada y producida localmente en Barcelona. Su silueta ce\u00f1ida y elegante abraza la figura, ofreciendo un estilo sofisticado que combina a la perfecci\u00f3n con ambientes profesionales o eventos formales. Esta falda\u2026","rel":"","context":"Similar post","block_context":{"text":"Similar post","link":""},"img":{"alt_text":"","src":"https:\/\/i0.wp.com\/japamalaandfriends.com\/wp-content\/uploads\/2023\/04\/img_9470-scaled.jpeg?resize=350%2C200&ssl=1","width":350,"height":200,"srcset":"https:\/\/i0.wp.com\/japamalaandfriends.com\/wp-content\/uploads\/2023\/04\/img_9470-scaled.jpeg?resize=350%2C200&ssl=1 1x, https:\/\/i0.wp.com\/japamalaandfriends.com\/wp-content\/uploads\/2023\/04\/img_9470-scaled.jpeg?resize=525%2C300&ssl=1 1.5x, https:\/\/i0.wp.com\/japamalaandfriends.com\/wp-content\/uploads\/2023\/04\/img_9470-scaled.jpeg?resize=700%2C400&ssl=1 2x, https:\/\/i0.wp.com\/japamalaandfriends.com\/wp-content\/uploads\/2023\/04\/img_9470-scaled.jpeg?resize=1050%2C600&ssl=1 3x, https:\/\/i0.wp.com\/japamalaandfriends.com\/wp-content\/uploads\/2023\/04\/img_9470-scaled.jpeg?resize=1400%2C800&ssl=1 4x"},"classes":[]},{"id":9859,"url":"https:\/\/japamalaandfriends.com\/en\/product\/falda-tubo-midi","url_meta":{"origin":9684,"position":4},"title":"Falda Tubo Midi","author":"SandroK","date":"November 10, 2025","format":false,"excerpt":"\u00a0Falda Tubo Midi \u2013 Elegancia y Comodidad | Hecho en Barcelona Eleva tu estilo con la Falda Tubo Midi en Punto Roma, una prenda vers\u00e1til y sofisticada pensada para mujeres que buscan elegancia sin renunciar a la comodidad. Ideal para la oficina, eventos o cualquier ocasi\u00f3n especial, su dise\u00f1o entallado\u2026","rel":"","context":"Similar post","block_context":{"text":"Similar post","link":""},"img":{"alt_text":"","src":"https:\/\/i0.wp.com\/japamalaandfriends.com\/wp-content\/uploads\/2025\/11\/img_9514-scaled.jpeg?resize=350%2C200&ssl=1","width":350,"height":200,"srcset":"https:\/\/i0.wp.com\/japamalaandfriends.com\/wp-content\/uploads\/2025\/11\/img_9514-scaled.jpeg?resize=350%2C200&ssl=1 1x, https:\/\/i0.wp.com\/japamalaandfriends.com\/wp-content\/uploads\/2025\/11\/img_9514-scaled.jpeg?resize=525%2C300&ssl=1 1.5x, https:\/\/i0.wp.com\/japamalaandfriends.com\/wp-content\/uploads\/2025\/11\/img_9514-scaled.jpeg?resize=700%2C400&ssl=1 2x, https:\/\/i0.wp.com\/japamalaandfriends.com\/wp-content\/uploads\/2025\/11\/img_9514-scaled.jpeg?resize=1050%2C600&ssl=1 3x, https:\/\/i0.wp.com\/japamalaandfriends.com\/wp-content\/uploads\/2025\/11\/img_9514-scaled.jpeg?resize=1400%2C800&ssl=1 4x"},"classes":[]},{"id":2710,"url":"https:\/\/japamalaandfriends.com\/en\/product\/falda-lana-punto-roma-negro","url_meta":{"origin":9684,"position":5},"title":"Falda Lana &#8211; punto roma","author":"SandroK","date":"October 29, 2022","format":false,"excerpt":"Falda de Lana Punto Roma \u2013 Cintura alta y tejido el\u00e1stico La Falda de Lana Punto Roma es ideal para invierno y entretiempo. Con cintura alta con goma y tejido el\u00e1stico y c\u00e1lido, ofrece comodidad y una silueta favorecedora: ajustada arriba y con corte acampanado abajo. Su tacto suave y\u2026","rel":"","context":"Similar post","block_context":{"text":"Similar post","link":""},"img":{"alt_text":"nuestra clienta sonriendo con su falda de lama punto roma negra en el patio interior de japamala en gracia barcelona","src":"https:\/\/i0.wp.com\/japamalaandfriends.com\/wp-content\/uploads\/2022\/10\/img_3479.jpeg?resize=350%2C200&ssl=1","width":350,"height":200,"srcset":"https:\/\/i0.wp.com\/japamalaandfriends.com\/wp-content\/uploads\/2022\/10\/img_3479.jpeg?resize=350%2C200&ssl=1 1x, https:\/\/i0.wp.com\/japamalaandfriends.com\/wp-content\/uploads\/2022\/10\/img_3479.jpeg?resize=525%2C300&ssl=1 1.5x, https:\/\/i0.wp.com\/japamalaandfriends.com\/wp-content\/uploads\/2022\/10\/img_3479.jpeg?resize=700%2C400&ssl=1 2x, https:\/\/i0.wp.com\/japamalaandfriends.com\/wp-content\/uploads\/2022\/10\/img_3479.jpeg?resize=1050%2C600&ssl=1 3x, https:\/\/i0.wp.com\/japamalaandfriends.com\/wp-content\/uploads\/2022\/10\/img_3479.jpeg?resize=1400%2C800&ssl=1 4x"},"classes":[]}],"jetpack_sharing_enabled":true,"_links":{"self":[{"href":"https:\/\/japamalaandfriends.com\/en\/wp-json\/wp\/v2\/product\/9684","targetHints":{"allow":["GET"]}}],"collection":[{"href":"https:\/\/japamalaandfriends.com\/en\/wp-json\/wp\/v2\/product"}],"about":[{"href":"https:\/\/japamalaandfriends.com\/en\/wp-json\/wp\/v2\/types\/product"}],"wp:featuredmedia":[{"embeddable":true,"href":"https:\/\/japamalaandfriends.com\/en\/wp-json\/wp\/v2\/media\/9678"}],"wp:attachment":[{"href":"https:\/\/japamalaandfriends.com\/en\/wp-json\/wp\/v2\/media?parent=9684"}],"wp:term":[{"taxonomy":"product_brand","embeddable":true,"href":"https:\/\/japamalaandfriends.com\/en\/wp-json\/wp\/v2\/product_brand?post=9684"},{"taxonomy":"product_cat","embeddable":true,"href":"https:\/\/japamalaandfriends.com\/en\/wp-json\/wp\/v2\/product_cat?post=9684"},{"taxonomy":"product_tag","embeddable":true,"href":"https:\/\/japamalaandfriends.com\/en\/wp-json\/wp\/v2\/product_tag?post=9684"}],"curies":[{"name":"wp","href":"https:\/\/api.w.org\/{rel}","templated":true}]}}